{"id":493570,"date":"2025-04-22T05:42:30","date_gmt":"2025-04-22T05:42:33","guid":{"rendered":"https:\/\/www.erresse-shop.it\/?post_type=product&#038;p=493570"},"modified":"2026-02-10T11:03:17","modified_gmt":"2026-02-10T11:03:17","slug":"bamix-set-bbq-noir","status":"publish","type":"product","link":"https:\/\/www.erresse-shop.it\/fr\/shop\/petits-electromenagers\/mixeurs\/bamix-set-bbq-noir\/","title":{"rendered":"BAMIX Set BBQ Noir"},"content":{"rendered":"<div class=\"metafield-rich_text_field\">\n<p><strong>D\u00e9couvrez un monde de nouvelles recettes avec le set BBQ bamix<\/strong><\/p>\n<p>Le robot culinaire Bamix BBQ est un appareil polyvalent et puissant, con\u00e7u pour simplifier votre exp\u00e9rience culinaire. Equip\u00e9 d&#8217;un moteur \u00e0 courant alternatif robuste et d&#8217;une double isolation, il assure s\u00e9curit\u00e9 et excellentes performances. La longueur de 14 cm de la tige la rend maniable et facile \u00e0 utiliser m\u00eame dans les pots les plus profonds.<\/p>\n<p><strong>Mixeur : parfait pour les pr\u00e9parations cr\u00e9meuses et \u00e9paisses<\/strong><\/p>\n<p>Le mixeur BBQ bamix est id\u00e9al pour cr\u00e9er une vari\u00e9t\u00e9 de pr\u00e9parations cr\u00e9meuses et denses. \u00c9mulsionne les vinaigrettes, les cr\u00e8mes et les p\u00e2tes pour cr\u00eapes et omelettes en quelques secondes. Il est parfait pour faire de la mayonnaise, de la pur\u00e9e de pommes de terre, des puddings, de la cr\u00e8me caramel et m\u00eame pour m\u00e9langer des cocktails. Avec cet accessoire, chaque recette devient un jeu d&#8217;enfant.<\/p>\n<p><strong>Lame \u00e0 viande et l\u00e9gumes : hache et \u00e9mince sans effort<\/strong><\/p>\n<p>La lame \u00e0 viande et l\u00e9gumes Bamix BBQ est con\u00e7ue pour hacher, hacher et r\u00e9duire en pur\u00e9e la viande, le poisson et les l\u00e9gumes fibreux. Qu&#8217;il s&#8217;agisse de viande crue ou cuite, de poisson ou de l\u00e9gumes filandreux, cette lame peut manipuler tout type d&#8217;ingr\u00e9dient avec facilit\u00e9, garantissant des r\u00e9sultats parfaits \u00e0 chaque fois.<\/p>\n<p><strong>Lame polyvalente : parfaite pour tout type de pr\u00e9paration<\/strong><\/p>\n<p>La lame multifonctionnelle pour barbecue Bamix est une solution universelle pour hacher, couper et m\u00e9langer n&#8217;importe quel ingr\u00e9dient, y compris les aliments surgel\u00e9s et les gla\u00e7ons. Il peut \u00eatre utilis\u00e9 directement dans des casseroles sur la cuisini\u00e8re, \u00e9liminant ainsi le besoin d&#8217;autres r\u00e9cipients. Id\u00e9al pour les soupes, cr\u00e8mes, pesto, confitures, glaces, smoothies, milkshakes, p\u00e2te \u00e0 pizza et p\u00e2te sucr\u00e9e.<\/p>\n<p><strong>Whip : D\u00e9couvrez de nouveaux niveaux de l\u00e9g\u00e8ret\u00e9<\/strong><\/p>\n<p>Le fouet BBQ Bamix est parfait pour tout ce qui doit \u00eatre l\u00e9ger et moelleux. Fouettez la cr\u00e8me, le lait \u00e9cr\u00e9m\u00e9, les blancs d&#8217;\u0153ufs et la mousse, et \u00e9mulsionnez les sauces et les milkshakes en toute simplicit\u00e9. Utilisez-le pour faire de la cr\u00e8me fouett\u00e9e, des cappuccinos, de la mousse au chocolat, du sabayon, du tiramisu, des blancs d&#8217;\u0153ufs en neige et de la sauce b\u00e9chamel.<\/p>\n<p><strong>CARACT\u00c9RISTIQUES<\/strong><\/p>\n<ul>\n<li><strong>Mat\u00e9riau<\/strong> : plastique et acier<\/li>\n<li><strong>Dimensions<\/strong> : 7 x 6,5 x 35,5 cm<\/li>\n<li><strong>Poids<\/strong> : 950 g<\/li>\n<\/ul>\n<\/div>\n<p><strong>NOT FOR SALE OUTSIDE EUROPE<\/strong><\/p>\n","protected":false},"excerpt":{"rendered":"<p>D\u00e9couvrez un monde de nouvelles recettes avec le set BBQ bamix Le robot culinaire Bamix BBQ est un appareil polyvalent<\/p>\n","protected":false},"featured_media":493581,"template":"","meta":{"_acf_changed":false,"inline_featured_image":false},"product_cat":[12766,12449],"product_tag":[12820,12948,20848,24588,13260],"acf":[],"yoast_head":"<!-- This site is optimized with the Yoast SEO Premium plugin v18.6 (Yoast SEO v19.13) - https:\/\/yoast.com\/wordpress\/plugins\/seo\/ -->\n<title>BAMIX Set BBQ Noir - Erresse Shop<\/title>\n<meta name=\"description\" content=\"D\u00e9couvrez un monde de nouvelles recettes avec le set BBQ bamix Le robot culinaire Bamix BBQ est un appareil polyvalent et puissant, con\u00e7u pour simplifier\" \/>\n<meta name=\"robots\" content=\"index, follow, max-snippet:-1, max-image-preview:large, max-video-preview:-1\" \/>\n<link rel=\"canonical\" href=\"https:\/\/www.erresse-shop.it\/fr\/shop\/petits-electromenagers\/mixeurs\/bamix-set-bbq-noir\/\" \/>\n<meta property=\"og:locale\" content=\"fr_FR\" \/>\n<meta property=\"og:type\" content=\"article\" \/>\n<meta property=\"og:title\" content=\"BAMIX Set BBQ Noir\" \/>\n<meta property=\"og:description\" content=\"D\u00e9couvrez un monde de nouvelles recettes avec le set BBQ bamix Le robot culinaire Bamix BBQ est un appareil polyvalent et puissant, con\u00e7u pour simplifier\" \/>\n<meta property=\"og:url\" content=\"https:\/\/www.erresse-shop.it\/fr\/shop\/petits-electromenagers\/mixeurs\/bamix-set-bbq-noir\/\" \/>\n<meta property=\"og:site_name\" content=\"Erresse Shop\" \/>\n<meta property=\"article:modified_time\" content=\"2026-02-10T11:03:17+00:00\" \/>\n<meta property=\"og:image\" content=\"https:\/\/www.erresse-shop.it\/wp-content\/uploads\/2025\/04\/BAMIX-Set-BBQ-Nero.jpg\" \/>\n\t<meta property=\"og:image:width\" content=\"1200\" \/>\n\t<meta property=\"og:image:height\" content=\"1200\" \/>\n\t<meta property=\"og:image:type\" content=\"image\/jpeg\" \/>\n<meta name=\"twitter:card\" content=\"summary_large_image\" \/>\n<script type=\"application\/ld+json\" class=\"yoast-schema-graph\">{\"@context\":\"https:\/\/schema.org\",\"@graph\":[{\"@type\":\"WebPage\",\"@id\":\"https:\/\/www.erresse-shop.it\/fr\/shop\/petits-electromenagers\/mixeurs\/bamix-set-bbq-noir\/\",\"url\":\"https:\/\/www.erresse-shop.it\/fr\/shop\/petits-electromenagers\/mixeurs\/bamix-set-bbq-noir\/\",\"name\":\"BAMIX Set BBQ Noir - Erresse Shop\",\"isPartOf\":{\"@id\":\"https:\/\/www.erresse-shop.it\/fr\/#website\"},\"datePublished\":\"2025-04-22T05:42:33+00:00\",\"dateModified\":\"2026-02-10T11:03:17+00:00\",\"description\":\"D\u00e9couvrez un monde de nouvelles recettes avec le set BBQ bamix Le robot culinaire Bamix BBQ est un appareil polyvalent et puissant, con\u00e7u pour simplifier\",\"breadcrumb\":{\"@id\":\"https:\/\/www.erresse-shop.it\/fr\/shop\/petits-electromenagers\/mixeurs\/bamix-set-bbq-noir\/#breadcrumb\"},\"inLanguage\":\"fr-FR\",\"potentialAction\":[{\"@type\":\"ReadAction\",\"target\":[\"https:\/\/www.erresse-shop.it\/fr\/shop\/petits-electromenagers\/mixeurs\/bamix-set-bbq-noir\/\"]}]},{\"@type\":\"BreadcrumbList\",\"@id\":\"https:\/\/www.erresse-shop.it\/fr\/shop\/petits-electromenagers\/mixeurs\/bamix-set-bbq-noir\/#breadcrumb\",\"itemListElement\":[{\"@type\":\"ListItem\",\"position\":1,\"name\":\"Home\",\"item\":\"https:\/\/www.erresse-shop.it\/fr\/\"},{\"@type\":\"ListItem\",\"position\":2,\"name\":\"Shop\",\"item\":\"https:\/\/www.erresse-shop.it\/fr\/shop\/\"},{\"@type\":\"ListItem\",\"position\":3,\"name\":\"BAMIX Set BBQ Noir\"}]},{\"@type\":\"WebSite\",\"@id\":\"https:\/\/www.erresse-shop.it\/fr\/#website\",\"url\":\"https:\/\/www.erresse-shop.it\/fr\/\",\"name\":\"Erresse Shop\",\"description\":\"Articoli di qualit\u00e0 per la casa\",\"potentialAction\":[{\"@type\":\"SearchAction\",\"target\":{\"@type\":\"EntryPoint\",\"urlTemplate\":\"https:\/\/www.erresse-shop.it\/fr\/?s={search_term_string}\"},\"query-input\":\"required name=search_term_string\"}],\"inLanguage\":\"fr-FR\"}]}<\/script>\n<!-- \/ Yoast SEO Premium plugin. -->","yoast_head_json":{"title":"BAMIX Set BBQ Noir - Erresse Shop","description":"D\u00e9couvrez un monde de nouvelles recettes avec le set BBQ bamix Le robot culinaire Bamix BBQ est un appareil polyvalent et puissant, con\u00e7u pour simplifier","robots":{"index":"index","follow":"follow","max-snippet":"max-snippet:-1","max-image-preview":"max-image-preview:large","max-video-preview":"max-video-preview:-1"},"canonical":"https:\/\/www.erresse-shop.it\/fr\/shop\/petits-electromenagers\/mixeurs\/bamix-set-bbq-noir\/","og_locale":"fr_FR","og_type":"article","og_title":"BAMIX Set BBQ Noir","og_description":"D\u00e9couvrez un monde de nouvelles recettes avec le set BBQ bamix Le robot culinaire Bamix BBQ est un appareil polyvalent et puissant, con\u00e7u pour simplifier","og_url":"https:\/\/www.erresse-shop.it\/fr\/shop\/petits-electromenagers\/mixeurs\/bamix-set-bbq-noir\/","og_site_name":"Erresse Shop","article_modified_time":"2026-02-10T11:03:17+00:00","og_image":[{"width":1200,"height":1200,"url":"https:\/\/www.erresse-shop.it\/wp-content\/uploads\/2025\/04\/BAMIX-Set-BBQ-Nero.jpg","type":"image\/jpeg"}],"twitter_card":"summary_large_image","schema":{"@context":"https:\/\/schema.org","@graph":[{"@type":"WebPage","@id":"https:\/\/www.erresse-shop.it\/fr\/shop\/petits-electromenagers\/mixeurs\/bamix-set-bbq-noir\/","url":"https:\/\/www.erresse-shop.it\/fr\/shop\/petits-electromenagers\/mixeurs\/bamix-set-bbq-noir\/","name":"BAMIX Set BBQ Noir - Erresse Shop","isPartOf":{"@id":"https:\/\/www.erresse-shop.it\/fr\/#website"},"datePublished":"2025-04-22T05:42:33+00:00","dateModified":"2026-02-10T11:03:17+00:00","description":"D\u00e9couvrez un monde de nouvelles recettes avec le set BBQ bamix Le robot culinaire Bamix BBQ est un appareil polyvalent et puissant, con\u00e7u pour simplifier","breadcrumb":{"@id":"https:\/\/www.erresse-shop.it\/fr\/shop\/petits-electromenagers\/mixeurs\/bamix-set-bbq-noir\/#breadcrumb"},"inLanguage":"fr-FR","potentialAction":[{"@type":"ReadAction","target":["https:\/\/www.erresse-shop.it\/fr\/shop\/petits-electromenagers\/mixeurs\/bamix-set-bbq-noir\/"]}]},{"@type":"BreadcrumbList","@id":"https:\/\/www.erresse-shop.it\/fr\/shop\/petits-electromenagers\/mixeurs\/bamix-set-bbq-noir\/#breadcrumb","itemListElement":[{"@type":"ListItem","position":1,"name":"Home","item":"https:\/\/www.erresse-shop.it\/fr\/"},{"@type":"ListItem","position":2,"name":"Shop","item":"https:\/\/www.erresse-shop.it\/fr\/shop\/"},{"@type":"ListItem","position":3,"name":"BAMIX Set BBQ Noir"}]},{"@type":"WebSite","@id":"https:\/\/www.erresse-shop.it\/fr\/#website","url":"https:\/\/www.erresse-shop.it\/fr\/","name":"Erresse Shop","description":"Articoli di qualit\u00e0 per la casa","potentialAction":[{"@type":"SearchAction","target":{"@type":"EntryPoint","urlTemplate":"https:\/\/www.erresse-shop.it\/fr\/?s={search_term_string}"},"query-input":"required name=search_term_string"}],"inLanguage":"fr-FR"}]}},"df_price":279,"df_sale_price":279,"df_regular_price":279,"df_image_link":"https:\/\/www.erresse-shop.it\/wp-content\/uploads\/2025\/04\/BAMIX-Set-BBQ-Nero-300x300.jpg","_links":{"self":[{"href":"https:\/\/www.erresse-shop.it\/fr\/wp-json\/wp\/v2\/product\/493570"}],"collection":[{"href":"https:\/\/www.erresse-shop.it\/fr\/wp-json\/wp\/v2\/product"}],"about":[{"href":"https:\/\/www.erresse-shop.it\/fr\/wp-json\/wp\/v2\/types\/product"}],"wp:featuredmedia":[{"embeddable":true,"href":"https:\/\/www.erresse-shop.it\/fr\/wp-json\/wp\/v2\/media\/493581"}],"wp:attachment":[{"href":"https:\/\/www.erresse-shop.it\/fr\/wp-json\/wp\/v2\/media?parent=493570"}],"wp:term":[{"taxonomy":"product_cat","embeddable":true,"href":"https:\/\/www.erresse-shop.it\/fr\/wp-json\/wp\/v2\/product_cat?post=493570"},{"taxonomy":"product_tag","embeddable":true,"href":"https:\/\/www.erresse-shop.it\/fr\/wp-json\/wp\/v2\/product_tag?post=493570"}],"curies":[{"name":"wp","href":"https:\/\/api.w.org\/{rel}","templated":true}]}}