{"id":493452,"date":"2025-04-18T10:25:46","date_gmt":"2025-04-18T10:25:49","guid":{"rendered":"https:\/\/www.erresse-shop.it\/?post_type=product&#038;p=493452"},"modified":"2026-02-10T11:06:42","modified_gmt":"2026-02-10T11:06:42","slug":"bamix-swissline-blender-a-immersion-silver","status":"publish","type":"product","link":"https:\/\/www.erresse-shop.it\/fr\/shop\/petits-electromenagers\/mixeurs\/bamix-swissline-blender-a-immersion-silver\/","title":{"rendered":"BAMIX Swissline Blender \u00e0 immersion Silver"},"content":{"rendered":"<div class=\"metafield-rich_text_field\">\n<p><strong>Un kit exclusif pour des r\u00e9sultats professionnels<\/strong><\/p>\n<\/div>\n<div class=\"product__description-formated \">\n<div class=\"metafield-rich_text_field\">\n<p>Le Bamix SwissLine Mango avec SliceSy Noir est bien plus qu&#8217;un simple blender\u00a0: c&#8217;est un kit complet con\u00e7u pour ceux qui recherchent le meilleur en cuisine. Ce pack exclusif allie technologie suisse et design raffin\u00e9, offrant polyvalence et hautes performances pour tous types de pr\u00e9parations. Gr\u00e2ce aux accessoires inclus, vous pouvez mixer, hacher, fouetter et trancher avec pr\u00e9cision, r\u00e9duisant ainsi les temps de pr\u00e9paration sans compromettre la qualit\u00e9.<\/p>\n<p><strong>Des lames de haute qualit\u00e9 pour tous les besoins<\/strong><\/p>\n<p>Le kit contient diff\u00e9rentes lames, chacune con\u00e7ue pour un usage sp\u00e9cifique. La lame multifonction est parfaite pour mixer et m\u00e9langer, tandis que les disques plats et perfor\u00e9s garantissent des coupes pr\u00e9cises. La lame pour viande et l\u00e9gumes vous permet de travailler sans effort des ingr\u00e9dients plus volumineux. Chaque composant est con\u00e7u pour offrir des r\u00e9sultats impeccables, faisant de chaque recette un succ\u00e8s.<\/p>\n<p><strong>SliceSy\u00a0: le secret d&#8217;une cuisine intelligente<\/strong><\/p>\n<p>Ce pack est unique gr\u00e2ce au SliceSy Black, un accessoire innovant qui transforme le Bamix en robot multifonction. Avec SliceSy, tranchez, r\u00e2pez et hachez en toute simplicit\u00e9, simplifiant ainsi vos pr\u00e9parations quotidiennes et vous faisant gagner du temps. Cet accessoire optimise les capacit\u00e9s du blender, le rendant ainsi indispensable dans toutes les cuisines.<\/p>\n<p><strong>Des accessoires pratiques pour une utilisation illimit\u00e9e<\/strong><\/p>\n<p>Outre les lames et le SliceSy, le kit comprend un bol d&#8217;un litre, id\u00e9al pour mixer et conserver vos pr\u00e9parations, un robot pour les ingr\u00e9dients secs et les \u00e9pices, et un support de comptoir pour un rangement optimal. Chaque accessoire a \u00e9t\u00e9 con\u00e7u pour offrir praticit\u00e9 et commodit\u00e9, am\u00e9liorant ainsi votre exp\u00e9rience culinaire.<\/p>\n<p><strong>Une technologie suisse pour des performances exceptionnelles<\/strong><\/p>\n<p>Le Bamix SwissLine Mango avec SliceSy Black est synonyme de qualit\u00e9 et d&#8217;innovation. Fabriqu\u00e9 avec des mat\u00e9riaux r\u00e9sistants et \u00e9quip\u00e9 d&#8217;un moteur puissant et fiable, ce kit est con\u00e7u pour durer et garantir des performances \u00e9lev\u00e9es \u00e0 chaque utilisation. Choisissez Bamix et apportez la perfection suisse \u00e0 votre cuisine, pour des r\u00e9sultats toujours impeccables\u00a0!<\/p>\n<\/div>\n<\/div>\n<p><strong>CARACT\u00c9RISTIQUES<\/strong><\/p>\n<ul>\n<li>1 Bamix Swiss Line<\/li>\n<li>1 Lame multifonction<\/li>\n<li>1 Lame \u00e0 disque plat<\/li>\n<li>1 Lame \u00e0 disque perfor\u00e9<\/li>\n<li>1 Lame \u00e0 viande et l\u00e9gumes<\/li>\n<li>1 Support de table<\/li>\n<li>1 Bol de 1,0 L<\/li>\n<li>1 Robot (sans disque \u00e0 poudre)<\/li>\n<li>1 SliceSy noir<\/li>\n<\/ul>\n<p><strong>NOT FOR SALE OUTSIDE EUROPE<\/strong><\/p>\n","protected":false},"excerpt":{"rendered":"<p>Un kit exclusif pour des r\u00e9sultats professionnels Le Bamix SwissLine Mango avec SliceSy Noir est bien plus qu&#8217;un simple blender\u00a0:<\/p>\n","protected":false},"featured_media":493469,"template":"","meta":{"_acf_changed":false,"inline_featured_image":false},"product_cat":[12766,12449],"product_tag":[21529,12820,12948,20848,24588,13260],"acf":[],"yoast_head":"<!-- This site is optimized with the Yoast SEO Premium plugin v18.6 (Yoast SEO v19.13) - https:\/\/yoast.com\/wordpress\/plugins\/seo\/ -->\n<title>BAMIX Swissline Blender \u00e0 immersion Silver - Erresse Shop<\/title>\n<meta name=\"description\" content=\"Un kit exclusif pour des r\u00e9sultats professionnels Le Bamix SwissLine Mango avec SliceSy Noir est bien plus qu&#039;un simple blender\u00a0: c&#039;est un kit complet\" \/>\n<meta name=\"robots\" content=\"index, follow, max-snippet:-1, max-image-preview:large, max-video-preview:-1\" \/>\n<link rel=\"canonical\" href=\"https:\/\/www.erresse-shop.it\/fr\/shop\/petits-electromenagers\/mixeurs\/bamix-swissline-blender-a-immersion-silver\/\" \/>\n<meta property=\"og:locale\" content=\"fr_FR\" \/>\n<meta property=\"og:type\" content=\"article\" \/>\n<meta property=\"og:title\" content=\"BAMIX Swissline Blender \u00e0 immersion Silver\" \/>\n<meta property=\"og:description\" content=\"Un kit exclusif pour des r\u00e9sultats professionnels Le Bamix SwissLine Mango avec SliceSy Noir est bien plus qu&#039;un simple blender\u00a0: c&#039;est un kit complet\" \/>\n<meta property=\"og:url\" content=\"https:\/\/www.erresse-shop.it\/fr\/shop\/petits-electromenagers\/mixeurs\/bamix-swissline-blender-a-immersion-silver\/\" \/>\n<meta property=\"og:site_name\" content=\"Erresse Shop\" \/>\n<meta property=\"article:modified_time\" content=\"2026-02-10T11:06:42+00:00\" \/>\n<meta property=\"og:image\" content=\"https:\/\/www.erresse-shop.it\/wp-content\/uploads\/2025\/04\/BAMIX-Swissline-Frullatore-ad-Immersione-Silver.jpg\" \/>\n\t<meta property=\"og:image:width\" content=\"1200\" \/>\n\t<meta property=\"og:image:height\" content=\"1200\" \/>\n\t<meta property=\"og:image:type\" content=\"image\/jpeg\" \/>\n<meta name=\"twitter:card\" content=\"summary_large_image\" \/>\n<script type=\"application\/ld+json\" class=\"yoast-schema-graph\">{\"@context\":\"https:\/\/schema.org\",\"@graph\":[{\"@type\":\"WebPage\",\"@id\":\"https:\/\/www.erresse-shop.it\/fr\/shop\/petits-electromenagers\/mixeurs\/bamix-swissline-blender-a-immersion-silver\/\",\"url\":\"https:\/\/www.erresse-shop.it\/fr\/shop\/petits-electromenagers\/mixeurs\/bamix-swissline-blender-a-immersion-silver\/\",\"name\":\"BAMIX Swissline Blender \u00e0 immersion Silver - Erresse Shop\",\"isPartOf\":{\"@id\":\"https:\/\/www.erresse-shop.it\/fr\/#website\"},\"datePublished\":\"2025-04-18T10:25:49+00:00\",\"dateModified\":\"2026-02-10T11:06:42+00:00\",\"description\":\"Un kit exclusif pour des r\u00e9sultats professionnels Le Bamix SwissLine Mango avec SliceSy Noir est bien plus qu'un simple blender\u00a0: c'est un kit complet\",\"breadcrumb\":{\"@id\":\"https:\/\/www.erresse-shop.it\/fr\/shop\/petits-electromenagers\/mixeurs\/bamix-swissline-blender-a-immersion-silver\/#breadcrumb\"},\"inLanguage\":\"fr-FR\",\"potentialAction\":[{\"@type\":\"ReadAction\",\"target\":[\"https:\/\/www.erresse-shop.it\/fr\/shop\/petits-electromenagers\/mixeurs\/bamix-swissline-blender-a-immersion-silver\/\"]}]},{\"@type\":\"BreadcrumbList\",\"@id\":\"https:\/\/www.erresse-shop.it\/fr\/shop\/petits-electromenagers\/mixeurs\/bamix-swissline-blender-a-immersion-silver\/#breadcrumb\",\"itemListElement\":[{\"@type\":\"ListItem\",\"position\":1,\"name\":\"Home\",\"item\":\"https:\/\/www.erresse-shop.it\/fr\/\"},{\"@type\":\"ListItem\",\"position\":2,\"name\":\"Shop\",\"item\":\"https:\/\/www.erresse-shop.it\/fr\/shop\/\"},{\"@type\":\"ListItem\",\"position\":3,\"name\":\"BAMIX Swissline Blender \u00e0 immersion Silver\"}]},{\"@type\":\"WebSite\",\"@id\":\"https:\/\/www.erresse-shop.it\/fr\/#website\",\"url\":\"https:\/\/www.erresse-shop.it\/fr\/\",\"name\":\"Erresse Shop\",\"description\":\"Articoli di qualit\u00e0 per la casa\",\"potentialAction\":[{\"@type\":\"SearchAction\",\"target\":{\"@type\":\"EntryPoint\",\"urlTemplate\":\"https:\/\/www.erresse-shop.it\/fr\/?s={search_term_string}\"},\"query-input\":\"required name=search_term_string\"}],\"inLanguage\":\"fr-FR\"}]}<\/script>\n<!-- \/ Yoast SEO Premium plugin. -->","yoast_head_json":{"title":"BAMIX Swissline Blender \u00e0 immersion Silver - Erresse Shop","description":"Un kit exclusif pour des r\u00e9sultats professionnels Le Bamix SwissLine Mango avec SliceSy Noir est bien plus qu'un simple blender\u00a0: c'est un kit complet","robots":{"index":"index","follow":"follow","max-snippet":"max-snippet:-1","max-image-preview":"max-image-preview:large","max-video-preview":"max-video-preview:-1"},"canonical":"https:\/\/www.erresse-shop.it\/fr\/shop\/petits-electromenagers\/mixeurs\/bamix-swissline-blender-a-immersion-silver\/","og_locale":"fr_FR","og_type":"article","og_title":"BAMIX Swissline Blender \u00e0 immersion Silver","og_description":"Un kit exclusif pour des r\u00e9sultats professionnels Le Bamix SwissLine Mango avec SliceSy Noir est bien plus qu'un simple blender\u00a0: c'est un kit complet","og_url":"https:\/\/www.erresse-shop.it\/fr\/shop\/petits-electromenagers\/mixeurs\/bamix-swissline-blender-a-immersion-silver\/","og_site_name":"Erresse Shop","article_modified_time":"2026-02-10T11:06:42+00:00","og_image":[{"width":1200,"height":1200,"url":"https:\/\/www.erresse-shop.it\/wp-content\/uploads\/2025\/04\/BAMIX-Swissline-Frullatore-ad-Immersione-Silver.jpg","type":"image\/jpeg"}],"twitter_card":"summary_large_image","schema":{"@context":"https:\/\/schema.org","@graph":[{"@type":"WebPage","@id":"https:\/\/www.erresse-shop.it\/fr\/shop\/petits-electromenagers\/mixeurs\/bamix-swissline-blender-a-immersion-silver\/","url":"https:\/\/www.erresse-shop.it\/fr\/shop\/petits-electromenagers\/mixeurs\/bamix-swissline-blender-a-immersion-silver\/","name":"BAMIX Swissline Blender \u00e0 immersion Silver - Erresse Shop","isPartOf":{"@id":"https:\/\/www.erresse-shop.it\/fr\/#website"},"datePublished":"2025-04-18T10:25:49+00:00","dateModified":"2026-02-10T11:06:42+00:00","description":"Un kit exclusif pour des r\u00e9sultats professionnels Le Bamix SwissLine Mango avec SliceSy Noir est bien plus qu'un simple blender\u00a0: c'est un kit complet","breadcrumb":{"@id":"https:\/\/www.erresse-shop.it\/fr\/shop\/petits-electromenagers\/mixeurs\/bamix-swissline-blender-a-immersion-silver\/#breadcrumb"},"inLanguage":"fr-FR","potentialAction":[{"@type":"ReadAction","target":["https:\/\/www.erresse-shop.it\/fr\/shop\/petits-electromenagers\/mixeurs\/bamix-swissline-blender-a-immersion-silver\/"]}]},{"@type":"BreadcrumbList","@id":"https:\/\/www.erresse-shop.it\/fr\/shop\/petits-electromenagers\/mixeurs\/bamix-swissline-blender-a-immersion-silver\/#breadcrumb","itemListElement":[{"@type":"ListItem","position":1,"name":"Home","item":"https:\/\/www.erresse-shop.it\/fr\/"},{"@type":"ListItem","position":2,"name":"Shop","item":"https:\/\/www.erresse-shop.it\/fr\/shop\/"},{"@type":"ListItem","position":3,"name":"BAMIX Swissline Blender \u00e0 immersion Silver"}]},{"@type":"WebSite","@id":"https:\/\/www.erresse-shop.it\/fr\/#website","url":"https:\/\/www.erresse-shop.it\/fr\/","name":"Erresse Shop","description":"Articoli di qualit\u00e0 per la casa","potentialAction":[{"@type":"SearchAction","target":{"@type":"EntryPoint","urlTemplate":"https:\/\/www.erresse-shop.it\/fr\/?s={search_term_string}"},"query-input":"required name=search_term_string"}],"inLanguage":"fr-FR"}]}},"df_price":379.8,"df_sale_price":379.8,"df_regular_price":379.8,"df_image_link":"https:\/\/www.erresse-shop.it\/wp-content\/uploads\/2025\/04\/BAMIX-Swissline-Frullatore-ad-Immersione-Silver-300x300.jpg","_links":{"self":[{"href":"https:\/\/www.erresse-shop.it\/fr\/wp-json\/wp\/v2\/product\/493452"}],"collection":[{"href":"https:\/\/www.erresse-shop.it\/fr\/wp-json\/wp\/v2\/product"}],"about":[{"href":"https:\/\/www.erresse-shop.it\/fr\/wp-json\/wp\/v2\/types\/product"}],"wp:featuredmedia":[{"embeddable":true,"href":"https:\/\/www.erresse-shop.it\/fr\/wp-json\/wp\/v2\/media\/493469"}],"wp:attachment":[{"href":"https:\/\/www.erresse-shop.it\/fr\/wp-json\/wp\/v2\/media?parent=493452"}],"wp:term":[{"taxonomy":"product_cat","embeddable":true,"href":"https:\/\/www.erresse-shop.it\/fr\/wp-json\/wp\/v2\/product_cat?post=493452"},{"taxonomy":"product_tag","embeddable":true,"href":"https:\/\/www.erresse-shop.it\/fr\/wp-json\/wp\/v2\/product_tag?post=493452"}],"curies":[{"name":"wp","href":"https:\/\/api.w.org\/{rel}","templated":true}]}}