{"id":493421,"date":"2025-04-18T07:09:55","date_gmt":"2025-04-18T07:09:58","guid":{"rendered":"https:\/\/www.erresse-shop.it\/?post_type=product&#038;p=493421"},"modified":"2026-02-27T09:40:31","modified_gmt":"2026-02-27T09:40:31","slug":"la-pavoni-machine-a-cafe-casabar-steel","status":"publish","type":"product","link":"https:\/\/www.erresse-shop.it\/fr\/shop\/petits-electromenagers\/machines-cafe\/manuels\/la-pavoni-machine-a-cafe-casabar-steel\/","title":{"rendered":"LA PAVONI Machine \u00e0 caf\u00e9 Casabar Steel"},"content":{"rendered":"<p>Machine \u00e0 caf\u00e9 expresso et cappuccino avec corps en acier inoxydable poli et design compact. Indicateur de pression de la pompe, interrupteurs \u00e0 bascule avec LED pour chaque fonction de la machine, pour un Espresso parfait m\u00eame \u00e0 la maison.<\/p>\n<p>Toutes les machines semi-professionnelles 230V La Pavoni sont certifi\u00e9es par :<\/p>\n<p><a href=\"https:\/\/www.erresse-shop.it\/wp-content\/uploads\/2021\/02\/La-Pavoni-Certificato-150x150.png\"><img decoding=\"async\" class=\"alignnone size-thumbnail wp-image-91732\" src=\"https:\/\/www.erresse-shop.it\/wp-content\/uploads\/2021\/02\/La-Pavoni-Certificato-150x150.png\" alt=\"La Pavoni Certified\" width=\"150\" height=\"150\" \/><\/a><\/p>\n<p>&nbsp;<\/p>\n<p><strong>ESTH\u00c9TIQUE<\/strong><\/p>\n<div class=\"col-6 fs-6\">\n<ul>\n<li class=\"col-6 fs-6\"><strong>Couleur\u00a0:<\/strong> Acier inoxydable<\/li>\n<li class=\"col-6 fs-6\"><strong>Finition\u00a0:<\/strong> Brillant<\/li>\n<li class=\"col-6 fs-6\"><strong>S\u00e9rie\u00a0:<\/strong> Casabar<\/li>\n<li class=\"col-6 fs-6\"><strong>Mat\u00e9riau du corps\u00a0:<\/strong> acier inoxydable<\/li>\n<li class=\"col-6 fs-6\"><strong>Mat\u00e9riau du bac d&#8217;\u00e9gouttage\u00a0:<\/strong> Plastique<\/li>\n<li class=\"col-6 fs-6\"><strong>Mat\u00e9riau de la grille du porte-gobelet\u00a0:<\/strong> acier inoxydable<\/li>\n<li class=\"col-6 fs-6\"><strong>Mat\u00e9riau de la buse vapeur\u00a0:<\/strong> acier inoxydable<\/li>\n<li class=\"col-6 fs-6\"><strong>Mat\u00e9riau du groupe distributeur\u00a0:<\/strong> Laiton<\/li>\n<li class=\"col-6 fs-6\"><strong>Couleur du groupe distributeur\u00a0:<\/strong> Chrome<\/li>\n<\/ul>\n<\/div>\n<p><strong>PROGRAMMES \/ FONCTIONS<\/strong><\/p>\n<ul>\n<li><strong>Fonction de distribution de caf\u00e9\u00a0:<\/strong> Oui<\/li>\n<li><strong>Fonction vapeur\u00a0:<\/strong> Oui<\/li>\n<li><strong>Fonction eau chaude\u00a0:<\/strong> Oui<\/li>\n<\/ul>\n<p><strong>CARACT\u00c9RISTIQUES TECHNIQUES<\/strong><\/p>\n<ul>\n<li><strong>Syst\u00e8me de chauffage\u00a0:<\/strong> Chaudi\u00e8re<\/li>\n<li><strong>Type de chaudi\u00e8re\u00a0:<\/strong> Chaudi\u00e8re simple<\/li>\n<li><strong>Capacit\u00e9 de la chaudi\u00e8re\u00a0:<\/strong> 0,22 l<\/li>\n<li><strong>Type de pompe\u00a0:<\/strong> Vibration<\/li>\n<li><strong>Pression de la pompe\u00a0:<\/strong> 15\u00a0bars<\/li>\n<li><strong>Capacit\u00e9 du r\u00e9servoir d&#8217;eau\u00a0:<\/strong> 2,9 l<\/li>\n<li><strong>Bac d&#8217;\u00e9gouttage amovible\u00a0:<\/strong> Oui<\/li>\n<li><strong>R\u00e9servoir d&#8217;eau amovible\u00a0:<\/strong> Oui<\/li>\n<li><strong>Indicateur de niveau d&#8217;eau\u00a0:<\/strong> Oui<\/li>\n<li><strong>Manom\u00e8tre de pression de la pompe\u00a0:<\/strong> Oui<\/li>\n<li><strong>Diam\u00e8tre int\u00e9rieur du porte-filtre (avec filtre)\u00a0:<\/strong> 55,0 mm<\/li>\n<li><strong>Voyant de temp\u00e9rature\u00a0:<\/strong> Oui<\/li>\n<li><strong>Chauffe-tasses\u00a0:<\/strong> Passif<\/li>\n<\/ul>\n<p><strong>ACCESSOIRES INCLUS<\/strong><\/p>\n<ul>\n<li><strong>Filtres\u00a0:<\/strong> 1 tasse\/ 2 tasses<\/li>\n<li><strong>Pressino\u00a0:<\/strong> Oui<\/li>\n<li><strong>Tasse \u00e0 mesurer\u00a0:<\/strong> Oui<\/li>\n<li><strong>Porte-filtre\u00a0:<\/strong> Double bec verseur<\/li>\n<\/ul>\n<p><strong>RACCORDEMENT \u00c9LECTRIQUE<\/strong><\/p>\n<ul>\n<li><strong>Prise\u00a0:<\/strong> (F;E) Schuko<\/li>\n<li><strong>Tension (V)\u00a0:<\/strong> 220-240 V<\/li>\n<li><strong>Fr\u00e9quence Hz\u00a0:<\/strong> 50-60 Hz<\/li>\n<li><strong>Longueur du cordon d&#8217;alimentation\u00a0:<\/strong> 1,6 m<\/li>\n<\/ul>\n<p><span style=\"text-decoration: underline;\"><strong>Not for sale outside Europe<\/strong><\/span><\/p>\n","protected":false},"excerpt":{"rendered":"<p>Machine \u00e0 caf\u00e9 expresso et cappuccino avec corps en acier inoxydable poli et design compact. Indicateur de pression de la<\/p>\n","protected":false},"featured_media":493433,"template":"","meta":{"_acf_changed":false,"inline_featured_image":false},"product_cat":[12764,25365,12449],"product_tag":[23563,24680,23581,12856],"acf":[],"yoast_head":"<!-- This site is optimized with the Yoast SEO Premium plugin v18.6 (Yoast SEO v19.13) - https:\/\/yoast.com\/wordpress\/plugins\/seo\/ -->\n<title>LA PAVONI Machine \u00e0 caf\u00e9 Casabar Steel - Erresse Shop<\/title>\n<meta name=\"description\" content=\"Machine \u00e0 caf\u00e9 expresso et cappuccino avec corps en acier inoxydable poli et design compact. Indicateur de pression de la pompe, interrupteurs \u00e0 bascule\" \/>\n<meta name=\"robots\" content=\"index, follow, max-snippet:-1, max-image-preview:large, max-video-preview:-1\" \/>\n<link rel=\"canonical\" href=\"https:\/\/www.erresse-shop.it\/fr\/shop\/petits-electromenagers\/machines-cafe\/manuels\/la-pavoni-machine-a-cafe-casabar-steel\/\" \/>\n<meta property=\"og:locale\" content=\"fr_FR\" \/>\n<meta property=\"og:type\" content=\"article\" \/>\n<meta property=\"og:title\" content=\"LA PAVONI Machine \u00e0 caf\u00e9 Casabar Steel\" \/>\n<meta property=\"og:description\" content=\"Machine \u00e0 caf\u00e9 expresso et cappuccino avec corps en acier inoxydable poli et design compact. Indicateur de pression de la pompe, interrupteurs \u00e0 bascule\" \/>\n<meta property=\"og:url\" content=\"https:\/\/www.erresse-shop.it\/fr\/shop\/petits-electromenagers\/machines-cafe\/manuels\/la-pavoni-machine-a-cafe-casabar-steel\/\" \/>\n<meta property=\"og:site_name\" content=\"Erresse Shop\" \/>\n<meta property=\"article:modified_time\" content=\"2026-02-27T09:40:31+00:00\" \/>\n<meta property=\"og:image\" content=\"https:\/\/www.erresse-shop.it\/wp-content\/uploads\/2025\/04\/LA-PAVONI-Macchina-da-Caffe-Casabar-Steel.jpg\" \/>\n\t<meta property=\"og:image:width\" content=\"1200\" \/>\n\t<meta property=\"og:image:height\" content=\"1200\" \/>\n\t<meta property=\"og:image:type\" content=\"image\/jpeg\" \/>\n<meta name=\"twitter:card\" content=\"summary_large_image\" \/>\n<script type=\"application\/ld+json\" class=\"yoast-schema-graph\">{\"@context\":\"https:\/\/schema.org\",\"@graph\":[{\"@type\":\"WebPage\",\"@id\":\"https:\/\/www.erresse-shop.it\/fr\/shop\/petits-electromenagers\/machines-cafe\/manuels\/la-pavoni-machine-a-cafe-casabar-steel\/\",\"url\":\"https:\/\/www.erresse-shop.it\/fr\/shop\/petits-electromenagers\/machines-cafe\/manuels\/la-pavoni-machine-a-cafe-casabar-steel\/\",\"name\":\"LA PAVONI Machine \u00e0 caf\u00e9 Casabar Steel - Erresse Shop\",\"isPartOf\":{\"@id\":\"https:\/\/www.erresse-shop.it\/fr\/#website\"},\"datePublished\":\"2025-04-18T07:09:58+00:00\",\"dateModified\":\"2026-02-27T09:40:31+00:00\",\"description\":\"Machine \u00e0 caf\u00e9 expresso et cappuccino avec corps en acier inoxydable poli et design compact. Indicateur de pression de la pompe, interrupteurs \u00e0 bascule\",\"breadcrumb\":{\"@id\":\"https:\/\/www.erresse-shop.it\/fr\/shop\/petits-electromenagers\/machines-cafe\/manuels\/la-pavoni-machine-a-cafe-casabar-steel\/#breadcrumb\"},\"inLanguage\":\"fr-FR\",\"potentialAction\":[{\"@type\":\"ReadAction\",\"target\":[\"https:\/\/www.erresse-shop.it\/fr\/shop\/petits-electromenagers\/machines-cafe\/manuels\/la-pavoni-machine-a-cafe-casabar-steel\/\"]}]},{\"@type\":\"BreadcrumbList\",\"@id\":\"https:\/\/www.erresse-shop.it\/fr\/shop\/petits-electromenagers\/machines-cafe\/manuels\/la-pavoni-machine-a-cafe-casabar-steel\/#breadcrumb\",\"itemListElement\":[{\"@type\":\"ListItem\",\"position\":1,\"name\":\"Home\",\"item\":\"https:\/\/www.erresse-shop.it\/fr\/\"},{\"@type\":\"ListItem\",\"position\":2,\"name\":\"Shop\",\"item\":\"https:\/\/www.erresse-shop.it\/fr\/shop\/\"},{\"@type\":\"ListItem\",\"position\":3,\"name\":\"LA PAVONI Machine \u00e0 caf\u00e9 Casabar Steel\"}]},{\"@type\":\"WebSite\",\"@id\":\"https:\/\/www.erresse-shop.it\/fr\/#website\",\"url\":\"https:\/\/www.erresse-shop.it\/fr\/\",\"name\":\"Erresse Shop\",\"description\":\"Articoli di qualit\u00e0 per la casa\",\"potentialAction\":[{\"@type\":\"SearchAction\",\"target\":{\"@type\":\"EntryPoint\",\"urlTemplate\":\"https:\/\/www.erresse-shop.it\/fr\/?s={search_term_string}\"},\"query-input\":\"required name=search_term_string\"}],\"inLanguage\":\"fr-FR\"}]}<\/script>\n<!-- \/ Yoast SEO Premium plugin. -->","yoast_head_json":{"title":"LA PAVONI Machine \u00e0 caf\u00e9 Casabar Steel - Erresse Shop","description":"Machine \u00e0 caf\u00e9 expresso et cappuccino avec corps en acier inoxydable poli et design compact. Indicateur de pression de la pompe, interrupteurs \u00e0 bascule","robots":{"index":"index","follow":"follow","max-snippet":"max-snippet:-1","max-image-preview":"max-image-preview:large","max-video-preview":"max-video-preview:-1"},"canonical":"https:\/\/www.erresse-shop.it\/fr\/shop\/petits-electromenagers\/machines-cafe\/manuels\/la-pavoni-machine-a-cafe-casabar-steel\/","og_locale":"fr_FR","og_type":"article","og_title":"LA PAVONI Machine \u00e0 caf\u00e9 Casabar Steel","og_description":"Machine \u00e0 caf\u00e9 expresso et cappuccino avec corps en acier inoxydable poli et design compact. Indicateur de pression de la pompe, interrupteurs \u00e0 bascule","og_url":"https:\/\/www.erresse-shop.it\/fr\/shop\/petits-electromenagers\/machines-cafe\/manuels\/la-pavoni-machine-a-cafe-casabar-steel\/","og_site_name":"Erresse Shop","article_modified_time":"2026-02-27T09:40:31+00:00","og_image":[{"width":1200,"height":1200,"url":"https:\/\/www.erresse-shop.it\/wp-content\/uploads\/2025\/04\/LA-PAVONI-Macchina-da-Caffe-Casabar-Steel.jpg","type":"image\/jpeg"}],"twitter_card":"summary_large_image","schema":{"@context":"https:\/\/schema.org","@graph":[{"@type":"WebPage","@id":"https:\/\/www.erresse-shop.it\/fr\/shop\/petits-electromenagers\/machines-cafe\/manuels\/la-pavoni-machine-a-cafe-casabar-steel\/","url":"https:\/\/www.erresse-shop.it\/fr\/shop\/petits-electromenagers\/machines-cafe\/manuels\/la-pavoni-machine-a-cafe-casabar-steel\/","name":"LA PAVONI Machine \u00e0 caf\u00e9 Casabar Steel - Erresse Shop","isPartOf":{"@id":"https:\/\/www.erresse-shop.it\/fr\/#website"},"datePublished":"2025-04-18T07:09:58+00:00","dateModified":"2026-02-27T09:40:31+00:00","description":"Machine \u00e0 caf\u00e9 expresso et cappuccino avec corps en acier inoxydable poli et design compact. Indicateur de pression de la pompe, interrupteurs \u00e0 bascule","breadcrumb":{"@id":"https:\/\/www.erresse-shop.it\/fr\/shop\/petits-electromenagers\/machines-cafe\/manuels\/la-pavoni-machine-a-cafe-casabar-steel\/#breadcrumb"},"inLanguage":"fr-FR","potentialAction":[{"@type":"ReadAction","target":["https:\/\/www.erresse-shop.it\/fr\/shop\/petits-electromenagers\/machines-cafe\/manuels\/la-pavoni-machine-a-cafe-casabar-steel\/"]}]},{"@type":"BreadcrumbList","@id":"https:\/\/www.erresse-shop.it\/fr\/shop\/petits-electromenagers\/machines-cafe\/manuels\/la-pavoni-machine-a-cafe-casabar-steel\/#breadcrumb","itemListElement":[{"@type":"ListItem","position":1,"name":"Home","item":"https:\/\/www.erresse-shop.it\/fr\/"},{"@type":"ListItem","position":2,"name":"Shop","item":"https:\/\/www.erresse-shop.it\/fr\/shop\/"},{"@type":"ListItem","position":3,"name":"LA PAVONI Machine \u00e0 caf\u00e9 Casabar Steel"}]},{"@type":"WebSite","@id":"https:\/\/www.erresse-shop.it\/fr\/#website","url":"https:\/\/www.erresse-shop.it\/fr\/","name":"Erresse Shop","description":"Articoli di qualit\u00e0 per la casa","potentialAction":[{"@type":"SearchAction","target":{"@type":"EntryPoint","urlTemplate":"https:\/\/www.erresse-shop.it\/fr\/?s={search_term_string}"},"query-input":"required name=search_term_string"}],"inLanguage":"fr-FR"}]}},"df_price":329.45000000000005,"df_sale_price":329.45000000000005,"df_regular_price":599,"df_image_link":"https:\/\/www.erresse-shop.it\/wp-content\/uploads\/2025\/04\/LA-PAVONI-Macchina-da-Caffe-Casabar-Steel-300x300.jpg","_links":{"self":[{"href":"https:\/\/www.erresse-shop.it\/fr\/wp-json\/wp\/v2\/product\/493421"}],"collection":[{"href":"https:\/\/www.erresse-shop.it\/fr\/wp-json\/wp\/v2\/product"}],"about":[{"href":"https:\/\/www.erresse-shop.it\/fr\/wp-json\/wp\/v2\/types\/product"}],"wp:featuredmedia":[{"embeddable":true,"href":"https:\/\/www.erresse-shop.it\/fr\/wp-json\/wp\/v2\/media\/493433"}],"wp:attachment":[{"href":"https:\/\/www.erresse-shop.it\/fr\/wp-json\/wp\/v2\/media?parent=493421"}],"wp:term":[{"taxonomy":"product_cat","embeddable":true,"href":"https:\/\/www.erresse-shop.it\/fr\/wp-json\/wp\/v2\/product_cat?post=493421"},{"taxonomy":"product_tag","embeddable":true,"href":"https:\/\/www.erresse-shop.it\/fr\/wp-json\/wp\/v2\/product_tag?post=493421"}],"curies":[{"name":"wp","href":"https:\/\/api.w.org\/{rel}","templated":true}]}}