{"id":493226,"date":"2025-04-17T10:25:00","date_gmt":"2025-04-17T10:25:05","guid":{"rendered":"https:\/\/www.erresse-shop.it\/?post_type=product&#038;p=493226"},"modified":"2026-02-27T10:24:06","modified_gmt":"2026-02-27T10:24:06","slug":"la-pavoni-machine-a-cafe-semi-professionnelle-botticelli-evolution","status":"publish","type":"product","link":"https:\/\/www.erresse-shop.it\/fr\/shop\/petits-electromenagers\/machines-cafe\/manuels\/la-pavoni-machine-a-cafe-semi-professionnelle-botticelli-evolution\/","title":{"rendered":"LA PAVONI Machine \u00e0 caf\u00e9 semi-professionnelle Botticelli Evolution"},"content":{"rendered":"<p>Machine pour sp\u00e9cialistes. Le double PID offre un choix optimal de la temp\u00e9rature de la chaudi\u00e8re. Selon vos besoins, vous pouvez choisir entre un r\u00e9servoir d&#8217;eau ou un raccordement \u00e0 l&#8217;eau et \u00e9teindre la chaudi\u00e8re \u00e0 vapeur.<\/p>\n<p>Toutes les machines semi-professionnelles 230V La Pavoni sont certifi\u00e9es par :<\/p>\n<p><a href=\"https:\/\/www.erresse-shop.it\/wp-content\/uploads\/2021\/02\/La-Pavoni-Certificato-150x150.png\"><img decoding=\"async\" class=\"alignnone size-thumbnail wp-image-91732\" src=\"https:\/\/www.erresse-shop.it\/wp-content\/uploads\/2021\/02\/La-Pavoni-Certificato-150x150.png\" alt=\"La Pavoni Certified\" width=\"150\" height=\"150\" \/><\/a><\/p>\n<p><strong>ESTH\u00c9TIQUE<\/strong><\/p>\n<ul>\n<li>\n<div class=\"col-6 fs-6\"><strong>Couleur<\/strong>\u00a0: Acier inoxydable<\/div>\n<\/li>\n<li>\n<div class=\"col-6 fs-6\"><strong>Finition\u00a0:<\/strong> Brillant<\/div>\n<\/li>\n<li>\n<div class=\"col-6 fs-6\"><strong>Esth\u00e9tique\u00a0:<\/strong> \u00c9volution<\/div>\n<\/li>\n<li>\n<div class=\"col-6 fs-6\"><strong>S\u00e9rie\u00a0:<\/strong> Botticelli<\/div>\n<\/li>\n<li>\n<div class=\"col-6 fs-6\"><strong>Mat\u00e9riau du corps\u00a0:<\/strong> acier inoxydable<\/div>\n<\/li>\n<li>\n<div class=\"col-6 fs-6\"><strong>Mat\u00e9riau du bac d&#8217;\u00e9gouttage<\/strong>\u00a0: Acier inoxydable<\/div>\n<\/li>\n<li>\n<div class=\"col-6 fs-6\"><strong>Mat\u00e9riau de la grille repose-tasses\u00a0:<\/strong> Acier inoxydable<\/div>\n<\/li>\n<li>\n<div class=\"col-6 fs-6\"><strong>Mat\u00e9riau de la buse vapeur\u00a0:<\/strong> Acier inoxydable &#8211; Toucher froid<\/div>\n<\/li>\n<li>\n<div class=\"col-6 fs-6\"><strong>Mat\u00e9riau de la buse d&#8217;eau chaude\u00a0:<\/strong> Acier inoxydable &#8211; Cool Touch<\/div>\n<\/li>\n<li>\n<div class=\"col-6 fs-6\"><strong>Groupe de distribution\u00a0:<\/strong> E61<\/div>\n<\/li>\n<li>\n<div class=\"col-6 fs-6\"><strong>Mat\u00e9riau du groupe distributeur<\/strong>\u00a0: Laiton<\/div>\n<\/li>\n<li>\n<div class=\"col-6 fs-6\"><strong>Couleur du groupe distributeur\u00a0:<\/strong> Chrome<\/div>\n<\/li>\n<li>\n<div class=\"col-6 fs-6\"><strong>Mat\u00e9riau de la poign\u00e9e\u00a0:<\/strong> bak\u00e9lite noire<\/div>\n<\/li>\n<li>\n<div class=\"col-6 fs-6\"><strong>Type de poign\u00e9e\u00a0:<\/strong> Levier<\/div>\n<\/li>\n<\/ul>\n<p><strong>PROGRAMMES \/ FONCTIONS<\/strong><\/p>\n<ul>\n<li><strong>Fonction de distribution de caf\u00e9<\/strong>\u00a0: Oui<\/li>\n<li><strong>Fonction vapeur<\/strong>\u00a0: Oui<\/li>\n<li><strong>Fonction eau chaude<\/strong> : Oui<\/li>\n<li><strong>Avertissement de p\u00e9nurie d&#8217;eau<\/strong>\u00a0: Oui<\/li>\n<\/ul>\n<p><strong>CARACT\u00c9RISTIQUES TECHNIQUES<\/strong><\/p>\n<ul>\n<li><strong>Type de chaudi\u00e8re\u00a0:<\/strong> Bain-marie<\/li>\n<li><strong>Mat\u00e9riau de la chaudi\u00e8re \u00e0 caf\u00e9\u00a0:<\/strong> cuivre et laiton<\/li>\n<li><strong>Mat\u00e9riau de la chaudi\u00e8re de service\u00a0:<\/strong> cuivre et laiton<\/li>\n<li><strong>Capacit\u00e9 de la chaudi\u00e8re \u00e0 caf\u00e9\u00a0:<\/strong> 0,6 l<\/li>\n<li><strong>Capacit\u00e9 de la chaudi\u00e8re de service\u00a0:<\/strong> 1,8 l<\/li>\n<li><strong>Type de pompe\u00a0:<\/strong> rotative<\/li>\n<li><strong>Pression de la pompe\u00a0:<\/strong> 20\u00a0bars<\/li>\n<li><strong>Capacit\u00e9 du r\u00e9servoir d&#8217;eau\u00a0:<\/strong> 2,9 l<\/li>\n<li><strong>Niveau automatique \u00e9lectronique\u00a0:<\/strong> Oui<\/li>\n<li><strong>Dispositif anti-vide\u00a0:<\/strong> Oui<\/li>\n<li><strong>Bac d&#8217;\u00e9gouttage amovible\u00a0:<\/strong> Oui<\/li>\n<li><strong>\u00c9vacuation de l&#8217;eau\u00a0:<\/strong> Oui<\/li>\n<li><strong>R\u00e9servoir d&#8217;eau amovible\u00a0:<\/strong> Oui<\/li>\n<li><strong>Raccordement au r\u00e9seau d&#8217;eau\u00a0:<\/strong> Oui<\/li>\n<li><strong>Manom\u00e8tre de pression de la pompe\u00a0:<\/strong> Oui<\/li>\n<li><strong>Manom\u00e8tre de chaudi\u00e8re\u00a0:<\/strong> Oui<\/li>\n<li><strong>PID pour la temp\u00e9rature du caf\u00e9\u00a0:<\/strong> Oui<\/li>\n<li><strong>PID pour la temp\u00e9rature de la vapeur\u00a0:<\/strong> Oui<\/li>\n<li><strong>Diam\u00e8tre int\u00e9rieur du porte-filtre (avec filtre)\u00a0:<\/strong> 58 mm<\/li>\n<li><strong>Voyant de temp\u00e9rature\u00a0:<\/strong> Oui<\/li>\n<li><strong>Chauffe-tasses\u00a0:<\/strong> Passif<\/li>\n<li><strong>Buse \u00e0 vapeur\u00a0:<\/strong> Oui &#8211; Cool Touch<\/li>\n<li><strong>Distributeur d&#8217;eau chaude\u00a0:<\/strong> Si-Cool Touch<\/li>\n<\/ul>\n<p><strong>ACCESSOIRES INCLUS<\/strong><\/p>\n<ul>\n<li><strong>Filtres<\/strong>\u00a0: 1 tasse\/ 2 tasses\/ Aveugle<\/li>\n<li><strong>Brosse de nettoyage\u00a0:<\/strong> Oui<\/li>\n<li><strong>Pressino\u00a0:<\/strong> Oui<\/li>\n<li><strong>Tasse \u00e0 mesurer\u00a0:<\/strong> Oui<\/li>\n<li><strong>Porte-filtre\u00a0:<\/strong> bec double, bec simple<\/li>\n<li><strong>Joint du porte-filtre\u00a0:<\/strong> Oui<\/li>\n<li><strong>Tuyau de raccordement au r\u00e9seau d&#8217;eau\u00a0:<\/strong> Oui<\/li>\n<li><strong>Tuyau d&#8217;\u00e9vacuation d&#8217;eau\u00a0:<\/strong> Oui<\/li>\n<\/ul>\n<p><strong>RACCORDEMENT \u00c9LECTRIQUE<\/strong><\/p>\n<ul>\n<li><strong>Prise\u00a0:<\/strong> (F;E) Schuko<\/li>\n<li><strong>Tension (V)\u00a0:<\/strong> 220-240 V<\/li>\n<li><strong>Fr\u00e9quence Hz\u00a0:<\/strong> 50 Hz<\/li>\n<li><strong>Longueur du cordon d&#8217;alimentation\u00a0:<\/strong> 1,8 m<\/li>\n<\/ul>\n<p><span style=\"text-decoration: underline;\"><strong>Not for sale outside Europe<\/strong><\/span><\/p>\n","protected":false},"excerpt":{"rendered":"<p>Machine pour sp\u00e9cialistes. Le double PID offre un choix optimal de la temp\u00e9rature de la chaudi\u00e8re. Selon vos besoins, vous<\/p>\n","protected":false},"featured_media":493238,"template":"","meta":{"_acf_changed":false,"inline_featured_image":false},"product_cat":[12764,25365,12449],"product_tag":[23563,24680,23581,12856],"acf":[],"yoast_head":"<!-- This site is optimized with the Yoast SEO Premium plugin v18.6 (Yoast SEO v19.13) - https:\/\/yoast.com\/wordpress\/plugins\/seo\/ -->\n<title>LA PAVONI Machine \u00e0 caf\u00e9 semi-professionnelle Botticelli Evolution - Erresse Shop<\/title>\n<meta name=\"description\" content=\"Machine pour sp\u00e9cialistes. Le double PID offre un choix optimal de la temp\u00e9rature de la chaudi\u00e8re. Selon vos besoins, vous pouvez choisir entre un\" \/>\n<meta name=\"robots\" content=\"index, follow, max-snippet:-1, max-image-preview:large, max-video-preview:-1\" \/>\n<link rel=\"canonical\" href=\"https:\/\/www.erresse-shop.it\/fr\/shop\/petits-electromenagers\/machines-cafe\/manuels\/la-pavoni-machine-a-cafe-semi-professionnelle-botticelli-evolution\/\" \/>\n<meta property=\"og:locale\" content=\"fr_FR\" \/>\n<meta property=\"og:type\" content=\"article\" \/>\n<meta property=\"og:title\" content=\"LA PAVONI Machine \u00e0 caf\u00e9 semi-professionnelle Botticelli Evolution\" \/>\n<meta property=\"og:description\" content=\"Machine pour sp\u00e9cialistes. Le double PID offre un choix optimal de la temp\u00e9rature de la chaudi\u00e8re. Selon vos besoins, vous pouvez choisir entre un\" \/>\n<meta property=\"og:url\" content=\"https:\/\/www.erresse-shop.it\/fr\/shop\/petits-electromenagers\/machines-cafe\/manuels\/la-pavoni-machine-a-cafe-semi-professionnelle-botticelli-evolution\/\" \/>\n<meta property=\"og:site_name\" content=\"Erresse Shop\" \/>\n<meta property=\"article:modified_time\" content=\"2026-02-27T10:24:06+00:00\" \/>\n<meta property=\"og:image\" content=\"https:\/\/www.erresse-shop.it\/wp-content\/uploads\/2025\/04\/LA-PAVONI-Macchina-da-Caffe-Semi-Professionale-Botticelli-Evolution.jpg\" \/>\n\t<meta property=\"og:image:width\" content=\"1200\" \/>\n\t<meta property=\"og:image:height\" content=\"1200\" \/>\n\t<meta property=\"og:image:type\" content=\"image\/jpeg\" \/>\n<meta name=\"twitter:card\" content=\"summary_large_image\" \/>\n<script type=\"application\/ld+json\" class=\"yoast-schema-graph\">{\"@context\":\"https:\/\/schema.org\",\"@graph\":[{\"@type\":\"WebPage\",\"@id\":\"https:\/\/www.erresse-shop.it\/fr\/shop\/petits-electromenagers\/machines-cafe\/manuels\/la-pavoni-machine-a-cafe-semi-professionnelle-botticelli-evolution\/\",\"url\":\"https:\/\/www.erresse-shop.it\/fr\/shop\/petits-electromenagers\/machines-cafe\/manuels\/la-pavoni-machine-a-cafe-semi-professionnelle-botticelli-evolution\/\",\"name\":\"LA PAVONI Machine \u00e0 caf\u00e9 semi-professionnelle Botticelli Evolution - Erresse Shop\",\"isPartOf\":{\"@id\":\"https:\/\/www.erresse-shop.it\/fr\/#website\"},\"datePublished\":\"2025-04-17T10:25:05+00:00\",\"dateModified\":\"2026-02-27T10:24:06+00:00\",\"description\":\"Machine pour sp\u00e9cialistes. Le double PID offre un choix optimal de la temp\u00e9rature de la chaudi\u00e8re. Selon vos besoins, vous pouvez choisir entre un\",\"breadcrumb\":{\"@id\":\"https:\/\/www.erresse-shop.it\/fr\/shop\/petits-electromenagers\/machines-cafe\/manuels\/la-pavoni-machine-a-cafe-semi-professionnelle-botticelli-evolution\/#breadcrumb\"},\"inLanguage\":\"fr-FR\",\"potentialAction\":[{\"@type\":\"ReadAction\",\"target\":[\"https:\/\/www.erresse-shop.it\/fr\/shop\/petits-electromenagers\/machines-cafe\/manuels\/la-pavoni-machine-a-cafe-semi-professionnelle-botticelli-evolution\/\"]}]},{\"@type\":\"BreadcrumbList\",\"@id\":\"https:\/\/www.erresse-shop.it\/fr\/shop\/petits-electromenagers\/machines-cafe\/manuels\/la-pavoni-machine-a-cafe-semi-professionnelle-botticelli-evolution\/#breadcrumb\",\"itemListElement\":[{\"@type\":\"ListItem\",\"position\":1,\"name\":\"Home\",\"item\":\"https:\/\/www.erresse-shop.it\/fr\/\"},{\"@type\":\"ListItem\",\"position\":2,\"name\":\"Shop\",\"item\":\"https:\/\/www.erresse-shop.it\/fr\/shop\/\"},{\"@type\":\"ListItem\",\"position\":3,\"name\":\"LA PAVONI Machine \u00e0 caf\u00e9 semi-professionnelle Botticelli Evolution\"}]},{\"@type\":\"WebSite\",\"@id\":\"https:\/\/www.erresse-shop.it\/fr\/#website\",\"url\":\"https:\/\/www.erresse-shop.it\/fr\/\",\"name\":\"Erresse Shop\",\"description\":\"Articoli di qualit\u00e0 per la casa\",\"potentialAction\":[{\"@type\":\"SearchAction\",\"target\":{\"@type\":\"EntryPoint\",\"urlTemplate\":\"https:\/\/www.erresse-shop.it\/fr\/?s={search_term_string}\"},\"query-input\":\"required name=search_term_string\"}],\"inLanguage\":\"fr-FR\"}]}<\/script>\n<!-- \/ Yoast SEO Premium plugin. -->","yoast_head_json":{"title":"LA PAVONI Machine \u00e0 caf\u00e9 semi-professionnelle Botticelli Evolution - Erresse Shop","description":"Machine pour sp\u00e9cialistes. Le double PID offre un choix optimal de la temp\u00e9rature de la chaudi\u00e8re. Selon vos besoins, vous pouvez choisir entre un","robots":{"index":"index","follow":"follow","max-snippet":"max-snippet:-1","max-image-preview":"max-image-preview:large","max-video-preview":"max-video-preview:-1"},"canonical":"https:\/\/www.erresse-shop.it\/fr\/shop\/petits-electromenagers\/machines-cafe\/manuels\/la-pavoni-machine-a-cafe-semi-professionnelle-botticelli-evolution\/","og_locale":"fr_FR","og_type":"article","og_title":"LA PAVONI Machine \u00e0 caf\u00e9 semi-professionnelle Botticelli Evolution","og_description":"Machine pour sp\u00e9cialistes. Le double PID offre un choix optimal de la temp\u00e9rature de la chaudi\u00e8re. Selon vos besoins, vous pouvez choisir entre un","og_url":"https:\/\/www.erresse-shop.it\/fr\/shop\/petits-electromenagers\/machines-cafe\/manuels\/la-pavoni-machine-a-cafe-semi-professionnelle-botticelli-evolution\/","og_site_name":"Erresse Shop","article_modified_time":"2026-02-27T10:24:06+00:00","og_image":[{"width":1200,"height":1200,"url":"https:\/\/www.erresse-shop.it\/wp-content\/uploads\/2025\/04\/LA-PAVONI-Macchina-da-Caffe-Semi-Professionale-Botticelli-Evolution.jpg","type":"image\/jpeg"}],"twitter_card":"summary_large_image","schema":{"@context":"https:\/\/schema.org","@graph":[{"@type":"WebPage","@id":"https:\/\/www.erresse-shop.it\/fr\/shop\/petits-electromenagers\/machines-cafe\/manuels\/la-pavoni-machine-a-cafe-semi-professionnelle-botticelli-evolution\/","url":"https:\/\/www.erresse-shop.it\/fr\/shop\/petits-electromenagers\/machines-cafe\/manuels\/la-pavoni-machine-a-cafe-semi-professionnelle-botticelli-evolution\/","name":"LA PAVONI Machine \u00e0 caf\u00e9 semi-professionnelle Botticelli Evolution - Erresse Shop","isPartOf":{"@id":"https:\/\/www.erresse-shop.it\/fr\/#website"},"datePublished":"2025-04-17T10:25:05+00:00","dateModified":"2026-02-27T10:24:06+00:00","description":"Machine pour sp\u00e9cialistes. Le double PID offre un choix optimal de la temp\u00e9rature de la chaudi\u00e8re. Selon vos besoins, vous pouvez choisir entre un","breadcrumb":{"@id":"https:\/\/www.erresse-shop.it\/fr\/shop\/petits-electromenagers\/machines-cafe\/manuels\/la-pavoni-machine-a-cafe-semi-professionnelle-botticelli-evolution\/#breadcrumb"},"inLanguage":"fr-FR","potentialAction":[{"@type":"ReadAction","target":["https:\/\/www.erresse-shop.it\/fr\/shop\/petits-electromenagers\/machines-cafe\/manuels\/la-pavoni-machine-a-cafe-semi-professionnelle-botticelli-evolution\/"]}]},{"@type":"BreadcrumbList","@id":"https:\/\/www.erresse-shop.it\/fr\/shop\/petits-electromenagers\/machines-cafe\/manuels\/la-pavoni-machine-a-cafe-semi-professionnelle-botticelli-evolution\/#breadcrumb","itemListElement":[{"@type":"ListItem","position":1,"name":"Home","item":"https:\/\/www.erresse-shop.it\/fr\/"},{"@type":"ListItem","position":2,"name":"Shop","item":"https:\/\/www.erresse-shop.it\/fr\/shop\/"},{"@type":"ListItem","position":3,"name":"LA PAVONI Machine \u00e0 caf\u00e9 semi-professionnelle Botticelli Evolution"}]},{"@type":"WebSite","@id":"https:\/\/www.erresse-shop.it\/fr\/#website","url":"https:\/\/www.erresse-shop.it\/fr\/","name":"Erresse Shop","description":"Articoli di qualit\u00e0 per la casa","potentialAction":[{"@type":"SearchAction","target":{"@type":"EntryPoint","urlTemplate":"https:\/\/www.erresse-shop.it\/fr\/?s={search_term_string}"},"query-input":"required name=search_term_string"}],"inLanguage":"fr-FR"}]}},"df_price":1291.95,"df_sale_price":1291.95,"df_regular_price":2349,"df_image_link":"https:\/\/www.erresse-shop.it\/wp-content\/uploads\/2025\/04\/LA-PAVONI-Macchina-da-Caffe-Semi-Professionale-Botticelli-Evolution-300x300.jpg","_links":{"self":[{"href":"https:\/\/www.erresse-shop.it\/fr\/wp-json\/wp\/v2\/product\/493226"}],"collection":[{"href":"https:\/\/www.erresse-shop.it\/fr\/wp-json\/wp\/v2\/product"}],"about":[{"href":"https:\/\/www.erresse-shop.it\/fr\/wp-json\/wp\/v2\/types\/product"}],"wp:featuredmedia":[{"embeddable":true,"href":"https:\/\/www.erresse-shop.it\/fr\/wp-json\/wp\/v2\/media\/493238"}],"wp:attachment":[{"href":"https:\/\/www.erresse-shop.it\/fr\/wp-json\/wp\/v2\/media?parent=493226"}],"wp:term":[{"taxonomy":"product_cat","embeddable":true,"href":"https:\/\/www.erresse-shop.it\/fr\/wp-json\/wp\/v2\/product_cat?post=493226"},{"taxonomy":"product_tag","embeddable":true,"href":"https:\/\/www.erresse-shop.it\/fr\/wp-json\/wp\/v2\/product_tag?post=493226"}],"curies":[{"name":"wp","href":"https:\/\/api.w.org\/{rel}","templated":true}]}}