{"id":492780,"date":"2025-04-16T13:15:54","date_gmt":"2025-04-16T13:15:57","guid":{"rendered":"https:\/\/www.erresse-shop.it\/?post_type=product&#038;p=492780"},"modified":"2026-02-27T10:53:42","modified_gmt":"2026-02-27T10:53:42","slug":"instant-pot-friteuse-a-air-vortex-clearcook-13-l","status":"publish","type":"product","link":"https:\/\/www.erresse-shop.it\/fr\/shop\/petits-electromenagers\/friteuses-a-air-petits-electromenagers\/instant-pot-friteuse-a-air-vortex-clearcook-13-l\/","title":{"rendered":"INSTANT POT Friteuse \u00e0 air Vortex ClearCook 13 L"},"content":{"rendered":"<div class=\"metafield-rich_text_field\">\n<div class=\"metafield-rich_text_field\">\n<div class=\"metafield-rich_text_field\">\n<p><strong>D\u00e9couvrez une toute nouvelle fa\u00e7on de cuisiner<\/strong><\/p>\n<\/div>\n<div class=\"product__description-formated \">\n<div class=\"metafield-rich_text_field\">\n<p>La friteuse \u00e0 air ClearCook 13L Vortex r\u00e9volutionne votre fa\u00e7on de cuisiner \u00e0 la maison. Compact mais spacieux, avec une capacit\u00e9 de 13 litres, il offre vitesse et efficacit\u00e9 sans compromis. Gr\u00e2ce \u00e0 la technologie d&#8217;air chaud \u00e0 360\u00b0, vous pouvez griller, r\u00f4tir, toaster, cuire et m\u00eame d\u00e9shydrater, garantissant ainsi que les aliments sont croustillants \u00e0 l&#8217;ext\u00e9rieur et tendres \u00e0 l&#8217;int\u00e9rieur.<\/p>\n<p><strong>Polyvalence et praticit\u00e9 dans la cuisine<\/strong><\/p>\n<p>Dot\u00e9 de 9 programmes pr\u00e9d\u00e9finis, le Vortex ClearCook s&#8217;adapte \u00e0 tous les besoins : du poulet r\u00f4ti croustillant au toast expresso parfait. Le panneau de commande tactile num\u00e9rique et la fen\u00eatre ClearCook rendent la cuisson intuitive et facile \u00e0 surveiller. Gr\u00e2ce aux plateaux \u00e0 deux niveaux et \u00e0 la r\u00f4tissoire, cuisiner diff\u00e9rents plats en m\u00eame temps devient un jeu d&#8217;enfant.<\/p>\n<p>\u00c9conomies d&#8217;\u00e9nergie et sant\u00e9<\/p>\n<p>Utilisant jusqu&#8217;\u00e0 80 % d&#8217;\u00e9nergie en moins que les fours traditionnels et r\u00e9duisant la consommation d&#8217;huile de 95 %, cette friteuse est le choix id\u00e9al pour ceux qui recherchent l&#8217;efficacit\u00e9 et une alimentation saine. Le pr\u00e9chauffage rapide r\u00e9duit le temps de pr\u00e9paration, vous permettant de cuisiner jusqu&#8217;\u00e0 50 % plus rapidement.<\/p>\n<p><strong>Accessoires complets pour des r\u00e9sultats professionnels<\/strong><\/p>\n<p>Avec des accessoires inclus tels que des plateaux perfor\u00e9s, un bac d&#8217;\u00e9gouttage et un ensemble de r\u00f4tisserie complet, le Vortex ClearCook offre tout ce dont vous avez besoin pour exp\u00e9rimenter diff\u00e9rentes recettes. Tous les accessoires passent au lave-vaisselle, pour un nettoyage rapide et facile.<\/p>\n<p><strong>Innovation et style pour votre cuisine<\/strong><\/p>\n<p>Fabriqu\u00e9e \u00e0 partir de mat\u00e9riaux de haute qualit\u00e9 tels que l&#8217;acier inoxydable et le plastique durable, la friteuse ClearCook Vortex allie design et fonctionnalit\u00e9. Avec une puissance de 1700W et un contr\u00f4le de temp\u00e9rature jusqu&#8217;\u00e0 205\u00b0C, il garantit des performances de haut niveau dans un format compact et moderne.<\/p>\n<\/div>\n<\/div>\n<\/div>\n<\/div>\n<div class=\"product__description-formated \">\n<div class=\"metafield-rich_text_field\">\n<p><strong>Sp\u00e9cifications techniques\u00a0:<\/strong><\/p>\n<ul class=\"product__spec-list\">\n<li class=\"product__tag\">Capacit\u00e9 13 l<\/li>\n<li class=\"product__tag\">Mat\u00e9riau : plastique et m\u00e9tal<\/li>\n<li class=\"product__tag\">Garantie de 2 ans<\/li>\n<li class=\"product__tag\">Dimensions 35 x 34,5 x 37,5 cm<\/li>\n<li class=\"product__tag\">Poids 8200 g<\/li>\n<li class=\"product__tag\">Nombre de fonctions 9 &#8211; fonctions \u00e0 une touche<\/li>\n<\/ul>\n<p><strong>Not for sale outside Europe<\/strong><\/p>\n<\/div>\n<\/div>\n","protected":false},"excerpt":{"rendered":"<p>D\u00e9couvrez une toute nouvelle fa\u00e7on de cuisiner La friteuse \u00e0 air ClearCook 13L Vortex r\u00e9volutionne votre fa\u00e7on de cuisiner \u00e0<\/p>\n","protected":false},"featured_media":492798,"template":"","meta":{"_acf_changed":false,"inline_featured_image":false},"product_cat":[21503,12449],"product_tag":[21495,23660,24415,20943,24454,23260,21821],"acf":[],"yoast_head":"<!-- This site is optimized with the Yoast SEO Premium plugin v18.6 (Yoast SEO v19.13) - https:\/\/yoast.com\/wordpress\/plugins\/seo\/ -->\n<title>INSTANT POT Friteuse \u00e0 air Vortex ClearCook 13 L - Erresse Shop<\/title>\n<meta name=\"description\" content=\"D\u00e9couvrez une toute nouvelle fa\u00e7on de cuisiner La friteuse \u00e0 air ClearCook 13L Vortex r\u00e9volutionne votre fa\u00e7on de cuisiner \u00e0 la maison. Compact mais\" \/>\n<meta name=\"robots\" content=\"index, follow, max-snippet:-1, max-image-preview:large, max-video-preview:-1\" \/>\n<link rel=\"canonical\" href=\"https:\/\/www.erresse-shop.it\/fr\/shop\/petits-electromenagers\/friteuses-a-air-petits-electromenagers\/instant-pot-friteuse-a-air-vortex-clearcook-13-l\/\" \/>\n<meta property=\"og:locale\" content=\"fr_FR\" \/>\n<meta property=\"og:type\" content=\"article\" \/>\n<meta property=\"og:title\" content=\"INSTANT POT Friteuse \u00e0 air Vortex ClearCook 13 L\" \/>\n<meta property=\"og:description\" content=\"D\u00e9couvrez une toute nouvelle fa\u00e7on de cuisiner La friteuse \u00e0 air ClearCook 13L Vortex r\u00e9volutionne votre fa\u00e7on de cuisiner \u00e0 la maison. Compact mais\" \/>\n<meta property=\"og:url\" content=\"https:\/\/www.erresse-shop.it\/fr\/shop\/petits-electromenagers\/friteuses-a-air-petits-electromenagers\/instant-pot-friteuse-a-air-vortex-clearcook-13-l\/\" \/>\n<meta property=\"og:site_name\" content=\"Erresse Shop\" \/>\n<meta property=\"article:modified_time\" content=\"2026-02-27T10:53:42+00:00\" \/>\n<meta property=\"og:image\" content=\"https:\/\/www.erresse-shop.it\/wp-content\/uploads\/2025\/04\/INSTANT-POT-Friggitrice-ad-Aria-Vortex-ClearCook-13-L.jpg\" \/>\n\t<meta property=\"og:image:width\" content=\"1200\" \/>\n\t<meta property=\"og:image:height\" content=\"1200\" \/>\n\t<meta property=\"og:image:type\" content=\"image\/jpeg\" \/>\n<meta name=\"twitter:card\" content=\"summary_large_image\" \/>\n<script type=\"application\/ld+json\" class=\"yoast-schema-graph\">{\"@context\":\"https:\/\/schema.org\",\"@graph\":[{\"@type\":\"WebPage\",\"@id\":\"https:\/\/www.erresse-shop.it\/fr\/shop\/petits-electromenagers\/friteuses-a-air-petits-electromenagers\/instant-pot-friteuse-a-air-vortex-clearcook-13-l\/\",\"url\":\"https:\/\/www.erresse-shop.it\/fr\/shop\/petits-electromenagers\/friteuses-a-air-petits-electromenagers\/instant-pot-friteuse-a-air-vortex-clearcook-13-l\/\",\"name\":\"INSTANT POT Friteuse \u00e0 air Vortex ClearCook 13 L - Erresse Shop\",\"isPartOf\":{\"@id\":\"https:\/\/www.erresse-shop.it\/fr\/#website\"},\"datePublished\":\"2025-04-16T13:15:57+00:00\",\"dateModified\":\"2026-02-27T10:53:42+00:00\",\"description\":\"D\u00e9couvrez une toute nouvelle fa\u00e7on de cuisiner La friteuse \u00e0 air ClearCook 13L Vortex r\u00e9volutionne votre fa\u00e7on de cuisiner \u00e0 la maison. Compact mais\",\"breadcrumb\":{\"@id\":\"https:\/\/www.erresse-shop.it\/fr\/shop\/petits-electromenagers\/friteuses-a-air-petits-electromenagers\/instant-pot-friteuse-a-air-vortex-clearcook-13-l\/#breadcrumb\"},\"inLanguage\":\"fr-FR\",\"potentialAction\":[{\"@type\":\"ReadAction\",\"target\":[\"https:\/\/www.erresse-shop.it\/fr\/shop\/petits-electromenagers\/friteuses-a-air-petits-electromenagers\/instant-pot-friteuse-a-air-vortex-clearcook-13-l\/\"]}]},{\"@type\":\"BreadcrumbList\",\"@id\":\"https:\/\/www.erresse-shop.it\/fr\/shop\/petits-electromenagers\/friteuses-a-air-petits-electromenagers\/instant-pot-friteuse-a-air-vortex-clearcook-13-l\/#breadcrumb\",\"itemListElement\":[{\"@type\":\"ListItem\",\"position\":1,\"name\":\"Home\",\"item\":\"https:\/\/www.erresse-shop.it\/fr\/\"},{\"@type\":\"ListItem\",\"position\":2,\"name\":\"Shop\",\"item\":\"https:\/\/www.erresse-shop.it\/fr\/shop\/\"},{\"@type\":\"ListItem\",\"position\":3,\"name\":\"INSTANT POT Friteuse \u00e0 air Vortex ClearCook 13 L\"}]},{\"@type\":\"WebSite\",\"@id\":\"https:\/\/www.erresse-shop.it\/fr\/#website\",\"url\":\"https:\/\/www.erresse-shop.it\/fr\/\",\"name\":\"Erresse Shop\",\"description\":\"Articoli di qualit\u00e0 per la casa\",\"potentialAction\":[{\"@type\":\"SearchAction\",\"target\":{\"@type\":\"EntryPoint\",\"urlTemplate\":\"https:\/\/www.erresse-shop.it\/fr\/?s={search_term_string}\"},\"query-input\":\"required name=search_term_string\"}],\"inLanguage\":\"fr-FR\"}]}<\/script>\n<!-- \/ Yoast SEO Premium plugin. -->","yoast_head_json":{"title":"INSTANT POT Friteuse \u00e0 air Vortex ClearCook 13 L - Erresse Shop","description":"D\u00e9couvrez une toute nouvelle fa\u00e7on de cuisiner La friteuse \u00e0 air ClearCook 13L Vortex r\u00e9volutionne votre fa\u00e7on de cuisiner \u00e0 la maison. Compact mais","robots":{"index":"index","follow":"follow","max-snippet":"max-snippet:-1","max-image-preview":"max-image-preview:large","max-video-preview":"max-video-preview:-1"},"canonical":"https:\/\/www.erresse-shop.it\/fr\/shop\/petits-electromenagers\/friteuses-a-air-petits-electromenagers\/instant-pot-friteuse-a-air-vortex-clearcook-13-l\/","og_locale":"fr_FR","og_type":"article","og_title":"INSTANT POT Friteuse \u00e0 air Vortex ClearCook 13 L","og_description":"D\u00e9couvrez une toute nouvelle fa\u00e7on de cuisiner La friteuse \u00e0 air ClearCook 13L Vortex r\u00e9volutionne votre fa\u00e7on de cuisiner \u00e0 la maison. Compact mais","og_url":"https:\/\/www.erresse-shop.it\/fr\/shop\/petits-electromenagers\/friteuses-a-air-petits-electromenagers\/instant-pot-friteuse-a-air-vortex-clearcook-13-l\/","og_site_name":"Erresse Shop","article_modified_time":"2026-02-27T10:53:42+00:00","og_image":[{"width":1200,"height":1200,"url":"https:\/\/www.erresse-shop.it\/wp-content\/uploads\/2025\/04\/INSTANT-POT-Friggitrice-ad-Aria-Vortex-ClearCook-13-L.jpg","type":"image\/jpeg"}],"twitter_card":"summary_large_image","schema":{"@context":"https:\/\/schema.org","@graph":[{"@type":"WebPage","@id":"https:\/\/www.erresse-shop.it\/fr\/shop\/petits-electromenagers\/friteuses-a-air-petits-electromenagers\/instant-pot-friteuse-a-air-vortex-clearcook-13-l\/","url":"https:\/\/www.erresse-shop.it\/fr\/shop\/petits-electromenagers\/friteuses-a-air-petits-electromenagers\/instant-pot-friteuse-a-air-vortex-clearcook-13-l\/","name":"INSTANT POT Friteuse \u00e0 air Vortex ClearCook 13 L - Erresse Shop","isPartOf":{"@id":"https:\/\/www.erresse-shop.it\/fr\/#website"},"datePublished":"2025-04-16T13:15:57+00:00","dateModified":"2026-02-27T10:53:42+00:00","description":"D\u00e9couvrez une toute nouvelle fa\u00e7on de cuisiner La friteuse \u00e0 air ClearCook 13L Vortex r\u00e9volutionne votre fa\u00e7on de cuisiner \u00e0 la maison. Compact mais","breadcrumb":{"@id":"https:\/\/www.erresse-shop.it\/fr\/shop\/petits-electromenagers\/friteuses-a-air-petits-electromenagers\/instant-pot-friteuse-a-air-vortex-clearcook-13-l\/#breadcrumb"},"inLanguage":"fr-FR","potentialAction":[{"@type":"ReadAction","target":["https:\/\/www.erresse-shop.it\/fr\/shop\/petits-electromenagers\/friteuses-a-air-petits-electromenagers\/instant-pot-friteuse-a-air-vortex-clearcook-13-l\/"]}]},{"@type":"BreadcrumbList","@id":"https:\/\/www.erresse-shop.it\/fr\/shop\/petits-electromenagers\/friteuses-a-air-petits-electromenagers\/instant-pot-friteuse-a-air-vortex-clearcook-13-l\/#breadcrumb","itemListElement":[{"@type":"ListItem","position":1,"name":"Home","item":"https:\/\/www.erresse-shop.it\/fr\/"},{"@type":"ListItem","position":2,"name":"Shop","item":"https:\/\/www.erresse-shop.it\/fr\/shop\/"},{"@type":"ListItem","position":3,"name":"INSTANT POT Friteuse \u00e0 air Vortex ClearCook 13 L"}]},{"@type":"WebSite","@id":"https:\/\/www.erresse-shop.it\/fr\/#website","url":"https:\/\/www.erresse-shop.it\/fr\/","name":"Erresse Shop","description":"Articoli di qualit\u00e0 per la casa","potentialAction":[{"@type":"SearchAction","target":{"@type":"EntryPoint","urlTemplate":"https:\/\/www.erresse-shop.it\/fr\/?s={search_term_string}"},"query-input":"required name=search_term_string"}],"inLanguage":"fr-FR"}]}},"df_price":127.4925,"df_sale_price":127.4925,"df_regular_price":169.99,"df_image_link":"https:\/\/www.erresse-shop.it\/wp-content\/uploads\/2025\/04\/INSTANT-POT-Friggitrice-ad-Aria-Vortex-ClearCook-13-L-300x300.jpg","_links":{"self":[{"href":"https:\/\/www.erresse-shop.it\/fr\/wp-json\/wp\/v2\/product\/492780"}],"collection":[{"href":"https:\/\/www.erresse-shop.it\/fr\/wp-json\/wp\/v2\/product"}],"about":[{"href":"https:\/\/www.erresse-shop.it\/fr\/wp-json\/wp\/v2\/types\/product"}],"wp:featuredmedia":[{"embeddable":true,"href":"https:\/\/www.erresse-shop.it\/fr\/wp-json\/wp\/v2\/media\/492798"}],"wp:attachment":[{"href":"https:\/\/www.erresse-shop.it\/fr\/wp-json\/wp\/v2\/media?parent=492780"}],"wp:term":[{"taxonomy":"product_cat","embeddable":true,"href":"https:\/\/www.erresse-shop.it\/fr\/wp-json\/wp\/v2\/product_cat?post=492780"},{"taxonomy":"product_tag","embeddable":true,"href":"https:\/\/www.erresse-shop.it\/fr\/wp-json\/wp\/v2\/product_tag?post=492780"}],"curies":[{"name":"wp","href":"https:\/\/api.w.org\/{rel}","templated":true}]}}