{"id":492282,"date":"2025-04-15T12:39:23","date_gmt":"2025-04-15T12:39:32","guid":{"rendered":"https:\/\/www.erresse-shop.it\/?post_type=product&#038;p=492282"},"modified":"2026-02-27T10:55:51","modified_gmt":"2026-02-27T10:55:51","slug":"outdoorchef-ascona-barbecue-a-gaz-570-g-all-black","status":"publish","type":"product","link":"https:\/\/www.erresse-shop.it\/fr\/shop\/petits-electromenagers\/grilles-et-barbecues\/outdoorchef-ascona-barbecue-a-gaz-570-g-all-black\/","title":{"rendered":"Outdoorchef Ascona Barbecue \u00e0 gaz 570 G All Black"},"content":{"rendered":"<p><span style=\"font-size: 14pt;\"><strong>Polyvalence illimit\u00e9e pour tous types de cuisson<\/strong><\/span><\/p>\n<p>Avec le barbecue \u00e0 gaz Outdoorchef Ascona 570 G All Black, vous pouvez passer des grillades classiques \u00e0 la cuisson lente et ma\u00eetris\u00e9e pour des r\u00e9sultats juteux et irr\u00e9sistibles. Gr\u00e2ce au r\u00e9glage de la temp\u00e9rature entre 80\u2013120\u00b0C et 180\u2013360\u00b0C, vous pouvez cuire \u00e0 basse temp\u00e9rature, fumer, griller du poisson et des l\u00e9gumes, voire pr\u00e9parer pizzas et desserts avec une r\u00e9partition parfaite de la chaleur.<\/p>\n<p><span style=\"font-size: 14pt;\"><strong>Syst\u00e8me d&#8217;entonnoir pour un nettoyage sans stress<\/strong><\/span><\/p>\n<p>Oubliez les corv\u00e9es de nettoyage apr\u00e8s le barbecue ! Le syst\u00e8me d&#8217;entonnoir pratique permet de recueillir la graisse facilement, \u00e9vitant les flammes soudaines et r\u00e9duisant les d\u00e9chets. En quelques minutes, votre barbecue sera pr\u00eat pour une nouvelle aventure culinaire sans effort.<\/p>\n<p><span style=\"font-size: 14pt;\"><strong>Mat\u00e9riaux robustes et design fonctionnel<\/strong><\/span><\/p>\n<p>Fabriqu\u00e9 avec des mat\u00e9riaux de haute qualit\u00e9 et une finition en porcelaine, l\u2019Ascona 570 G All Black garantit durabilit\u00e9 et r\u00e9sistance aux hautes temp\u00e9ratures. La grande surface de support vous permet d\u2019avoir tous vos ustensiles et ingr\u00e9dients \u00e0 port\u00e9e de main, rendant chaque \u00e9tape de cuisson plus pratique et organis\u00e9e.<\/p>\n<p><span style=\"font-size: 14pt;\"><strong>Facile \u00e0 d\u00e9placer partout<\/strong><\/span><\/p>\n<p>Gr\u00e2ce aux grandes roues en plastique, d\u00e9placer le barbecue ne pose plus aucun probl\u00e8me. Que ce soit dans le jardin, sur la terrasse ou dans un espace d\u00e9di\u00e9, vous pourrez le d\u00e9placer facilement et profiter pleinement de votre ext\u00e9rieur.<\/p>\n<p><span style=\"font-size: 14pt;\"><strong>Puissance et efficacit\u00e9 pour des grillades parfaites<\/strong><\/span><\/p>\n<p>Avec une puissance de 9,7 kW et une grille de 54 cm de diam\u00e8tre, ce barbecue offre une large surface de cuisson pour pr\u00e9parer plusieurs plats en m\u00eame temps. Parfait pour ceux qui aiment cuisiner en plein air avec qualit\u00e9 et pr\u00e9cision, sans renoncer \u00e0 la simplicit\u00e9 d\u2019utilisation.<\/p>\n<p><span style=\"font-size: 14pt;\"><strong>Dimensions :<\/strong><\/span><\/p>\n<ul>\n<li>Largeur : 65 cm<\/li>\n<li>Hauteur : 107 cm<\/li>\n<li>Profondeur : 97 cm<\/li>\n<\/ul>\n","protected":false},"excerpt":{"rendered":"<p>Polyvalence illimit\u00e9e pour tous types de cuisson Avec le barbecue \u00e0 gaz Outdoorchef Ascona 570 G All Black, vous pouvez<\/p>\n","protected":false},"featured_media":492317,"template":"","meta":{"_acf_changed":false,"inline_featured_image":false},"product_cat":[13383,12449],"product_tag":[25181,13384,25021,23631,12858,13269,24603,22514],"acf":[],"yoast_head":"<!-- This site is optimized with the Yoast SEO Premium plugin v18.6 (Yoast SEO v19.13) - https:\/\/yoast.com\/wordpress\/plugins\/seo\/ -->\n<title>Outdoorchef Ascona Barbecue \u00e0 gaz 570 G All Black - Erresse Shop<\/title>\n<meta name=\"description\" content=\"Polyvalence illimit\u00e9e pour tous types de cuisson Avec le barbecue \u00e0 gaz Outdoorchef Ascona 570 G All Black, vous pouvez passer des grillades classiques \u00e0\" \/>\n<meta name=\"robots\" content=\"index, follow, max-snippet:-1, max-image-preview:large, max-video-preview:-1\" \/>\n<link rel=\"canonical\" href=\"https:\/\/www.erresse-shop.it\/fr\/shop\/petits-electromenagers\/grilles-et-barbecues\/outdoorchef-ascona-barbecue-a-gaz-570-g-all-black\/\" \/>\n<meta property=\"og:locale\" content=\"fr_FR\" \/>\n<meta property=\"og:type\" content=\"article\" \/>\n<meta property=\"og:title\" content=\"Outdoorchef Ascona Barbecue \u00e0 gaz 570 G All Black\" \/>\n<meta property=\"og:description\" content=\"Polyvalence illimit\u00e9e pour tous types de cuisson Avec le barbecue \u00e0 gaz Outdoorchef Ascona 570 G All Black, vous pouvez passer des grillades classiques \u00e0\" \/>\n<meta property=\"og:url\" content=\"https:\/\/www.erresse-shop.it\/fr\/shop\/petits-electromenagers\/grilles-et-barbecues\/outdoorchef-ascona-barbecue-a-gaz-570-g-all-black\/\" \/>\n<meta property=\"og:site_name\" content=\"Erresse Shop\" \/>\n<meta property=\"article:modified_time\" content=\"2026-02-27T10:55:51+00:00\" \/>\n<meta property=\"og:image\" content=\"https:\/\/www.erresse-shop.it\/wp-content\/uploads\/2025\/04\/Outdoorchef-Ascona-Barbecue-a-Gas-570-G-All-Black.jpg\" \/>\n\t<meta property=\"og:image:width\" content=\"1200\" \/>\n\t<meta property=\"og:image:height\" content=\"1200\" \/>\n\t<meta property=\"og:image:type\" content=\"image\/jpeg\" \/>\n<meta name=\"twitter:card\" content=\"summary_large_image\" \/>\n<script type=\"application\/ld+json\" class=\"yoast-schema-graph\">{\"@context\":\"https:\/\/schema.org\",\"@graph\":[{\"@type\":\"WebPage\",\"@id\":\"https:\/\/www.erresse-shop.it\/fr\/shop\/petits-electromenagers\/grilles-et-barbecues\/outdoorchef-ascona-barbecue-a-gaz-570-g-all-black\/\",\"url\":\"https:\/\/www.erresse-shop.it\/fr\/shop\/petits-electromenagers\/grilles-et-barbecues\/outdoorchef-ascona-barbecue-a-gaz-570-g-all-black\/\",\"name\":\"Outdoorchef Ascona Barbecue \u00e0 gaz 570 G All Black - Erresse Shop\",\"isPartOf\":{\"@id\":\"https:\/\/www.erresse-shop.it\/fr\/#website\"},\"datePublished\":\"2025-04-15T12:39:32+00:00\",\"dateModified\":\"2026-02-27T10:55:51+00:00\",\"description\":\"Polyvalence illimit\u00e9e pour tous types de cuisson Avec le barbecue \u00e0 gaz Outdoorchef Ascona 570 G All Black, vous pouvez passer des grillades classiques \u00e0\",\"breadcrumb\":{\"@id\":\"https:\/\/www.erresse-shop.it\/fr\/shop\/petits-electromenagers\/grilles-et-barbecues\/outdoorchef-ascona-barbecue-a-gaz-570-g-all-black\/#breadcrumb\"},\"inLanguage\":\"fr-FR\",\"potentialAction\":[{\"@type\":\"ReadAction\",\"target\":[\"https:\/\/www.erresse-shop.it\/fr\/shop\/petits-electromenagers\/grilles-et-barbecues\/outdoorchef-ascona-barbecue-a-gaz-570-g-all-black\/\"]}]},{\"@type\":\"BreadcrumbList\",\"@id\":\"https:\/\/www.erresse-shop.it\/fr\/shop\/petits-electromenagers\/grilles-et-barbecues\/outdoorchef-ascona-barbecue-a-gaz-570-g-all-black\/#breadcrumb\",\"itemListElement\":[{\"@type\":\"ListItem\",\"position\":1,\"name\":\"Home\",\"item\":\"https:\/\/www.erresse-shop.it\/fr\/\"},{\"@type\":\"ListItem\",\"position\":2,\"name\":\"Shop\",\"item\":\"https:\/\/www.erresse-shop.it\/fr\/shop\/\"},{\"@type\":\"ListItem\",\"position\":3,\"name\":\"Outdoorchef Ascona Barbecue \u00e0 gaz 570 G All Black\"}]},{\"@type\":\"WebSite\",\"@id\":\"https:\/\/www.erresse-shop.it\/fr\/#website\",\"url\":\"https:\/\/www.erresse-shop.it\/fr\/\",\"name\":\"Erresse Shop\",\"description\":\"Articoli di qualit\u00e0 per la casa\",\"potentialAction\":[{\"@type\":\"SearchAction\",\"target\":{\"@type\":\"EntryPoint\",\"urlTemplate\":\"https:\/\/www.erresse-shop.it\/fr\/?s={search_term_string}\"},\"query-input\":\"required name=search_term_string\"}],\"inLanguage\":\"fr-FR\"}]}<\/script>\n<!-- \/ Yoast SEO Premium plugin. -->","yoast_head_json":{"title":"Outdoorchef Ascona Barbecue \u00e0 gaz 570 G All Black - Erresse Shop","description":"Polyvalence illimit\u00e9e pour tous types de cuisson Avec le barbecue \u00e0 gaz Outdoorchef Ascona 570 G All Black, vous pouvez passer des grillades classiques \u00e0","robots":{"index":"index","follow":"follow","max-snippet":"max-snippet:-1","max-image-preview":"max-image-preview:large","max-video-preview":"max-video-preview:-1"},"canonical":"https:\/\/www.erresse-shop.it\/fr\/shop\/petits-electromenagers\/grilles-et-barbecues\/outdoorchef-ascona-barbecue-a-gaz-570-g-all-black\/","og_locale":"fr_FR","og_type":"article","og_title":"Outdoorchef Ascona Barbecue \u00e0 gaz 570 G All Black","og_description":"Polyvalence illimit\u00e9e pour tous types de cuisson Avec le barbecue \u00e0 gaz Outdoorchef Ascona 570 G All Black, vous pouvez passer des grillades classiques \u00e0","og_url":"https:\/\/www.erresse-shop.it\/fr\/shop\/petits-electromenagers\/grilles-et-barbecues\/outdoorchef-ascona-barbecue-a-gaz-570-g-all-black\/","og_site_name":"Erresse Shop","article_modified_time":"2026-02-27T10:55:51+00:00","og_image":[{"width":1200,"height":1200,"url":"https:\/\/www.erresse-shop.it\/wp-content\/uploads\/2025\/04\/Outdoorchef-Ascona-Barbecue-a-Gas-570-G-All-Black.jpg","type":"image\/jpeg"}],"twitter_card":"summary_large_image","schema":{"@context":"https:\/\/schema.org","@graph":[{"@type":"WebPage","@id":"https:\/\/www.erresse-shop.it\/fr\/shop\/petits-electromenagers\/grilles-et-barbecues\/outdoorchef-ascona-barbecue-a-gaz-570-g-all-black\/","url":"https:\/\/www.erresse-shop.it\/fr\/shop\/petits-electromenagers\/grilles-et-barbecues\/outdoorchef-ascona-barbecue-a-gaz-570-g-all-black\/","name":"Outdoorchef Ascona Barbecue \u00e0 gaz 570 G All Black - Erresse Shop","isPartOf":{"@id":"https:\/\/www.erresse-shop.it\/fr\/#website"},"datePublished":"2025-04-15T12:39:32+00:00","dateModified":"2026-02-27T10:55:51+00:00","description":"Polyvalence illimit\u00e9e pour tous types de cuisson Avec le barbecue \u00e0 gaz Outdoorchef Ascona 570 G All Black, vous pouvez passer des grillades classiques \u00e0","breadcrumb":{"@id":"https:\/\/www.erresse-shop.it\/fr\/shop\/petits-electromenagers\/grilles-et-barbecues\/outdoorchef-ascona-barbecue-a-gaz-570-g-all-black\/#breadcrumb"},"inLanguage":"fr-FR","potentialAction":[{"@type":"ReadAction","target":["https:\/\/www.erresse-shop.it\/fr\/shop\/petits-electromenagers\/grilles-et-barbecues\/outdoorchef-ascona-barbecue-a-gaz-570-g-all-black\/"]}]},{"@type":"BreadcrumbList","@id":"https:\/\/www.erresse-shop.it\/fr\/shop\/petits-electromenagers\/grilles-et-barbecues\/outdoorchef-ascona-barbecue-a-gaz-570-g-all-black\/#breadcrumb","itemListElement":[{"@type":"ListItem","position":1,"name":"Home","item":"https:\/\/www.erresse-shop.it\/fr\/"},{"@type":"ListItem","position":2,"name":"Shop","item":"https:\/\/www.erresse-shop.it\/fr\/shop\/"},{"@type":"ListItem","position":3,"name":"Outdoorchef Ascona Barbecue \u00e0 gaz 570 G All Black"}]},{"@type":"WebSite","@id":"https:\/\/www.erresse-shop.it\/fr\/#website","url":"https:\/\/www.erresse-shop.it\/fr\/","name":"Erresse Shop","description":"Articoli di qualit\u00e0 per la casa","potentialAction":[{"@type":"SearchAction","target":{"@type":"EntryPoint","urlTemplate":"https:\/\/www.erresse-shop.it\/fr\/?s={search_term_string}"},"query-input":"required name=search_term_string"}],"inLanguage":"fr-FR"}]}},"df_price":454.35,"df_sale_price":454.35,"df_regular_price":699,"df_image_link":"https:\/\/www.erresse-shop.it\/wp-content\/uploads\/2025\/04\/Outdoorchef-Ascona-Barbecue-a-Gas-570-G-All-Black-300x300.jpg","_links":{"self":[{"href":"https:\/\/www.erresse-shop.it\/fr\/wp-json\/wp\/v2\/product\/492282"}],"collection":[{"href":"https:\/\/www.erresse-shop.it\/fr\/wp-json\/wp\/v2\/product"}],"about":[{"href":"https:\/\/www.erresse-shop.it\/fr\/wp-json\/wp\/v2\/types\/product"}],"wp:featuredmedia":[{"embeddable":true,"href":"https:\/\/www.erresse-shop.it\/fr\/wp-json\/wp\/v2\/media\/492317"}],"wp:attachment":[{"href":"https:\/\/www.erresse-shop.it\/fr\/wp-json\/wp\/v2\/media?parent=492282"}],"wp:term":[{"taxonomy":"product_cat","embeddable":true,"href":"https:\/\/www.erresse-shop.it\/fr\/wp-json\/wp\/v2\/product_cat?post=492282"},{"taxonomy":"product_tag","embeddable":true,"href":"https:\/\/www.erresse-shop.it\/fr\/wp-json\/wp\/v2\/product_tag?post=492282"}],"curies":[{"name":"wp","href":"https:\/\/api.w.org\/{rel}","templated":true}]}}