{"id":490606,"date":"2025-04-11T08:41:42","date_gmt":"2025-04-11T08:41:45","guid":{"rendered":"https:\/\/www.erresse-shop.it\/?post_type=product&#038;p=490606"},"modified":"2026-04-02T14:19:23","modified_gmt":"2026-04-02T14:19:23","slug":"wd-lifestyle-bouteille-en-verre-poisson-rouge-tropical","status":"publish","type":"product","link":"https:\/\/www.erresse-shop.it\/fr\/shop\/table-fr-2\/carafes-bouteilles\/wd-lifestyle-bouteille-en-verre-poisson-rouge-tropical\/","title":{"rendered":"WD LIFESTYLE Bouteille en verre Poisson rouge tropical"},"content":{"rendered":"<p>Bouchon avec fermeture herm\u00e9tique et d\u00e9coration en verre color\u00e9 \u00e0 l&#8217;int\u00e9rieur. Fabriqu\u00e9e \u00e0 la main en verre souffl\u00e9, chaque bouteille est une pi\u00e8ce unique.<\/p>\n<p>Capacit\u00e9 : 1,2 L<br \/>\nDimensions : \u00d8 8,5 x 30 cm<\/p>\n","protected":false},"excerpt":{"rendered":"<p>Bouchon avec fermeture herm\u00e9tique et d\u00e9coration en verre color\u00e9 \u00e0 l&#8217;int\u00e9rieur. Fabriqu\u00e9e \u00e0 la main en verre souffl\u00e9, chaque bouteille<\/p>\n","protected":false},"featured_media":490618,"template":"","meta":{"_acf_changed":false,"inline_featured_image":false},"product_cat":[12785,12782],"product_tag":[15739,24603,14889,21294],"acf":[],"yoast_head":"<!-- This site is optimized with the Yoast SEO Premium plugin v18.6 (Yoast SEO v19.13) - https:\/\/yoast.com\/wordpress\/plugins\/seo\/ -->\n<title>WD LIFESTYLE Bouteille en verre Poisson rouge tropical - Erresse Shop<\/title>\n<meta name=\"description\" content=\"Bouchon avec fermeture herm\u00e9tique et d\u00e9coration en verre color\u00e9 \u00e0 l&#039;int\u00e9rieur. Fabriqu\u00e9e \u00e0 la main en verre souffl\u00e9, chaque bouteille est une pi\u00e8ce\" \/>\n<meta name=\"robots\" content=\"index, follow, max-snippet:-1, max-image-preview:large, max-video-preview:-1\" \/>\n<link rel=\"canonical\" href=\"https:\/\/www.erresse-shop.it\/fr\/shop\/table-fr-2\/carafes-bouteilles\/wd-lifestyle-bouteille-en-verre-poisson-rouge-tropical\/\" \/>\n<meta property=\"og:locale\" content=\"fr_FR\" \/>\n<meta property=\"og:type\" content=\"article\" \/>\n<meta property=\"og:title\" content=\"WD LIFESTYLE Bouteille en verre Poisson rouge tropical\" \/>\n<meta property=\"og:description\" content=\"Bouchon avec fermeture herm\u00e9tique et d\u00e9coration en verre color\u00e9 \u00e0 l&#039;int\u00e9rieur. Fabriqu\u00e9e \u00e0 la main en verre souffl\u00e9, chaque bouteille est une pi\u00e8ce\" \/>\n<meta property=\"og:url\" content=\"https:\/\/www.erresse-shop.it\/fr\/shop\/table-fr-2\/carafes-bouteilles\/wd-lifestyle-bouteille-en-verre-poisson-rouge-tropical\/\" \/>\n<meta property=\"og:site_name\" content=\"Erresse Shop\" \/>\n<meta property=\"article:modified_time\" content=\"2026-04-02T14:19:23+00:00\" \/>\n<meta property=\"og:image\" content=\"https:\/\/www.erresse-shop.it\/wp-content\/uploads\/2025\/04\/WD-LIFESTYLE-Bottiglia-in-Vetro-Pesce-Tropicale-Oro.jpg\" \/>\n\t<meta property=\"og:image:width\" content=\"1200\" \/>\n\t<meta property=\"og:image:height\" content=\"1200\" \/>\n\t<meta property=\"og:image:type\" content=\"image\/jpeg\" \/>\n<meta name=\"twitter:card\" content=\"summary_large_image\" \/>\n<script type=\"application\/ld+json\" class=\"yoast-schema-graph\">{\"@context\":\"https:\/\/schema.org\",\"@graph\":[{\"@type\":\"WebPage\",\"@id\":\"https:\/\/www.erresse-shop.it\/fr\/shop\/table-fr-2\/carafes-bouteilles\/wd-lifestyle-bouteille-en-verre-poisson-rouge-tropical\/\",\"url\":\"https:\/\/www.erresse-shop.it\/fr\/shop\/table-fr-2\/carafes-bouteilles\/wd-lifestyle-bouteille-en-verre-poisson-rouge-tropical\/\",\"name\":\"WD LIFESTYLE Bouteille en verre Poisson rouge tropical - Erresse Shop\",\"isPartOf\":{\"@id\":\"https:\/\/www.erresse-shop.it\/fr\/#website\"},\"datePublished\":\"2025-04-11T08:41:45+00:00\",\"dateModified\":\"2026-04-02T14:19:23+00:00\",\"description\":\"Bouchon avec fermeture herm\u00e9tique et d\u00e9coration en verre color\u00e9 \u00e0 l'int\u00e9rieur. Fabriqu\u00e9e \u00e0 la main en verre souffl\u00e9, chaque bouteille est une pi\u00e8ce\",\"breadcrumb\":{\"@id\":\"https:\/\/www.erresse-shop.it\/fr\/shop\/table-fr-2\/carafes-bouteilles\/wd-lifestyle-bouteille-en-verre-poisson-rouge-tropical\/#breadcrumb\"},\"inLanguage\":\"fr-FR\",\"potentialAction\":[{\"@type\":\"ReadAction\",\"target\":[\"https:\/\/www.erresse-shop.it\/fr\/shop\/table-fr-2\/carafes-bouteilles\/wd-lifestyle-bouteille-en-verre-poisson-rouge-tropical\/\"]}]},{\"@type\":\"BreadcrumbList\",\"@id\":\"https:\/\/www.erresse-shop.it\/fr\/shop\/table-fr-2\/carafes-bouteilles\/wd-lifestyle-bouteille-en-verre-poisson-rouge-tropical\/#breadcrumb\",\"itemListElement\":[{\"@type\":\"ListItem\",\"position\":1,\"name\":\"Home\",\"item\":\"https:\/\/www.erresse-shop.it\/fr\/\"},{\"@type\":\"ListItem\",\"position\":2,\"name\":\"Shop\",\"item\":\"https:\/\/www.erresse-shop.it\/fr\/shop\/\"},{\"@type\":\"ListItem\",\"position\":3,\"name\":\"WD LIFESTYLE Bouteille en verre Poisson rouge tropical\"}]},{\"@type\":\"WebSite\",\"@id\":\"https:\/\/www.erresse-shop.it\/fr\/#website\",\"url\":\"https:\/\/www.erresse-shop.it\/fr\/\",\"name\":\"Erresse Shop\",\"description\":\"Articoli di qualit\u00e0 per la casa\",\"potentialAction\":[{\"@type\":\"SearchAction\",\"target\":{\"@type\":\"EntryPoint\",\"urlTemplate\":\"https:\/\/www.erresse-shop.it\/fr\/?s={search_term_string}\"},\"query-input\":\"required name=search_term_string\"}],\"inLanguage\":\"fr-FR\"}]}<\/script>\n<!-- \/ Yoast SEO Premium plugin. -->","yoast_head_json":{"title":"WD LIFESTYLE Bouteille en verre Poisson rouge tropical - Erresse Shop","description":"Bouchon avec fermeture herm\u00e9tique et d\u00e9coration en verre color\u00e9 \u00e0 l'int\u00e9rieur. Fabriqu\u00e9e \u00e0 la main en verre souffl\u00e9, chaque bouteille est une pi\u00e8ce","robots":{"index":"index","follow":"follow","max-snippet":"max-snippet:-1","max-image-preview":"max-image-preview:large","max-video-preview":"max-video-preview:-1"},"canonical":"https:\/\/www.erresse-shop.it\/fr\/shop\/table-fr-2\/carafes-bouteilles\/wd-lifestyle-bouteille-en-verre-poisson-rouge-tropical\/","og_locale":"fr_FR","og_type":"article","og_title":"WD LIFESTYLE Bouteille en verre Poisson rouge tropical","og_description":"Bouchon avec fermeture herm\u00e9tique et d\u00e9coration en verre color\u00e9 \u00e0 l'int\u00e9rieur. Fabriqu\u00e9e \u00e0 la main en verre souffl\u00e9, chaque bouteille est une pi\u00e8ce","og_url":"https:\/\/www.erresse-shop.it\/fr\/shop\/table-fr-2\/carafes-bouteilles\/wd-lifestyle-bouteille-en-verre-poisson-rouge-tropical\/","og_site_name":"Erresse Shop","article_modified_time":"2026-04-02T14:19:23+00:00","og_image":[{"width":1200,"height":1200,"url":"https:\/\/www.erresse-shop.it\/wp-content\/uploads\/2025\/04\/WD-LIFESTYLE-Bottiglia-in-Vetro-Pesce-Tropicale-Oro.jpg","type":"image\/jpeg"}],"twitter_card":"summary_large_image","schema":{"@context":"https:\/\/schema.org","@graph":[{"@type":"WebPage","@id":"https:\/\/www.erresse-shop.it\/fr\/shop\/table-fr-2\/carafes-bouteilles\/wd-lifestyle-bouteille-en-verre-poisson-rouge-tropical\/","url":"https:\/\/www.erresse-shop.it\/fr\/shop\/table-fr-2\/carafes-bouteilles\/wd-lifestyle-bouteille-en-verre-poisson-rouge-tropical\/","name":"WD LIFESTYLE Bouteille en verre Poisson rouge tropical - Erresse Shop","isPartOf":{"@id":"https:\/\/www.erresse-shop.it\/fr\/#website"},"datePublished":"2025-04-11T08:41:45+00:00","dateModified":"2026-04-02T14:19:23+00:00","description":"Bouchon avec fermeture herm\u00e9tique et d\u00e9coration en verre color\u00e9 \u00e0 l'int\u00e9rieur. Fabriqu\u00e9e \u00e0 la main en verre souffl\u00e9, chaque bouteille est une pi\u00e8ce","breadcrumb":{"@id":"https:\/\/www.erresse-shop.it\/fr\/shop\/table-fr-2\/carafes-bouteilles\/wd-lifestyle-bouteille-en-verre-poisson-rouge-tropical\/#breadcrumb"},"inLanguage":"fr-FR","potentialAction":[{"@type":"ReadAction","target":["https:\/\/www.erresse-shop.it\/fr\/shop\/table-fr-2\/carafes-bouteilles\/wd-lifestyle-bouteille-en-verre-poisson-rouge-tropical\/"]}]},{"@type":"BreadcrumbList","@id":"https:\/\/www.erresse-shop.it\/fr\/shop\/table-fr-2\/carafes-bouteilles\/wd-lifestyle-bouteille-en-verre-poisson-rouge-tropical\/#breadcrumb","itemListElement":[{"@type":"ListItem","position":1,"name":"Home","item":"https:\/\/www.erresse-shop.it\/fr\/"},{"@type":"ListItem","position":2,"name":"Shop","item":"https:\/\/www.erresse-shop.it\/fr\/shop\/"},{"@type":"ListItem","position":3,"name":"WD LIFESTYLE Bouteille en verre Poisson rouge tropical"}]},{"@type":"WebSite","@id":"https:\/\/www.erresse-shop.it\/fr\/#website","url":"https:\/\/www.erresse-shop.it\/fr\/","name":"Erresse Shop","description":"Articoli di qualit\u00e0 per la casa","potentialAction":[{"@type":"SearchAction","target":{"@type":"EntryPoint","urlTemplate":"https:\/\/www.erresse-shop.it\/fr\/?s={search_term_string}"},"query-input":"required name=search_term_string"}],"inLanguage":"fr-FR"}]}},"df_price":17.939999999999998,"df_sale_price":17.939999999999998,"df_regular_price":29.9,"df_image_link":"https:\/\/www.erresse-shop.it\/wp-content\/uploads\/2025\/04\/WD-LIFESTYLE-Bottiglia-in-Vetro-Pesce-Tropicale-Oro-300x300.jpg","_links":{"self":[{"href":"https:\/\/www.erresse-shop.it\/fr\/wp-json\/wp\/v2\/product\/490606"}],"collection":[{"href":"https:\/\/www.erresse-shop.it\/fr\/wp-json\/wp\/v2\/product"}],"about":[{"href":"https:\/\/www.erresse-shop.it\/fr\/wp-json\/wp\/v2\/types\/product"}],"wp:featuredmedia":[{"embeddable":true,"href":"https:\/\/www.erresse-shop.it\/fr\/wp-json\/wp\/v2\/media\/490618"}],"wp:attachment":[{"href":"https:\/\/www.erresse-shop.it\/fr\/wp-json\/wp\/v2\/media?parent=490606"}],"wp:term":[{"taxonomy":"product_cat","embeddable":true,"href":"https:\/\/www.erresse-shop.it\/fr\/wp-json\/wp\/v2\/product_cat?post=490606"},{"taxonomy":"product_tag","embeddable":true,"href":"https:\/\/www.erresse-shop.it\/fr\/wp-json\/wp\/v2\/product_tag?post=490606"}],"curies":[{"name":"wp","href":"https:\/\/api.w.org\/{rel}","templated":true}]}}