{"id":490348,"date":"2025-04-11T05:55:24","date_gmt":"2025-04-11T05:55:32","guid":{"rendered":"https:\/\/www.erresse-shop.it\/?post_type=product&#038;p=490348"},"modified":"2026-02-13T08:57:47","modified_gmt":"2026-02-13T08:57:47","slug":"joseph-joseph-totem-max-poubelle-et-bac-de-recyclage-60-litres-pierre","status":"publish","type":"product","link":"https:\/\/www.erresse-shop.it\/fr\/shop\/ameublement-maison\/poubelles\/joseph-joseph-totem-max-poubelle-et-bac-de-recyclage-60-litres-pierre\/","title":{"rendered":"JOSEPH JOSEPH Totem Max Poubelle et bac de recyclage 60 litres Pierre"},"content":{"rendered":"<p>La poubelle de cuisine est le h\u00e9ros m\u00e9connu au c\u0153ur de la maison, mais peu d\u2019entre elles sont capables de g\u00e9rer les d\u00e9chets g\u00e9n\u00e9raux, les restes de nourriture et le recyclage. D\u00e9couvrez Totem. Notre poubelle prim\u00e9e dispose de plusieurs compartiments pour tous les types de d\u00e9chets m\u00e9nagers, vous permettant de tout s\u00e9parer dans une seule unit\u00e9 compacte. Son contr\u00f4le int\u00e9gr\u00e9 des odeurs permet \u00e9galement de garder une odeur fra\u00eeche dans votre cuisine.<\/p>\n<ul>\n<li>La conception prim\u00e9e combine trois poubelles en une<\/li>\n<li>Comprend deux poubelles de 30 litres pour faciliter le tri et le recyclage des d\u00e9chets, ainsi qu&#8217;une poubelle amovible de 3 litres pour les d\u00e9chets alimentaires<\/li>\n<li>La conception verticale unique maximise la capacit\u00e9 dans un espace compact<\/li>\n<li>Le contr\u00f4le int\u00e9gr\u00e9 des odeurs r\u00e9duit les odeurs d\u00e9sagr\u00e9ables gr\u00e2ce \u00e0 des filtres \u00e0 charbon actif rempla\u00e7ables<\/li>\n<li>Les compartiments amovibles sont dot\u00e9s de trous de maintien et de crochets pour sacs afin de les vider facilement<\/li>\n<\/ul>\n<p><strong>Entretien et utilisation<\/strong><\/p>\n<ul>\n<li>Utilisez 60 litres avec les conteneurs sur mesure IW2 et IW6 (convient \u00e9galement pour une utilisation avec des conteneurs standard).<\/li>\n<li>Surfaces ext\u00e9rieures : nettoyer avec un chiffon humide et s\u00e9cher avec un chiffon doux et sec. N&#8217;utilisez pas de chiffons abrasifs ni de nettoyants chimiques agressifs.<\/li>\n<li>Seaux et r\u00e9cipient \u00e0 d\u00e9chets alimentaires : Retirez-les de l&#8217;appareil et nettoyez-les \u00e0 l&#8217;eau chaude savonneuse. S\u00e9chez-les avant de les remettre dans l&#8217;appareil (pour \u00e9liminer les mauvaises odeurs, vous pouvez \u00e9galement utiliser une solution de bicarbonate de soude et d&#8217;eau).<\/li>\n<li>Filtre anti-odeur : Pour des performances optimales, il est recommand\u00e9 de remplacer le filtre anti-odeur tous les 3 mois.<\/li>\n<\/ul>\n<p><strong>Dimensions\u00a0:<\/strong><\/p>\n<p>H 81,4 (couvercle ferm\u00e9) H 111 (couvercle ouvert) x L 39 x P 36,6 cm<\/p>\n<p><strong>Poids\u00a0:<\/strong> 9,7 kg<\/p>\n","protected":false},"excerpt":{"rendered":"<p>La poubelle de cuisine est le h\u00e9ros m\u00e9connu au c\u0153ur de la maison, mais peu d\u2019entre elles sont capables de<\/p>\n","protected":false},"featured_media":490377,"template":"","meta":{"_acf_changed":false,"inline_featured_image":false},"product_cat":[12738,14033],"product_tag":[21223,21222,13485,21224,21225],"acf":[],"yoast_head":"<!-- This site is optimized with the Yoast SEO Premium plugin v18.6 (Yoast SEO v19.13) - https:\/\/yoast.com\/wordpress\/plugins\/seo\/ -->\n<title>JOSEPH JOSEPH Totem Max Poubelle et bac de recyclage 60 litres Pierre - Erresse Shop<\/title>\n<meta name=\"description\" content=\"La poubelle de cuisine est le h\u00e9ros m\u00e9connu au c\u0153ur de la maison, mais peu d\u2019entre elles sont capables de g\u00e9rer les d\u00e9chets g\u00e9n\u00e9raux, les restes de\" \/>\n<meta name=\"robots\" content=\"index, follow, max-snippet:-1, max-image-preview:large, max-video-preview:-1\" \/>\n<link rel=\"canonical\" href=\"https:\/\/www.erresse-shop.it\/fr\/shop\/ameublement-maison\/poubelles\/joseph-joseph-totem-max-poubelle-et-bac-de-recyclage-60-litres-pierre\/\" \/>\n<meta property=\"og:locale\" content=\"fr_FR\" \/>\n<meta property=\"og:type\" content=\"article\" \/>\n<meta property=\"og:title\" content=\"JOSEPH JOSEPH Totem Max Poubelle et bac de recyclage 60 litres Pierre\" \/>\n<meta property=\"og:description\" content=\"La poubelle de cuisine est le h\u00e9ros m\u00e9connu au c\u0153ur de la maison, mais peu d\u2019entre elles sont capables de g\u00e9rer les d\u00e9chets g\u00e9n\u00e9raux, les restes de\" \/>\n<meta property=\"og:url\" content=\"https:\/\/www.erresse-shop.it\/fr\/shop\/ameublement-maison\/poubelles\/joseph-joseph-totem-max-poubelle-et-bac-de-recyclage-60-litres-pierre\/\" \/>\n<meta property=\"og:site_name\" content=\"Erresse Shop\" \/>\n<meta property=\"article:modified_time\" content=\"2026-02-13T08:57:47+00:00\" \/>\n<meta property=\"og:image\" content=\"https:\/\/www.erresse-shop.it\/wp-content\/uploads\/2025\/04\/JOSEPH-JOSEPH-Totem-Max-Pattumiera-60-litri-Pietra.jpg\" \/>\n\t<meta property=\"og:image:width\" content=\"1200\" \/>\n\t<meta property=\"og:image:height\" content=\"1200\" \/>\n\t<meta property=\"og:image:type\" content=\"image\/jpeg\" \/>\n<meta name=\"twitter:card\" content=\"summary_large_image\" \/>\n<script type=\"application\/ld+json\" class=\"yoast-schema-graph\">{\"@context\":\"https:\/\/schema.org\",\"@graph\":[{\"@type\":\"WebPage\",\"@id\":\"https:\/\/www.erresse-shop.it\/fr\/shop\/ameublement-maison\/poubelles\/joseph-joseph-totem-max-poubelle-et-bac-de-recyclage-60-litres-pierre\/\",\"url\":\"https:\/\/www.erresse-shop.it\/fr\/shop\/ameublement-maison\/poubelles\/joseph-joseph-totem-max-poubelle-et-bac-de-recyclage-60-litres-pierre\/\",\"name\":\"JOSEPH JOSEPH Totem Max Poubelle et bac de recyclage 60 litres Pierre - Erresse Shop\",\"isPartOf\":{\"@id\":\"https:\/\/www.erresse-shop.it\/fr\/#website\"},\"datePublished\":\"2025-04-11T05:55:32+00:00\",\"dateModified\":\"2026-02-13T08:57:47+00:00\",\"description\":\"La poubelle de cuisine est le h\u00e9ros m\u00e9connu au c\u0153ur de la maison, mais peu d\u2019entre elles sont capables de g\u00e9rer les d\u00e9chets g\u00e9n\u00e9raux, les restes de\",\"breadcrumb\":{\"@id\":\"https:\/\/www.erresse-shop.it\/fr\/shop\/ameublement-maison\/poubelles\/joseph-joseph-totem-max-poubelle-et-bac-de-recyclage-60-litres-pierre\/#breadcrumb\"},\"inLanguage\":\"fr-FR\",\"potentialAction\":[{\"@type\":\"ReadAction\",\"target\":[\"https:\/\/www.erresse-shop.it\/fr\/shop\/ameublement-maison\/poubelles\/joseph-joseph-totem-max-poubelle-et-bac-de-recyclage-60-litres-pierre\/\"]}]},{\"@type\":\"BreadcrumbList\",\"@id\":\"https:\/\/www.erresse-shop.it\/fr\/shop\/ameublement-maison\/poubelles\/joseph-joseph-totem-max-poubelle-et-bac-de-recyclage-60-litres-pierre\/#breadcrumb\",\"itemListElement\":[{\"@type\":\"ListItem\",\"position\":1,\"name\":\"Home\",\"item\":\"https:\/\/www.erresse-shop.it\/fr\/\"},{\"@type\":\"ListItem\",\"position\":2,\"name\":\"Shop\",\"item\":\"https:\/\/www.erresse-shop.it\/fr\/shop\/\"},{\"@type\":\"ListItem\",\"position\":3,\"name\":\"JOSEPH JOSEPH Totem Max Poubelle et bac de recyclage 60 litres Pierre\"}]},{\"@type\":\"WebSite\",\"@id\":\"https:\/\/www.erresse-shop.it\/fr\/#website\",\"url\":\"https:\/\/www.erresse-shop.it\/fr\/\",\"name\":\"Erresse Shop\",\"description\":\"Articoli di qualit\u00e0 per la casa\",\"potentialAction\":[{\"@type\":\"SearchAction\",\"target\":{\"@type\":\"EntryPoint\",\"urlTemplate\":\"https:\/\/www.erresse-shop.it\/fr\/?s={search_term_string}\"},\"query-input\":\"required name=search_term_string\"}],\"inLanguage\":\"fr-FR\"}]}<\/script>\n<!-- \/ Yoast SEO Premium plugin. -->","yoast_head_json":{"title":"JOSEPH JOSEPH Totem Max Poubelle et bac de recyclage 60 litres Pierre - Erresse Shop","description":"La poubelle de cuisine est le h\u00e9ros m\u00e9connu au c\u0153ur de la maison, mais peu d\u2019entre elles sont capables de g\u00e9rer les d\u00e9chets g\u00e9n\u00e9raux, les restes de","robots":{"index":"index","follow":"follow","max-snippet":"max-snippet:-1","max-image-preview":"max-image-preview:large","max-video-preview":"max-video-preview:-1"},"canonical":"https:\/\/www.erresse-shop.it\/fr\/shop\/ameublement-maison\/poubelles\/joseph-joseph-totem-max-poubelle-et-bac-de-recyclage-60-litres-pierre\/","og_locale":"fr_FR","og_type":"article","og_title":"JOSEPH JOSEPH Totem Max Poubelle et bac de recyclage 60 litres Pierre","og_description":"La poubelle de cuisine est le h\u00e9ros m\u00e9connu au c\u0153ur de la maison, mais peu d\u2019entre elles sont capables de g\u00e9rer les d\u00e9chets g\u00e9n\u00e9raux, les restes de","og_url":"https:\/\/www.erresse-shop.it\/fr\/shop\/ameublement-maison\/poubelles\/joseph-joseph-totem-max-poubelle-et-bac-de-recyclage-60-litres-pierre\/","og_site_name":"Erresse Shop","article_modified_time":"2026-02-13T08:57:47+00:00","og_image":[{"width":1200,"height":1200,"url":"https:\/\/www.erresse-shop.it\/wp-content\/uploads\/2025\/04\/JOSEPH-JOSEPH-Totem-Max-Pattumiera-60-litri-Pietra.jpg","type":"image\/jpeg"}],"twitter_card":"summary_large_image","schema":{"@context":"https:\/\/schema.org","@graph":[{"@type":"WebPage","@id":"https:\/\/www.erresse-shop.it\/fr\/shop\/ameublement-maison\/poubelles\/joseph-joseph-totem-max-poubelle-et-bac-de-recyclage-60-litres-pierre\/","url":"https:\/\/www.erresse-shop.it\/fr\/shop\/ameublement-maison\/poubelles\/joseph-joseph-totem-max-poubelle-et-bac-de-recyclage-60-litres-pierre\/","name":"JOSEPH JOSEPH Totem Max Poubelle et bac de recyclage 60 litres Pierre - Erresse Shop","isPartOf":{"@id":"https:\/\/www.erresse-shop.it\/fr\/#website"},"datePublished":"2025-04-11T05:55:32+00:00","dateModified":"2026-02-13T08:57:47+00:00","description":"La poubelle de cuisine est le h\u00e9ros m\u00e9connu au c\u0153ur de la maison, mais peu d\u2019entre elles sont capables de g\u00e9rer les d\u00e9chets g\u00e9n\u00e9raux, les restes de","breadcrumb":{"@id":"https:\/\/www.erresse-shop.it\/fr\/shop\/ameublement-maison\/poubelles\/joseph-joseph-totem-max-poubelle-et-bac-de-recyclage-60-litres-pierre\/#breadcrumb"},"inLanguage":"fr-FR","potentialAction":[{"@type":"ReadAction","target":["https:\/\/www.erresse-shop.it\/fr\/shop\/ameublement-maison\/poubelles\/joseph-joseph-totem-max-poubelle-et-bac-de-recyclage-60-litres-pierre\/"]}]},{"@type":"BreadcrumbList","@id":"https:\/\/www.erresse-shop.it\/fr\/shop\/ameublement-maison\/poubelles\/joseph-joseph-totem-max-poubelle-et-bac-de-recyclage-60-litres-pierre\/#breadcrumb","itemListElement":[{"@type":"ListItem","position":1,"name":"Home","item":"https:\/\/www.erresse-shop.it\/fr\/"},{"@type":"ListItem","position":2,"name":"Shop","item":"https:\/\/www.erresse-shop.it\/fr\/shop\/"},{"@type":"ListItem","position":3,"name":"JOSEPH JOSEPH Totem Max Poubelle et bac de recyclage 60 litres Pierre"}]},{"@type":"WebSite","@id":"https:\/\/www.erresse-shop.it\/fr\/#website","url":"https:\/\/www.erresse-shop.it\/fr\/","name":"Erresse Shop","description":"Articoli di qualit\u00e0 per la casa","potentialAction":[{"@type":"SearchAction","target":{"@type":"EntryPoint","urlTemplate":"https:\/\/www.erresse-shop.it\/fr\/?s={search_term_string}"},"query-input":"required name=search_term_string"}],"inLanguage":"fr-FR"}]}},"df_price":184.95,"df_sale_price":184.95,"df_regular_price":229.99,"df_image_link":"https:\/\/www.erresse-shop.it\/wp-content\/uploads\/2025\/04\/JOSEPH-JOSEPH-Totem-Max-Pattumiera-60-litri-Pietra-300x300.jpg","_links":{"self":[{"href":"https:\/\/www.erresse-shop.it\/fr\/wp-json\/wp\/v2\/product\/490348"}],"collection":[{"href":"https:\/\/www.erresse-shop.it\/fr\/wp-json\/wp\/v2\/product"}],"about":[{"href":"https:\/\/www.erresse-shop.it\/fr\/wp-json\/wp\/v2\/types\/product"}],"wp:featuredmedia":[{"embeddable":true,"href":"https:\/\/www.erresse-shop.it\/fr\/wp-json\/wp\/v2\/media\/490377"}],"wp:attachment":[{"href":"https:\/\/www.erresse-shop.it\/fr\/wp-json\/wp\/v2\/media?parent=490348"}],"wp:term":[{"taxonomy":"product_cat","embeddable":true,"href":"https:\/\/www.erresse-shop.it\/fr\/wp-json\/wp\/v2\/product_cat?post=490348"},{"taxonomy":"product_tag","embeddable":true,"href":"https:\/\/www.erresse-shop.it\/fr\/wp-json\/wp\/v2\/product_tag?post=490348"}],"curies":[{"name":"wp","href":"https:\/\/api.w.org\/{rel}","templated":true}]}}