{"id":490311,"date":"2025-04-10T13:55:34","date_gmt":"2025-04-10T13:55:42","guid":{"rendered":"https:\/\/www.erresse-shop.it\/?post_type=product&#038;p=490311"},"modified":"2026-02-13T09:06:49","modified_gmt":"2026-02-13T09:06:49","slug":"joseph-joseph-tota-trio-panier-a-linge-90-litres-noir","status":"publish","type":"product","link":"https:\/\/www.erresse-shop.it\/fr\/shop\/ameublement-maison\/salle-de-bain\/joseph-joseph-tota-trio-panier-a-linge-90-litres-noir\/","title":{"rendered":"JOSEPH JOSEPH Tota Trio Panier \u00e0 linge 90 litres Noir"},"content":{"rendered":"<p>Notre fournisseur de portabiancheria le plus vendu est d\u00e9sormais disponible avec trois pi\u00e8ces d\u00e9tach\u00e9es pour s\u00e9parer les personnes. Le sac \u00e0 main portable et facile \u00e0 transporter ne facilite pas le confort, gr\u00e2ce \u00e0 la tonalit\u00e9 \u00e9cru polyvalente qui s&#8217;adapte parfaitement \u00e0 toute ambiance ambiante.<\/p>\n<ul>\n<li>Trois compartiments de 30 litres permettent de s\u00e9parer facilement les tissus, comme les cheveux, les \u00e9cussons et les couleurs.<\/li>\n<li>Le sac \u00e0 main \u00e0 roulettes facilite le transport du bucato dans la laveuse.<\/li>\n<li>La manipulation \u00e0 la base du sac facilite l&#8217;achat.<\/li>\n<li>Les sacs ins\u00e9r\u00e9s dans l&#8217;espace du portabiancheria, rendus faciles par la d\u00e9chirure.<\/li>\n<li>Il coperchio nasconde la biancheria sporca, mantenendola in ordine in casa.<\/li>\n<li>Le design Salvaspazio est parfait pour la chambre du lit, les bagages ou les r\u00e9ponses.<\/li>\n<li>Vienne fornito smontato avec des instructions de montage faciles et sans bisogno di attrezzi.<\/li>\n<\/ul>\n<p><strong>Pr\u00e9cautions et utilisation\u00a0:<\/strong><\/p>\n<ul>\n<li>Sac fourre-tout\u00a0:\u00a0lavabili in lavatrice \u2013 voir l&#8217;\u00e9tiquette du produit selon les instructions<\/li>\n<li>Retirer le bord en plastique avant le lavage<\/li>\n<li>Esterno in tessuto\u00a0: pulire solo con un panno \u2013 non lavare in lavatrice<\/li>\n<li>Coperchio, bordi e telaio\u00a0: pulire con un panno umido<\/li>\n<li>Attenzione\u00a0: non sedersi o appoggiare oggetti pesanti sul cestino<\/li>\n<li>Ne permettez pas aux enfants de jouer avec eux cestin<\/li>\n<\/ul>\n<p><strong>Dimensions\u00a0:<\/strong><\/p>\n<p>H71 x L59,1 x P39,5 cm (H28 x L23,3 x P15,5 pouces)<\/p>\n<p><strong>Mat\u00e9riau\u00a0:<\/strong><\/p>\n<p>Sac \u00e0 main en tissu &#8211; 100% coton<br \/>\nEsterno &#8211; 100% polyester<\/p>\n","protected":false},"excerpt":{"rendered":"<p>Notre fournisseur de portabiancheria le plus vendu est d\u00e9sormais disponible avec trois pi\u00e8ces d\u00e9tach\u00e9es pour s\u00e9parer les personnes. Le sac<\/p>\n","protected":false},"featured_media":490329,"template":"","meta":{"_acf_changed":false,"inline_featured_image":false},"product_cat":[12738,19011],"product_tag":[25026,21223,25021,18472,21366,13485,21368,21365,21367],"acf":[],"yoast_head":"<!-- This site is optimized with the Yoast SEO Premium plugin v18.6 (Yoast SEO v19.13) - https:\/\/yoast.com\/wordpress\/plugins\/seo\/ -->\n<title>JOSEPH JOSEPH Tota Trio Panier \u00e0 linge 90 litres Noir - Erresse Shop<\/title>\n<meta name=\"description\" content=\"Notre fournisseur de portabiancheria le plus vendu est d\u00e9sormais disponible avec trois pi\u00e8ces d\u00e9tach\u00e9es pour s\u00e9parer les personnes. Le sac \u00e0 main portable\" \/>\n<meta name=\"robots\" content=\"index, follow, max-snippet:-1, max-image-preview:large, max-video-preview:-1\" \/>\n<link rel=\"canonical\" href=\"https:\/\/www.erresse-shop.it\/fr\/shop\/ameublement-maison\/salle-de-bain\/joseph-joseph-tota-trio-panier-a-linge-90-litres-noir\/\" \/>\n<meta property=\"og:locale\" content=\"fr_FR\" \/>\n<meta property=\"og:type\" content=\"article\" \/>\n<meta property=\"og:title\" content=\"JOSEPH JOSEPH Tota Trio Panier \u00e0 linge 90 litres Noir\" \/>\n<meta property=\"og:description\" content=\"Notre fournisseur de portabiancheria le plus vendu est d\u00e9sormais disponible avec trois pi\u00e8ces d\u00e9tach\u00e9es pour s\u00e9parer les personnes. Le sac \u00e0 main portable\" \/>\n<meta property=\"og:url\" content=\"https:\/\/www.erresse-shop.it\/fr\/shop\/ameublement-maison\/salle-de-bain\/joseph-joseph-tota-trio-panier-a-linge-90-litres-noir\/\" \/>\n<meta property=\"og:site_name\" content=\"Erresse Shop\" \/>\n<meta property=\"article:modified_time\" content=\"2026-02-13T09:06:49+00:00\" \/>\n<meta property=\"og:image\" content=\"https:\/\/www.erresse-shop.it\/wp-content\/uploads\/2025\/04\/JOSEPH-JOSEPH-Tota-Trio-Cesto-da-Biancheria-90-litri-Nero.jpg\" \/>\n\t<meta property=\"og:image:width\" content=\"1200\" \/>\n\t<meta property=\"og:image:height\" content=\"1200\" \/>\n\t<meta property=\"og:image:type\" content=\"image\/jpeg\" \/>\n<meta name=\"twitter:card\" content=\"summary_large_image\" \/>\n<script type=\"application\/ld+json\" class=\"yoast-schema-graph\">{\"@context\":\"https:\/\/schema.org\",\"@graph\":[{\"@type\":\"WebPage\",\"@id\":\"https:\/\/www.erresse-shop.it\/fr\/shop\/ameublement-maison\/salle-de-bain\/joseph-joseph-tota-trio-panier-a-linge-90-litres-noir\/\",\"url\":\"https:\/\/www.erresse-shop.it\/fr\/shop\/ameublement-maison\/salle-de-bain\/joseph-joseph-tota-trio-panier-a-linge-90-litres-noir\/\",\"name\":\"JOSEPH JOSEPH Tota Trio Panier \u00e0 linge 90 litres Noir - Erresse Shop\",\"isPartOf\":{\"@id\":\"https:\/\/www.erresse-shop.it\/fr\/#website\"},\"datePublished\":\"2025-04-10T13:55:42+00:00\",\"dateModified\":\"2026-02-13T09:06:49+00:00\",\"description\":\"Notre fournisseur de portabiancheria le plus vendu est d\u00e9sormais disponible avec trois pi\u00e8ces d\u00e9tach\u00e9es pour s\u00e9parer les personnes. Le sac \u00e0 main portable\",\"breadcrumb\":{\"@id\":\"https:\/\/www.erresse-shop.it\/fr\/shop\/ameublement-maison\/salle-de-bain\/joseph-joseph-tota-trio-panier-a-linge-90-litres-noir\/#breadcrumb\"},\"inLanguage\":\"fr-FR\",\"potentialAction\":[{\"@type\":\"ReadAction\",\"target\":[\"https:\/\/www.erresse-shop.it\/fr\/shop\/ameublement-maison\/salle-de-bain\/joseph-joseph-tota-trio-panier-a-linge-90-litres-noir\/\"]}]},{\"@type\":\"BreadcrumbList\",\"@id\":\"https:\/\/www.erresse-shop.it\/fr\/shop\/ameublement-maison\/salle-de-bain\/joseph-joseph-tota-trio-panier-a-linge-90-litres-noir\/#breadcrumb\",\"itemListElement\":[{\"@type\":\"ListItem\",\"position\":1,\"name\":\"Home\",\"item\":\"https:\/\/www.erresse-shop.it\/fr\/\"},{\"@type\":\"ListItem\",\"position\":2,\"name\":\"Shop\",\"item\":\"https:\/\/www.erresse-shop.it\/fr\/shop\/\"},{\"@type\":\"ListItem\",\"position\":3,\"name\":\"JOSEPH JOSEPH Tota Trio Panier \u00e0 linge 90 litres Noir\"}]},{\"@type\":\"WebSite\",\"@id\":\"https:\/\/www.erresse-shop.it\/fr\/#website\",\"url\":\"https:\/\/www.erresse-shop.it\/fr\/\",\"name\":\"Erresse Shop\",\"description\":\"Articoli di qualit\u00e0 per la casa\",\"potentialAction\":[{\"@type\":\"SearchAction\",\"target\":{\"@type\":\"EntryPoint\",\"urlTemplate\":\"https:\/\/www.erresse-shop.it\/fr\/?s={search_term_string}\"},\"query-input\":\"required name=search_term_string\"}],\"inLanguage\":\"fr-FR\"}]}<\/script>\n<!-- \/ Yoast SEO Premium plugin. -->","yoast_head_json":{"title":"JOSEPH JOSEPH Tota Trio Panier \u00e0 linge 90 litres Noir - Erresse Shop","description":"Notre fournisseur de portabiancheria le plus vendu est d\u00e9sormais disponible avec trois pi\u00e8ces d\u00e9tach\u00e9es pour s\u00e9parer les personnes. Le sac \u00e0 main portable","robots":{"index":"index","follow":"follow","max-snippet":"max-snippet:-1","max-image-preview":"max-image-preview:large","max-video-preview":"max-video-preview:-1"},"canonical":"https:\/\/www.erresse-shop.it\/fr\/shop\/ameublement-maison\/salle-de-bain\/joseph-joseph-tota-trio-panier-a-linge-90-litres-noir\/","og_locale":"fr_FR","og_type":"article","og_title":"JOSEPH JOSEPH Tota Trio Panier \u00e0 linge 90 litres Noir","og_description":"Notre fournisseur de portabiancheria le plus vendu est d\u00e9sormais disponible avec trois pi\u00e8ces d\u00e9tach\u00e9es pour s\u00e9parer les personnes. Le sac \u00e0 main portable","og_url":"https:\/\/www.erresse-shop.it\/fr\/shop\/ameublement-maison\/salle-de-bain\/joseph-joseph-tota-trio-panier-a-linge-90-litres-noir\/","og_site_name":"Erresse Shop","article_modified_time":"2026-02-13T09:06:49+00:00","og_image":[{"width":1200,"height":1200,"url":"https:\/\/www.erresse-shop.it\/wp-content\/uploads\/2025\/04\/JOSEPH-JOSEPH-Tota-Trio-Cesto-da-Biancheria-90-litri-Nero.jpg","type":"image\/jpeg"}],"twitter_card":"summary_large_image","schema":{"@context":"https:\/\/schema.org","@graph":[{"@type":"WebPage","@id":"https:\/\/www.erresse-shop.it\/fr\/shop\/ameublement-maison\/salle-de-bain\/joseph-joseph-tota-trio-panier-a-linge-90-litres-noir\/","url":"https:\/\/www.erresse-shop.it\/fr\/shop\/ameublement-maison\/salle-de-bain\/joseph-joseph-tota-trio-panier-a-linge-90-litres-noir\/","name":"JOSEPH JOSEPH Tota Trio Panier \u00e0 linge 90 litres Noir - Erresse Shop","isPartOf":{"@id":"https:\/\/www.erresse-shop.it\/fr\/#website"},"datePublished":"2025-04-10T13:55:42+00:00","dateModified":"2026-02-13T09:06:49+00:00","description":"Notre fournisseur de portabiancheria le plus vendu est d\u00e9sormais disponible avec trois pi\u00e8ces d\u00e9tach\u00e9es pour s\u00e9parer les personnes. Le sac \u00e0 main portable","breadcrumb":{"@id":"https:\/\/www.erresse-shop.it\/fr\/shop\/ameublement-maison\/salle-de-bain\/joseph-joseph-tota-trio-panier-a-linge-90-litres-noir\/#breadcrumb"},"inLanguage":"fr-FR","potentialAction":[{"@type":"ReadAction","target":["https:\/\/www.erresse-shop.it\/fr\/shop\/ameublement-maison\/salle-de-bain\/joseph-joseph-tota-trio-panier-a-linge-90-litres-noir\/"]}]},{"@type":"BreadcrumbList","@id":"https:\/\/www.erresse-shop.it\/fr\/shop\/ameublement-maison\/salle-de-bain\/joseph-joseph-tota-trio-panier-a-linge-90-litres-noir\/#breadcrumb","itemListElement":[{"@type":"ListItem","position":1,"name":"Home","item":"https:\/\/www.erresse-shop.it\/fr\/"},{"@type":"ListItem","position":2,"name":"Shop","item":"https:\/\/www.erresse-shop.it\/fr\/shop\/"},{"@type":"ListItem","position":3,"name":"JOSEPH JOSEPH Tota Trio Panier \u00e0 linge 90 litres Noir"}]},{"@type":"WebSite","@id":"https:\/\/www.erresse-shop.it\/fr\/#website","url":"https:\/\/www.erresse-shop.it\/fr\/","name":"Erresse Shop","description":"Articoli di qualit\u00e0 per la casa","potentialAction":[{"@type":"SearchAction","target":{"@type":"EntryPoint","urlTemplate":"https:\/\/www.erresse-shop.it\/fr\/?s={search_term_string}"},"query-input":"required name=search_term_string"}],"inLanguage":"fr-FR"}]}},"df_price":122.95,"df_sale_price":122.95,"df_regular_price":149.99,"df_image_link":"https:\/\/www.erresse-shop.it\/wp-content\/uploads\/2025\/04\/JOSEPH-JOSEPH-Tota-Trio-Cesto-da-Biancheria-90-litri-Nero-300x300.jpg","_links":{"self":[{"href":"https:\/\/www.erresse-shop.it\/fr\/wp-json\/wp\/v2\/product\/490311"}],"collection":[{"href":"https:\/\/www.erresse-shop.it\/fr\/wp-json\/wp\/v2\/product"}],"about":[{"href":"https:\/\/www.erresse-shop.it\/fr\/wp-json\/wp\/v2\/types\/product"}],"wp:featuredmedia":[{"embeddable":true,"href":"https:\/\/www.erresse-shop.it\/fr\/wp-json\/wp\/v2\/media\/490329"}],"wp:attachment":[{"href":"https:\/\/www.erresse-shop.it\/fr\/wp-json\/wp\/v2\/media?parent=490311"}],"wp:term":[{"taxonomy":"product_cat","embeddable":true,"href":"https:\/\/www.erresse-shop.it\/fr\/wp-json\/wp\/v2\/product_cat?post=490311"},{"taxonomy":"product_tag","embeddable":true,"href":"https:\/\/www.erresse-shop.it\/fr\/wp-json\/wp\/v2\/product_tag?post=490311"}],"curies":[{"name":"wp","href":"https:\/\/api.w.org\/{rel}","templated":true}]}}