{"id":490284,"date":"2025-04-10T13:31:15","date_gmt":"2025-04-10T13:31:17","guid":{"rendered":"https:\/\/www.erresse-shop.it\/?post_type=product&#038;p=490284"},"modified":"2026-02-13T09:19:05","modified_gmt":"2026-02-13T09:19:05","slug":"zafferano-teca-mare-etoile-de-mer","status":"publish","type":"product","link":"https:\/\/www.erresse-shop.it\/fr\/shop\/table-fr-2\/carafes-bouteilles\/zafferano-teca-mare-etoile-de-mer\/","title":{"rendered":"ZAFFERANO Teca Mare \u00c9toile de mer"},"content":{"rendered":"<p>Les carafes de la collection Teca Mare de Zafferano allient fonctionnalit\u00e9 et d\u00e9coration, pour enrichir votre table \u00e0 th\u00e8me marin. Fabriqu\u00e9es \u00e0 la main en verre borosilicat\u00e9, les carafes pr\u00e9sentent des d\u00e9corations fascinantes \u00e0 l&#8217;int\u00e9rieur du verre \u00e0 double vitrage telles que le poisson bicolore, la sardine, le corail, l&#8217;oursin et l&#8217;\u00e9toile de mer. Gr\u00e2ce au double fond protecteur, vous pouvez ins\u00e9rer de la glace sans craindre de la casse, gardant ainsi votre boisson fra\u00eeche et la carafe intacte. Faciles \u00e0 nettoyer et id\u00e9ales pour un usage quotidien, ces carafes sont con\u00e7ues pour ceux qui souhaitent une touche d&#8217;\u00e9l\u00e9gance et d&#8217;originalit\u00e9 dans leurs moments de convivialit\u00e9, transformant chaque occasion en une exp\u00e9rience unique et color\u00e9e.<\/p>\n<p><strong>Caract\u00e9ristiques\u00a0:<\/strong><\/p>\n<ul>\n<li class=\"accordion-content add-formatting\" data-variant-sku=\"TE00198\">Diam\u00e8tre\u00a0: 8,5\u00a0cm<\/li>\n<li class=\"accordion-content add-formatting\" data-variant-sku=\"TE00198\">Hauteur totale\u00a0: 19,5\u00a0cm<\/li>\n<li class=\"accordion-content add-formatting\" data-variant-sku=\"TE00198\">Saillie\u00a0: 13,8\u00a0cm<\/li>\n<li class=\"accordion-content add-formatting\" data-variant-sku=\"TE00198\">Capacit\u00e9\u00a0: 75 cl<\/li>\n<\/ul>\n","protected":false},"excerpt":{"rendered":"<p>Les carafes de la collection Teca Mare de Zafferano allient fonctionnalit\u00e9 et d\u00e9coration, pour enrichir votre table \u00e0 th\u00e8me marin.<\/p>\n","protected":false},"featured_media":490296,"template":"","meta":{"_acf_changed":false,"inline_featured_image":false},"product_cat":[12785,12782],"product_tag":[25026,18260,25021,12827,24603,12829,21821,14889,12797],"acf":[],"yoast_head":"<!-- This site is optimized with the Yoast SEO Premium plugin v18.6 (Yoast SEO v19.13) - https:\/\/yoast.com\/wordpress\/plugins\/seo\/ -->\n<title>ZAFFERANO Teca Mare \u00c9toile de mer - Erresse Shop<\/title>\n<meta name=\"description\" content=\"Les carafes de la collection Teca Mare de Zafferano allient fonctionnalit\u00e9 et d\u00e9coration, pour enrichir votre table \u00e0 th\u00e8me marin. Fabriqu\u00e9es \u00e0 la main en\" \/>\n<meta name=\"robots\" content=\"index, follow, max-snippet:-1, max-image-preview:large, max-video-preview:-1\" \/>\n<link rel=\"canonical\" href=\"https:\/\/www.erresse-shop.it\/fr\/shop\/table-fr-2\/carafes-bouteilles\/zafferano-teca-mare-etoile-de-mer\/\" \/>\n<meta property=\"og:locale\" content=\"fr_FR\" \/>\n<meta property=\"og:type\" content=\"article\" \/>\n<meta property=\"og:title\" content=\"ZAFFERANO Teca Mare \u00c9toile de mer\" \/>\n<meta property=\"og:description\" content=\"Les carafes de la collection Teca Mare de Zafferano allient fonctionnalit\u00e9 et d\u00e9coration, pour enrichir votre table \u00e0 th\u00e8me marin. Fabriqu\u00e9es \u00e0 la main en\" \/>\n<meta property=\"og:url\" content=\"https:\/\/www.erresse-shop.it\/fr\/shop\/table-fr-2\/carafes-bouteilles\/zafferano-teca-mare-etoile-de-mer\/\" \/>\n<meta property=\"og:site_name\" content=\"Erresse Shop\" \/>\n<meta property=\"article:modified_time\" content=\"2026-02-13T09:19:05+00:00\" \/>\n<meta property=\"og:image\" content=\"https:\/\/www.erresse-shop.it\/wp-content\/uploads\/2025\/04\/ZAFFERANO-Teca-Mare-Caraffa-Stella-Marina.jpg\" \/>\n\t<meta property=\"og:image:width\" content=\"1200\" \/>\n\t<meta property=\"og:image:height\" content=\"1200\" \/>\n\t<meta property=\"og:image:type\" content=\"image\/jpeg\" \/>\n<meta name=\"twitter:card\" content=\"summary_large_image\" \/>\n<script type=\"application\/ld+json\" class=\"yoast-schema-graph\">{\"@context\":\"https:\/\/schema.org\",\"@graph\":[{\"@type\":\"WebPage\",\"@id\":\"https:\/\/www.erresse-shop.it\/fr\/shop\/table-fr-2\/carafes-bouteilles\/zafferano-teca-mare-etoile-de-mer\/\",\"url\":\"https:\/\/www.erresse-shop.it\/fr\/shop\/table-fr-2\/carafes-bouteilles\/zafferano-teca-mare-etoile-de-mer\/\",\"name\":\"ZAFFERANO Teca Mare \u00c9toile de mer - Erresse Shop\",\"isPartOf\":{\"@id\":\"https:\/\/www.erresse-shop.it\/fr\/#website\"},\"datePublished\":\"2025-04-10T13:31:17+00:00\",\"dateModified\":\"2026-02-13T09:19:05+00:00\",\"description\":\"Les carafes de la collection Teca Mare de Zafferano allient fonctionnalit\u00e9 et d\u00e9coration, pour enrichir votre table \u00e0 th\u00e8me marin. Fabriqu\u00e9es \u00e0 la main en\",\"breadcrumb\":{\"@id\":\"https:\/\/www.erresse-shop.it\/fr\/shop\/table-fr-2\/carafes-bouteilles\/zafferano-teca-mare-etoile-de-mer\/#breadcrumb\"},\"inLanguage\":\"fr-FR\",\"potentialAction\":[{\"@type\":\"ReadAction\",\"target\":[\"https:\/\/www.erresse-shop.it\/fr\/shop\/table-fr-2\/carafes-bouteilles\/zafferano-teca-mare-etoile-de-mer\/\"]}]},{\"@type\":\"BreadcrumbList\",\"@id\":\"https:\/\/www.erresse-shop.it\/fr\/shop\/table-fr-2\/carafes-bouteilles\/zafferano-teca-mare-etoile-de-mer\/#breadcrumb\",\"itemListElement\":[{\"@type\":\"ListItem\",\"position\":1,\"name\":\"Home\",\"item\":\"https:\/\/www.erresse-shop.it\/fr\/\"},{\"@type\":\"ListItem\",\"position\":2,\"name\":\"Shop\",\"item\":\"https:\/\/www.erresse-shop.it\/fr\/shop\/\"},{\"@type\":\"ListItem\",\"position\":3,\"name\":\"ZAFFERANO Teca Mare \u00c9toile de mer\"}]},{\"@type\":\"WebSite\",\"@id\":\"https:\/\/www.erresse-shop.it\/fr\/#website\",\"url\":\"https:\/\/www.erresse-shop.it\/fr\/\",\"name\":\"Erresse Shop\",\"description\":\"Articoli di qualit\u00e0 per la casa\",\"potentialAction\":[{\"@type\":\"SearchAction\",\"target\":{\"@type\":\"EntryPoint\",\"urlTemplate\":\"https:\/\/www.erresse-shop.it\/fr\/?s={search_term_string}\"},\"query-input\":\"required name=search_term_string\"}],\"inLanguage\":\"fr-FR\"}]}<\/script>\n<!-- \/ Yoast SEO Premium plugin. -->","yoast_head_json":{"title":"ZAFFERANO Teca Mare \u00c9toile de mer - Erresse Shop","description":"Les carafes de la collection Teca Mare de Zafferano allient fonctionnalit\u00e9 et d\u00e9coration, pour enrichir votre table \u00e0 th\u00e8me marin. Fabriqu\u00e9es \u00e0 la main en","robots":{"index":"index","follow":"follow","max-snippet":"max-snippet:-1","max-image-preview":"max-image-preview:large","max-video-preview":"max-video-preview:-1"},"canonical":"https:\/\/www.erresse-shop.it\/fr\/shop\/table-fr-2\/carafes-bouteilles\/zafferano-teca-mare-etoile-de-mer\/","og_locale":"fr_FR","og_type":"article","og_title":"ZAFFERANO Teca Mare \u00c9toile de mer","og_description":"Les carafes de la collection Teca Mare de Zafferano allient fonctionnalit\u00e9 et d\u00e9coration, pour enrichir votre table \u00e0 th\u00e8me marin. Fabriqu\u00e9es \u00e0 la main en","og_url":"https:\/\/www.erresse-shop.it\/fr\/shop\/table-fr-2\/carafes-bouteilles\/zafferano-teca-mare-etoile-de-mer\/","og_site_name":"Erresse Shop","article_modified_time":"2026-02-13T09:19:05+00:00","og_image":[{"width":1200,"height":1200,"url":"https:\/\/www.erresse-shop.it\/wp-content\/uploads\/2025\/04\/ZAFFERANO-Teca-Mare-Caraffa-Stella-Marina.jpg","type":"image\/jpeg"}],"twitter_card":"summary_large_image","schema":{"@context":"https:\/\/schema.org","@graph":[{"@type":"WebPage","@id":"https:\/\/www.erresse-shop.it\/fr\/shop\/table-fr-2\/carafes-bouteilles\/zafferano-teca-mare-etoile-de-mer\/","url":"https:\/\/www.erresse-shop.it\/fr\/shop\/table-fr-2\/carafes-bouteilles\/zafferano-teca-mare-etoile-de-mer\/","name":"ZAFFERANO Teca Mare \u00c9toile de mer - Erresse Shop","isPartOf":{"@id":"https:\/\/www.erresse-shop.it\/fr\/#website"},"datePublished":"2025-04-10T13:31:17+00:00","dateModified":"2026-02-13T09:19:05+00:00","description":"Les carafes de la collection Teca Mare de Zafferano allient fonctionnalit\u00e9 et d\u00e9coration, pour enrichir votre table \u00e0 th\u00e8me marin. Fabriqu\u00e9es \u00e0 la main en","breadcrumb":{"@id":"https:\/\/www.erresse-shop.it\/fr\/shop\/table-fr-2\/carafes-bouteilles\/zafferano-teca-mare-etoile-de-mer\/#breadcrumb"},"inLanguage":"fr-FR","potentialAction":[{"@type":"ReadAction","target":["https:\/\/www.erresse-shop.it\/fr\/shop\/table-fr-2\/carafes-bouteilles\/zafferano-teca-mare-etoile-de-mer\/"]}]},{"@type":"BreadcrumbList","@id":"https:\/\/www.erresse-shop.it\/fr\/shop\/table-fr-2\/carafes-bouteilles\/zafferano-teca-mare-etoile-de-mer\/#breadcrumb","itemListElement":[{"@type":"ListItem","position":1,"name":"Home","item":"https:\/\/www.erresse-shop.it\/fr\/"},{"@type":"ListItem","position":2,"name":"Shop","item":"https:\/\/www.erresse-shop.it\/fr\/shop\/"},{"@type":"ListItem","position":3,"name":"ZAFFERANO Teca Mare \u00c9toile de mer"}]},{"@type":"WebSite","@id":"https:\/\/www.erresse-shop.it\/fr\/#website","url":"https:\/\/www.erresse-shop.it\/fr\/","name":"Erresse Shop","description":"Articoli di qualit\u00e0 per la casa","potentialAction":[{"@type":"SearchAction","target":{"@type":"EntryPoint","urlTemplate":"https:\/\/www.erresse-shop.it\/fr\/?s={search_term_string}"},"query-input":"required name=search_term_string"}],"inLanguage":"fr-FR"}]}},"df_price":9,"df_sale_price":9,"df_regular_price":20,"df_image_link":"https:\/\/www.erresse-shop.it\/wp-content\/uploads\/2025\/04\/ZAFFERANO-Teca-Mare-Caraffa-Stella-Marina-300x300.jpg","_links":{"self":[{"href":"https:\/\/www.erresse-shop.it\/fr\/wp-json\/wp\/v2\/product\/490284"}],"collection":[{"href":"https:\/\/www.erresse-shop.it\/fr\/wp-json\/wp\/v2\/product"}],"about":[{"href":"https:\/\/www.erresse-shop.it\/fr\/wp-json\/wp\/v2\/types\/product"}],"wp:featuredmedia":[{"embeddable":true,"href":"https:\/\/www.erresse-shop.it\/fr\/wp-json\/wp\/v2\/media\/490296"}],"wp:attachment":[{"href":"https:\/\/www.erresse-shop.it\/fr\/wp-json\/wp\/v2\/media?parent=490284"}],"wp:term":[{"taxonomy":"product_cat","embeddable":true,"href":"https:\/\/www.erresse-shop.it\/fr\/wp-json\/wp\/v2\/product_cat?post=490284"},{"taxonomy":"product_tag","embeddable":true,"href":"https:\/\/www.erresse-shop.it\/fr\/wp-json\/wp\/v2\/product_tag?post=490284"}],"curies":[{"name":"wp","href":"https:\/\/api.w.org\/{rel}","templated":true}]}}