{"id":490246,"date":"2025-04-10T12:52:34","date_gmt":"2025-04-10T12:52:37","guid":{"rendered":"https:\/\/www.erresse-shop.it\/?post_type=product&#038;p=490246"},"modified":"2026-02-27T11:13:08","modified_gmt":"2026-02-27T11:13:08","slug":"magimix-mini-plus-noir-2","status":"publish","type":"product","link":"https:\/\/www.erresse-shop.it\/fr\/shop\/petits-electromenagers\/robots-de-cuisine\/magimix-mini-plus-noir-2\/","title":{"rendered":"MAGIMIX Mini Plus Noir"},"content":{"rendered":"<p><strong>MAGIMIX.<\/strong> <u>GARANTIE ITALIENNE<\/u><\/p>\n<p>C&#8217;est en France, au c\u0153ur de la Bourgogne, r\u00e9gion r\u00e9put\u00e9e pour sa gastronomie, que Magimix a invent\u00e9 le robot culinaire il y a plus de quarante ans.<br \/>\nAujourd&#8217;hui, les appareils Magimix sont la version domestique des appareils destin\u00e9s aux professionnels. Les plus grands restaurants du monde utilisent la version professionnelle de nos produits.<br \/>\nAu sein de la gamme Magimix, vous retrouverez toute la gamme de petit \u00e9lectrom\u00e9nager de cuisine.<br \/>\nToujours \u00e0 la pointe de l&#8217;innovation en cuisine, Magimix est heureux de vous pr\u00e9senter sa derni\u00e8re collection pour le plaisir de cuisiner comme un grand chef.<\/p>\n<p><strong>MINI PLUS.\u00a0<\/strong>Silencieux, compact et ing\u00e9nieux, il est id\u00e9al pour les petits espaces.<\/p>\n<ul>\n<li>Bain 1,7 l<\/li>\n<li>Mini pot 0,5 l<\/li>\n<li>Spatule 1<\/li>\n<\/ul>\n<p><strong>Capacit\u00e9\u00a0:<\/strong><\/p>\n<ul>\n<li>Velout\u00e9\u00a0\u00a0 \u00a00,6\u00a0litre<\/li>\n<li>P\u00e2te bris\u00e9e\u200b \u00a0\u00a0 \u00a0500\u00a0g<\/li>\n<li>P\u00e2te \u00e0 pain 400 g<\/li>\n<li>Viande hach\u00e9e 500 g<\/li>\n<li>Carottes\u00a0\u00a0 \u00a0600 g<\/li>\n<li>Blancs d&#8217;\u0153ufs 4<\/li>\n<li>Mat\u00e9riau\u00a0\u00a0 \u00a00\u00a0% de BPA<\/li>\n<li>Puissance du moteur\u00a0\u00a0 \u00a0400 W &#8211; ultra-silencieux<\/li>\n<li>Garantie de 3 ans<\/li>\n<li>Garantie moteur de 30\u00a0ans<\/li>\n<li>Dimensions\u00a0\u00a0 \u00a0H370 x L155 x P210 mm<\/li>\n<li>Charge\u00a0 \u00a04,4 kg<\/li>\n<li>Fabriqu\u00e9 en France<\/li>\n<\/ul>\n<p><span style=\"text-decoration: underline;\"><strong>Ne pas vendre en dehors de l&#8217;Europe<\/strong><\/span><\/p>\n","protected":false},"excerpt":{"rendered":"<p>MAGIMIX. GARANTIE ITALIENNE C&#8217;est en France, au c\u0153ur de la Bourgogne, r\u00e9gion r\u00e9put\u00e9e pour sa gastronomie, que Magimix a invent\u00e9<\/p>\n","protected":false},"featured_media":490254,"template":"","meta":{"_acf_changed":false,"inline_featured_image":false},"product_cat":[12449,12768],"product_tag":[12994,12995,20906,13749,13004,23261,15733,23260],"acf":[],"yoast_head":"<!-- This site is optimized with the Yoast SEO Premium plugin v18.6 (Yoast SEO v19.13) - https:\/\/yoast.com\/wordpress\/plugins\/seo\/ -->\n<title>MAGIMIX Mini Plus Noir - Erresse Shop<\/title>\n<meta name=\"description\" content=\"MAGIMIX. GARANTIE ITALIENNE C&#039;est en France, au c\u0153ur de la Bourgogne, r\u00e9gion r\u00e9put\u00e9e pour sa gastronomie, que Magimix a invent\u00e9 le robot culinaire il y a\" \/>\n<meta name=\"robots\" content=\"index, follow, max-snippet:-1, max-image-preview:large, max-video-preview:-1\" \/>\n<link rel=\"canonical\" href=\"https:\/\/www.erresse-shop.it\/fr\/shop\/petits-electromenagers\/robots-de-cuisine\/magimix-mini-plus-noir-2\/\" \/>\n<meta property=\"og:locale\" content=\"fr_FR\" \/>\n<meta property=\"og:type\" content=\"article\" \/>\n<meta property=\"og:title\" content=\"MAGIMIX Mini Plus Noir\" \/>\n<meta property=\"og:description\" content=\"MAGIMIX. GARANTIE ITALIENNE C&#039;est en France, au c\u0153ur de la Bourgogne, r\u00e9gion r\u00e9put\u00e9e pour sa gastronomie, que Magimix a invent\u00e9 le robot culinaire il y a\" \/>\n<meta property=\"og:url\" content=\"https:\/\/www.erresse-shop.it\/fr\/shop\/petits-electromenagers\/robots-de-cuisine\/magimix-mini-plus-noir-2\/\" \/>\n<meta property=\"og:site_name\" content=\"Erresse Shop\" \/>\n<meta property=\"article:modified_time\" content=\"2026-02-27T11:13:08+00:00\" \/>\n<meta property=\"og:image\" content=\"https:\/\/www.erresse-shop.it\/wp-content\/uploads\/2025\/04\/MAGIMIX-Robot-da-cucina-Mini-Plus-Nero.jpg\" \/>\n\t<meta property=\"og:image:width\" content=\"1200\" \/>\n\t<meta property=\"og:image:height\" content=\"1200\" \/>\n\t<meta property=\"og:image:type\" content=\"image\/jpeg\" \/>\n<meta name=\"twitter:card\" content=\"summary_large_image\" \/>\n<script type=\"application\/ld+json\" class=\"yoast-schema-graph\">{\"@context\":\"https:\/\/schema.org\",\"@graph\":[{\"@type\":\"WebPage\",\"@id\":\"https:\/\/www.erresse-shop.it\/fr\/shop\/petits-electromenagers\/robots-de-cuisine\/magimix-mini-plus-noir-2\/\",\"url\":\"https:\/\/www.erresse-shop.it\/fr\/shop\/petits-electromenagers\/robots-de-cuisine\/magimix-mini-plus-noir-2\/\",\"name\":\"MAGIMIX Mini Plus Noir - Erresse Shop\",\"isPartOf\":{\"@id\":\"https:\/\/www.erresse-shop.it\/fr\/#website\"},\"datePublished\":\"2025-04-10T12:52:37+00:00\",\"dateModified\":\"2026-02-27T11:13:08+00:00\",\"description\":\"MAGIMIX. GARANTIE ITALIENNE C'est en France, au c\u0153ur de la Bourgogne, r\u00e9gion r\u00e9put\u00e9e pour sa gastronomie, que Magimix a invent\u00e9 le robot culinaire il y a\",\"breadcrumb\":{\"@id\":\"https:\/\/www.erresse-shop.it\/fr\/shop\/petits-electromenagers\/robots-de-cuisine\/magimix-mini-plus-noir-2\/#breadcrumb\"},\"inLanguage\":\"fr-FR\",\"potentialAction\":[{\"@type\":\"ReadAction\",\"target\":[\"https:\/\/www.erresse-shop.it\/fr\/shop\/petits-electromenagers\/robots-de-cuisine\/magimix-mini-plus-noir-2\/\"]}]},{\"@type\":\"BreadcrumbList\",\"@id\":\"https:\/\/www.erresse-shop.it\/fr\/shop\/petits-electromenagers\/robots-de-cuisine\/magimix-mini-plus-noir-2\/#breadcrumb\",\"itemListElement\":[{\"@type\":\"ListItem\",\"position\":1,\"name\":\"Home\",\"item\":\"https:\/\/www.erresse-shop.it\/fr\/\"},{\"@type\":\"ListItem\",\"position\":2,\"name\":\"Shop\",\"item\":\"https:\/\/www.erresse-shop.it\/fr\/shop\/\"},{\"@type\":\"ListItem\",\"position\":3,\"name\":\"MAGIMIX Mini Plus Noir\"}]},{\"@type\":\"WebSite\",\"@id\":\"https:\/\/www.erresse-shop.it\/fr\/#website\",\"url\":\"https:\/\/www.erresse-shop.it\/fr\/\",\"name\":\"Erresse Shop\",\"description\":\"Articoli di qualit\u00e0 per la casa\",\"potentialAction\":[{\"@type\":\"SearchAction\",\"target\":{\"@type\":\"EntryPoint\",\"urlTemplate\":\"https:\/\/www.erresse-shop.it\/fr\/?s={search_term_string}\"},\"query-input\":\"required name=search_term_string\"}],\"inLanguage\":\"fr-FR\"}]}<\/script>\n<!-- \/ Yoast SEO Premium plugin. -->","yoast_head_json":{"title":"MAGIMIX Mini Plus Noir - Erresse Shop","description":"MAGIMIX. GARANTIE ITALIENNE C'est en France, au c\u0153ur de la Bourgogne, r\u00e9gion r\u00e9put\u00e9e pour sa gastronomie, que Magimix a invent\u00e9 le robot culinaire il y a","robots":{"index":"index","follow":"follow","max-snippet":"max-snippet:-1","max-image-preview":"max-image-preview:large","max-video-preview":"max-video-preview:-1"},"canonical":"https:\/\/www.erresse-shop.it\/fr\/shop\/petits-electromenagers\/robots-de-cuisine\/magimix-mini-plus-noir-2\/","og_locale":"fr_FR","og_type":"article","og_title":"MAGIMIX Mini Plus Noir","og_description":"MAGIMIX. GARANTIE ITALIENNE C'est en France, au c\u0153ur de la Bourgogne, r\u00e9gion r\u00e9put\u00e9e pour sa gastronomie, que Magimix a invent\u00e9 le robot culinaire il y a","og_url":"https:\/\/www.erresse-shop.it\/fr\/shop\/petits-electromenagers\/robots-de-cuisine\/magimix-mini-plus-noir-2\/","og_site_name":"Erresse Shop","article_modified_time":"2026-02-27T11:13:08+00:00","og_image":[{"width":1200,"height":1200,"url":"https:\/\/www.erresse-shop.it\/wp-content\/uploads\/2025\/04\/MAGIMIX-Robot-da-cucina-Mini-Plus-Nero.jpg","type":"image\/jpeg"}],"twitter_card":"summary_large_image","schema":{"@context":"https:\/\/schema.org","@graph":[{"@type":"WebPage","@id":"https:\/\/www.erresse-shop.it\/fr\/shop\/petits-electromenagers\/robots-de-cuisine\/magimix-mini-plus-noir-2\/","url":"https:\/\/www.erresse-shop.it\/fr\/shop\/petits-electromenagers\/robots-de-cuisine\/magimix-mini-plus-noir-2\/","name":"MAGIMIX Mini Plus Noir - Erresse Shop","isPartOf":{"@id":"https:\/\/www.erresse-shop.it\/fr\/#website"},"datePublished":"2025-04-10T12:52:37+00:00","dateModified":"2026-02-27T11:13:08+00:00","description":"MAGIMIX. GARANTIE ITALIENNE C'est en France, au c\u0153ur de la Bourgogne, r\u00e9gion r\u00e9put\u00e9e pour sa gastronomie, que Magimix a invent\u00e9 le robot culinaire il y a","breadcrumb":{"@id":"https:\/\/www.erresse-shop.it\/fr\/shop\/petits-electromenagers\/robots-de-cuisine\/magimix-mini-plus-noir-2\/#breadcrumb"},"inLanguage":"fr-FR","potentialAction":[{"@type":"ReadAction","target":["https:\/\/www.erresse-shop.it\/fr\/shop\/petits-electromenagers\/robots-de-cuisine\/magimix-mini-plus-noir-2\/"]}]},{"@type":"BreadcrumbList","@id":"https:\/\/www.erresse-shop.it\/fr\/shop\/petits-electromenagers\/robots-de-cuisine\/magimix-mini-plus-noir-2\/#breadcrumb","itemListElement":[{"@type":"ListItem","position":1,"name":"Home","item":"https:\/\/www.erresse-shop.it\/fr\/"},{"@type":"ListItem","position":2,"name":"Shop","item":"https:\/\/www.erresse-shop.it\/fr\/shop\/"},{"@type":"ListItem","position":3,"name":"MAGIMIX Mini Plus Noir"}]},{"@type":"WebSite","@id":"https:\/\/www.erresse-shop.it\/fr\/#website","url":"https:\/\/www.erresse-shop.it\/fr\/","name":"Erresse Shop","description":"Articoli di qualit\u00e0 per la casa","potentialAction":[{"@type":"SearchAction","target":{"@type":"EntryPoint","urlTemplate":"https:\/\/www.erresse-shop.it\/fr\/?s={search_term_string}"},"query-input":"required name=search_term_string"}],"inLanguage":"fr-FR"}]}},"df_price":172.25,"df_sale_price":172.25,"df_regular_price":265,"df_image_link":"https:\/\/www.erresse-shop.it\/wp-content\/uploads\/2025\/04\/MAGIMIX-Robot-da-cucina-Mini-Plus-Nero-300x300.jpg","_links":{"self":[{"href":"https:\/\/www.erresse-shop.it\/fr\/wp-json\/wp\/v2\/product\/490246"}],"collection":[{"href":"https:\/\/www.erresse-shop.it\/fr\/wp-json\/wp\/v2\/product"}],"about":[{"href":"https:\/\/www.erresse-shop.it\/fr\/wp-json\/wp\/v2\/types\/product"}],"wp:featuredmedia":[{"embeddable":true,"href":"https:\/\/www.erresse-shop.it\/fr\/wp-json\/wp\/v2\/media\/490254"}],"wp:attachment":[{"href":"https:\/\/www.erresse-shop.it\/fr\/wp-json\/wp\/v2\/media?parent=490246"}],"wp:term":[{"taxonomy":"product_cat","embeddable":true,"href":"https:\/\/www.erresse-shop.it\/fr\/wp-json\/wp\/v2\/product_cat?post=490246"},{"taxonomy":"product_tag","embeddable":true,"href":"https:\/\/www.erresse-shop.it\/fr\/wp-json\/wp\/v2\/product_tag?post=490246"}],"curies":[{"name":"wp","href":"https:\/\/api.w.org\/{rel}","templated":true}]}}