{"id":490210,"date":"2025-04-10T12:32:12","date_gmt":"2025-04-10T12:32:14","guid":{"rendered":"https:\/\/www.erresse-shop.it\/?post_type=product&#038;p=490210"},"modified":"2026-02-27T11:15:52","modified_gmt":"2026-02-27T11:15:52","slug":"staub-crepiere-avec-manche-en-bois-28-cm-noir","status":"publish","type":"product","link":"https:\/\/www.erresse-shop.it\/fr\/shop\/poeles-pots\/casseroles\/staub-crepiere-avec-manche-en-bois-28-cm-noir\/","title":{"rendered":"STAUB Cr\u00eapi\u00e8re avec manche en bois 28 cm Noir"},"content":{"rendered":"<p>Avec la cr\u00eapi\u00e8re STAUB, vous pouvez pr\u00e9parer des cr\u00eapes sucr\u00e9es et sal\u00e9es pour toute la famille. Gr\u00e2ce au bord bas, m\u00eame les cr\u00eapes fines sont r\u00e9ussies. M\u00eame retourner les cr\u00eapes et les pancakes ne sera pas un probl\u00e8me gr\u00e2ce \u00e0 la spatule incluse. Petits et grands seront ravis par la vari\u00e9t\u00e9 des garnitures possibles : compote de pommes, confiture, fruits ou m\u00e9langes sucre et cannelle. Le manche ergonomique en bois est isolant thermique et prot\u00e8ge donc des br\u00fblures. En m\u00eame temps, cela facilite l\u2019utilisation de la cr\u00eapi\u00e8re sur tout type de plaque de cuisson. La surface \u00e9maill\u00e9e de la po\u00eale impressionne par ses temps de chauffage courts et sa r\u00e9partition et r\u00e9tention optimales de la chaleur, ce qui garantit une cuisson uniforme des aliments. Gr\u00e2ce \u00e0 ces propri\u00e9t\u00e9s, la cr\u00eapi\u00e8re convient \u00e9galement \u00e0 la pr\u00e9paration de nombreux autres plats. Des brochettes grill\u00e9es juteuses aux pizzas croustillantes, la cr\u00e9ativit\u00e9 en cuisine n&#8217;a pas de limites.<\/p>\n<ul>\n<li>Parfait pour la cuisson au four, le r\u00f4tissage et les grillades<\/li>\n<li>Pour tous feux, y compris induction<\/li>\n<li>Manche en bois pratique, comprend une spatule et un \u00e9taleur de p\u00e2te<\/li>\n<li>Cuisson \u00e9conome en \u00e9nergie gr\u00e2ce aux propri\u00e9t\u00e9s particuli\u00e8res de la fonte<\/li>\n<li>Base lisse pour une utilisation douce sur les plaques de cuisson sensibles<\/li>\n<li>Dimensions avec poign\u00e9e (LxlxH) : 48 x 28 x 6,2 cm, Diam\u00e8tre : 28 cm, Fond : 26,5 cm<\/li>\n<li>Poids : 2,46 kg<\/li>\n<\/ul>\n","protected":false},"excerpt":{"rendered":"<p>Avec la cr\u00eapi\u00e8re STAUB, vous pouvez pr\u00e9parer des cr\u00eapes sucr\u00e9es et sal\u00e9es pour toute la famille. Gr\u00e2ce au bord bas,<\/p>\n","protected":false},"featured_media":490234,"template":"","meta":{"_acf_changed":false,"inline_featured_image":false},"product_cat":[12458,14777],"product_tag":[25086,21529,25021,12994,12461],"acf":[],"yoast_head":"<!-- This site is optimized with the Yoast SEO Premium plugin v18.6 (Yoast SEO v19.13) - https:\/\/yoast.com\/wordpress\/plugins\/seo\/ -->\n<title>STAUB Cr\u00eapi\u00e8re avec manche en bois 28 cm Noir - Erresse Shop<\/title>\n<meta name=\"description\" content=\"Avec la cr\u00eapi\u00e8re STAUB, vous pouvez pr\u00e9parer des cr\u00eapes sucr\u00e9es et sal\u00e9es pour toute la famille. Gr\u00e2ce au bord bas, m\u00eame les cr\u00eapes fines sont r\u00e9ussies.\" \/>\n<meta name=\"robots\" content=\"index, follow, max-snippet:-1, max-image-preview:large, max-video-preview:-1\" \/>\n<link rel=\"canonical\" href=\"https:\/\/www.erresse-shop.it\/fr\/shop\/poeles-pots\/casseroles\/staub-crepiere-avec-manche-en-bois-28-cm-noir\/\" \/>\n<meta property=\"og:locale\" content=\"fr_FR\" \/>\n<meta property=\"og:type\" content=\"article\" \/>\n<meta property=\"og:title\" content=\"STAUB Cr\u00eapi\u00e8re avec manche en bois 28 cm Noir\" \/>\n<meta property=\"og:description\" content=\"Avec la cr\u00eapi\u00e8re STAUB, vous pouvez pr\u00e9parer des cr\u00eapes sucr\u00e9es et sal\u00e9es pour toute la famille. Gr\u00e2ce au bord bas, m\u00eame les cr\u00eapes fines sont r\u00e9ussies.\" \/>\n<meta property=\"og:url\" content=\"https:\/\/www.erresse-shop.it\/fr\/shop\/poeles-pots\/casseroles\/staub-crepiere-avec-manche-en-bois-28-cm-noir\/\" \/>\n<meta property=\"og:site_name\" content=\"Erresse Shop\" \/>\n<meta property=\"article:modified_time\" content=\"2026-02-27T11:15:52+00:00\" \/>\n<meta property=\"og:image\" content=\"https:\/\/www.erresse-shop.it\/wp-content\/uploads\/2025\/04\/STAUB-Crepiera-Manico-in-Legno-28-cm-Nero.jpg\" \/>\n\t<meta property=\"og:image:width\" content=\"1200\" \/>\n\t<meta property=\"og:image:height\" content=\"1200\" \/>\n\t<meta property=\"og:image:type\" content=\"image\/jpeg\" \/>\n<meta name=\"twitter:card\" content=\"summary_large_image\" \/>\n<script type=\"application\/ld+json\" class=\"yoast-schema-graph\">{\"@context\":\"https:\/\/schema.org\",\"@graph\":[{\"@type\":\"WebPage\",\"@id\":\"https:\/\/www.erresse-shop.it\/fr\/shop\/poeles-pots\/casseroles\/staub-crepiere-avec-manche-en-bois-28-cm-noir\/\",\"url\":\"https:\/\/www.erresse-shop.it\/fr\/shop\/poeles-pots\/casseroles\/staub-crepiere-avec-manche-en-bois-28-cm-noir\/\",\"name\":\"STAUB Cr\u00eapi\u00e8re avec manche en bois 28 cm Noir - Erresse Shop\",\"isPartOf\":{\"@id\":\"https:\/\/www.erresse-shop.it\/fr\/#website\"},\"datePublished\":\"2025-04-10T12:32:14+00:00\",\"dateModified\":\"2026-02-27T11:15:52+00:00\",\"description\":\"Avec la cr\u00eapi\u00e8re STAUB, vous pouvez pr\u00e9parer des cr\u00eapes sucr\u00e9es et sal\u00e9es pour toute la famille. Gr\u00e2ce au bord bas, m\u00eame les cr\u00eapes fines sont r\u00e9ussies.\",\"breadcrumb\":{\"@id\":\"https:\/\/www.erresse-shop.it\/fr\/shop\/poeles-pots\/casseroles\/staub-crepiere-avec-manche-en-bois-28-cm-noir\/#breadcrumb\"},\"inLanguage\":\"fr-FR\",\"potentialAction\":[{\"@type\":\"ReadAction\",\"target\":[\"https:\/\/www.erresse-shop.it\/fr\/shop\/poeles-pots\/casseroles\/staub-crepiere-avec-manche-en-bois-28-cm-noir\/\"]}]},{\"@type\":\"BreadcrumbList\",\"@id\":\"https:\/\/www.erresse-shop.it\/fr\/shop\/poeles-pots\/casseroles\/staub-crepiere-avec-manche-en-bois-28-cm-noir\/#breadcrumb\",\"itemListElement\":[{\"@type\":\"ListItem\",\"position\":1,\"name\":\"Home\",\"item\":\"https:\/\/www.erresse-shop.it\/fr\/\"},{\"@type\":\"ListItem\",\"position\":2,\"name\":\"Shop\",\"item\":\"https:\/\/www.erresse-shop.it\/fr\/shop\/\"},{\"@type\":\"ListItem\",\"position\":3,\"name\":\"STAUB Cr\u00eapi\u00e8re avec manche en bois 28 cm Noir\"}]},{\"@type\":\"WebSite\",\"@id\":\"https:\/\/www.erresse-shop.it\/fr\/#website\",\"url\":\"https:\/\/www.erresse-shop.it\/fr\/\",\"name\":\"Erresse Shop\",\"description\":\"Articoli di qualit\u00e0 per la casa\",\"potentialAction\":[{\"@type\":\"SearchAction\",\"target\":{\"@type\":\"EntryPoint\",\"urlTemplate\":\"https:\/\/www.erresse-shop.it\/fr\/?s={search_term_string}\"},\"query-input\":\"required name=search_term_string\"}],\"inLanguage\":\"fr-FR\"}]}<\/script>\n<!-- \/ Yoast SEO Premium plugin. -->","yoast_head_json":{"title":"STAUB Cr\u00eapi\u00e8re avec manche en bois 28 cm Noir - Erresse Shop","description":"Avec la cr\u00eapi\u00e8re STAUB, vous pouvez pr\u00e9parer des cr\u00eapes sucr\u00e9es et sal\u00e9es pour toute la famille. Gr\u00e2ce au bord bas, m\u00eame les cr\u00eapes fines sont r\u00e9ussies.","robots":{"index":"index","follow":"follow","max-snippet":"max-snippet:-1","max-image-preview":"max-image-preview:large","max-video-preview":"max-video-preview:-1"},"canonical":"https:\/\/www.erresse-shop.it\/fr\/shop\/poeles-pots\/casseroles\/staub-crepiere-avec-manche-en-bois-28-cm-noir\/","og_locale":"fr_FR","og_type":"article","og_title":"STAUB Cr\u00eapi\u00e8re avec manche en bois 28 cm Noir","og_description":"Avec la cr\u00eapi\u00e8re STAUB, vous pouvez pr\u00e9parer des cr\u00eapes sucr\u00e9es et sal\u00e9es pour toute la famille. Gr\u00e2ce au bord bas, m\u00eame les cr\u00eapes fines sont r\u00e9ussies.","og_url":"https:\/\/www.erresse-shop.it\/fr\/shop\/poeles-pots\/casseroles\/staub-crepiere-avec-manche-en-bois-28-cm-noir\/","og_site_name":"Erresse Shop","article_modified_time":"2026-02-27T11:15:52+00:00","og_image":[{"width":1200,"height":1200,"url":"https:\/\/www.erresse-shop.it\/wp-content\/uploads\/2025\/04\/STAUB-Crepiera-Manico-in-Legno-28-cm-Nero.jpg","type":"image\/jpeg"}],"twitter_card":"summary_large_image","schema":{"@context":"https:\/\/schema.org","@graph":[{"@type":"WebPage","@id":"https:\/\/www.erresse-shop.it\/fr\/shop\/poeles-pots\/casseroles\/staub-crepiere-avec-manche-en-bois-28-cm-noir\/","url":"https:\/\/www.erresse-shop.it\/fr\/shop\/poeles-pots\/casseroles\/staub-crepiere-avec-manche-en-bois-28-cm-noir\/","name":"STAUB Cr\u00eapi\u00e8re avec manche en bois 28 cm Noir - Erresse Shop","isPartOf":{"@id":"https:\/\/www.erresse-shop.it\/fr\/#website"},"datePublished":"2025-04-10T12:32:14+00:00","dateModified":"2026-02-27T11:15:52+00:00","description":"Avec la cr\u00eapi\u00e8re STAUB, vous pouvez pr\u00e9parer des cr\u00eapes sucr\u00e9es et sal\u00e9es pour toute la famille. Gr\u00e2ce au bord bas, m\u00eame les cr\u00eapes fines sont r\u00e9ussies.","breadcrumb":{"@id":"https:\/\/www.erresse-shop.it\/fr\/shop\/poeles-pots\/casseroles\/staub-crepiere-avec-manche-en-bois-28-cm-noir\/#breadcrumb"},"inLanguage":"fr-FR","potentialAction":[{"@type":"ReadAction","target":["https:\/\/www.erresse-shop.it\/fr\/shop\/poeles-pots\/casseroles\/staub-crepiere-avec-manche-en-bois-28-cm-noir\/"]}]},{"@type":"BreadcrumbList","@id":"https:\/\/www.erresse-shop.it\/fr\/shop\/poeles-pots\/casseroles\/staub-crepiere-avec-manche-en-bois-28-cm-noir\/#breadcrumb","itemListElement":[{"@type":"ListItem","position":1,"name":"Home","item":"https:\/\/www.erresse-shop.it\/fr\/"},{"@type":"ListItem","position":2,"name":"Shop","item":"https:\/\/www.erresse-shop.it\/fr\/shop\/"},{"@type":"ListItem","position":3,"name":"STAUB Cr\u00eapi\u00e8re avec manche en bois 28 cm Noir"}]},{"@type":"WebSite","@id":"https:\/\/www.erresse-shop.it\/fr\/#website","url":"https:\/\/www.erresse-shop.it\/fr\/","name":"Erresse Shop","description":"Articoli di qualit\u00e0 per la casa","potentialAction":[{"@type":"SearchAction","target":{"@type":"EntryPoint","urlTemplate":"https:\/\/www.erresse-shop.it\/fr\/?s={search_term_string}"},"query-input":"required name=search_term_string"}],"inLanguage":"fr-FR"}]}},"df_price":49.975,"df_sale_price":49.975,"df_regular_price":99.95,"df_image_link":"https:\/\/www.erresse-shop.it\/wp-content\/uploads\/2025\/04\/STAUB-Crepiera-Manico-in-Legno-28-cm-Nero-300x300.jpg","_links":{"self":[{"href":"https:\/\/www.erresse-shop.it\/fr\/wp-json\/wp\/v2\/product\/490210"}],"collection":[{"href":"https:\/\/www.erresse-shop.it\/fr\/wp-json\/wp\/v2\/product"}],"about":[{"href":"https:\/\/www.erresse-shop.it\/fr\/wp-json\/wp\/v2\/types\/product"}],"wp:featuredmedia":[{"embeddable":true,"href":"https:\/\/www.erresse-shop.it\/fr\/wp-json\/wp\/v2\/media\/490234"}],"wp:attachment":[{"href":"https:\/\/www.erresse-shop.it\/fr\/wp-json\/wp\/v2\/media?parent=490210"}],"wp:term":[{"taxonomy":"product_cat","embeddable":true,"href":"https:\/\/www.erresse-shop.it\/fr\/wp-json\/wp\/v2\/product_cat?post=490210"},{"taxonomy":"product_tag","embeddable":true,"href":"https:\/\/www.erresse-shop.it\/fr\/wp-json\/wp\/v2\/product_tag?post=490210"}],"curies":[{"name":"wp","href":"https:\/\/api.w.org\/{rel}","templated":true}]}}