{"id":490176,"date":"2025-04-10T12:23:00","date_gmt":"2025-04-10T12:23:05","guid":{"rendered":"https:\/\/www.erresse-shop.it\/?post_type=product&#038;p=490176"},"modified":"2026-02-27T11:17:48","modified_gmt":"2026-02-27T11:17:48","slug":"staub-cocotte-rond-22-cm-bleu-fonce","status":"publish","type":"product","link":"https:\/\/www.erresse-shop.it\/fr\/shop\/poeles-pots\/marmites-et-cocottes-poeles-pots\/staub-cocotte-rond-22-cm-bleu-fonce\/","title":{"rendered":"STAUB Cocotte Rond 22 cm Bleu fonc\u00e9"},"content":{"rendered":"<p>Cette cocotte ronde de la c\u00e9l\u00e8bre s\u00e9rie La Cocotte peut \u00eatre utilis\u00e9e pour cuisiner toutes sortes de plats brais\u00e9s, de rago\u00fbts et m\u00eame de desserts. Lors du braisage, il est important que tous les ingr\u00e9dients soient chauff\u00e9s uniform\u00e9ment et doucement. La fonte dont est compos\u00e9e la casserole retient tr\u00e8s bien la chaleur et la redistribue uniform\u00e9ment. Cet effet brais\u00e9 est encore renforc\u00e9 par le rev\u00eatement en \u00e9mail noir mat \u00e0 l&#8217;int\u00e9rieur de la po\u00eale, qui accentue \u00e9galement la saveur des aliments. L&#8217;effet du vernis \u00e0 ongles s&#8217;intensifie encore avec une utilisation r\u00e9guli\u00e8re. Ainsi, les d\u00e9butants, les passionn\u00e9s de cuisine et les chefs professionnels apportent de savoureux plats brais\u00e9s \u00e0 la table avec cette cocotte. La finition vert basilic de la cocotte ajoute une touche d\u00e9corative \u00e0 la table, apportant une belle explosion de couleur. La cocotte se distingue par le mat\u00e9riau dont elle est compos\u00e9e et par sa r\u00e9sistance. De plus, la fonte est tr\u00e8s facile \u00e0 nettoyer et convient \u00e0 tous les types de plaques de cuisson, y compris les plaques \u00e0 induction. Avec un diam\u00e8tre de 22 cm et une capacit\u00e9 allant jusqu&#8217;\u00e0 2,6 litres, la cocotte est particuli\u00e8rement adapt\u00e9e \u00e0 la cuisson d&#8217;accompagnements et de rago\u00fbts. Avec cette cocotte de Staub, vous pourrez g\u00e2ter vos proches avec des plats savoureux mais faciles \u00e0 pr\u00e9parer.<\/p>\n<ul>\n<li>Id\u00e9al pour sceller et cuire lentement la viande, le poisson ou les l\u00e9gumes<\/li>\n<li>Pour une cuisson juteuse et tendre gr\u00e2ce au couvercle<\/li>\n<li>L&#8217;\u00e9mail int\u00e9rieur noir mat est id\u00e9al pour un brunissage particuli\u00e8rement croustillant et est tr\u00e8s r\u00e9sistant<\/li>\n<li>Convient \u00e0 tous<\/li>\n<\/ul>\n<p><strong>Caract\u00e9ristiques<\/strong><br \/>\n&#8211; R\u00e9sistance \u00e0 la chaleur (\u00b0C) : 240,00 \u00baC<br \/>\n&#8211; R\u00e9sistance au froid : -20,00 \u00baC<br \/>\n&#8211; Mat\u00e9riau : fonte<br \/>\n&#8211; Couvercle existant : oui<br \/>\n&#8211; Induction : Oui<br \/>\n&#8211; Compatible four : Oui<br \/>\n&#8211; Convient au cong\u00e9lateur : Oui<br \/>\n&#8211; Convient pour la cuisson sur plaque de cuisson : Oui<br \/>\n&#8211; Passe au lave-vaisselle : Oui<\/p>\n<p><strong>Taille<\/strong><\/p>\n<ul>\n<li class=\"attribute\"><span class=\"label\">Poids net\u00a0:<\/span><span class=\"value\">3,95 kg<\/span><\/li>\n<li class=\"attribute\"><span class=\"label\">Capacit\u00e9\u00a0:<\/span><span class=\"value\">2,60 l<\/span><\/li>\n<li class=\"attribute\"><span class=\"label\">Longueur du produit\u00a0:<\/span><span class=\"value\">28,40 cm<\/span><\/li>\n<li class=\"attribute\"><span class=\"label\">Largeur du produit\u00a0:<\/span><span class=\"value\">22,00 cm<\/span><\/li>\n<li class=\"attribute\"><span class=\"label\">Hauteur du produit\u00a0:<\/span><span class=\"value\">14,70 cm<\/span><\/li>\n<li class=\"attribute\"><span class=\"label\">Hauteur sans couvercle\u00a0:<\/span><span class=\"value\">9,90 cm<\/span><\/li>\n<li class=\"attribute\"><span class=\"label\">Diam\u00e8tre sup\u00e9rieur\u00a0:<\/span><span class=\"value\">22,00 cm<\/span><\/li>\n<li class=\"attribute\"><span class=\"label\">Diam\u00e8tre du fond\u00a0:<\/span><span class=\"value\">17,10 cm<\/span><\/li>\n<li class=\"attribute\"><span class=\"label\">Longueur du manche\u00a0:<\/span><span class=\"value\">3,00 cm<\/span><\/li>\n<\/ul>\n","protected":false},"excerpt":{"rendered":"<p>Cette cocotte ronde de la c\u00e9l\u00e8bre s\u00e9rie La Cocotte peut \u00eatre utilis\u00e9e pour cuisiner toutes sortes de plats brais\u00e9s, de<\/p>\n","protected":false},"featured_media":490200,"template":"","meta":{"_acf_changed":false,"inline_featured_image":false},"product_cat":[12458,14792],"product_tag":[21529,12994,12461,12465,12466,12468],"acf":[],"yoast_head":"<!-- This site is optimized with the Yoast SEO Premium plugin v18.6 (Yoast SEO v19.13) - https:\/\/yoast.com\/wordpress\/plugins\/seo\/ -->\n<title>STAUB Cocotte Rond 22 cm Bleu fonc\u00e9 - Erresse Shop<\/title>\n<meta name=\"description\" content=\"Cette cocotte ronde de la c\u00e9l\u00e8bre s\u00e9rie La Cocotte peut \u00eatre utilis\u00e9e pour cuisiner toutes sortes de plats brais\u00e9s, de rago\u00fbts et m\u00eame de desserts. Lors\" \/>\n<meta name=\"robots\" content=\"index, follow, max-snippet:-1, max-image-preview:large, max-video-preview:-1\" \/>\n<link rel=\"canonical\" href=\"https:\/\/www.erresse-shop.it\/fr\/shop\/poeles-pots\/marmites-et-cocottes-poeles-pots\/staub-cocotte-rond-22-cm-bleu-fonce\/\" \/>\n<meta property=\"og:locale\" content=\"fr_FR\" \/>\n<meta property=\"og:type\" content=\"article\" \/>\n<meta property=\"og:title\" content=\"STAUB Cocotte Rond 22 cm Bleu fonc\u00e9\" \/>\n<meta property=\"og:description\" content=\"Cette cocotte ronde de la c\u00e9l\u00e8bre s\u00e9rie La Cocotte peut \u00eatre utilis\u00e9e pour cuisiner toutes sortes de plats brais\u00e9s, de rago\u00fbts et m\u00eame de desserts. Lors\" \/>\n<meta property=\"og:url\" content=\"https:\/\/www.erresse-shop.it\/fr\/shop\/poeles-pots\/marmites-et-cocottes-poeles-pots\/staub-cocotte-rond-22-cm-bleu-fonce\/\" \/>\n<meta property=\"og:site_name\" content=\"Erresse Shop\" \/>\n<meta property=\"article:modified_time\" content=\"2026-02-27T11:17:48+00:00\" \/>\n<meta property=\"og:image\" content=\"https:\/\/www.erresse-shop.it\/wp-content\/uploads\/2025\/04\/STAUB-Cocotte-Tonda-22-cm-Blu-Scuro.jpg\" \/>\n\t<meta property=\"og:image:width\" content=\"1200\" \/>\n\t<meta property=\"og:image:height\" content=\"1200\" \/>\n\t<meta property=\"og:image:type\" content=\"image\/jpeg\" \/>\n<meta name=\"twitter:card\" content=\"summary_large_image\" \/>\n<script type=\"application\/ld+json\" class=\"yoast-schema-graph\">{\"@context\":\"https:\/\/schema.org\",\"@graph\":[{\"@type\":\"WebPage\",\"@id\":\"https:\/\/www.erresse-shop.it\/fr\/shop\/poeles-pots\/marmites-et-cocottes-poeles-pots\/staub-cocotte-rond-22-cm-bleu-fonce\/\",\"url\":\"https:\/\/www.erresse-shop.it\/fr\/shop\/poeles-pots\/marmites-et-cocottes-poeles-pots\/staub-cocotte-rond-22-cm-bleu-fonce\/\",\"name\":\"STAUB Cocotte Rond 22 cm Bleu fonc\u00e9 - Erresse Shop\",\"isPartOf\":{\"@id\":\"https:\/\/www.erresse-shop.it\/fr\/#website\"},\"datePublished\":\"2025-04-10T12:23:05+00:00\",\"dateModified\":\"2026-02-27T11:17:48+00:00\",\"description\":\"Cette cocotte ronde de la c\u00e9l\u00e8bre s\u00e9rie La Cocotte peut \u00eatre utilis\u00e9e pour cuisiner toutes sortes de plats brais\u00e9s, de rago\u00fbts et m\u00eame de desserts. Lors\",\"breadcrumb\":{\"@id\":\"https:\/\/www.erresse-shop.it\/fr\/shop\/poeles-pots\/marmites-et-cocottes-poeles-pots\/staub-cocotte-rond-22-cm-bleu-fonce\/#breadcrumb\"},\"inLanguage\":\"fr-FR\",\"potentialAction\":[{\"@type\":\"ReadAction\",\"target\":[\"https:\/\/www.erresse-shop.it\/fr\/shop\/poeles-pots\/marmites-et-cocottes-poeles-pots\/staub-cocotte-rond-22-cm-bleu-fonce\/\"]}]},{\"@type\":\"BreadcrumbList\",\"@id\":\"https:\/\/www.erresse-shop.it\/fr\/shop\/poeles-pots\/marmites-et-cocottes-poeles-pots\/staub-cocotte-rond-22-cm-bleu-fonce\/#breadcrumb\",\"itemListElement\":[{\"@type\":\"ListItem\",\"position\":1,\"name\":\"Home\",\"item\":\"https:\/\/www.erresse-shop.it\/fr\/\"},{\"@type\":\"ListItem\",\"position\":2,\"name\":\"Shop\",\"item\":\"https:\/\/www.erresse-shop.it\/fr\/shop\/\"},{\"@type\":\"ListItem\",\"position\":3,\"name\":\"STAUB Cocotte Rond 22 cm Bleu fonc\u00e9\"}]},{\"@type\":\"WebSite\",\"@id\":\"https:\/\/www.erresse-shop.it\/fr\/#website\",\"url\":\"https:\/\/www.erresse-shop.it\/fr\/\",\"name\":\"Erresse Shop\",\"description\":\"Articoli di qualit\u00e0 per la casa\",\"potentialAction\":[{\"@type\":\"SearchAction\",\"target\":{\"@type\":\"EntryPoint\",\"urlTemplate\":\"https:\/\/www.erresse-shop.it\/fr\/?s={search_term_string}\"},\"query-input\":\"required name=search_term_string\"}],\"inLanguage\":\"fr-FR\"}]}<\/script>\n<!-- \/ Yoast SEO Premium plugin. -->","yoast_head_json":{"title":"STAUB Cocotte Rond 22 cm Bleu fonc\u00e9 - Erresse Shop","description":"Cette cocotte ronde de la c\u00e9l\u00e8bre s\u00e9rie La Cocotte peut \u00eatre utilis\u00e9e pour cuisiner toutes sortes de plats brais\u00e9s, de rago\u00fbts et m\u00eame de desserts. Lors","robots":{"index":"index","follow":"follow","max-snippet":"max-snippet:-1","max-image-preview":"max-image-preview:large","max-video-preview":"max-video-preview:-1"},"canonical":"https:\/\/www.erresse-shop.it\/fr\/shop\/poeles-pots\/marmites-et-cocottes-poeles-pots\/staub-cocotte-rond-22-cm-bleu-fonce\/","og_locale":"fr_FR","og_type":"article","og_title":"STAUB Cocotte Rond 22 cm Bleu fonc\u00e9","og_description":"Cette cocotte ronde de la c\u00e9l\u00e8bre s\u00e9rie La Cocotte peut \u00eatre utilis\u00e9e pour cuisiner toutes sortes de plats brais\u00e9s, de rago\u00fbts et m\u00eame de desserts. Lors","og_url":"https:\/\/www.erresse-shop.it\/fr\/shop\/poeles-pots\/marmites-et-cocottes-poeles-pots\/staub-cocotte-rond-22-cm-bleu-fonce\/","og_site_name":"Erresse Shop","article_modified_time":"2026-02-27T11:17:48+00:00","og_image":[{"width":1200,"height":1200,"url":"https:\/\/www.erresse-shop.it\/wp-content\/uploads\/2025\/04\/STAUB-Cocotte-Tonda-22-cm-Blu-Scuro.jpg","type":"image\/jpeg"}],"twitter_card":"summary_large_image","schema":{"@context":"https:\/\/schema.org","@graph":[{"@type":"WebPage","@id":"https:\/\/www.erresse-shop.it\/fr\/shop\/poeles-pots\/marmites-et-cocottes-poeles-pots\/staub-cocotte-rond-22-cm-bleu-fonce\/","url":"https:\/\/www.erresse-shop.it\/fr\/shop\/poeles-pots\/marmites-et-cocottes-poeles-pots\/staub-cocotte-rond-22-cm-bleu-fonce\/","name":"STAUB Cocotte Rond 22 cm Bleu fonc\u00e9 - Erresse Shop","isPartOf":{"@id":"https:\/\/www.erresse-shop.it\/fr\/#website"},"datePublished":"2025-04-10T12:23:05+00:00","dateModified":"2026-02-27T11:17:48+00:00","description":"Cette cocotte ronde de la c\u00e9l\u00e8bre s\u00e9rie La Cocotte peut \u00eatre utilis\u00e9e pour cuisiner toutes sortes de plats brais\u00e9s, de rago\u00fbts et m\u00eame de desserts. Lors","breadcrumb":{"@id":"https:\/\/www.erresse-shop.it\/fr\/shop\/poeles-pots\/marmites-et-cocottes-poeles-pots\/staub-cocotte-rond-22-cm-bleu-fonce\/#breadcrumb"},"inLanguage":"fr-FR","potentialAction":[{"@type":"ReadAction","target":["https:\/\/www.erresse-shop.it\/fr\/shop\/poeles-pots\/marmites-et-cocottes-poeles-pots\/staub-cocotte-rond-22-cm-bleu-fonce\/"]}]},{"@type":"BreadcrumbList","@id":"https:\/\/www.erresse-shop.it\/fr\/shop\/poeles-pots\/marmites-et-cocottes-poeles-pots\/staub-cocotte-rond-22-cm-bleu-fonce\/#breadcrumb","itemListElement":[{"@type":"ListItem","position":1,"name":"Home","item":"https:\/\/www.erresse-shop.it\/fr\/"},{"@type":"ListItem","position":2,"name":"Shop","item":"https:\/\/www.erresse-shop.it\/fr\/shop\/"},{"@type":"ListItem","position":3,"name":"STAUB Cocotte Rond 22 cm Bleu fonc\u00e9"}]},{"@type":"WebSite","@id":"https:\/\/www.erresse-shop.it\/fr\/#website","url":"https:\/\/www.erresse-shop.it\/fr\/","name":"Erresse Shop","description":"Articoli di qualit\u00e0 per la casa","potentialAction":[{"@type":"SearchAction","target":{"@type":"EntryPoint","urlTemplate":"https:\/\/www.erresse-shop.it\/fr\/?s={search_term_string}"},"query-input":"required name=search_term_string"}],"inLanguage":"fr-FR"}]}},"df_price":169,"df_sale_price":169,"df_regular_price":269,"df_image_link":"https:\/\/www.erresse-shop.it\/wp-content\/uploads\/2025\/04\/STAUB-Cocotte-Tonda-22-cm-Blu-Scuro-300x300.jpg","_links":{"self":[{"href":"https:\/\/www.erresse-shop.it\/fr\/wp-json\/wp\/v2\/product\/490176"}],"collection":[{"href":"https:\/\/www.erresse-shop.it\/fr\/wp-json\/wp\/v2\/product"}],"about":[{"href":"https:\/\/www.erresse-shop.it\/fr\/wp-json\/wp\/v2\/types\/product"}],"wp:featuredmedia":[{"embeddable":true,"href":"https:\/\/www.erresse-shop.it\/fr\/wp-json\/wp\/v2\/media\/490200"}],"wp:attachment":[{"href":"https:\/\/www.erresse-shop.it\/fr\/wp-json\/wp\/v2\/media?parent=490176"}],"wp:term":[{"taxonomy":"product_cat","embeddable":true,"href":"https:\/\/www.erresse-shop.it\/fr\/wp-json\/wp\/v2\/product_cat?post=490176"},{"taxonomy":"product_tag","embeddable":true,"href":"https:\/\/www.erresse-shop.it\/fr\/wp-json\/wp\/v2\/product_tag?post=490176"}],"curies":[{"name":"wp","href":"https:\/\/api.w.org\/{rel}","templated":true}]}}