{"id":490052,"date":"2025-04-10T10:10:53","date_gmt":"2025-04-10T10:11:01","guid":{"rendered":"https:\/\/www.erresse-shop.it\/?post_type=product&#038;p=490052"},"modified":"2026-02-27T11:30:30","modified_gmt":"2026-02-27T11:30:30","slug":"staub-cocotte-ronde-28-cm-truffe-blanche","status":"publish","type":"product","link":"https:\/\/www.erresse-shop.it\/fr\/shop\/poeles-pots\/marmites-et-cocottes-poeles-pots\/staub-cocotte-ronde-28-cm-truffe-blanche\/","title":{"rendered":"STAUB Cocotte Ronde 28 cm Truffe blanche"},"content":{"rendered":"<p>La cocotte Staub est parfaite pour la cuisson lente de la viande et des l\u00e9gumes, garantissant une cuisson uniforme et des r\u00e9sultats tendres. Id\u00e9al pour les rago\u00fbts et les soupes, la fonte retient la chaleur et le couvercle innovant avec picots internes arrose continuellement les aliments, rehaussant ainsi leur saveur. Le rev\u00eatement en \u00e9mail noir mat et la conception du couvercle permettent un brunissement et un braisage optimaux. Adapt\u00e9 \u00e0 un usage quotidien, il est choisi par les plus grands chefs et peut durer des g\u00e9n\u00e9rations gr\u00e2ce \u00e0 son excellente durabilit\u00e9.<\/p>\n<ul>\n<li>Id\u00e9al pour sceller et cuire lentement de la viande, du poisson ou des l\u00e9gumes<\/li>\n<li>Pour une cuisson juteuse et tendre gr\u00e2ce au couvercle<\/li>\n<li>L&#8217;\u00e9mail int\u00e9rieur noir mat est id\u00e9al pour un brunissement particuli\u00e8rement croustillant et est tr\u00e8s r\u00e9sistant<\/li>\n<li>Convient \u00e0 tous les types de plaques de cuisson, y compris \u00e0 induction, peut \u00e9galement \u00eatre plac\u00e9 au four\/grill<\/li>\n<li>Le lavage au lave-vaisselle est possible, mais ne doit pas \u00eatre effectu\u00e9 r\u00e9guli\u00e8rement<\/li>\n<\/ul>\n<p><strong>Caract\u00e9ristiques<\/strong><\/p>\n<ul>\n<li class=\"attribute\"><span class=\"label\">R\u00e9sistance \u00e0 la chaleur :<\/span><span class=\"value\">260 \u00baC<\/span><\/li>\n<li class=\"attribute\"><span class=\"label\">R\u00e9sistance au froid :<\/span><span class=\"value\">-20 \u00baC<\/span><\/li>\n<li class=\"attribute\"><span class=\"label\">Mat\u00e9riau :<\/span><span class=\"value\">fonte<\/span><\/li>\n<li class=\"attribute\"><span class=\"label\">Nom commercial du rev\u00eatement :<\/span><span class=\"value\">Noir Mat<\/span><\/li>\n<li class=\"attribute\"><span class=\"label\">Rev\u00eatement int\u00e9rieur :<\/span><span class=\"value\">\u00e9mail<\/span><\/li>\n<li class=\"attribute\"><span class=\"label\">Couvercle existant\u00a0:<\/span><span class=\"value\">oui<\/span><\/li>\n<li class=\"attribute\"><span class=\"label\">Induction\u00a0:<\/span><span class=\"value\">Oui<\/span><\/li>\n<li class=\"attribute\"><span class=\"label\">Passe au four\u00a0:<\/span><span class=\"value\">Oui<\/span><\/li>\n<li class=\"attribute\"><span class=\"label\">Passe au cong\u00e9lateur\u00a0:<\/span><span class=\"value\">Oui<\/span><\/li>\n<li class=\"attribute\"><span class=\"label\">Passe au four\u00a0:<\/span><span class=\"value\">Oui<\/span><\/li>\n<li class=\"attribute\"><span class=\"label\">Lave-vaisselle :<\/span><span class=\"value\">Oui<\/span><\/li>\n<\/ul>\n<p><strong>Taille<\/strong><\/p>\n<ul>\n<li class=\"attribute\">Poids net : 7,10 kg<\/li>\n<li class=\"attribute\">Capacit\u00e9 : 6,70 l<\/li>\n<li class=\"attribute\">Longueur du produit : 35,20 cm<\/li>\n<li class=\"attribute\">Largeur du produit : 28,00 cm<\/li>\n<li class=\"attribute\">Hauteur du produit : 18,20 cm<\/li>\n<li class=\"attribute\">Hauteur sans couvercle : 13,20 cm<\/li>\n<li class=\"attribute\">Diam\u00e8tre sup\u00e9rieur : 28,00 cm<\/li>\n<li class=\"attribute\">Diam\u00e8tre du fond : 23,70 cm<\/li>\n<li class=\"attribute\">Longueur du manche : 3,50 cm<\/li>\n<\/ul>\n","protected":false},"excerpt":{"rendered":"<p>La cocotte Staub est parfaite pour la cuisson lente de la viande et des l\u00e9gumes, garantissant une cuisson uniforme et<\/p>\n","protected":false},"featured_media":464510,"template":"","meta":{"_acf_changed":false,"inline_featured_image":false},"product_cat":[12458,14792],"product_tag":[25086,21529,25021,12994,12461,12465,12466],"acf":[],"yoast_head":"<!-- This site is optimized with the Yoast SEO Premium plugin v18.6 (Yoast SEO v19.13) - https:\/\/yoast.com\/wordpress\/plugins\/seo\/ -->\n<title>STAUB Cocotte Ronde 28 cm Truffe blanche - Erresse Shop<\/title>\n<meta name=\"description\" content=\"La cocotte Staub est parfaite pour la cuisson lente de la viande et des l\u00e9gumes, garantissant une cuisson uniforme et des r\u00e9sultats tendres. Id\u00e9al pour\" \/>\n<meta name=\"robots\" content=\"index, follow, max-snippet:-1, max-image-preview:large, max-video-preview:-1\" \/>\n<link rel=\"canonical\" href=\"https:\/\/www.erresse-shop.it\/fr\/shop\/poeles-pots\/marmites-et-cocottes-poeles-pots\/staub-cocotte-ronde-28-cm-truffe-blanche\/\" \/>\n<meta property=\"og:locale\" content=\"fr_FR\" \/>\n<meta property=\"og:type\" content=\"article\" \/>\n<meta property=\"og:title\" content=\"STAUB Cocotte Ronde 28 cm Truffe blanche\" \/>\n<meta property=\"og:description\" content=\"La cocotte Staub est parfaite pour la cuisson lente de la viande et des l\u00e9gumes, garantissant une cuisson uniforme et des r\u00e9sultats tendres. Id\u00e9al pour\" \/>\n<meta property=\"og:url\" content=\"https:\/\/www.erresse-shop.it\/fr\/shop\/poeles-pots\/marmites-et-cocottes-poeles-pots\/staub-cocotte-ronde-28-cm-truffe-blanche\/\" \/>\n<meta property=\"og:site_name\" content=\"Erresse Shop\" \/>\n<meta property=\"article:modified_time\" content=\"2026-02-27T11:30:30+00:00\" \/>\n<meta property=\"og:image\" content=\"https:\/\/www.erresse-shop.it\/wp-content\/uploads\/2025\/01\/STAUB-Cocotte-Tonda-22cm-Bianco-Tartufo.jpg\" \/>\n\t<meta property=\"og:image:width\" content=\"1200\" \/>\n\t<meta property=\"og:image:height\" content=\"1200\" \/>\n\t<meta property=\"og:image:type\" content=\"image\/jpeg\" \/>\n<meta name=\"twitter:card\" content=\"summary_large_image\" \/>\n<script type=\"application\/ld+json\" class=\"yoast-schema-graph\">{\"@context\":\"https:\/\/schema.org\",\"@graph\":[{\"@type\":\"WebPage\",\"@id\":\"https:\/\/www.erresse-shop.it\/fr\/shop\/poeles-pots\/marmites-et-cocottes-poeles-pots\/staub-cocotte-ronde-28-cm-truffe-blanche\/\",\"url\":\"https:\/\/www.erresse-shop.it\/fr\/shop\/poeles-pots\/marmites-et-cocottes-poeles-pots\/staub-cocotte-ronde-28-cm-truffe-blanche\/\",\"name\":\"STAUB Cocotte Ronde 28 cm Truffe blanche - Erresse Shop\",\"isPartOf\":{\"@id\":\"https:\/\/www.erresse-shop.it\/fr\/#website\"},\"datePublished\":\"2025-04-10T10:11:01+00:00\",\"dateModified\":\"2026-02-27T11:30:30+00:00\",\"description\":\"La cocotte Staub est parfaite pour la cuisson lente de la viande et des l\u00e9gumes, garantissant une cuisson uniforme et des r\u00e9sultats tendres. Id\u00e9al pour\",\"breadcrumb\":{\"@id\":\"https:\/\/www.erresse-shop.it\/fr\/shop\/poeles-pots\/marmites-et-cocottes-poeles-pots\/staub-cocotte-ronde-28-cm-truffe-blanche\/#breadcrumb\"},\"inLanguage\":\"fr-FR\",\"potentialAction\":[{\"@type\":\"ReadAction\",\"target\":[\"https:\/\/www.erresse-shop.it\/fr\/shop\/poeles-pots\/marmites-et-cocottes-poeles-pots\/staub-cocotte-ronde-28-cm-truffe-blanche\/\"]}]},{\"@type\":\"BreadcrumbList\",\"@id\":\"https:\/\/www.erresse-shop.it\/fr\/shop\/poeles-pots\/marmites-et-cocottes-poeles-pots\/staub-cocotte-ronde-28-cm-truffe-blanche\/#breadcrumb\",\"itemListElement\":[{\"@type\":\"ListItem\",\"position\":1,\"name\":\"Home\",\"item\":\"https:\/\/www.erresse-shop.it\/fr\/\"},{\"@type\":\"ListItem\",\"position\":2,\"name\":\"Shop\",\"item\":\"https:\/\/www.erresse-shop.it\/fr\/shop\/\"},{\"@type\":\"ListItem\",\"position\":3,\"name\":\"STAUB Cocotte Ronde 28 cm Truffe blanche\"}]},{\"@type\":\"WebSite\",\"@id\":\"https:\/\/www.erresse-shop.it\/fr\/#website\",\"url\":\"https:\/\/www.erresse-shop.it\/fr\/\",\"name\":\"Erresse Shop\",\"description\":\"Articoli di qualit\u00e0 per la casa\",\"potentialAction\":[{\"@type\":\"SearchAction\",\"target\":{\"@type\":\"EntryPoint\",\"urlTemplate\":\"https:\/\/www.erresse-shop.it\/fr\/?s={search_term_string}\"},\"query-input\":\"required name=search_term_string\"}],\"inLanguage\":\"fr-FR\"}]}<\/script>\n<!-- \/ Yoast SEO Premium plugin. -->","yoast_head_json":{"title":"STAUB Cocotte Ronde 28 cm Truffe blanche - Erresse Shop","description":"La cocotte Staub est parfaite pour la cuisson lente de la viande et des l\u00e9gumes, garantissant une cuisson uniforme et des r\u00e9sultats tendres. Id\u00e9al pour","robots":{"index":"index","follow":"follow","max-snippet":"max-snippet:-1","max-image-preview":"max-image-preview:large","max-video-preview":"max-video-preview:-1"},"canonical":"https:\/\/www.erresse-shop.it\/fr\/shop\/poeles-pots\/marmites-et-cocottes-poeles-pots\/staub-cocotte-ronde-28-cm-truffe-blanche\/","og_locale":"fr_FR","og_type":"article","og_title":"STAUB Cocotte Ronde 28 cm Truffe blanche","og_description":"La cocotte Staub est parfaite pour la cuisson lente de la viande et des l\u00e9gumes, garantissant une cuisson uniforme et des r\u00e9sultats tendres. Id\u00e9al pour","og_url":"https:\/\/www.erresse-shop.it\/fr\/shop\/poeles-pots\/marmites-et-cocottes-poeles-pots\/staub-cocotte-ronde-28-cm-truffe-blanche\/","og_site_name":"Erresse Shop","article_modified_time":"2026-02-27T11:30:30+00:00","og_image":[{"width":1200,"height":1200,"url":"https:\/\/www.erresse-shop.it\/wp-content\/uploads\/2025\/01\/STAUB-Cocotte-Tonda-22cm-Bianco-Tartufo.jpg","type":"image\/jpeg"}],"twitter_card":"summary_large_image","schema":{"@context":"https:\/\/schema.org","@graph":[{"@type":"WebPage","@id":"https:\/\/www.erresse-shop.it\/fr\/shop\/poeles-pots\/marmites-et-cocottes-poeles-pots\/staub-cocotte-ronde-28-cm-truffe-blanche\/","url":"https:\/\/www.erresse-shop.it\/fr\/shop\/poeles-pots\/marmites-et-cocottes-poeles-pots\/staub-cocotte-ronde-28-cm-truffe-blanche\/","name":"STAUB Cocotte Ronde 28 cm Truffe blanche - Erresse Shop","isPartOf":{"@id":"https:\/\/www.erresse-shop.it\/fr\/#website"},"datePublished":"2025-04-10T10:11:01+00:00","dateModified":"2026-02-27T11:30:30+00:00","description":"La cocotte Staub est parfaite pour la cuisson lente de la viande et des l\u00e9gumes, garantissant une cuisson uniforme et des r\u00e9sultats tendres. Id\u00e9al pour","breadcrumb":{"@id":"https:\/\/www.erresse-shop.it\/fr\/shop\/poeles-pots\/marmites-et-cocottes-poeles-pots\/staub-cocotte-ronde-28-cm-truffe-blanche\/#breadcrumb"},"inLanguage":"fr-FR","potentialAction":[{"@type":"ReadAction","target":["https:\/\/www.erresse-shop.it\/fr\/shop\/poeles-pots\/marmites-et-cocottes-poeles-pots\/staub-cocotte-ronde-28-cm-truffe-blanche\/"]}]},{"@type":"BreadcrumbList","@id":"https:\/\/www.erresse-shop.it\/fr\/shop\/poeles-pots\/marmites-et-cocottes-poeles-pots\/staub-cocotte-ronde-28-cm-truffe-blanche\/#breadcrumb","itemListElement":[{"@type":"ListItem","position":1,"name":"Home","item":"https:\/\/www.erresse-shop.it\/fr\/"},{"@type":"ListItem","position":2,"name":"Shop","item":"https:\/\/www.erresse-shop.it\/fr\/shop\/"},{"@type":"ListItem","position":3,"name":"STAUB Cocotte Ronde 28 cm Truffe blanche"}]},{"@type":"WebSite","@id":"https:\/\/www.erresse-shop.it\/fr\/#website","url":"https:\/\/www.erresse-shop.it\/fr\/","name":"Erresse Shop","description":"Articoli di qualit\u00e0 per la casa","potentialAction":[{"@type":"SearchAction","target":{"@type":"EntryPoint","urlTemplate":"https:\/\/www.erresse-shop.it\/fr\/?s={search_term_string}"},"query-input":"required name=search_term_string"}],"inLanguage":"fr-FR"}]}},"df_price":174.5,"df_sale_price":174.5,"df_regular_price":349,"df_image_link":"https:\/\/www.erresse-shop.it\/wp-content\/uploads\/2025\/01\/STAUB-Cocotte-Tonda-22cm-Bianco-Tartufo-300x300.jpg","_links":{"self":[{"href":"https:\/\/www.erresse-shop.it\/fr\/wp-json\/wp\/v2\/product\/490052"}],"collection":[{"href":"https:\/\/www.erresse-shop.it\/fr\/wp-json\/wp\/v2\/product"}],"about":[{"href":"https:\/\/www.erresse-shop.it\/fr\/wp-json\/wp\/v2\/types\/product"}],"wp:featuredmedia":[{"embeddable":true,"href":"https:\/\/www.erresse-shop.it\/fr\/wp-json\/wp\/v2\/media\/464510"}],"wp:attachment":[{"href":"https:\/\/www.erresse-shop.it\/fr\/wp-json\/wp\/v2\/media?parent=490052"}],"wp:term":[{"taxonomy":"product_cat","embeddable":true,"href":"https:\/\/www.erresse-shop.it\/fr\/wp-json\/wp\/v2\/product_cat?post=490052"},{"taxonomy":"product_tag","embeddable":true,"href":"https:\/\/www.erresse-shop.it\/fr\/wp-json\/wp\/v2\/product_tag?post=490052"}],"curies":[{"name":"wp","href":"https:\/\/api.w.org\/{rel}","templated":true}]}}