{"id":487324,"date":"2025-04-03T10:45:57","date_gmt":"2025-04-03T10:46:00","guid":{"rendered":"https:\/\/www.erresse-shop.it\/?post_type=product&#038;p=487324"},"modified":"2026-02-03T13:08:39","modified_gmt":"2026-02-03T13:08:39","slug":"toms-drag-girafe-roxanna-silver-line","status":"publish","type":"product","link":"https:\/\/www.erresse-shop.it\/fr\/shop\/ameublement-maison\/objets-de-decoration\/toms-drag-girafe-roxanna-silver-line\/","title":{"rendered":"TOM&#8217;S DRAG Girafe Roxanna Silver Line"},"content":{"rendered":"<p><strong>Mat\u00e9riau :<\/strong> fibre de verre<\/p>\n<p><strong>Girafe Roxanna Silver Line<br \/>\n<\/strong>Avec ses 150 cm de haut, il rencontre tout le monde au niveau des yeux et vous ne pouvez pas vous emp\u00eacher d&#8217;aimer cette girafe originale et charmante. Il pr\u00e9sente des d\u00e9corations en forme de \u00ab fleur \u00bb (\u00e9pinglables, nous recommandons de les coller) sur son long col et une cigarette sophistiqu\u00e9e (amovible pour les pauses cigarette, bien s\u00fbr, m\u00eame de fa\u00e7on permanente).<\/p>\n<p><strong>Dimensions :<\/strong> 30 x 20, H. 150<\/p>\n","protected":false},"excerpt":{"rendered":"<p>Mat\u00e9riau : fibre de verre Girafe Roxanna Silver Line Avec ses 150 cm de haut, il rencontre tout le monde<\/p>\n","protected":false},"featured_media":487329,"template":"","meta":{"_acf_changed":false,"inline_featured_image":false},"product_cat":[12738,14441],"product_tag":[25036,17405],"acf":[],"yoast_head":"<!-- This site is optimized with the Yoast SEO Premium plugin v18.6 (Yoast SEO v19.13) - https:\/\/yoast.com\/wordpress\/plugins\/seo\/ -->\n<title>TOM&#039;S DRAG Girafe Roxanna Silver Line - Erresse Shop<\/title>\n<meta name=\"description\" content=\"Mat\u00e9riau : fibre de verre Girafe Roxanna Silver Line Avec ses 150 cm de haut, il rencontre tout le monde au niveau des yeux et vous ne pouvez pas vous\" \/>\n<meta name=\"robots\" content=\"index, follow, max-snippet:-1, max-image-preview:large, max-video-preview:-1\" \/>\n<link rel=\"canonical\" href=\"https:\/\/www.erresse-shop.it\/fr\/shop\/ameublement-maison\/objets-de-decoration\/toms-drag-girafe-roxanna-silver-line\/\" \/>\n<meta property=\"og:locale\" content=\"fr_FR\" \/>\n<meta property=\"og:type\" content=\"article\" \/>\n<meta property=\"og:title\" content=\"TOM&#039;S DRAG Girafe Roxanna Silver Line\" \/>\n<meta property=\"og:description\" content=\"Mat\u00e9riau : fibre de verre Girafe Roxanna Silver Line Avec ses 150 cm de haut, il rencontre tout le monde au niveau des yeux et vous ne pouvez pas vous\" \/>\n<meta property=\"og:url\" content=\"https:\/\/www.erresse-shop.it\/fr\/shop\/ameublement-maison\/objets-de-decoration\/toms-drag-girafe-roxanna-silver-line\/\" \/>\n<meta property=\"og:site_name\" content=\"Erresse Shop\" \/>\n<meta property=\"article:modified_time\" content=\"2026-02-03T13:08:39+00:00\" \/>\n<meta property=\"og:image\" content=\"https:\/\/www.erresse-shop.it\/wp-content\/uploads\/2025\/04\/TOMS-DRAG-Giraffa-Roxanna-Silver-Line.jpg\" \/>\n\t<meta property=\"og:image:width\" content=\"1200\" \/>\n\t<meta property=\"og:image:height\" content=\"1200\" \/>\n\t<meta property=\"og:image:type\" content=\"image\/jpeg\" \/>\n<meta name=\"twitter:card\" content=\"summary_large_image\" \/>\n<script type=\"application\/ld+json\" class=\"yoast-schema-graph\">{\"@context\":\"https:\/\/schema.org\",\"@graph\":[{\"@type\":\"WebPage\",\"@id\":\"https:\/\/www.erresse-shop.it\/fr\/shop\/ameublement-maison\/objets-de-decoration\/toms-drag-girafe-roxanna-silver-line\/\",\"url\":\"https:\/\/www.erresse-shop.it\/fr\/shop\/ameublement-maison\/objets-de-decoration\/toms-drag-girafe-roxanna-silver-line\/\",\"name\":\"TOM'S DRAG Girafe Roxanna Silver Line - Erresse Shop\",\"isPartOf\":{\"@id\":\"https:\/\/www.erresse-shop.it\/fr\/#website\"},\"datePublished\":\"2025-04-03T10:46:00+00:00\",\"dateModified\":\"2026-02-03T13:08:39+00:00\",\"description\":\"Mat\u00e9riau : fibre de verre Girafe Roxanna Silver Line Avec ses 150 cm de haut, il rencontre tout le monde au niveau des yeux et vous ne pouvez pas vous\",\"breadcrumb\":{\"@id\":\"https:\/\/www.erresse-shop.it\/fr\/shop\/ameublement-maison\/objets-de-decoration\/toms-drag-girafe-roxanna-silver-line\/#breadcrumb\"},\"inLanguage\":\"fr-FR\",\"potentialAction\":[{\"@type\":\"ReadAction\",\"target\":[\"https:\/\/www.erresse-shop.it\/fr\/shop\/ameublement-maison\/objets-de-decoration\/toms-drag-girafe-roxanna-silver-line\/\"]}]},{\"@type\":\"BreadcrumbList\",\"@id\":\"https:\/\/www.erresse-shop.it\/fr\/shop\/ameublement-maison\/objets-de-decoration\/toms-drag-girafe-roxanna-silver-line\/#breadcrumb\",\"itemListElement\":[{\"@type\":\"ListItem\",\"position\":1,\"name\":\"Home\",\"item\":\"https:\/\/www.erresse-shop.it\/fr\/\"},{\"@type\":\"ListItem\",\"position\":2,\"name\":\"Shop\",\"item\":\"https:\/\/www.erresse-shop.it\/fr\/shop\/\"},{\"@type\":\"ListItem\",\"position\":3,\"name\":\"TOM&#8217;S DRAG Girafe Roxanna Silver Line\"}]},{\"@type\":\"WebSite\",\"@id\":\"https:\/\/www.erresse-shop.it\/fr\/#website\",\"url\":\"https:\/\/www.erresse-shop.it\/fr\/\",\"name\":\"Erresse Shop\",\"description\":\"Articoli di qualit\u00e0 per la casa\",\"potentialAction\":[{\"@type\":\"SearchAction\",\"target\":{\"@type\":\"EntryPoint\",\"urlTemplate\":\"https:\/\/www.erresse-shop.it\/fr\/?s={search_term_string}\"},\"query-input\":\"required name=search_term_string\"}],\"inLanguage\":\"fr-FR\"}]}<\/script>\n<!-- \/ Yoast SEO Premium plugin. -->","yoast_head_json":{"title":"TOM'S DRAG Girafe Roxanna Silver Line - Erresse Shop","description":"Mat\u00e9riau : fibre de verre Girafe Roxanna Silver Line Avec ses 150 cm de haut, il rencontre tout le monde au niveau des yeux et vous ne pouvez pas vous","robots":{"index":"index","follow":"follow","max-snippet":"max-snippet:-1","max-image-preview":"max-image-preview:large","max-video-preview":"max-video-preview:-1"},"canonical":"https:\/\/www.erresse-shop.it\/fr\/shop\/ameublement-maison\/objets-de-decoration\/toms-drag-girafe-roxanna-silver-line\/","og_locale":"fr_FR","og_type":"article","og_title":"TOM'S DRAG Girafe Roxanna Silver Line","og_description":"Mat\u00e9riau : fibre de verre Girafe Roxanna Silver Line Avec ses 150 cm de haut, il rencontre tout le monde au niveau des yeux et vous ne pouvez pas vous","og_url":"https:\/\/www.erresse-shop.it\/fr\/shop\/ameublement-maison\/objets-de-decoration\/toms-drag-girafe-roxanna-silver-line\/","og_site_name":"Erresse Shop","article_modified_time":"2026-02-03T13:08:39+00:00","og_image":[{"width":1200,"height":1200,"url":"https:\/\/www.erresse-shop.it\/wp-content\/uploads\/2025\/04\/TOMS-DRAG-Giraffa-Roxanna-Silver-Line.jpg","type":"image\/jpeg"}],"twitter_card":"summary_large_image","schema":{"@context":"https:\/\/schema.org","@graph":[{"@type":"WebPage","@id":"https:\/\/www.erresse-shop.it\/fr\/shop\/ameublement-maison\/objets-de-decoration\/toms-drag-girafe-roxanna-silver-line\/","url":"https:\/\/www.erresse-shop.it\/fr\/shop\/ameublement-maison\/objets-de-decoration\/toms-drag-girafe-roxanna-silver-line\/","name":"TOM'S DRAG Girafe Roxanna Silver Line - Erresse Shop","isPartOf":{"@id":"https:\/\/www.erresse-shop.it\/fr\/#website"},"datePublished":"2025-04-03T10:46:00+00:00","dateModified":"2026-02-03T13:08:39+00:00","description":"Mat\u00e9riau : fibre de verre Girafe Roxanna Silver Line Avec ses 150 cm de haut, il rencontre tout le monde au niveau des yeux et vous ne pouvez pas vous","breadcrumb":{"@id":"https:\/\/www.erresse-shop.it\/fr\/shop\/ameublement-maison\/objets-de-decoration\/toms-drag-girafe-roxanna-silver-line\/#breadcrumb"},"inLanguage":"fr-FR","potentialAction":[{"@type":"ReadAction","target":["https:\/\/www.erresse-shop.it\/fr\/shop\/ameublement-maison\/objets-de-decoration\/toms-drag-girafe-roxanna-silver-line\/"]}]},{"@type":"BreadcrumbList","@id":"https:\/\/www.erresse-shop.it\/fr\/shop\/ameublement-maison\/objets-de-decoration\/toms-drag-girafe-roxanna-silver-line\/#breadcrumb","itemListElement":[{"@type":"ListItem","position":1,"name":"Home","item":"https:\/\/www.erresse-shop.it\/fr\/"},{"@type":"ListItem","position":2,"name":"Shop","item":"https:\/\/www.erresse-shop.it\/fr\/shop\/"},{"@type":"ListItem","position":3,"name":"TOM&#8217;S DRAG Girafe Roxanna Silver Line"}]},{"@type":"WebSite","@id":"https:\/\/www.erresse-shop.it\/fr\/#website","url":"https:\/\/www.erresse-shop.it\/fr\/","name":"Erresse Shop","description":"Articoli di qualit\u00e0 per la casa","potentialAction":[{"@type":"SearchAction","target":{"@type":"EntryPoint","urlTemplate":"https:\/\/www.erresse-shop.it\/fr\/?s={search_term_string}"},"query-input":"required name=search_term_string"}],"inLanguage":"fr-FR"}]}},"df_price":374.40000000000003,"df_sale_price":374.40000000000003,"df_regular_price":720,"df_image_link":"https:\/\/www.erresse-shop.it\/wp-content\/uploads\/2025\/04\/TOMS-DRAG-Giraffa-Roxanna-Silver-Line-300x300.jpg","_links":{"self":[{"href":"https:\/\/www.erresse-shop.it\/fr\/wp-json\/wp\/v2\/product\/487324"}],"collection":[{"href":"https:\/\/www.erresse-shop.it\/fr\/wp-json\/wp\/v2\/product"}],"about":[{"href":"https:\/\/www.erresse-shop.it\/fr\/wp-json\/wp\/v2\/types\/product"}],"wp:featuredmedia":[{"embeddable":true,"href":"https:\/\/www.erresse-shop.it\/fr\/wp-json\/wp\/v2\/media\/487329"}],"wp:attachment":[{"href":"https:\/\/www.erresse-shop.it\/fr\/wp-json\/wp\/v2\/media?parent=487324"}],"wp:term":[{"taxonomy":"product_cat","embeddable":true,"href":"https:\/\/www.erresse-shop.it\/fr\/wp-json\/wp\/v2\/product_cat?post=487324"},{"taxonomy":"product_tag","embeddable":true,"href":"https:\/\/www.erresse-shop.it\/fr\/wp-json\/wp\/v2\/product_tag?post=487324"}],"curies":[{"name":"wp","href":"https:\/\/api.w.org\/{rel}","templated":true}]}}