{"id":487264,"date":"2025-04-03T09:37:41","date_gmt":"2025-04-03T09:37:51","guid":{"rendered":"https:\/\/www.erresse-shop.it\/?post_type=product&#038;p=487264"},"modified":"2026-02-03T13:32:03","modified_gmt":"2026-02-03T13:32:03","slug":"toms-drag-flamingo-xl-felicity","status":"publish","type":"product","link":"https:\/\/www.erresse-shop.it\/fr\/shop\/ameublement-maison\/objets-de-decoration\/toms-drag-flamingo-xl-felicity\/","title":{"rendered":"TOM&#8217;S DRAG Flamingo XL Felicity"},"content":{"rendered":"<p><strong>Mati\u00e8re :<\/strong> Marmorina<\/p>\n<p><strong>\u00a0Flamingo XL Felicity<\/strong><br \/>\nFelicity, notre dame flamant. Une pure joie de vivre. Avec ses bas r\u00e9sille v\u00e9ritables et son chapeau \u00e9l\u00e9gant, elle enchante tout le monde. La joie est partout. Il suffit de la d\u00e9couvrir.<\/p>\n<p><strong>Dimensions :<\/strong> 40 x 20 x h 157 cm<\/p>\n","protected":false},"excerpt":{"rendered":"<p>Mati\u00e8re : Marmorina \u00a0Flamingo XL Felicity Felicity, notre dame flamant. Une pure joie de vivre. Avec ses bas r\u00e9sille v\u00e9ritables<\/p>\n","protected":false},"featured_media":487275,"template":"","meta":{"_acf_changed":false,"inline_featured_image":false},"product_cat":[12738,14441],"product_tag":[25036,17405],"acf":[],"yoast_head":"<!-- This site is optimized with the Yoast SEO Premium plugin v18.6 (Yoast SEO v19.13) - https:\/\/yoast.com\/wordpress\/plugins\/seo\/ -->\n<title>TOM&#039;S DRAG Flamingo XL Felicity - Erresse Shop<\/title>\n<meta name=\"description\" content=\"Mati\u00e8re : Marmorina \u00a0Flamingo XL Felicity Felicity, notre dame flamant. Une pure joie de vivre. Avec ses bas r\u00e9sille v\u00e9ritables et son chapeau \u00e9l\u00e9gant,\" \/>\n<meta name=\"robots\" content=\"index, follow, max-snippet:-1, max-image-preview:large, max-video-preview:-1\" \/>\n<link rel=\"canonical\" href=\"https:\/\/www.erresse-shop.it\/fr\/shop\/ameublement-maison\/objets-de-decoration\/toms-drag-flamingo-xl-felicity\/\" \/>\n<meta property=\"og:locale\" content=\"fr_FR\" \/>\n<meta property=\"og:type\" content=\"article\" \/>\n<meta property=\"og:title\" content=\"TOM&#039;S DRAG Flamingo XL Felicity\" \/>\n<meta property=\"og:description\" content=\"Mati\u00e8re : Marmorina \u00a0Flamingo XL Felicity Felicity, notre dame flamant. Une pure joie de vivre. Avec ses bas r\u00e9sille v\u00e9ritables et son chapeau \u00e9l\u00e9gant,\" \/>\n<meta property=\"og:url\" content=\"https:\/\/www.erresse-shop.it\/fr\/shop\/ameublement-maison\/objets-de-decoration\/toms-drag-flamingo-xl-felicity\/\" \/>\n<meta property=\"og:site_name\" content=\"Erresse Shop\" \/>\n<meta property=\"article:modified_time\" content=\"2026-02-03T13:32:03+00:00\" \/>\n<meta property=\"og:image\" content=\"https:\/\/www.erresse-shop.it\/wp-content\/uploads\/2025\/04\/TOMS-DRAG-Fenicottero-XL-Felicity.jpg\" \/>\n\t<meta property=\"og:image:width\" content=\"1200\" \/>\n\t<meta property=\"og:image:height\" content=\"1200\" \/>\n\t<meta property=\"og:image:type\" content=\"image\/jpeg\" \/>\n<meta name=\"twitter:card\" content=\"summary_large_image\" \/>\n<script type=\"application\/ld+json\" class=\"yoast-schema-graph\">{\"@context\":\"https:\/\/schema.org\",\"@graph\":[{\"@type\":\"WebPage\",\"@id\":\"https:\/\/www.erresse-shop.it\/fr\/shop\/ameublement-maison\/objets-de-decoration\/toms-drag-flamingo-xl-felicity\/\",\"url\":\"https:\/\/www.erresse-shop.it\/fr\/shop\/ameublement-maison\/objets-de-decoration\/toms-drag-flamingo-xl-felicity\/\",\"name\":\"TOM'S DRAG Flamingo XL Felicity - Erresse Shop\",\"isPartOf\":{\"@id\":\"https:\/\/www.erresse-shop.it\/fr\/#website\"},\"datePublished\":\"2025-04-03T09:37:51+00:00\",\"dateModified\":\"2026-02-03T13:32:03+00:00\",\"description\":\"Mati\u00e8re : Marmorina \u00a0Flamingo XL Felicity Felicity, notre dame flamant. Une pure joie de vivre. Avec ses bas r\u00e9sille v\u00e9ritables et son chapeau \u00e9l\u00e9gant,\",\"breadcrumb\":{\"@id\":\"https:\/\/www.erresse-shop.it\/fr\/shop\/ameublement-maison\/objets-de-decoration\/toms-drag-flamingo-xl-felicity\/#breadcrumb\"},\"inLanguage\":\"fr-FR\",\"potentialAction\":[{\"@type\":\"ReadAction\",\"target\":[\"https:\/\/www.erresse-shop.it\/fr\/shop\/ameublement-maison\/objets-de-decoration\/toms-drag-flamingo-xl-felicity\/\"]}]},{\"@type\":\"BreadcrumbList\",\"@id\":\"https:\/\/www.erresse-shop.it\/fr\/shop\/ameublement-maison\/objets-de-decoration\/toms-drag-flamingo-xl-felicity\/#breadcrumb\",\"itemListElement\":[{\"@type\":\"ListItem\",\"position\":1,\"name\":\"Home\",\"item\":\"https:\/\/www.erresse-shop.it\/fr\/\"},{\"@type\":\"ListItem\",\"position\":2,\"name\":\"Shop\",\"item\":\"https:\/\/www.erresse-shop.it\/fr\/shop\/\"},{\"@type\":\"ListItem\",\"position\":3,\"name\":\"TOM&#8217;S DRAG Flamingo XL Felicity\"}]},{\"@type\":\"WebSite\",\"@id\":\"https:\/\/www.erresse-shop.it\/fr\/#website\",\"url\":\"https:\/\/www.erresse-shop.it\/fr\/\",\"name\":\"Erresse Shop\",\"description\":\"Articoli di qualit\u00e0 per la casa\",\"potentialAction\":[{\"@type\":\"SearchAction\",\"target\":{\"@type\":\"EntryPoint\",\"urlTemplate\":\"https:\/\/www.erresse-shop.it\/fr\/?s={search_term_string}\"},\"query-input\":\"required name=search_term_string\"}],\"inLanguage\":\"fr-FR\"}]}<\/script>\n<!-- \/ Yoast SEO Premium plugin. -->","yoast_head_json":{"title":"TOM'S DRAG Flamingo XL Felicity - Erresse Shop","description":"Mati\u00e8re : Marmorina \u00a0Flamingo XL Felicity Felicity, notre dame flamant. Une pure joie de vivre. Avec ses bas r\u00e9sille v\u00e9ritables et son chapeau \u00e9l\u00e9gant,","robots":{"index":"index","follow":"follow","max-snippet":"max-snippet:-1","max-image-preview":"max-image-preview:large","max-video-preview":"max-video-preview:-1"},"canonical":"https:\/\/www.erresse-shop.it\/fr\/shop\/ameublement-maison\/objets-de-decoration\/toms-drag-flamingo-xl-felicity\/","og_locale":"fr_FR","og_type":"article","og_title":"TOM'S DRAG Flamingo XL Felicity","og_description":"Mati\u00e8re : Marmorina \u00a0Flamingo XL Felicity Felicity, notre dame flamant. Une pure joie de vivre. Avec ses bas r\u00e9sille v\u00e9ritables et son chapeau \u00e9l\u00e9gant,","og_url":"https:\/\/www.erresse-shop.it\/fr\/shop\/ameublement-maison\/objets-de-decoration\/toms-drag-flamingo-xl-felicity\/","og_site_name":"Erresse Shop","article_modified_time":"2026-02-03T13:32:03+00:00","og_image":[{"width":1200,"height":1200,"url":"https:\/\/www.erresse-shop.it\/wp-content\/uploads\/2025\/04\/TOMS-DRAG-Fenicottero-XL-Felicity.jpg","type":"image\/jpeg"}],"twitter_card":"summary_large_image","schema":{"@context":"https:\/\/schema.org","@graph":[{"@type":"WebPage","@id":"https:\/\/www.erresse-shop.it\/fr\/shop\/ameublement-maison\/objets-de-decoration\/toms-drag-flamingo-xl-felicity\/","url":"https:\/\/www.erresse-shop.it\/fr\/shop\/ameublement-maison\/objets-de-decoration\/toms-drag-flamingo-xl-felicity\/","name":"TOM'S DRAG Flamingo XL Felicity - Erresse Shop","isPartOf":{"@id":"https:\/\/www.erresse-shop.it\/fr\/#website"},"datePublished":"2025-04-03T09:37:51+00:00","dateModified":"2026-02-03T13:32:03+00:00","description":"Mati\u00e8re : Marmorina \u00a0Flamingo XL Felicity Felicity, notre dame flamant. Une pure joie de vivre. Avec ses bas r\u00e9sille v\u00e9ritables et son chapeau \u00e9l\u00e9gant,","breadcrumb":{"@id":"https:\/\/www.erresse-shop.it\/fr\/shop\/ameublement-maison\/objets-de-decoration\/toms-drag-flamingo-xl-felicity\/#breadcrumb"},"inLanguage":"fr-FR","potentialAction":[{"@type":"ReadAction","target":["https:\/\/www.erresse-shop.it\/fr\/shop\/ameublement-maison\/objets-de-decoration\/toms-drag-flamingo-xl-felicity\/"]}]},{"@type":"BreadcrumbList","@id":"https:\/\/www.erresse-shop.it\/fr\/shop\/ameublement-maison\/objets-de-decoration\/toms-drag-flamingo-xl-felicity\/#breadcrumb","itemListElement":[{"@type":"ListItem","position":1,"name":"Home","item":"https:\/\/www.erresse-shop.it\/fr\/"},{"@type":"ListItem","position":2,"name":"Shop","item":"https:\/\/www.erresse-shop.it\/fr\/shop\/"},{"@type":"ListItem","position":3,"name":"TOM&#8217;S DRAG Flamingo XL Felicity"}]},{"@type":"WebSite","@id":"https:\/\/www.erresse-shop.it\/fr\/#website","url":"https:\/\/www.erresse-shop.it\/fr\/","name":"Erresse Shop","description":"Articoli di qualit\u00e0 per la casa","potentialAction":[{"@type":"SearchAction","target":{"@type":"EntryPoint","urlTemplate":"https:\/\/www.erresse-shop.it\/fr\/?s={search_term_string}"},"query-input":"required name=search_term_string"}],"inLanguage":"fr-FR"}]}},"df_price":670.8000000000001,"df_sale_price":670.8000000000001,"df_regular_price":1290,"df_image_link":"https:\/\/www.erresse-shop.it\/wp-content\/uploads\/2025\/04\/TOMS-DRAG-Fenicottero-XL-Felicity-300x300.jpg","_links":{"self":[{"href":"https:\/\/www.erresse-shop.it\/fr\/wp-json\/wp\/v2\/product\/487264"}],"collection":[{"href":"https:\/\/www.erresse-shop.it\/fr\/wp-json\/wp\/v2\/product"}],"about":[{"href":"https:\/\/www.erresse-shop.it\/fr\/wp-json\/wp\/v2\/types\/product"}],"wp:featuredmedia":[{"embeddable":true,"href":"https:\/\/www.erresse-shop.it\/fr\/wp-json\/wp\/v2\/media\/487275"}],"wp:attachment":[{"href":"https:\/\/www.erresse-shop.it\/fr\/wp-json\/wp\/v2\/media?parent=487264"}],"wp:term":[{"taxonomy":"product_cat","embeddable":true,"href":"https:\/\/www.erresse-shop.it\/fr\/wp-json\/wp\/v2\/product_cat?post=487264"},{"taxonomy":"product_tag","embeddable":true,"href":"https:\/\/www.erresse-shop.it\/fr\/wp-json\/wp\/v2\/product_tag?post=487264"}],"curies":[{"name":"wp","href":"https:\/\/api.w.org\/{rel}","templated":true}]}}