{"id":487170,"date":"2025-04-03T07:56:01","date_gmt":"2025-04-03T07:56:05","guid":{"rendered":"https:\/\/www.erresse-shop.it\/?post_type=product&#038;p=487170"},"modified":"2025-04-03T08:04:31","modified_gmt":"2025-04-03T08:04:31","slug":"gastrolux-evo-poele-a-induction-basse-24-cm-poignee-amovible-copia-2","status":"publish","type":"product","link":"https:\/\/www.erresse-shop.it\/fr\/shop\/poeles-pots\/poeles\/gastrolux-evo-poele-a-induction-basse-24-cm-poignee-amovible-copia-2\/","title":{"rendered":"GASTROLUX Evo Po\u00eale \u00e0 Frire Haute Iduction 24 cm Poign\u00e9e Amovible"},"content":{"rendered":"<p><strong>Po\u00eales Evo \u2013 Innovation, performance et s\u00e9curit\u00e9 dans votre cuisine<\/strong><\/p>\n<p>D\u00e9couvrez la nouvelle ligne Evo, con\u00e7ue pour offrir la possibilit\u00e9 de cuisiner avec des produits de nouvelle g\u00e9n\u00e9ration qui r\u00e9pondent d\u00e9j\u00e0 aux standards de demain. Fi\u00e8rement fabriqu\u00e9s au c\u0153ur du Danemark, les ustensiles de cuisine Evo sont le r\u00e9sultat d&#8217;une innovation constante, con\u00e7us pour inspirer l&#8217;amour de la cuisine aux chefs amateurs et professionnels. Avec Evo, chaque plat devient une exp\u00e9rience unique, gr\u00e2ce \u00e0 sa qualit\u00e9 sup\u00e9rieure et \u00e0 ses fonctionnalit\u00e9s avanc\u00e9es.<\/p>\n<p><strong>Rev\u00eatement antiadh\u00e9sif EVO sans PFAS<\/strong><br \/>\nLa surface de cuisson Evo est totalement exempte de PFAS, de produits chimiques perfluoroalkyl\u00e9s, garantissant un choix s\u00fbr et \u00e9cologique pour votre cuisine. Enrichie en biomin\u00e9raux, cette technologie \u00e9cologique offre une efficacit\u00e9 durable, am\u00e9liorant l&#8217;exp\u00e9rience de cuisson et simplifiant le nettoyage.<\/p>\n<p><strong>Compatible four jusqu&#8217;\u00e0 400\u00b0C<\/strong><br \/>\nLes po\u00eales Evo, avec poign\u00e9es amovibles, passent au four jusqu&#8217;\u00e0 400\u00b0C. Cette polyvalence vous permet de passer facilement de la plaque de cuisson au four, \u00e9largissant ainsi les possibilit\u00e9s de pr\u00e9paration de vos plats.<\/p>\n<p><strong>Innovation et durabilit\u00e9<\/strong><br \/>\nLa base et le rev\u00eatement innovant des po\u00eales Evo sont con\u00e7us pour offrir une r\u00e9sistance exceptionnelle, \u00e9galement adapt\u00e9e \u00e0 une utilisation au four jusqu&#8217;\u00e0 400\u00b0C. La durabilit\u00e9 et la polyvalence \u00e0 long terme vous permettent d&#8217;aborder diff\u00e9rentes techniques de cuisson sans compromettre la s\u00e9curit\u00e9 et les performances.<\/p>\n<p><strong>Performances antiadh\u00e9sives in\u00e9gal\u00e9es<\/strong><br \/>\nEvo \u00e9tablit une nouvelle norme en mati\u00e8re de technologie antiadh\u00e9sive, offrant une cuisson sans effort et un d\u00e9moulage impeccable des aliments. \u00c0 chaque fois, les r\u00e9sultats sont \u00e9tonnants et le nettoyage est rapide et facile, pour une exp\u00e9rience de cuisson sans stress.<\/p>\n<p>Choisissez Evo pour une cuisine saine, s\u00fbre et innovante. Avec ces casseroles de derni\u00e8re g\u00e9n\u00e9ration, vous apportez l&#8217;excellence chez vous dans la pr\u00e9paration de vos plats.<\/p>\n","protected":false},"excerpt":{"rendered":"<p>Po\u00eales Evo \u2013 Innovation, performance et s\u00e9curit\u00e9 dans votre cuisine D\u00e9couvrez la nouvelle ligne Evo, con\u00e7ue pour offrir la possibilit\u00e9<\/p>\n","protected":false},"featured_media":487175,"template":"","meta":{"_acf_changed":false,"inline_featured_image":false},"product_cat":[12458,14802],"product_tag":[25026,15302,21529,25021,12461,22673,13178],"acf":[],"yoast_head":"<!-- This site is optimized with the Yoast SEO Premium plugin v18.6 (Yoast SEO v19.13) - https:\/\/yoast.com\/wordpress\/plugins\/seo\/ -->\n<title>GASTROLUX Po\u00eale \u00e0 induction basse 20 cm Poign\u00e9e amovible<\/title>\n<meta name=\"description\" content=\"D\u00e9couvrez GASTROLUX Po\u00eale \u00e0 induction basse 20 cm Poign\u00e9e amovible sur ErresseShop. Qualit\u00e9, prix r\u00e9duits et achat s\u00e9curis\u00e9 \u2013 commandez d\u00e8s maintenant en ligne !\" \/>\n<meta name=\"robots\" content=\"index, follow, max-snippet:-1, max-image-preview:large, max-video-preview:-1\" \/>\n<link rel=\"canonical\" href=\"https:\/\/www.erresse-shop.it\/fr\/shop\/poeles-pots\/poeles\/gastrolux-evo-poele-a-induction-basse-24-cm-poignee-amovible-copia-2\/\" \/>\n<meta property=\"og:locale\" content=\"fr_FR\" \/>\n<meta property=\"og:type\" content=\"article\" \/>\n<meta property=\"og:title\" content=\"GASTROLUX Evo Po\u00eale \u00e0 Frire Haute Iduction 24 cm Poign\u00e9e Amovible\" \/>\n<meta property=\"og:description\" content=\"D\u00e9couvrez GASTROLUX Po\u00eale \u00e0 induction basse 20 cm Poign\u00e9e amovible sur ErresseShop. Qualit\u00e9, prix r\u00e9duits et achat s\u00e9curis\u00e9 \u2013 commandez d\u00e8s maintenant en ligne !\" \/>\n<meta property=\"og:url\" content=\"https:\/\/www.erresse-shop.it\/fr\/shop\/poeles-pots\/poeles\/gastrolux-evo-poele-a-induction-basse-24-cm-poignee-amovible-copia-2\/\" \/>\n<meta property=\"og:site_name\" content=\"Erresse Shop\" \/>\n<meta property=\"article:modified_time\" content=\"2025-04-03T08:04:31+00:00\" \/>\n<meta property=\"og:image\" content=\"https:\/\/www.erresse-shop.it\/wp-content\/uploads\/2025\/04\/GASTROLUX-Evo-Padella-Alta-Induzione-24-cm-Manico-Rimovibile.jpg\" \/>\n\t<meta property=\"og:image:width\" content=\"1200\" \/>\n\t<meta property=\"og:image:height\" content=\"1200\" \/>\n\t<meta property=\"og:image:type\" content=\"image\/jpeg\" \/>\n<meta name=\"twitter:card\" content=\"summary_large_image\" \/>\n<script type=\"application\/ld+json\" class=\"yoast-schema-graph\">{\"@context\":\"https:\/\/schema.org\",\"@graph\":[{\"@type\":\"WebPage\",\"@id\":\"https:\/\/www.erresse-shop.it\/fr\/shop\/poeles-pots\/poeles\/gastrolux-evo-poele-a-induction-basse-24-cm-poignee-amovible-copia-2\/\",\"url\":\"https:\/\/www.erresse-shop.it\/fr\/shop\/poeles-pots\/poeles\/gastrolux-evo-poele-a-induction-basse-24-cm-poignee-amovible-copia-2\/\",\"name\":\"GASTROLUX Po\u00eale \u00e0 induction basse 20 cm Poign\u00e9e amovible\",\"isPartOf\":{\"@id\":\"https:\/\/www.erresse-shop.it\/fr\/#website\"},\"datePublished\":\"2025-04-03T07:56:05+00:00\",\"dateModified\":\"2025-04-03T08:04:31+00:00\",\"description\":\"D\u00e9couvrez GASTROLUX Po\u00eale \u00e0 induction basse 20 cm Poign\u00e9e amovible sur ErresseShop. Qualit\u00e9, prix r\u00e9duits et achat s\u00e9curis\u00e9 \u2013 commandez d\u00e8s maintenant en ligne !\",\"breadcrumb\":{\"@id\":\"https:\/\/www.erresse-shop.it\/fr\/shop\/poeles-pots\/poeles\/gastrolux-evo-poele-a-induction-basse-24-cm-poignee-amovible-copia-2\/#breadcrumb\"},\"inLanguage\":\"fr-FR\",\"potentialAction\":[{\"@type\":\"ReadAction\",\"target\":[\"https:\/\/www.erresse-shop.it\/fr\/shop\/poeles-pots\/poeles\/gastrolux-evo-poele-a-induction-basse-24-cm-poignee-amovible-copia-2\/\"]}]},{\"@type\":\"BreadcrumbList\",\"@id\":\"https:\/\/www.erresse-shop.it\/fr\/shop\/poeles-pots\/poeles\/gastrolux-evo-poele-a-induction-basse-24-cm-poignee-amovible-copia-2\/#breadcrumb\",\"itemListElement\":[{\"@type\":\"ListItem\",\"position\":1,\"name\":\"Home\",\"item\":\"https:\/\/www.erresse-shop.it\/fr\/\"},{\"@type\":\"ListItem\",\"position\":2,\"name\":\"Shop\",\"item\":\"https:\/\/www.erresse-shop.it\/fr\/shop\/\"},{\"@type\":\"ListItem\",\"position\":3,\"name\":\"GASTROLUX Evo Po\u00eale \u00e0 Frire Haute Iduction 24 cm Poign\u00e9e Amovible\"}]},{\"@type\":\"WebSite\",\"@id\":\"https:\/\/www.erresse-shop.it\/fr\/#website\",\"url\":\"https:\/\/www.erresse-shop.it\/fr\/\",\"name\":\"Erresse Shop\",\"description\":\"Articoli di qualit\u00e0 per la casa\",\"potentialAction\":[{\"@type\":\"SearchAction\",\"target\":{\"@type\":\"EntryPoint\",\"urlTemplate\":\"https:\/\/www.erresse-shop.it\/fr\/?s={search_term_string}\"},\"query-input\":\"required name=search_term_string\"}],\"inLanguage\":\"fr-FR\"}]}<\/script>\n<!-- \/ Yoast SEO Premium plugin. -->","yoast_head_json":{"title":"GASTROLUX Po\u00eale \u00e0 induction basse 20 cm Poign\u00e9e amovible","description":"D\u00e9couvrez GASTROLUX Po\u00eale \u00e0 induction basse 20 cm Poign\u00e9e amovible sur ErresseShop. Qualit\u00e9, prix r\u00e9duits et achat s\u00e9curis\u00e9 \u2013 commandez d\u00e8s maintenant en ligne !","robots":{"index":"index","follow":"follow","max-snippet":"max-snippet:-1","max-image-preview":"max-image-preview:large","max-video-preview":"max-video-preview:-1"},"canonical":"https:\/\/www.erresse-shop.it\/fr\/shop\/poeles-pots\/poeles\/gastrolux-evo-poele-a-induction-basse-24-cm-poignee-amovible-copia-2\/","og_locale":"fr_FR","og_type":"article","og_title":"GASTROLUX Evo Po\u00eale \u00e0 Frire Haute Iduction 24 cm Poign\u00e9e Amovible","og_description":"D\u00e9couvrez GASTROLUX Po\u00eale \u00e0 induction basse 20 cm Poign\u00e9e amovible sur ErresseShop. Qualit\u00e9, prix r\u00e9duits et achat s\u00e9curis\u00e9 \u2013 commandez d\u00e8s maintenant en ligne !","og_url":"https:\/\/www.erresse-shop.it\/fr\/shop\/poeles-pots\/poeles\/gastrolux-evo-poele-a-induction-basse-24-cm-poignee-amovible-copia-2\/","og_site_name":"Erresse Shop","article_modified_time":"2025-04-03T08:04:31+00:00","og_image":[{"width":1200,"height":1200,"url":"https:\/\/www.erresse-shop.it\/wp-content\/uploads\/2025\/04\/GASTROLUX-Evo-Padella-Alta-Induzione-24-cm-Manico-Rimovibile.jpg","type":"image\/jpeg"}],"twitter_card":"summary_large_image","schema":{"@context":"https:\/\/schema.org","@graph":[{"@type":"WebPage","@id":"https:\/\/www.erresse-shop.it\/fr\/shop\/poeles-pots\/poeles\/gastrolux-evo-poele-a-induction-basse-24-cm-poignee-amovible-copia-2\/","url":"https:\/\/www.erresse-shop.it\/fr\/shop\/poeles-pots\/poeles\/gastrolux-evo-poele-a-induction-basse-24-cm-poignee-amovible-copia-2\/","name":"GASTROLUX Po\u00eale \u00e0 induction basse 20 cm Poign\u00e9e amovible","isPartOf":{"@id":"https:\/\/www.erresse-shop.it\/fr\/#website"},"datePublished":"2025-04-03T07:56:05+00:00","dateModified":"2025-04-03T08:04:31+00:00","description":"D\u00e9couvrez GASTROLUX Po\u00eale \u00e0 induction basse 20 cm Poign\u00e9e amovible sur ErresseShop. Qualit\u00e9, prix r\u00e9duits et achat s\u00e9curis\u00e9 \u2013 commandez d\u00e8s maintenant en ligne !","breadcrumb":{"@id":"https:\/\/www.erresse-shop.it\/fr\/shop\/poeles-pots\/poeles\/gastrolux-evo-poele-a-induction-basse-24-cm-poignee-amovible-copia-2\/#breadcrumb"},"inLanguage":"fr-FR","potentialAction":[{"@type":"ReadAction","target":["https:\/\/www.erresse-shop.it\/fr\/shop\/poeles-pots\/poeles\/gastrolux-evo-poele-a-induction-basse-24-cm-poignee-amovible-copia-2\/"]}]},{"@type":"BreadcrumbList","@id":"https:\/\/www.erresse-shop.it\/fr\/shop\/poeles-pots\/poeles\/gastrolux-evo-poele-a-induction-basse-24-cm-poignee-amovible-copia-2\/#breadcrumb","itemListElement":[{"@type":"ListItem","position":1,"name":"Home","item":"https:\/\/www.erresse-shop.it\/fr\/"},{"@type":"ListItem","position":2,"name":"Shop","item":"https:\/\/www.erresse-shop.it\/fr\/shop\/"},{"@type":"ListItem","position":3,"name":"GASTROLUX Evo Po\u00eale \u00e0 Frire Haute Iduction 24 cm Poign\u00e9e Amovible"}]},{"@type":"WebSite","@id":"https:\/\/www.erresse-shop.it\/fr\/#website","url":"https:\/\/www.erresse-shop.it\/fr\/","name":"Erresse Shop","description":"Articoli di qualit\u00e0 per la casa","potentialAction":[{"@type":"SearchAction","target":{"@type":"EntryPoint","urlTemplate":"https:\/\/www.erresse-shop.it\/fr\/?s={search_term_string}"},"query-input":"required name=search_term_string"}],"inLanguage":"fr-FR"}]}},"df_price":99.95,"df_sale_price":99.95,"df_regular_price":159,"df_image_link":"https:\/\/www.erresse-shop.it\/wp-content\/uploads\/2025\/04\/GASTROLUX-Evo-Padella-Alta-Induzione-24-cm-Manico-Rimovibile-300x300.jpg","_links":{"self":[{"href":"https:\/\/www.erresse-shop.it\/fr\/wp-json\/wp\/v2\/product\/487170"}],"collection":[{"href":"https:\/\/www.erresse-shop.it\/fr\/wp-json\/wp\/v2\/product"}],"about":[{"href":"https:\/\/www.erresse-shop.it\/fr\/wp-json\/wp\/v2\/types\/product"}],"wp:featuredmedia":[{"embeddable":true,"href":"https:\/\/www.erresse-shop.it\/fr\/wp-json\/wp\/v2\/media\/487175"}],"wp:attachment":[{"href":"https:\/\/www.erresse-shop.it\/fr\/wp-json\/wp\/v2\/media?parent=487170"}],"wp:term":[{"taxonomy":"product_cat","embeddable":true,"href":"https:\/\/www.erresse-shop.it\/fr\/wp-json\/wp\/v2\/product_cat?post=487170"},{"taxonomy":"product_tag","embeddable":true,"href":"https:\/\/www.erresse-shop.it\/fr\/wp-json\/wp\/v2\/product_tag?post=487170"}],"curies":[{"name":"wp","href":"https:\/\/api.w.org\/{rel}","templated":true}]}}