{"id":486924,"date":"2025-04-02T09:04:09","date_gmt":"2025-04-02T09:04:12","guid":{"rendered":"https:\/\/www.erresse-shop.it\/?post_type=product&#038;p=486924"},"modified":"2026-02-13T09:51:33","modified_gmt":"2026-02-13T09:51:33","slug":"villeroy-boch-vieux-luxembourg-set-de-6-tasses-a-the","status":"publish","type":"product","link":"https:\/\/www.erresse-shop.it\/fr\/shop\/table-fr-2\/tasses\/villeroy-boch-vieux-luxembourg-set-de-6-tasses-a-the\/","title":{"rendered":"VILLEROY &#038; BOCH Vieux Luxembourg Set de 6 tasses \u00e0 th\u00e9"},"content":{"rendered":"<p class=\"p1\"><strong>set de tasses \u00e0 th\u00e9<\/strong><br \/>\nD\u00e9couvrez le charme du <strong data-start=\"22\" data-end=\"46\">set de 6 tasses \u00e0 th\u00e9<\/strong> en <strong data-start=\"50\" data-end=\"79\">porcelaine blanche premium<\/strong>, \u00e9l\u00e9gant et raffin\u00e9. Chaque tasse est enrichie de <strong data-start=\"142\" data-end=\"187\">d\u00e9cors raffin\u00e9s de brindilles de fleurs bleu cobalt<\/strong>, qui apportent une touche de classe et d&#8217;originalit\u00e9. Fabriqu\u00e9es avec des mat\u00e9riaux de haute qualit\u00e9, ces tasses offrent une r\u00e9sistance exceptionnelle, parfaites pour un usage quotidien ou pour des occasions sp\u00e9ciales. Leur forme ergonomique assure une prise en main confortable, tandis que le design \u00e9l\u00e9gant fait de chaque moment de th\u00e9 une exp\u00e9rience unique. Un cadeau parfait pour ceux qui aiment la tradition du th\u00e9 et appr\u00e9cient la beaut\u00e9 des d\u00e9tails.<\/p>\n<p><strong>Mat\u00e9riau\u00a0:<\/strong> Porcelaine de qualit\u00e9 sup\u00e9rieure<br \/>\n<b>Volume\u00a0: <\/b>150 ml<br \/>\n<strong>Lave-vaisselle\u00a0:<\/strong> oui<br \/>\n<strong>Convient au micro-ondes\u00a0:<\/strong> oui<\/p>\n","protected":false},"excerpt":{"rendered":"<p>set de tasses \u00e0 th\u00e9 D\u00e9couvrez le charme du set de 6 tasses \u00e0 th\u00e9 en porcelaine blanche premium, \u00e9l\u00e9gant<\/p>\n","protected":false},"featured_media":486929,"template":"","meta":{"_acf_changed":false,"inline_featured_image":false},"product_cat":[12782,12791],"product_tag":[25026,24397,15712,15764,14579],"acf":[],"yoast_head":"<!-- This site is optimized with the Yoast SEO Premium plugin v18.6 (Yoast SEO v19.13) - https:\/\/yoast.com\/wordpress\/plugins\/seo\/ -->\n<title>VILLEROY &amp; BOCH Vieux Luxembourg Set de 6 tasses \u00e0 th\u00e9 - Erresse Shop<\/title>\n<meta name=\"description\" content=\"set de tasses \u00e0 th\u00e9 D\u00e9couvrez le charme du set de 6 tasses \u00e0 th\u00e9 en porcelaine blanche premium, \u00e9l\u00e9gant et raffin\u00e9. Chaque tasse est enrichie de d\u00e9cors\" \/>\n<meta name=\"robots\" content=\"index, follow, max-snippet:-1, max-image-preview:large, max-video-preview:-1\" \/>\n<link rel=\"canonical\" href=\"https:\/\/www.erresse-shop.it\/fr\/shop\/table-fr-2\/tasses\/villeroy-boch-vieux-luxembourg-set-de-6-tasses-a-the\/\" \/>\n<meta property=\"og:locale\" content=\"fr_FR\" \/>\n<meta property=\"og:type\" content=\"article\" \/>\n<meta property=\"og:title\" content=\"VILLEROY &amp; BOCH Vieux Luxembourg Set de 6 tasses \u00e0 th\u00e9\" \/>\n<meta property=\"og:description\" content=\"set de tasses \u00e0 th\u00e9 D\u00e9couvrez le charme du set de 6 tasses \u00e0 th\u00e9 en porcelaine blanche premium, \u00e9l\u00e9gant et raffin\u00e9. Chaque tasse est enrichie de d\u00e9cors\" \/>\n<meta property=\"og:url\" content=\"https:\/\/www.erresse-shop.it\/fr\/shop\/table-fr-2\/tasses\/villeroy-boch-vieux-luxembourg-set-de-6-tasses-a-the\/\" \/>\n<meta property=\"og:site_name\" content=\"Erresse Shop\" \/>\n<meta property=\"article:modified_time\" content=\"2026-02-13T09:51:33+00:00\" \/>\n<meta property=\"og:image\" content=\"https:\/\/www.erresse-shop.it\/wp-content\/uploads\/2025\/04\/VILLEROY-BOCH-Vieux-Luxembourg-Set-6-Tazze-da-Te.jpg\" \/>\n\t<meta property=\"og:image:width\" content=\"1200\" \/>\n\t<meta property=\"og:image:height\" content=\"1200\" \/>\n\t<meta property=\"og:image:type\" content=\"image\/jpeg\" \/>\n<meta name=\"twitter:card\" content=\"summary_large_image\" \/>\n<script type=\"application\/ld+json\" class=\"yoast-schema-graph\">{\"@context\":\"https:\/\/schema.org\",\"@graph\":[{\"@type\":\"WebPage\",\"@id\":\"https:\/\/www.erresse-shop.it\/fr\/shop\/table-fr-2\/tasses\/villeroy-boch-vieux-luxembourg-set-de-6-tasses-a-the\/\",\"url\":\"https:\/\/www.erresse-shop.it\/fr\/shop\/table-fr-2\/tasses\/villeroy-boch-vieux-luxembourg-set-de-6-tasses-a-the\/\",\"name\":\"VILLEROY & BOCH Vieux Luxembourg Set de 6 tasses \u00e0 th\u00e9 - Erresse Shop\",\"isPartOf\":{\"@id\":\"https:\/\/www.erresse-shop.it\/fr\/#website\"},\"datePublished\":\"2025-04-02T09:04:12+00:00\",\"dateModified\":\"2026-02-13T09:51:33+00:00\",\"description\":\"set de tasses \u00e0 th\u00e9 D\u00e9couvrez le charme du set de 6 tasses \u00e0 th\u00e9 en porcelaine blanche premium, \u00e9l\u00e9gant et raffin\u00e9. Chaque tasse est enrichie de d\u00e9cors\",\"breadcrumb\":{\"@id\":\"https:\/\/www.erresse-shop.it\/fr\/shop\/table-fr-2\/tasses\/villeroy-boch-vieux-luxembourg-set-de-6-tasses-a-the\/#breadcrumb\"},\"inLanguage\":\"fr-FR\",\"potentialAction\":[{\"@type\":\"ReadAction\",\"target\":[\"https:\/\/www.erresse-shop.it\/fr\/shop\/table-fr-2\/tasses\/villeroy-boch-vieux-luxembourg-set-de-6-tasses-a-the\/\"]}]},{\"@type\":\"BreadcrumbList\",\"@id\":\"https:\/\/www.erresse-shop.it\/fr\/shop\/table-fr-2\/tasses\/villeroy-boch-vieux-luxembourg-set-de-6-tasses-a-the\/#breadcrumb\",\"itemListElement\":[{\"@type\":\"ListItem\",\"position\":1,\"name\":\"Home\",\"item\":\"https:\/\/www.erresse-shop.it\/fr\/\"},{\"@type\":\"ListItem\",\"position\":2,\"name\":\"Shop\",\"item\":\"https:\/\/www.erresse-shop.it\/fr\/shop\/\"},{\"@type\":\"ListItem\",\"position\":3,\"name\":\"VILLEROY &#038; BOCH Vieux Luxembourg Set de 6 tasses \u00e0 th\u00e9\"}]},{\"@type\":\"WebSite\",\"@id\":\"https:\/\/www.erresse-shop.it\/fr\/#website\",\"url\":\"https:\/\/www.erresse-shop.it\/fr\/\",\"name\":\"Erresse Shop\",\"description\":\"Articoli di qualit\u00e0 per la casa\",\"potentialAction\":[{\"@type\":\"SearchAction\",\"target\":{\"@type\":\"EntryPoint\",\"urlTemplate\":\"https:\/\/www.erresse-shop.it\/fr\/?s={search_term_string}\"},\"query-input\":\"required name=search_term_string\"}],\"inLanguage\":\"fr-FR\"}]}<\/script>\n<!-- \/ Yoast SEO Premium plugin. -->","yoast_head_json":{"title":"VILLEROY & BOCH Vieux Luxembourg Set de 6 tasses \u00e0 th\u00e9 - Erresse Shop","description":"set de tasses \u00e0 th\u00e9 D\u00e9couvrez le charme du set de 6 tasses \u00e0 th\u00e9 en porcelaine blanche premium, \u00e9l\u00e9gant et raffin\u00e9. Chaque tasse est enrichie de d\u00e9cors","robots":{"index":"index","follow":"follow","max-snippet":"max-snippet:-1","max-image-preview":"max-image-preview:large","max-video-preview":"max-video-preview:-1"},"canonical":"https:\/\/www.erresse-shop.it\/fr\/shop\/table-fr-2\/tasses\/villeroy-boch-vieux-luxembourg-set-de-6-tasses-a-the\/","og_locale":"fr_FR","og_type":"article","og_title":"VILLEROY & BOCH Vieux Luxembourg Set de 6 tasses \u00e0 th\u00e9","og_description":"set de tasses \u00e0 th\u00e9 D\u00e9couvrez le charme du set de 6 tasses \u00e0 th\u00e9 en porcelaine blanche premium, \u00e9l\u00e9gant et raffin\u00e9. Chaque tasse est enrichie de d\u00e9cors","og_url":"https:\/\/www.erresse-shop.it\/fr\/shop\/table-fr-2\/tasses\/villeroy-boch-vieux-luxembourg-set-de-6-tasses-a-the\/","og_site_name":"Erresse Shop","article_modified_time":"2026-02-13T09:51:33+00:00","og_image":[{"width":1200,"height":1200,"url":"https:\/\/www.erresse-shop.it\/wp-content\/uploads\/2025\/04\/VILLEROY-BOCH-Vieux-Luxembourg-Set-6-Tazze-da-Te.jpg","type":"image\/jpeg"}],"twitter_card":"summary_large_image","schema":{"@context":"https:\/\/schema.org","@graph":[{"@type":"WebPage","@id":"https:\/\/www.erresse-shop.it\/fr\/shop\/table-fr-2\/tasses\/villeroy-boch-vieux-luxembourg-set-de-6-tasses-a-the\/","url":"https:\/\/www.erresse-shop.it\/fr\/shop\/table-fr-2\/tasses\/villeroy-boch-vieux-luxembourg-set-de-6-tasses-a-the\/","name":"VILLEROY & BOCH Vieux Luxembourg Set de 6 tasses \u00e0 th\u00e9 - Erresse Shop","isPartOf":{"@id":"https:\/\/www.erresse-shop.it\/fr\/#website"},"datePublished":"2025-04-02T09:04:12+00:00","dateModified":"2026-02-13T09:51:33+00:00","description":"set de tasses \u00e0 th\u00e9 D\u00e9couvrez le charme du set de 6 tasses \u00e0 th\u00e9 en porcelaine blanche premium, \u00e9l\u00e9gant et raffin\u00e9. Chaque tasse est enrichie de d\u00e9cors","breadcrumb":{"@id":"https:\/\/www.erresse-shop.it\/fr\/shop\/table-fr-2\/tasses\/villeroy-boch-vieux-luxembourg-set-de-6-tasses-a-the\/#breadcrumb"},"inLanguage":"fr-FR","potentialAction":[{"@type":"ReadAction","target":["https:\/\/www.erresse-shop.it\/fr\/shop\/table-fr-2\/tasses\/villeroy-boch-vieux-luxembourg-set-de-6-tasses-a-the\/"]}]},{"@type":"BreadcrumbList","@id":"https:\/\/www.erresse-shop.it\/fr\/shop\/table-fr-2\/tasses\/villeroy-boch-vieux-luxembourg-set-de-6-tasses-a-the\/#breadcrumb","itemListElement":[{"@type":"ListItem","position":1,"name":"Home","item":"https:\/\/www.erresse-shop.it\/fr\/"},{"@type":"ListItem","position":2,"name":"Shop","item":"https:\/\/www.erresse-shop.it\/fr\/shop\/"},{"@type":"ListItem","position":3,"name":"VILLEROY &#038; BOCH Vieux Luxembourg Set de 6 tasses \u00e0 th\u00e9"}]},{"@type":"WebSite","@id":"https:\/\/www.erresse-shop.it\/fr\/#website","url":"https:\/\/www.erresse-shop.it\/fr\/","name":"Erresse Shop","description":"Articoli di qualit\u00e0 per la casa","potentialAction":[{"@type":"SearchAction","target":{"@type":"EntryPoint","urlTemplate":"https:\/\/www.erresse-shop.it\/fr\/?s={search_term_string}"},"query-input":"required name=search_term_string"}],"inLanguage":"fr-FR"}]}},"df_price":89.95,"df_sale_price":89.95,"df_regular_price":119.4,"df_image_link":"https:\/\/www.erresse-shop.it\/wp-content\/uploads\/2025\/04\/VILLEROY-BOCH-Vieux-Luxembourg-Set-6-Tazze-da-Te-300x300.jpg","_links":{"self":[{"href":"https:\/\/www.erresse-shop.it\/fr\/wp-json\/wp\/v2\/product\/486924"}],"collection":[{"href":"https:\/\/www.erresse-shop.it\/fr\/wp-json\/wp\/v2\/product"}],"about":[{"href":"https:\/\/www.erresse-shop.it\/fr\/wp-json\/wp\/v2\/types\/product"}],"wp:featuredmedia":[{"embeddable":true,"href":"https:\/\/www.erresse-shop.it\/fr\/wp-json\/wp\/v2\/media\/486929"}],"wp:attachment":[{"href":"https:\/\/www.erresse-shop.it\/fr\/wp-json\/wp\/v2\/media?parent=486924"}],"wp:term":[{"taxonomy":"product_cat","embeddable":true,"href":"https:\/\/www.erresse-shop.it\/fr\/wp-json\/wp\/v2\/product_cat?post=486924"},{"taxonomy":"product_tag","embeddable":true,"href":"https:\/\/www.erresse-shop.it\/fr\/wp-json\/wp\/v2\/product_tag?post=486924"}],"curies":[{"name":"wp","href":"https:\/\/api.w.org\/{rel}","templated":true}]}}