{"id":486903,"date":"2025-04-02T08:43:00","date_gmt":"2025-04-02T08:43:04","guid":{"rendered":"https:\/\/www.erresse-shop.it\/?post_type=product&#038;p=486903"},"modified":"2026-02-13T09:56:25","modified_gmt":"2026-02-13T09:56:25","slug":"villeroy-boch-vieux-luxembourg-set-de-6-soucoupes-pour-tasses-a-the","status":"publish","type":"product","link":"https:\/\/www.erresse-shop.it\/fr\/shop\/table-fr-2\/tasses\/villeroy-boch-vieux-luxembourg-set-de-6-soucoupes-pour-tasses-a-the\/","title":{"rendered":"VILLEROY &#038; BOCH Vieux Luxembourg Set de 6 soucoupes pour tasses \u00e0 th\u00e9"},"content":{"rendered":"<p class=\"p1\"><strong>Ensemble tasse \u00e0 th\u00e9 et soucoupe<\/strong><br \/>\nAjoutez une touche d&#8217;\u00e9l\u00e9gance \u00e0 votre table avec l&#8217;<strong data-start=\"53\" data-end=\"90\">Ensemble de 6 soucoupes pour tasses \u00e0 th\u00e9<\/strong> en <strong data-start=\"94\" data-end=\"123\">Porcelaine blanche de qualit\u00e9 sup\u00e9rieure<\/strong>. Chaque soucoupe est orn\u00e9e de d\u00e9licates <strong data-start=\"166\" data-end=\"221\">d\u00e9corations de brins de fleurs bleu cobalt raffin\u00e9s<\/strong>, qui donnent un air de classe et de sophistication. Fabriqu\u00e9es \u00e0 partir de mat\u00e9riaux de haute qualit\u00e9, ces assiettes sont durables et id\u00e9ales pour un usage quotidien ou des occasions sp\u00e9ciales. Parfaits pour accompagner vos tasses \u00e0 th\u00e9, ils s&#8217;adaptent avec style \u00e0 n&#8217;importe quel d\u00e9cor, rendant chaque moment de th\u00e9 encore plus sp\u00e9cial. Une excellente id\u00e9e cadeau pour les amateurs de c\u00e9r\u00e9monie du th\u00e9.<\/p>\n<p><strong>Mat\u00e9riau\u00a0:<\/strong> Porcelaine de qualit\u00e9 sup\u00e9rieure<br \/>\n<b>Dimensions\u00a0: <\/b>\u00d815,8 x H. 2 cm<br \/>\n<strong>Lave-vaisselle\u00a0:<\/strong> oui<br \/>\n<strong>Convient au micro-ondes\u00a0:<\/strong> oui<\/p>\n","protected":false},"excerpt":{"rendered":"<p>Ensemble tasse \u00e0 th\u00e9 et soucoupe Ajoutez une touche d&#8217;\u00e9l\u00e9gance \u00e0 votre table avec l&#8217;Ensemble de 6 soucoupes pour tasses<\/p>\n","protected":false},"featured_media":486914,"template":"","meta":{"_acf_changed":false,"inline_featured_image":false},"product_cat":[12782,12791],"product_tag":[25026,23563,25021,24397,21945],"acf":[],"yoast_head":"<!-- This site is optimized with the Yoast SEO Premium plugin v18.6 (Yoast SEO v19.13) - https:\/\/yoast.com\/wordpress\/plugins\/seo\/ -->\n<title>VILLEROY &amp; BOCH Vieux Luxembourg Set de 6 soucoupes pour tasses \u00e0 th\u00e9 - Erresse Shop<\/title>\n<meta name=\"description\" content=\"Ensemble tasse \u00e0 th\u00e9 et soucoupe Ajoutez une touche d&#039;\u00e9l\u00e9gance \u00e0 votre table avec l&#039;Ensemble de 6 soucoupes pour tasses \u00e0 th\u00e9 en Porcelaine blanche de\" \/>\n<meta name=\"robots\" content=\"index, follow, max-snippet:-1, max-image-preview:large, max-video-preview:-1\" \/>\n<link rel=\"canonical\" href=\"https:\/\/www.erresse-shop.it\/fr\/shop\/table-fr-2\/tasses\/villeroy-boch-vieux-luxembourg-set-de-6-soucoupes-pour-tasses-a-the\/\" \/>\n<meta property=\"og:locale\" content=\"fr_FR\" \/>\n<meta property=\"og:type\" content=\"article\" \/>\n<meta property=\"og:title\" content=\"VILLEROY &amp; BOCH Vieux Luxembourg Set de 6 soucoupes pour tasses \u00e0 th\u00e9\" \/>\n<meta property=\"og:description\" content=\"Ensemble tasse \u00e0 th\u00e9 et soucoupe Ajoutez une touche d&#039;\u00e9l\u00e9gance \u00e0 votre table avec l&#039;Ensemble de 6 soucoupes pour tasses \u00e0 th\u00e9 en Porcelaine blanche de\" \/>\n<meta property=\"og:url\" content=\"https:\/\/www.erresse-shop.it\/fr\/shop\/table-fr-2\/tasses\/villeroy-boch-vieux-luxembourg-set-de-6-soucoupes-pour-tasses-a-the\/\" \/>\n<meta property=\"og:site_name\" content=\"Erresse Shop\" \/>\n<meta property=\"article:modified_time\" content=\"2026-02-13T09:56:25+00:00\" \/>\n<meta property=\"og:image\" content=\"https:\/\/www.erresse-shop.it\/wp-content\/uploads\/2025\/04\/VILLEROY-BOCH-Vieux-Luxembourg-Set-6-Piattini-per-Tazze-Te.jpg\" \/>\n\t<meta property=\"og:image:width\" content=\"1200\" \/>\n\t<meta property=\"og:image:height\" content=\"1200\" \/>\n\t<meta property=\"og:image:type\" content=\"image\/jpeg\" \/>\n<meta name=\"twitter:card\" content=\"summary_large_image\" \/>\n<script type=\"application\/ld+json\" class=\"yoast-schema-graph\">{\"@context\":\"https:\/\/schema.org\",\"@graph\":[{\"@type\":\"WebPage\",\"@id\":\"https:\/\/www.erresse-shop.it\/fr\/shop\/table-fr-2\/tasses\/villeroy-boch-vieux-luxembourg-set-de-6-soucoupes-pour-tasses-a-the\/\",\"url\":\"https:\/\/www.erresse-shop.it\/fr\/shop\/table-fr-2\/tasses\/villeroy-boch-vieux-luxembourg-set-de-6-soucoupes-pour-tasses-a-the\/\",\"name\":\"VILLEROY & BOCH Vieux Luxembourg Set de 6 soucoupes pour tasses \u00e0 th\u00e9 - Erresse Shop\",\"isPartOf\":{\"@id\":\"https:\/\/www.erresse-shop.it\/fr\/#website\"},\"datePublished\":\"2025-04-02T08:43:04+00:00\",\"dateModified\":\"2026-02-13T09:56:25+00:00\",\"description\":\"Ensemble tasse \u00e0 th\u00e9 et soucoupe Ajoutez une touche d'\u00e9l\u00e9gance \u00e0 votre table avec l'Ensemble de 6 soucoupes pour tasses \u00e0 th\u00e9 en Porcelaine blanche de\",\"breadcrumb\":{\"@id\":\"https:\/\/www.erresse-shop.it\/fr\/shop\/table-fr-2\/tasses\/villeroy-boch-vieux-luxembourg-set-de-6-soucoupes-pour-tasses-a-the\/#breadcrumb\"},\"inLanguage\":\"fr-FR\",\"potentialAction\":[{\"@type\":\"ReadAction\",\"target\":[\"https:\/\/www.erresse-shop.it\/fr\/shop\/table-fr-2\/tasses\/villeroy-boch-vieux-luxembourg-set-de-6-soucoupes-pour-tasses-a-the\/\"]}]},{\"@type\":\"BreadcrumbList\",\"@id\":\"https:\/\/www.erresse-shop.it\/fr\/shop\/table-fr-2\/tasses\/villeroy-boch-vieux-luxembourg-set-de-6-soucoupes-pour-tasses-a-the\/#breadcrumb\",\"itemListElement\":[{\"@type\":\"ListItem\",\"position\":1,\"name\":\"Home\",\"item\":\"https:\/\/www.erresse-shop.it\/fr\/\"},{\"@type\":\"ListItem\",\"position\":2,\"name\":\"Shop\",\"item\":\"https:\/\/www.erresse-shop.it\/fr\/shop\/\"},{\"@type\":\"ListItem\",\"position\":3,\"name\":\"VILLEROY &#038; BOCH Vieux Luxembourg Set de 6 soucoupes pour tasses \u00e0 th\u00e9\"}]},{\"@type\":\"WebSite\",\"@id\":\"https:\/\/www.erresse-shop.it\/fr\/#website\",\"url\":\"https:\/\/www.erresse-shop.it\/fr\/\",\"name\":\"Erresse Shop\",\"description\":\"Articoli di qualit\u00e0 per la casa\",\"potentialAction\":[{\"@type\":\"SearchAction\",\"target\":{\"@type\":\"EntryPoint\",\"urlTemplate\":\"https:\/\/www.erresse-shop.it\/fr\/?s={search_term_string}\"},\"query-input\":\"required name=search_term_string\"}],\"inLanguage\":\"fr-FR\"}]}<\/script>\n<!-- \/ Yoast SEO Premium plugin. -->","yoast_head_json":{"title":"VILLEROY & BOCH Vieux Luxembourg Set de 6 soucoupes pour tasses \u00e0 th\u00e9 - Erresse Shop","description":"Ensemble tasse \u00e0 th\u00e9 et soucoupe Ajoutez une touche d'\u00e9l\u00e9gance \u00e0 votre table avec l'Ensemble de 6 soucoupes pour tasses \u00e0 th\u00e9 en Porcelaine blanche de","robots":{"index":"index","follow":"follow","max-snippet":"max-snippet:-1","max-image-preview":"max-image-preview:large","max-video-preview":"max-video-preview:-1"},"canonical":"https:\/\/www.erresse-shop.it\/fr\/shop\/table-fr-2\/tasses\/villeroy-boch-vieux-luxembourg-set-de-6-soucoupes-pour-tasses-a-the\/","og_locale":"fr_FR","og_type":"article","og_title":"VILLEROY & BOCH Vieux Luxembourg Set de 6 soucoupes pour tasses \u00e0 th\u00e9","og_description":"Ensemble tasse \u00e0 th\u00e9 et soucoupe Ajoutez une touche d'\u00e9l\u00e9gance \u00e0 votre table avec l'Ensemble de 6 soucoupes pour tasses \u00e0 th\u00e9 en Porcelaine blanche de","og_url":"https:\/\/www.erresse-shop.it\/fr\/shop\/table-fr-2\/tasses\/villeroy-boch-vieux-luxembourg-set-de-6-soucoupes-pour-tasses-a-the\/","og_site_name":"Erresse Shop","article_modified_time":"2026-02-13T09:56:25+00:00","og_image":[{"width":1200,"height":1200,"url":"https:\/\/www.erresse-shop.it\/wp-content\/uploads\/2025\/04\/VILLEROY-BOCH-Vieux-Luxembourg-Set-6-Piattini-per-Tazze-Te.jpg","type":"image\/jpeg"}],"twitter_card":"summary_large_image","schema":{"@context":"https:\/\/schema.org","@graph":[{"@type":"WebPage","@id":"https:\/\/www.erresse-shop.it\/fr\/shop\/table-fr-2\/tasses\/villeroy-boch-vieux-luxembourg-set-de-6-soucoupes-pour-tasses-a-the\/","url":"https:\/\/www.erresse-shop.it\/fr\/shop\/table-fr-2\/tasses\/villeroy-boch-vieux-luxembourg-set-de-6-soucoupes-pour-tasses-a-the\/","name":"VILLEROY & BOCH Vieux Luxembourg Set de 6 soucoupes pour tasses \u00e0 th\u00e9 - Erresse Shop","isPartOf":{"@id":"https:\/\/www.erresse-shop.it\/fr\/#website"},"datePublished":"2025-04-02T08:43:04+00:00","dateModified":"2026-02-13T09:56:25+00:00","description":"Ensemble tasse \u00e0 th\u00e9 et soucoupe Ajoutez une touche d'\u00e9l\u00e9gance \u00e0 votre table avec l'Ensemble de 6 soucoupes pour tasses \u00e0 th\u00e9 en Porcelaine blanche de","breadcrumb":{"@id":"https:\/\/www.erresse-shop.it\/fr\/shop\/table-fr-2\/tasses\/villeroy-boch-vieux-luxembourg-set-de-6-soucoupes-pour-tasses-a-the\/#breadcrumb"},"inLanguage":"fr-FR","potentialAction":[{"@type":"ReadAction","target":["https:\/\/www.erresse-shop.it\/fr\/shop\/table-fr-2\/tasses\/villeroy-boch-vieux-luxembourg-set-de-6-soucoupes-pour-tasses-a-the\/"]}]},{"@type":"BreadcrumbList","@id":"https:\/\/www.erresse-shop.it\/fr\/shop\/table-fr-2\/tasses\/villeroy-boch-vieux-luxembourg-set-de-6-soucoupes-pour-tasses-a-the\/#breadcrumb","itemListElement":[{"@type":"ListItem","position":1,"name":"Home","item":"https:\/\/www.erresse-shop.it\/fr\/"},{"@type":"ListItem","position":2,"name":"Shop","item":"https:\/\/www.erresse-shop.it\/fr\/shop\/"},{"@type":"ListItem","position":3,"name":"VILLEROY &#038; BOCH Vieux Luxembourg Set de 6 soucoupes pour tasses \u00e0 th\u00e9"}]},{"@type":"WebSite","@id":"https:\/\/www.erresse-shop.it\/fr\/#website","url":"https:\/\/www.erresse-shop.it\/fr\/","name":"Erresse Shop","description":"Articoli di qualit\u00e0 per la casa","potentialAction":[{"@type":"SearchAction","target":{"@type":"EntryPoint","urlTemplate":"https:\/\/www.erresse-shop.it\/fr\/?s={search_term_string}"},"query-input":"required name=search_term_string"}],"inLanguage":"fr-FR"}]}},"df_price":49,"df_sale_price":49,"df_regular_price":78,"df_image_link":"https:\/\/www.erresse-shop.it\/wp-content\/uploads\/2025\/04\/VILLEROY-BOCH-Vieux-Luxembourg-Set-6-Piattini-per-Tazze-Te-300x300.jpg","_links":{"self":[{"href":"https:\/\/www.erresse-shop.it\/fr\/wp-json\/wp\/v2\/product\/486903"}],"collection":[{"href":"https:\/\/www.erresse-shop.it\/fr\/wp-json\/wp\/v2\/product"}],"about":[{"href":"https:\/\/www.erresse-shop.it\/fr\/wp-json\/wp\/v2\/types\/product"}],"wp:featuredmedia":[{"embeddable":true,"href":"https:\/\/www.erresse-shop.it\/fr\/wp-json\/wp\/v2\/media\/486914"}],"wp:attachment":[{"href":"https:\/\/www.erresse-shop.it\/fr\/wp-json\/wp\/v2\/media?parent=486903"}],"wp:term":[{"taxonomy":"product_cat","embeddable":true,"href":"https:\/\/www.erresse-shop.it\/fr\/wp-json\/wp\/v2\/product_cat?post=486903"},{"taxonomy":"product_tag","embeddable":true,"href":"https:\/\/www.erresse-shop.it\/fr\/wp-json\/wp\/v2\/product_tag?post=486903"}],"curies":[{"name":"wp","href":"https:\/\/api.w.org\/{rel}","templated":true}]}}