{"id":486875,"date":"2025-04-02T08:22:59","date_gmt":"2025-04-02T08:23:10","guid":{"rendered":"https:\/\/www.erresse-shop.it\/?post_type=product&#038;p=486875"},"modified":"2026-02-13T10:01:35","modified_gmt":"2026-02-13T10:01:35","slug":"villeroy-boch-vieux-luxembourg-ensemble-de-4-tasses-a-cappuccino","status":"publish","type":"product","link":"https:\/\/www.erresse-shop.it\/fr\/shop\/table-fr-2\/tasses\/villeroy-boch-vieux-luxembourg-ensemble-de-4-tasses-a-cappuccino\/","title":{"rendered":"VILLEROY &#038; BOCH Vieux Luxembourg Ensemble de 4 tasses \u00e0 cappuccino"},"content":{"rendered":"<p class=\"p1\"><strong>Ensemble de tasses \u00e0 cappuccino<\/strong><br \/>\nLes motifs en relief d\u00e9licats et les d\u00e9corations discr\u00e8tes en filigrane sur la porcelaine blanche brillante de la collection Vieux Luxembourg se combinent pour former un ensemble intemporel, \u00e9l\u00e9gant et sophistiqu\u00e9. La tasse \u00e0 expresso\/moka apporte le charme italien dans votre maison. Dans cette tasse, le caf\u00e9 moka sera vraiment bon. Savourez un caf\u00e9 \u00e0 la perfection.<\/p>\n<p><strong>Mat\u00e9riau\u00a0:<\/strong> Porcelaine de qualit\u00e9 sup\u00e9rieure<br \/>\n<strong>Volume\u00a0: <\/strong>240 ml<br \/>\n<strong>Lave-vaisselle\u00a0:<\/strong> oui<br \/>\n<strong>Convient au micro-ondes\u00a0:<\/strong> oui<\/p>\n","protected":false},"excerpt":{"rendered":"<p>Ensemble de tasses \u00e0 cappuccino Les motifs en relief d\u00e9licats et les d\u00e9corations discr\u00e8tes en filigrane sur la porcelaine blanche<\/p>\n","protected":false},"featured_media":486892,"template":"","meta":{"_acf_changed":false,"inline_featured_image":false},"product_cat":[12782,12791],"product_tag":[25026,23563,21935,25021,24397,15764,14560,16473,16906,21934],"acf":[],"yoast_head":"<!-- This site is optimized with the Yoast SEO Premium plugin v18.6 (Yoast SEO v19.13) - https:\/\/yoast.com\/wordpress\/plugins\/seo\/ -->\n<title>VILLEROY &amp; BOCH Vieux Luxembourg Ensemble de 4 tasses \u00e0 cappuccino - Erresse Shop<\/title>\n<meta name=\"description\" content=\"Ensemble de tasses \u00e0 cappuccino Les motifs en relief d\u00e9licats et les d\u00e9corations discr\u00e8tes en filigrane sur la porcelaine blanche brillante de la\" \/>\n<meta name=\"robots\" content=\"index, follow, max-snippet:-1, max-image-preview:large, max-video-preview:-1\" \/>\n<link rel=\"canonical\" href=\"https:\/\/www.erresse-shop.it\/fr\/shop\/table-fr-2\/tasses\/villeroy-boch-vieux-luxembourg-ensemble-de-4-tasses-a-cappuccino\/\" \/>\n<meta property=\"og:locale\" content=\"fr_FR\" \/>\n<meta property=\"og:type\" content=\"article\" \/>\n<meta property=\"og:title\" content=\"VILLEROY &amp; BOCH Vieux Luxembourg Ensemble de 4 tasses \u00e0 cappuccino\" \/>\n<meta property=\"og:description\" content=\"Ensemble de tasses \u00e0 cappuccino Les motifs en relief d\u00e9licats et les d\u00e9corations discr\u00e8tes en filigrane sur la porcelaine blanche brillante de la\" \/>\n<meta property=\"og:url\" content=\"https:\/\/www.erresse-shop.it\/fr\/shop\/table-fr-2\/tasses\/villeroy-boch-vieux-luxembourg-ensemble-de-4-tasses-a-cappuccino\/\" \/>\n<meta property=\"og:site_name\" content=\"Erresse Shop\" \/>\n<meta property=\"article:modified_time\" content=\"2026-02-13T10:01:35+00:00\" \/>\n<meta property=\"og:image\" content=\"https:\/\/www.erresse-shop.it\/wp-content\/uploads\/2025\/04\/VILLEROY-BOCH-Vieux-Luxembourg-Set-4-Tazze-da-Cappuccino.jpg\" \/>\n\t<meta property=\"og:image:width\" content=\"1200\" \/>\n\t<meta property=\"og:image:height\" content=\"1200\" \/>\n\t<meta property=\"og:image:type\" content=\"image\/jpeg\" \/>\n<meta name=\"twitter:card\" content=\"summary_large_image\" \/>\n<script type=\"application\/ld+json\" class=\"yoast-schema-graph\">{\"@context\":\"https:\/\/schema.org\",\"@graph\":[{\"@type\":\"WebPage\",\"@id\":\"https:\/\/www.erresse-shop.it\/fr\/shop\/table-fr-2\/tasses\/villeroy-boch-vieux-luxembourg-ensemble-de-4-tasses-a-cappuccino\/\",\"url\":\"https:\/\/www.erresse-shop.it\/fr\/shop\/table-fr-2\/tasses\/villeroy-boch-vieux-luxembourg-ensemble-de-4-tasses-a-cappuccino\/\",\"name\":\"VILLEROY & BOCH Vieux Luxembourg Ensemble de 4 tasses \u00e0 cappuccino - Erresse Shop\",\"isPartOf\":{\"@id\":\"https:\/\/www.erresse-shop.it\/fr\/#website\"},\"datePublished\":\"2025-04-02T08:23:10+00:00\",\"dateModified\":\"2026-02-13T10:01:35+00:00\",\"description\":\"Ensemble de tasses \u00e0 cappuccino Les motifs en relief d\u00e9licats et les d\u00e9corations discr\u00e8tes en filigrane sur la porcelaine blanche brillante de la\",\"breadcrumb\":{\"@id\":\"https:\/\/www.erresse-shop.it\/fr\/shop\/table-fr-2\/tasses\/villeroy-boch-vieux-luxembourg-ensemble-de-4-tasses-a-cappuccino\/#breadcrumb\"},\"inLanguage\":\"fr-FR\",\"potentialAction\":[{\"@type\":\"ReadAction\",\"target\":[\"https:\/\/www.erresse-shop.it\/fr\/shop\/table-fr-2\/tasses\/villeroy-boch-vieux-luxembourg-ensemble-de-4-tasses-a-cappuccino\/\"]}]},{\"@type\":\"BreadcrumbList\",\"@id\":\"https:\/\/www.erresse-shop.it\/fr\/shop\/table-fr-2\/tasses\/villeroy-boch-vieux-luxembourg-ensemble-de-4-tasses-a-cappuccino\/#breadcrumb\",\"itemListElement\":[{\"@type\":\"ListItem\",\"position\":1,\"name\":\"Home\",\"item\":\"https:\/\/www.erresse-shop.it\/fr\/\"},{\"@type\":\"ListItem\",\"position\":2,\"name\":\"Shop\",\"item\":\"https:\/\/www.erresse-shop.it\/fr\/shop\/\"},{\"@type\":\"ListItem\",\"position\":3,\"name\":\"VILLEROY &#038; BOCH Vieux Luxembourg Ensemble de 4 tasses \u00e0 cappuccino\"}]},{\"@type\":\"WebSite\",\"@id\":\"https:\/\/www.erresse-shop.it\/fr\/#website\",\"url\":\"https:\/\/www.erresse-shop.it\/fr\/\",\"name\":\"Erresse Shop\",\"description\":\"Articoli di qualit\u00e0 per la casa\",\"potentialAction\":[{\"@type\":\"SearchAction\",\"target\":{\"@type\":\"EntryPoint\",\"urlTemplate\":\"https:\/\/www.erresse-shop.it\/fr\/?s={search_term_string}\"},\"query-input\":\"required name=search_term_string\"}],\"inLanguage\":\"fr-FR\"}]}<\/script>\n<!-- \/ Yoast SEO Premium plugin. -->","yoast_head_json":{"title":"VILLEROY & BOCH Vieux Luxembourg Ensemble de 4 tasses \u00e0 cappuccino - Erresse Shop","description":"Ensemble de tasses \u00e0 cappuccino Les motifs en relief d\u00e9licats et les d\u00e9corations discr\u00e8tes en filigrane sur la porcelaine blanche brillante de la","robots":{"index":"index","follow":"follow","max-snippet":"max-snippet:-1","max-image-preview":"max-image-preview:large","max-video-preview":"max-video-preview:-1"},"canonical":"https:\/\/www.erresse-shop.it\/fr\/shop\/table-fr-2\/tasses\/villeroy-boch-vieux-luxembourg-ensemble-de-4-tasses-a-cappuccino\/","og_locale":"fr_FR","og_type":"article","og_title":"VILLEROY & BOCH Vieux Luxembourg Ensemble de 4 tasses \u00e0 cappuccino","og_description":"Ensemble de tasses \u00e0 cappuccino Les motifs en relief d\u00e9licats et les d\u00e9corations discr\u00e8tes en filigrane sur la porcelaine blanche brillante de la","og_url":"https:\/\/www.erresse-shop.it\/fr\/shop\/table-fr-2\/tasses\/villeroy-boch-vieux-luxembourg-ensemble-de-4-tasses-a-cappuccino\/","og_site_name":"Erresse Shop","article_modified_time":"2026-02-13T10:01:35+00:00","og_image":[{"width":1200,"height":1200,"url":"https:\/\/www.erresse-shop.it\/wp-content\/uploads\/2025\/04\/VILLEROY-BOCH-Vieux-Luxembourg-Set-4-Tazze-da-Cappuccino.jpg","type":"image\/jpeg"}],"twitter_card":"summary_large_image","schema":{"@context":"https:\/\/schema.org","@graph":[{"@type":"WebPage","@id":"https:\/\/www.erresse-shop.it\/fr\/shop\/table-fr-2\/tasses\/villeroy-boch-vieux-luxembourg-ensemble-de-4-tasses-a-cappuccino\/","url":"https:\/\/www.erresse-shop.it\/fr\/shop\/table-fr-2\/tasses\/villeroy-boch-vieux-luxembourg-ensemble-de-4-tasses-a-cappuccino\/","name":"VILLEROY & BOCH Vieux Luxembourg Ensemble de 4 tasses \u00e0 cappuccino - Erresse Shop","isPartOf":{"@id":"https:\/\/www.erresse-shop.it\/fr\/#website"},"datePublished":"2025-04-02T08:23:10+00:00","dateModified":"2026-02-13T10:01:35+00:00","description":"Ensemble de tasses \u00e0 cappuccino Les motifs en relief d\u00e9licats et les d\u00e9corations discr\u00e8tes en filigrane sur la porcelaine blanche brillante de la","breadcrumb":{"@id":"https:\/\/www.erresse-shop.it\/fr\/shop\/table-fr-2\/tasses\/villeroy-boch-vieux-luxembourg-ensemble-de-4-tasses-a-cappuccino\/#breadcrumb"},"inLanguage":"fr-FR","potentialAction":[{"@type":"ReadAction","target":["https:\/\/www.erresse-shop.it\/fr\/shop\/table-fr-2\/tasses\/villeroy-boch-vieux-luxembourg-ensemble-de-4-tasses-a-cappuccino\/"]}]},{"@type":"BreadcrumbList","@id":"https:\/\/www.erresse-shop.it\/fr\/shop\/table-fr-2\/tasses\/villeroy-boch-vieux-luxembourg-ensemble-de-4-tasses-a-cappuccino\/#breadcrumb","itemListElement":[{"@type":"ListItem","position":1,"name":"Home","item":"https:\/\/www.erresse-shop.it\/fr\/"},{"@type":"ListItem","position":2,"name":"Shop","item":"https:\/\/www.erresse-shop.it\/fr\/shop\/"},{"@type":"ListItem","position":3,"name":"VILLEROY &#038; BOCH Vieux Luxembourg Ensemble de 4 tasses \u00e0 cappuccino"}]},{"@type":"WebSite","@id":"https:\/\/www.erresse-shop.it\/fr\/#website","url":"https:\/\/www.erresse-shop.it\/fr\/","name":"Erresse Shop","description":"Articoli di qualit\u00e0 per la casa","potentialAction":[{"@type":"SearchAction","target":{"@type":"EntryPoint","urlTemplate":"https:\/\/www.erresse-shop.it\/fr\/?s={search_term_string}"},"query-input":"required name=search_term_string"}],"inLanguage":"fr-FR"}]}},"df_price":79.95,"df_sale_price":79.95,"df_regular_price":99.6,"df_image_link":"https:\/\/www.erresse-shop.it\/wp-content\/uploads\/2025\/04\/VILLEROY-BOCH-Vieux-Luxembourg-Set-4-Tazze-da-Cappuccino-300x300.jpg","_links":{"self":[{"href":"https:\/\/www.erresse-shop.it\/fr\/wp-json\/wp\/v2\/product\/486875"}],"collection":[{"href":"https:\/\/www.erresse-shop.it\/fr\/wp-json\/wp\/v2\/product"}],"about":[{"href":"https:\/\/www.erresse-shop.it\/fr\/wp-json\/wp\/v2\/types\/product"}],"wp:featuredmedia":[{"embeddable":true,"href":"https:\/\/www.erresse-shop.it\/fr\/wp-json\/wp\/v2\/media\/486892"}],"wp:attachment":[{"href":"https:\/\/www.erresse-shop.it\/fr\/wp-json\/wp\/v2\/media?parent=486875"}],"wp:term":[{"taxonomy":"product_cat","embeddable":true,"href":"https:\/\/www.erresse-shop.it\/fr\/wp-json\/wp\/v2\/product_cat?post=486875"},{"taxonomy":"product_tag","embeddable":true,"href":"https:\/\/www.erresse-shop.it\/fr\/wp-json\/wp\/v2\/product_tag?post=486875"}],"curies":[{"name":"wp","href":"https:\/\/api.w.org\/{rel}","templated":true}]}}