{"id":486795,"date":"2025-04-02T07:07:15","date_gmt":"2025-04-02T07:07:18","guid":{"rendered":"https:\/\/www.erresse-shop.it\/?post_type=product&#038;p=486795"},"modified":"2026-02-13T10:29:41","modified_gmt":"2026-02-13T10:29:41","slug":"villeroy-boch-petite-fleur-saladier-21-cm","status":"publish","type":"product","link":"https:\/\/www.erresse-shop.it\/fr\/shop\/table-fr-2\/saladiers-et-soupieres\/villeroy-boch-petite-fleur-saladier-21-cm\/","title":{"rendered":"VILLEROY &#038; BOCH Petite Fleur Saladier  21 cm"},"content":{"rendered":"<p class=\"p1\"><b>Bol de salade<\/b><br \/>\nRendez chaque repas plus \u00e9l\u00e9gant avec notre <strong data-start=\"44\" data-end=\"81\">saladier en porcelaine de qualit\u00e9 sup\u00e9rieure<\/strong>, parfait pour servir des salades fra\u00eeches et des plats l\u00e9gers. Dot\u00e9 d&#8217;un design \u00e9pur\u00e9 et sobre, ce saladier allie praticit\u00e9 et style, s&#8217;adaptant facilement \u00e0 tout type de d\u00e9cor. Fabriqu\u00e9 \u00e0 partir de mat\u00e9riaux de haute qualit\u00e9, il est durable et r\u00e9sistant, id\u00e9al pour un usage quotidien ou des occasions sp\u00e9ciales. Avec sa forme large et spacieuse, il offre suffisamment d&#8217;espace pour pr\u00e9parer et servir des salades pour toute la famille. Un excellent choix \u00e9galement comme cadeau, pour ajouter une touche de classe \u00e0 la table.<\/p>\n<p><strong>Mat\u00e9riau\u00a0:<\/strong> porcelaine de qualit\u00e9 sup\u00e9rieure<br \/>\n<strong>Volume\u00a0: <\/strong>1,3 l<br \/>\nDimensions : \u2300 20,9 x H 8,6 cm<br \/>\n<strong>Lave-vaisselle\u00a0:<\/strong> oui<br \/>\n<strong>Convient au micro-ondes\u00a0:<\/strong> oui<\/p>\n","protected":false},"excerpt":{"rendered":"<p>Bol de salade Rendez chaque repas plus \u00e9l\u00e9gant avec notre saladier en porcelaine de qualit\u00e9 sup\u00e9rieure, parfait pour servir des<\/p>\n","protected":false},"featured_media":486808,"template":"","meta":{"_acf_changed":false,"inline_featured_image":false},"product_cat":[12787,12782],"product_tag":[14257,13040,12817],"acf":[],"yoast_head":"<!-- This site is optimized with the Yoast SEO Premium plugin v18.6 (Yoast SEO v19.13) - https:\/\/yoast.com\/wordpress\/plugins\/seo\/ -->\n<title>VILLEROY &amp; BOCH Petite Fleur Saladier 21 cm - Erresse Shop<\/title>\n<meta name=\"description\" content=\"Bol de salade Rendez chaque repas plus \u00e9l\u00e9gant avec notre saladier en porcelaine de qualit\u00e9 sup\u00e9rieure, parfait pour servir des salades fra\u00eeches et des\" \/>\n<meta name=\"robots\" content=\"index, follow, max-snippet:-1, max-image-preview:large, max-video-preview:-1\" \/>\n<link rel=\"canonical\" href=\"https:\/\/www.erresse-shop.it\/fr\/shop\/table-fr-2\/saladiers-et-soupieres\/villeroy-boch-petite-fleur-saladier-21-cm\/\" \/>\n<meta property=\"og:locale\" content=\"fr_FR\" \/>\n<meta property=\"og:type\" content=\"article\" \/>\n<meta property=\"og:title\" content=\"VILLEROY &amp; BOCH Petite Fleur Saladier 21 cm\" \/>\n<meta property=\"og:description\" content=\"Bol de salade Rendez chaque repas plus \u00e9l\u00e9gant avec notre saladier en porcelaine de qualit\u00e9 sup\u00e9rieure, parfait pour servir des salades fra\u00eeches et des\" \/>\n<meta property=\"og:url\" content=\"https:\/\/www.erresse-shop.it\/fr\/shop\/table-fr-2\/saladiers-et-soupieres\/villeroy-boch-petite-fleur-saladier-21-cm\/\" \/>\n<meta property=\"og:site_name\" content=\"Erresse Shop\" \/>\n<meta property=\"article:modified_time\" content=\"2026-02-13T10:29:41+00:00\" \/>\n<meta property=\"og:image\" content=\"https:\/\/www.erresse-shop.it\/wp-content\/uploads\/2025\/04\/VILLEROY-BOCH-Petite-Fleur-Insalatiera-21-cm.jpg\" \/>\n\t<meta property=\"og:image:width\" content=\"1200\" \/>\n\t<meta property=\"og:image:height\" content=\"1200\" \/>\n\t<meta property=\"og:image:type\" content=\"image\/jpeg\" \/>\n<meta name=\"twitter:card\" content=\"summary_large_image\" \/>\n<script type=\"application\/ld+json\" class=\"yoast-schema-graph\">{\"@context\":\"https:\/\/schema.org\",\"@graph\":[{\"@type\":\"WebPage\",\"@id\":\"https:\/\/www.erresse-shop.it\/fr\/shop\/table-fr-2\/saladiers-et-soupieres\/villeroy-boch-petite-fleur-saladier-21-cm\/\",\"url\":\"https:\/\/www.erresse-shop.it\/fr\/shop\/table-fr-2\/saladiers-et-soupieres\/villeroy-boch-petite-fleur-saladier-21-cm\/\",\"name\":\"VILLEROY & BOCH Petite Fleur Saladier 21 cm - Erresse Shop\",\"isPartOf\":{\"@id\":\"https:\/\/www.erresse-shop.it\/fr\/#website\"},\"datePublished\":\"2025-04-02T07:07:18+00:00\",\"dateModified\":\"2026-02-13T10:29:41+00:00\",\"description\":\"Bol de salade Rendez chaque repas plus \u00e9l\u00e9gant avec notre saladier en porcelaine de qualit\u00e9 sup\u00e9rieure, parfait pour servir des salades fra\u00eeches et des\",\"breadcrumb\":{\"@id\":\"https:\/\/www.erresse-shop.it\/fr\/shop\/table-fr-2\/saladiers-et-soupieres\/villeroy-boch-petite-fleur-saladier-21-cm\/#breadcrumb\"},\"inLanguage\":\"fr-FR\",\"potentialAction\":[{\"@type\":\"ReadAction\",\"target\":[\"https:\/\/www.erresse-shop.it\/fr\/shop\/table-fr-2\/saladiers-et-soupieres\/villeroy-boch-petite-fleur-saladier-21-cm\/\"]}]},{\"@type\":\"BreadcrumbList\",\"@id\":\"https:\/\/www.erresse-shop.it\/fr\/shop\/table-fr-2\/saladiers-et-soupieres\/villeroy-boch-petite-fleur-saladier-21-cm\/#breadcrumb\",\"itemListElement\":[{\"@type\":\"ListItem\",\"position\":1,\"name\":\"Home\",\"item\":\"https:\/\/www.erresse-shop.it\/fr\/\"},{\"@type\":\"ListItem\",\"position\":2,\"name\":\"Shop\",\"item\":\"https:\/\/www.erresse-shop.it\/fr\/shop\/\"},{\"@type\":\"ListItem\",\"position\":3,\"name\":\"VILLEROY &#038; BOCH Petite Fleur Saladier 21 cm\"}]},{\"@type\":\"WebSite\",\"@id\":\"https:\/\/www.erresse-shop.it\/fr\/#website\",\"url\":\"https:\/\/www.erresse-shop.it\/fr\/\",\"name\":\"Erresse Shop\",\"description\":\"Articoli di qualit\u00e0 per la casa\",\"potentialAction\":[{\"@type\":\"SearchAction\",\"target\":{\"@type\":\"EntryPoint\",\"urlTemplate\":\"https:\/\/www.erresse-shop.it\/fr\/?s={search_term_string}\"},\"query-input\":\"required name=search_term_string\"}],\"inLanguage\":\"fr-FR\"}]}<\/script>\n<!-- \/ Yoast SEO Premium plugin. -->","yoast_head_json":{"title":"VILLEROY & BOCH Petite Fleur Saladier 21 cm - Erresse Shop","description":"Bol de salade Rendez chaque repas plus \u00e9l\u00e9gant avec notre saladier en porcelaine de qualit\u00e9 sup\u00e9rieure, parfait pour servir des salades fra\u00eeches et des","robots":{"index":"index","follow":"follow","max-snippet":"max-snippet:-1","max-image-preview":"max-image-preview:large","max-video-preview":"max-video-preview:-1"},"canonical":"https:\/\/www.erresse-shop.it\/fr\/shop\/table-fr-2\/saladiers-et-soupieres\/villeroy-boch-petite-fleur-saladier-21-cm\/","og_locale":"fr_FR","og_type":"article","og_title":"VILLEROY & BOCH Petite Fleur Saladier 21 cm","og_description":"Bol de salade Rendez chaque repas plus \u00e9l\u00e9gant avec notre saladier en porcelaine de qualit\u00e9 sup\u00e9rieure, parfait pour servir des salades fra\u00eeches et des","og_url":"https:\/\/www.erresse-shop.it\/fr\/shop\/table-fr-2\/saladiers-et-soupieres\/villeroy-boch-petite-fleur-saladier-21-cm\/","og_site_name":"Erresse Shop","article_modified_time":"2026-02-13T10:29:41+00:00","og_image":[{"width":1200,"height":1200,"url":"https:\/\/www.erresse-shop.it\/wp-content\/uploads\/2025\/04\/VILLEROY-BOCH-Petite-Fleur-Insalatiera-21-cm.jpg","type":"image\/jpeg"}],"twitter_card":"summary_large_image","schema":{"@context":"https:\/\/schema.org","@graph":[{"@type":"WebPage","@id":"https:\/\/www.erresse-shop.it\/fr\/shop\/table-fr-2\/saladiers-et-soupieres\/villeroy-boch-petite-fleur-saladier-21-cm\/","url":"https:\/\/www.erresse-shop.it\/fr\/shop\/table-fr-2\/saladiers-et-soupieres\/villeroy-boch-petite-fleur-saladier-21-cm\/","name":"VILLEROY & BOCH Petite Fleur Saladier 21 cm - Erresse Shop","isPartOf":{"@id":"https:\/\/www.erresse-shop.it\/fr\/#website"},"datePublished":"2025-04-02T07:07:18+00:00","dateModified":"2026-02-13T10:29:41+00:00","description":"Bol de salade Rendez chaque repas plus \u00e9l\u00e9gant avec notre saladier en porcelaine de qualit\u00e9 sup\u00e9rieure, parfait pour servir des salades fra\u00eeches et des","breadcrumb":{"@id":"https:\/\/www.erresse-shop.it\/fr\/shop\/table-fr-2\/saladiers-et-soupieres\/villeroy-boch-petite-fleur-saladier-21-cm\/#breadcrumb"},"inLanguage":"fr-FR","potentialAction":[{"@type":"ReadAction","target":["https:\/\/www.erresse-shop.it\/fr\/shop\/table-fr-2\/saladiers-et-soupieres\/villeroy-boch-petite-fleur-saladier-21-cm\/"]}]},{"@type":"BreadcrumbList","@id":"https:\/\/www.erresse-shop.it\/fr\/shop\/table-fr-2\/saladiers-et-soupieres\/villeroy-boch-petite-fleur-saladier-21-cm\/#breadcrumb","itemListElement":[{"@type":"ListItem","position":1,"name":"Home","item":"https:\/\/www.erresse-shop.it\/fr\/"},{"@type":"ListItem","position":2,"name":"Shop","item":"https:\/\/www.erresse-shop.it\/fr\/shop\/"},{"@type":"ListItem","position":3,"name":"VILLEROY &#038; BOCH Petite Fleur Saladier 21 cm"}]},{"@type":"WebSite","@id":"https:\/\/www.erresse-shop.it\/fr\/#website","url":"https:\/\/www.erresse-shop.it\/fr\/","name":"Erresse Shop","description":"Articoli di qualit\u00e0 per la casa","potentialAction":[{"@type":"SearchAction","target":{"@type":"EntryPoint","urlTemplate":"https:\/\/www.erresse-shop.it\/fr\/?s={search_term_string}"},"query-input":"required name=search_term_string"}],"inLanguage":"fr-FR"}]}},"df_price":34.95,"df_sale_price":34.95,"df_regular_price":69.9,"df_image_link":"https:\/\/www.erresse-shop.it\/wp-content\/uploads\/2025\/04\/VILLEROY-BOCH-Petite-Fleur-Insalatiera-21-cm-300x300.jpg","_links":{"self":[{"href":"https:\/\/www.erresse-shop.it\/fr\/wp-json\/wp\/v2\/product\/486795"}],"collection":[{"href":"https:\/\/www.erresse-shop.it\/fr\/wp-json\/wp\/v2\/product"}],"about":[{"href":"https:\/\/www.erresse-shop.it\/fr\/wp-json\/wp\/v2\/types\/product"}],"wp:featuredmedia":[{"embeddable":true,"href":"https:\/\/www.erresse-shop.it\/fr\/wp-json\/wp\/v2\/media\/486808"}],"wp:attachment":[{"href":"https:\/\/www.erresse-shop.it\/fr\/wp-json\/wp\/v2\/media?parent=486795"}],"wp:term":[{"taxonomy":"product_cat","embeddable":true,"href":"https:\/\/www.erresse-shop.it\/fr\/wp-json\/wp\/v2\/product_cat?post=486795"},{"taxonomy":"product_tag","embeddable":true,"href":"https:\/\/www.erresse-shop.it\/fr\/wp-json\/wp\/v2\/product_tag?post=486795"}],"curies":[{"name":"wp","href":"https:\/\/api.w.org\/{rel}","templated":true}]}}