{"id":486695,"date":"2025-04-02T05:59:26","date_gmt":"2025-04-02T05:59:29","guid":{"rendered":"https:\/\/www.erresse-shop.it\/?post_type=product&#038;p=486695"},"modified":"2026-02-13T10:55:54","modified_gmt":"2026-02-13T10:55:54","slug":"villeroy-boch-petite-fleur-set-de-2-tasses-a-cappuccino","status":"publish","type":"product","link":"https:\/\/www.erresse-shop.it\/fr\/shop\/table-fr-2\/tasses\/villeroy-boch-petite-fleur-set-de-2-tasses-a-cappuccino\/","title":{"rendered":"VILLEROY &#038; BOCH Petite Fleur Set de 2 tasses \u00e0 cappuccino"},"content":{"rendered":"<p class=\"p1\"><b>Set de tasses \u00e0 cappuccino<\/b><br \/>\nAjoutez une touche d&#8217;\u00e9l\u00e9gance \u00e0 votre exp\u00e9rience de caf\u00e9 avec l&#8217;ensemble de 2 tasses \u00e0 cappuccino en porcelaine blanche de qualit\u00e9 sup\u00e9rieure. Fabriqu\u00e9es en porcelaine de haute qualit\u00e9, ces tasses pr\u00e9sentent des <strong data-start=\"217\" data-end=\"236\">d\u00e9corations florales<\/strong> raffin\u00e9es qui ajoutent un attrait intemporel \u00e0 chaque gorg\u00e9e. Leur forme ergonomique et leur design d\u00e9licat les rendent parfaits pour une pr\u00e9sentation pr\u00e9cise du cappuccino, id\u00e9al aussi bien pour un usage quotidien que pour des occasions sp\u00e9ciales. Un cadeau parfait pour les amateurs de caf\u00e9 ou pour enrichir votre collection d&#8217;accessoires de table, alliant esth\u00e9tique et fonctionnalit\u00e9.<\/p>\n<p><strong>Mat\u00e9riau\u00a0:<\/strong> porcelaine de qualit\u00e9 sup\u00e9rieure<br \/>\n<strong>Volume\u00a0:<\/strong> 260 ml<br \/>\n<strong>Hauteur\u00a0:<\/strong> 73 mm<br \/>\n<strong>Lave-vaisselle\u00a0:<\/strong> oui<br \/>\n<strong>Convient au micro-ondes\u00a0:<\/strong> oui<\/p>\n","protected":false},"excerpt":{"rendered":"<p>Set de tasses \u00e0 cappuccino Ajoutez une touche d&#8217;\u00e9l\u00e9gance \u00e0 votre exp\u00e9rience de caf\u00e9 avec l&#8217;ensemble de 2 tasses \u00e0<\/p>\n","protected":false},"featured_media":487012,"template":"","meta":{"_acf_changed":false,"inline_featured_image":false},"product_cat":[12782,12791],"product_tag":[25026,23563,21935,25021,24397,15764,14560,16473,16906,21934],"acf":[],"yoast_head":"<!-- This site is optimized with the Yoast SEO Premium plugin v18.6 (Yoast SEO v19.13) - https:\/\/yoast.com\/wordpress\/plugins\/seo\/ -->\n<title>VILLEROY &amp; BOCH Petite Fleur Set de 2 tasses \u00e0 cappuccino - Erresse Shop<\/title>\n<meta name=\"description\" content=\"Set de tasses \u00e0 cappuccino Ajoutez une touche d&#039;\u00e9l\u00e9gance \u00e0 votre exp\u00e9rience de caf\u00e9 avec l&#039;ensemble de 2 tasses \u00e0 cappuccino en porcelaine blanche de\" \/>\n<meta name=\"robots\" content=\"index, follow, max-snippet:-1, max-image-preview:large, max-video-preview:-1\" \/>\n<link rel=\"canonical\" href=\"https:\/\/www.erresse-shop.it\/fr\/shop\/table-fr-2\/tasses\/villeroy-boch-petite-fleur-set-de-2-tasses-a-cappuccino\/\" \/>\n<meta property=\"og:locale\" content=\"fr_FR\" \/>\n<meta property=\"og:type\" content=\"article\" \/>\n<meta property=\"og:title\" content=\"VILLEROY &amp; BOCH Petite Fleur Set de 2 tasses \u00e0 cappuccino\" \/>\n<meta property=\"og:description\" content=\"Set de tasses \u00e0 cappuccino Ajoutez une touche d&#039;\u00e9l\u00e9gance \u00e0 votre exp\u00e9rience de caf\u00e9 avec l&#039;ensemble de 2 tasses \u00e0 cappuccino en porcelaine blanche de\" \/>\n<meta property=\"og:url\" content=\"https:\/\/www.erresse-shop.it\/fr\/shop\/table-fr-2\/tasses\/villeroy-boch-petite-fleur-set-de-2-tasses-a-cappuccino\/\" \/>\n<meta property=\"og:site_name\" content=\"Erresse Shop\" \/>\n<meta property=\"article:modified_time\" content=\"2026-02-13T10:55:54+00:00\" \/>\n<meta property=\"og:image\" content=\"https:\/\/www.erresse-shop.it\/wp-content\/uploads\/2025\/04\/VILLEROY-BOCH-Petite-Fleur-Set-2-Tazze-Cappuccino.jpg\" \/>\n\t<meta property=\"og:image:width\" content=\"1200\" \/>\n\t<meta property=\"og:image:height\" content=\"1200\" \/>\n\t<meta property=\"og:image:type\" content=\"image\/jpeg\" \/>\n<meta name=\"twitter:card\" content=\"summary_large_image\" \/>\n<script type=\"application\/ld+json\" class=\"yoast-schema-graph\">{\"@context\":\"https:\/\/schema.org\",\"@graph\":[{\"@type\":\"WebPage\",\"@id\":\"https:\/\/www.erresse-shop.it\/fr\/shop\/table-fr-2\/tasses\/villeroy-boch-petite-fleur-set-de-2-tasses-a-cappuccino\/\",\"url\":\"https:\/\/www.erresse-shop.it\/fr\/shop\/table-fr-2\/tasses\/villeroy-boch-petite-fleur-set-de-2-tasses-a-cappuccino\/\",\"name\":\"VILLEROY & BOCH Petite Fleur Set de 2 tasses \u00e0 cappuccino - Erresse Shop\",\"isPartOf\":{\"@id\":\"https:\/\/www.erresse-shop.it\/fr\/#website\"},\"datePublished\":\"2025-04-02T05:59:29+00:00\",\"dateModified\":\"2026-02-13T10:55:54+00:00\",\"description\":\"Set de tasses \u00e0 cappuccino Ajoutez une touche d'\u00e9l\u00e9gance \u00e0 votre exp\u00e9rience de caf\u00e9 avec l'ensemble de 2 tasses \u00e0 cappuccino en porcelaine blanche de\",\"breadcrumb\":{\"@id\":\"https:\/\/www.erresse-shop.it\/fr\/shop\/table-fr-2\/tasses\/villeroy-boch-petite-fleur-set-de-2-tasses-a-cappuccino\/#breadcrumb\"},\"inLanguage\":\"fr-FR\",\"potentialAction\":[{\"@type\":\"ReadAction\",\"target\":[\"https:\/\/www.erresse-shop.it\/fr\/shop\/table-fr-2\/tasses\/villeroy-boch-petite-fleur-set-de-2-tasses-a-cappuccino\/\"]}]},{\"@type\":\"BreadcrumbList\",\"@id\":\"https:\/\/www.erresse-shop.it\/fr\/shop\/table-fr-2\/tasses\/villeroy-boch-petite-fleur-set-de-2-tasses-a-cappuccino\/#breadcrumb\",\"itemListElement\":[{\"@type\":\"ListItem\",\"position\":1,\"name\":\"Home\",\"item\":\"https:\/\/www.erresse-shop.it\/fr\/\"},{\"@type\":\"ListItem\",\"position\":2,\"name\":\"Shop\",\"item\":\"https:\/\/www.erresse-shop.it\/fr\/shop\/\"},{\"@type\":\"ListItem\",\"position\":3,\"name\":\"VILLEROY &#038; BOCH Petite Fleur Set de 2 tasses \u00e0 cappuccino\"}]},{\"@type\":\"WebSite\",\"@id\":\"https:\/\/www.erresse-shop.it\/fr\/#website\",\"url\":\"https:\/\/www.erresse-shop.it\/fr\/\",\"name\":\"Erresse Shop\",\"description\":\"Articoli di qualit\u00e0 per la casa\",\"potentialAction\":[{\"@type\":\"SearchAction\",\"target\":{\"@type\":\"EntryPoint\",\"urlTemplate\":\"https:\/\/www.erresse-shop.it\/fr\/?s={search_term_string}\"},\"query-input\":\"required name=search_term_string\"}],\"inLanguage\":\"fr-FR\"}]}<\/script>\n<!-- \/ Yoast SEO Premium plugin. -->","yoast_head_json":{"title":"VILLEROY & BOCH Petite Fleur Set de 2 tasses \u00e0 cappuccino - Erresse Shop","description":"Set de tasses \u00e0 cappuccino Ajoutez une touche d'\u00e9l\u00e9gance \u00e0 votre exp\u00e9rience de caf\u00e9 avec l'ensemble de 2 tasses \u00e0 cappuccino en porcelaine blanche de","robots":{"index":"index","follow":"follow","max-snippet":"max-snippet:-1","max-image-preview":"max-image-preview:large","max-video-preview":"max-video-preview:-1"},"canonical":"https:\/\/www.erresse-shop.it\/fr\/shop\/table-fr-2\/tasses\/villeroy-boch-petite-fleur-set-de-2-tasses-a-cappuccino\/","og_locale":"fr_FR","og_type":"article","og_title":"VILLEROY & BOCH Petite Fleur Set de 2 tasses \u00e0 cappuccino","og_description":"Set de tasses \u00e0 cappuccino Ajoutez une touche d'\u00e9l\u00e9gance \u00e0 votre exp\u00e9rience de caf\u00e9 avec l'ensemble de 2 tasses \u00e0 cappuccino en porcelaine blanche de","og_url":"https:\/\/www.erresse-shop.it\/fr\/shop\/table-fr-2\/tasses\/villeroy-boch-petite-fleur-set-de-2-tasses-a-cappuccino\/","og_site_name":"Erresse Shop","article_modified_time":"2026-02-13T10:55:54+00:00","og_image":[{"width":1200,"height":1200,"url":"https:\/\/www.erresse-shop.it\/wp-content\/uploads\/2025\/04\/VILLEROY-BOCH-Petite-Fleur-Set-2-Tazze-Cappuccino.jpg","type":"image\/jpeg"}],"twitter_card":"summary_large_image","schema":{"@context":"https:\/\/schema.org","@graph":[{"@type":"WebPage","@id":"https:\/\/www.erresse-shop.it\/fr\/shop\/table-fr-2\/tasses\/villeroy-boch-petite-fleur-set-de-2-tasses-a-cappuccino\/","url":"https:\/\/www.erresse-shop.it\/fr\/shop\/table-fr-2\/tasses\/villeroy-boch-petite-fleur-set-de-2-tasses-a-cappuccino\/","name":"VILLEROY & BOCH Petite Fleur Set de 2 tasses \u00e0 cappuccino - Erresse Shop","isPartOf":{"@id":"https:\/\/www.erresse-shop.it\/fr\/#website"},"datePublished":"2025-04-02T05:59:29+00:00","dateModified":"2026-02-13T10:55:54+00:00","description":"Set de tasses \u00e0 cappuccino Ajoutez une touche d'\u00e9l\u00e9gance \u00e0 votre exp\u00e9rience de caf\u00e9 avec l'ensemble de 2 tasses \u00e0 cappuccino en porcelaine blanche de","breadcrumb":{"@id":"https:\/\/www.erresse-shop.it\/fr\/shop\/table-fr-2\/tasses\/villeroy-boch-petite-fleur-set-de-2-tasses-a-cappuccino\/#breadcrumb"},"inLanguage":"fr-FR","potentialAction":[{"@type":"ReadAction","target":["https:\/\/www.erresse-shop.it\/fr\/shop\/table-fr-2\/tasses\/villeroy-boch-petite-fleur-set-de-2-tasses-a-cappuccino\/"]}]},{"@type":"BreadcrumbList","@id":"https:\/\/www.erresse-shop.it\/fr\/shop\/table-fr-2\/tasses\/villeroy-boch-petite-fleur-set-de-2-tasses-a-cappuccino\/#breadcrumb","itemListElement":[{"@type":"ListItem","position":1,"name":"Home","item":"https:\/\/www.erresse-shop.it\/fr\/"},{"@type":"ListItem","position":2,"name":"Shop","item":"https:\/\/www.erresse-shop.it\/fr\/shop\/"},{"@type":"ListItem","position":3,"name":"VILLEROY &#038; BOCH Petite Fleur Set de 2 tasses \u00e0 cappuccino"}]},{"@type":"WebSite","@id":"https:\/\/www.erresse-shop.it\/fr\/#website","url":"https:\/\/www.erresse-shop.it\/fr\/","name":"Erresse Shop","description":"Articoli di qualit\u00e0 per la casa","potentialAction":[{"@type":"SearchAction","target":{"@type":"EntryPoint","urlTemplate":"https:\/\/www.erresse-shop.it\/fr\/?s={search_term_string}"},"query-input":"required name=search_term_string"}],"inLanguage":"fr-FR"}]}},"df_price":24.9,"df_sale_price":24.9,"df_regular_price":49.8,"df_image_link":"https:\/\/www.erresse-shop.it\/wp-content\/uploads\/2025\/04\/VILLEROY-BOCH-Petite-Fleur-Set-2-Tazze-Cappuccino-300x300.jpg","_links":{"self":[{"href":"https:\/\/www.erresse-shop.it\/fr\/wp-json\/wp\/v2\/product\/486695"}],"collection":[{"href":"https:\/\/www.erresse-shop.it\/fr\/wp-json\/wp\/v2\/product"}],"about":[{"href":"https:\/\/www.erresse-shop.it\/fr\/wp-json\/wp\/v2\/types\/product"}],"wp:featuredmedia":[{"embeddable":true,"href":"https:\/\/www.erresse-shop.it\/fr\/wp-json\/wp\/v2\/media\/487012"}],"wp:attachment":[{"href":"https:\/\/www.erresse-shop.it\/fr\/wp-json\/wp\/v2\/media?parent=486695"}],"wp:term":[{"taxonomy":"product_cat","embeddable":true,"href":"https:\/\/www.erresse-shop.it\/fr\/wp-json\/wp\/v2\/product_cat?post=486695"},{"taxonomy":"product_tag","embeddable":true,"href":"https:\/\/www.erresse-shop.it\/fr\/wp-json\/wp\/v2\/product_tag?post=486695"}],"curies":[{"name":"wp","href":"https:\/\/api.w.org\/{rel}","templated":true}]}}