{"id":486284,"date":"2025-03-31T10:49:24","date_gmt":"2025-03-31T10:49:28","guid":{"rendered":"https:\/\/www.erresse-shop.it\/?post_type=product&#038;p=486284"},"modified":"2025-03-31T12:12:05","modified_gmt":"2025-03-31T12:12:05","slug":"jura-machine-a-cafe-s8-platine-copia","status":"publish","type":"product","link":"https:\/\/www.erresse-shop.it\/fr\/shop\/petits-electromenagers\/machines-cafe\/automatique\/jura-machine-a-cafe-s8-platine-copia\/","title":{"rendered":"JURA Machine \u00e0 caf\u00e9 Z10 Aluminium Dark Inox"},"content":{"rendered":"<div class=\"page-subtitle\">\n<div class=\"page-subtitle\">\n<div class=\"page-subtitle\">\n<div class=\"page-subtitle\">\n<div class=\"page-subtitle\">\n<p class=\"\" data-start=\"3276\" data-end=\"3911\"><strong data-start=\"3276\" data-end=\"3364\">La r\u00e9volutionnaire Z10 avec P.R.G. pour des sp\u00e9cialit\u00e9s de caf\u00e9 chaudes et Cold Brew<\/strong><br data-start=\"3364\" data-end=\"3367\" \/>La nouvelle Z10, chef-d&#8217;\u0153uvre de l&#8217;ing\u00e9nierie suisse, double la vari\u00e9t\u00e9 des sp\u00e9cialit\u00e9s de caf\u00e9. En appuyant sur un bouton, elle pr\u00e9pare l&#8217;int\u00e9gralit\u00e9 de la gamme de boissons chaudes, de l&#8217;espresso intense au flat white tendance, tandis que les sp\u00e9cialit\u00e9s Cold Brew introduisent une nouvelle dimension du plaisir du caf\u00e9, ouvrant la porte \u00e0 un univers parall\u00e8le. Cela est rendu possible par le Product Recognising Grinder (P.R.G.), qui d\u00e9tecte la sp\u00e9cialit\u00e9 s\u00e9lectionn\u00e9e et ajuste automatiquement la finesse de la mouture en quelques secondes.<\/p>\n<p class=\"\" data-start=\"3913\" data-end=\"4537\"><strong data-start=\"3913\" data-end=\"3964\">Le nouveau Product Recognising Grinder (P.R.G.)<\/strong><br data-start=\"3964\" data-end=\"3967\" \/>Pour garantir une mouture optimale pour chaque sp\u00e9cialit\u00e9, les ing\u00e9nieurs de JURA ont d\u00e9velopp\u00e9 le Product Recognising Grinder (P.R.G.). Ce moulin de pr\u00e9cision ajuste \u00e9lectroniquement la mouture en fractions de seconde \u2013 beaucoup plus rapidement et fr\u00e9quemment qu&#8217;un r\u00e9glage manuel. La gamme de mouture varie de tr\u00e8s fine pour les caf\u00e9s courts \u00e0 tr\u00e8s grossi\u00e8re pour les sp\u00e9cialit\u00e9s longues. Les connaisseurs de caf\u00e9 n&#8217;ont pas \u00e0 s&#8217;inqui\u00e9ter : le r\u00e9glage s&#8217;effectue automatiquement pendant la pr\u00e9paration et peut toujours \u00eatre d\u00e9fini individuellement avant la pr\u00e9paration.<\/p>\n<p class=\"\" data-start=\"4539\" data-end=\"5111\"><strong data-start=\"4539\" data-end=\"4572\">Cold Brew \u2013 fra\u00eecheur extr\u00eame<\/strong><br data-start=\"4572\" data-end=\"4575\" \/>Gr\u00e2ce au Cold Extraction Process, la Z10 pr\u00e9pare des sp\u00e9cialit\u00e9s Cold Brew authentiques. Tandis que de nombreuses boissons froides \u00e0 base de caf\u00e9 sont pr\u00e9par\u00e9es avec du caf\u00e9 chaud puis refroidies, la Z10 extrait le caf\u00e9 avec de l&#8217;eau froide sous haute pression, en utilisant un processus puls\u00e9 et du caf\u00e9 moulu plus grossi\u00e8rement. Le r\u00e9sultat est une boisson rafra\u00eechissante, naturelle et \u00e9nergisante, o\u00f9 les ar\u00f4mes fruit\u00e9s du caf\u00e9 se d\u00e9veloppent pleinement sans l&#8217;influence des substances am\u00e8res. Ce n&#8217;est pas simplement du caf\u00e9 glac\u00e9.<\/p>\n<p class=\"\" data-start=\"5113\" data-end=\"5515\"><strong data-start=\"5113\" data-end=\"5155\">Groupe d&#8217;extraction de 8\u00e8me g\u00e9n\u00e9ration<\/strong><br data-start=\"5155\" data-end=\"5158\" \/>Le groupe d&#8217;extraction est le c\u0153ur de chaque machine automatique. Pour la Z10, JURA a d\u00e9velopp\u00e9 le groupe d&#8217;extraction de 8\u00e8me g\u00e9n\u00e9ration. Gr\u00e2ce \u00e0 sa technologie d&#8217;extraction 3D unique, il assure l&#8217;\u00e9coulement uniforme de l&#8217;eau \u00e0 travers le caf\u00e9 en plusieurs niveaux, pour une extraction optimale des ar\u00f4mes \u2013 tant pour les sp\u00e9cialit\u00e9s chaudes que Cold Brew.<\/p>\n<p class=\"\" data-start=\"5517\" data-end=\"6012\"><strong data-start=\"5517\" data-end=\"5541\">Le luxe \u00e0 son apog\u00e9e<\/strong><br data-start=\"5541\" data-end=\"5544\" \/>Les panneaux avant et sup\u00e9rieur de la Signature Line de JURA sont r\u00e9alis\u00e9s en aluminium massif de 3 mm d&#8217;\u00e9paisseur. Une s\u00e9rie de traitements complexes donne au mat\u00e9riau son \u00ab visage \u00bb caract\u00e9ristique de la ligne Z. Le processus d&#8217;anodisation \u00e9lectrochimique sublime la surface, et la couleur met en valeur \u00e0 la fois le caract\u00e8re du mat\u00e9riau et le design raffin\u00e9. Le porte-tasses massif en zinc chrom\u00e9 compl\u00e8te l&#8217;apparence unique et inimitable de la Z10 Signature Line.<\/p>\n<p class=\"\" data-start=\"6014\" data-end=\"6182\"><strong data-start=\"6014\" data-end=\"6064\">La machine JURA propose 40 sp\u00e9cialit\u00e9s de caf\u00e9<\/strong>, dont Espresso, Cold Brew, Cappuccino, Latte Macchiato et bien d&#8217;autres variantes avec options extra shot ou sucr\u00e9es.<\/p>\n<p class=\"\" data-start=\"6184\" data-end=\"6217\"><strong data-start=\"6184\" data-end=\"6216\">Caract\u00e9ristiques principales<\/strong>:<\/p>\n<ul data-start=\"6218\" data-end=\"6602\">\n<li class=\"\" data-start=\"6218\" data-end=\"6298\">\n<p class=\"\" data-start=\"6220\" data-end=\"6298\">Cold Extraction Process et Sweet Foam Function pour une mousse de lait sucr\u00e9e.<\/p>\n<\/li>\n<li class=\"\" data-start=\"6299\" data-end=\"6365\">\n<p class=\"\" data-start=\"6301\" data-end=\"6365\">Automatic Grinder Adjustment (A.G.A.) pour une mouture optimale.<\/p>\n<\/li>\n<li class=\"\" data-start=\"6366\" data-end=\"6417\">\n<p class=\"\" data-start=\"6368\" data-end=\"6417\">Wi-Fi Connect pour connexion \u00e0 r\u00e9seau domestique.<\/p>\n<\/li>\n<li class=\"\" data-start=\"6418\" data-end=\"6497\">\n<p class=\"\" data-start=\"6420\" data-end=\"6497\">Panneau avant en aluminium de 3 mm d&#8217;\u00e9paisseur et \u00e9clairage des porte-tasses.<\/p>\n<\/li>\n<li class=\"\" data-start=\"6498\" data-end=\"6548\">\n<p class=\"\" data-start=\"6500\" data-end=\"6548\">\u00c9cran tactile de 4,3&#8243; pour un contr\u00f4le intuitif.<\/p>\n<\/li>\n<li class=\"\" data-start=\"6549\" data-end=\"6602\">\n<p class=\"\" data-start=\"6551\" data-end=\"6602\">Nettoyage automatique du syst\u00e8me de lait One-Touch.<\/p>\n<\/li>\n<\/ul>\n<p class=\"\" data-start=\"6604\" data-end=\"6634\"><strong data-start=\"6604\" data-end=\"6633\">Sp\u00e9cifications techniques<\/strong>:<\/p>\n<ul data-start=\"6635\" data-end=\"6842\">\n<li class=\"\" data-start=\"6635\" data-end=\"6671\">\n<p class=\"\" data-start=\"6637\" data-end=\"6671\">Capacit\u00e9 du r\u00e9servoir d&#8217;eau: 2.4 l<\/p>\n<\/li>\n<li class=\"\" data-start=\"6672\" data-end=\"6709\">\n<p class=\"\" data-start=\"6674\" data-end=\"6709\">Capacit\u00e9 du contenant \u00e0 caf\u00e9: 280 g<\/p>\n<\/li>\n<li class=\"\" data-start=\"6710\" data-end=\"6754\">\n<p class=\"\" data-start=\"6712\" data-end=\"6754\">Contenant des r\u00e9sidus de caf\u00e9: 20 portions<\/p>\n<\/li>\n<li class=\"\" data-start=\"6755\" data-end=\"6786\">\n<p class=\"\" data-start=\"6757\" data-end=\"6786\">Dimensions: 32 \u00d7 36,3 \u00d7 47 cm<\/p>\n<\/li>\n<li class=\"\" data-start=\"6787\" data-end=\"6801\">\n<p class=\"\" data-start=\"6789\" data-end=\"6801\">Poids: 13 kg<\/p>\n<\/li>\n<li class=\"\" data-start=\"6802\" data-end=\"6821\">\n<p class=\"\" data-start=\"6804\" data-end=\"6821\">Puissance: 1450 W<\/p>\n<\/li>\n<li class=\"\" data-start=\"6822\" data-end=\"6842\">\n<p class=\"\" data-start=\"6824\" data-end=\"6842\">Fabriqu\u00e9 en Suisse<\/p>\n<\/li>\n<\/ul>\n<\/div>\n<\/div>\n<\/div>\n<\/div>\n<\/div>\n","protected":false},"excerpt":{"rendered":"<p>La r\u00e9volutionnaire Z10 avec P.R.G. pour des sp\u00e9cialit\u00e9s de caf\u00e9 chaudes et Cold BrewLa nouvelle Z10, chef-d&#8217;\u0153uvre de l&#8217;ing\u00e9nierie suisse,<\/p>\n","protected":false},"featured_media":486313,"template":"","meta":{"_acf_changed":false,"inline_featured_image":false},"product_cat":[25360,12764,12449],"product_tag":[23563,20780,13254,23568],"acf":[],"yoast_head":"<!-- This site is optimized with the Yoast SEO Premium plugin v18.6 (Yoast SEO v19.13) - https:\/\/yoast.com\/wordpress\/plugins\/seo\/ -->\n<title>JURA Machine \u00e0 caf\u00e9 Z10 Aluminium Dark Inox - Erresse Shop<\/title>\n<meta name=\"description\" content=\"La r\u00e9volutionnaire Z10 avec P.R.G. pour des sp\u00e9cialit\u00e9s de caf\u00e9 chaudes et Cold BrewLa nouvelle Z10, chef-d&#039;\u0153uvre de l&#039;ing\u00e9nierie suisse, double la\" \/>\n<meta name=\"robots\" content=\"index, follow, max-snippet:-1, max-image-preview:large, max-video-preview:-1\" \/>\n<link rel=\"canonical\" href=\"https:\/\/www.erresse-shop.it\/fr\/shop\/petits-electromenagers\/machines-cafe\/automatique\/jura-machine-a-cafe-s8-platine-copia\/\" \/>\n<meta property=\"og:locale\" content=\"fr_FR\" \/>\n<meta property=\"og:type\" content=\"article\" \/>\n<meta property=\"og:title\" content=\"JURA Machine \u00e0 caf\u00e9 Z10 Aluminium Dark Inox\" \/>\n<meta property=\"og:description\" content=\"La r\u00e9volutionnaire Z10 avec P.R.G. pour des sp\u00e9cialit\u00e9s de caf\u00e9 chaudes et Cold BrewLa nouvelle Z10, chef-d&#039;\u0153uvre de l&#039;ing\u00e9nierie suisse, double la\" \/>\n<meta property=\"og:url\" content=\"https:\/\/www.erresse-shop.it\/fr\/shop\/petits-electromenagers\/machines-cafe\/automatique\/jura-machine-a-cafe-s8-platine-copia\/\" \/>\n<meta property=\"og:site_name\" content=\"Erresse Shop\" \/>\n<meta property=\"article:modified_time\" content=\"2025-03-31T12:12:05+00:00\" \/>\n<meta property=\"og:image\" content=\"https:\/\/www.erresse-shop.it\/wp-content\/uploads\/2025\/03\/JURA-Macchina-Da-Caffe-Z10-Aluminium-Dark-Inox.jpg\" \/>\n\t<meta property=\"og:image:width\" content=\"1200\" \/>\n\t<meta property=\"og:image:height\" content=\"1200\" \/>\n\t<meta property=\"og:image:type\" content=\"image\/jpeg\" \/>\n<meta name=\"twitter:card\" content=\"summary_large_image\" \/>\n<script type=\"application\/ld+json\" class=\"yoast-schema-graph\">{\"@context\":\"https:\/\/schema.org\",\"@graph\":[{\"@type\":\"WebPage\",\"@id\":\"https:\/\/www.erresse-shop.it\/fr\/shop\/petits-electromenagers\/machines-cafe\/automatique\/jura-machine-a-cafe-s8-platine-copia\/\",\"url\":\"https:\/\/www.erresse-shop.it\/fr\/shop\/petits-electromenagers\/machines-cafe\/automatique\/jura-machine-a-cafe-s8-platine-copia\/\",\"name\":\"JURA Machine \u00e0 caf\u00e9 Z10 Aluminium Dark Inox - Erresse Shop\",\"isPartOf\":{\"@id\":\"https:\/\/www.erresse-shop.it\/fr\/#website\"},\"datePublished\":\"2025-03-31T10:49:28+00:00\",\"dateModified\":\"2025-03-31T12:12:05+00:00\",\"description\":\"La r\u00e9volutionnaire Z10 avec P.R.G. pour des sp\u00e9cialit\u00e9s de caf\u00e9 chaudes et Cold BrewLa nouvelle Z10, chef-d'\u0153uvre de l'ing\u00e9nierie suisse, double la\",\"breadcrumb\":{\"@id\":\"https:\/\/www.erresse-shop.it\/fr\/shop\/petits-electromenagers\/machines-cafe\/automatique\/jura-machine-a-cafe-s8-platine-copia\/#breadcrumb\"},\"inLanguage\":\"fr-FR\",\"potentialAction\":[{\"@type\":\"ReadAction\",\"target\":[\"https:\/\/www.erresse-shop.it\/fr\/shop\/petits-electromenagers\/machines-cafe\/automatique\/jura-machine-a-cafe-s8-platine-copia\/\"]}]},{\"@type\":\"BreadcrumbList\",\"@id\":\"https:\/\/www.erresse-shop.it\/fr\/shop\/petits-electromenagers\/machines-cafe\/automatique\/jura-machine-a-cafe-s8-platine-copia\/#breadcrumb\",\"itemListElement\":[{\"@type\":\"ListItem\",\"position\":1,\"name\":\"Home\",\"item\":\"https:\/\/www.erresse-shop.it\/fr\/\"},{\"@type\":\"ListItem\",\"position\":2,\"name\":\"Shop\",\"item\":\"https:\/\/www.erresse-shop.it\/fr\/shop\/\"},{\"@type\":\"ListItem\",\"position\":3,\"name\":\"JURA Machine \u00e0 caf\u00e9 Z10 Aluminium Dark Inox\"}]},{\"@type\":\"WebSite\",\"@id\":\"https:\/\/www.erresse-shop.it\/fr\/#website\",\"url\":\"https:\/\/www.erresse-shop.it\/fr\/\",\"name\":\"Erresse Shop\",\"description\":\"Articoli di qualit\u00e0 per la casa\",\"potentialAction\":[{\"@type\":\"SearchAction\",\"target\":{\"@type\":\"EntryPoint\",\"urlTemplate\":\"https:\/\/www.erresse-shop.it\/fr\/?s={search_term_string}\"},\"query-input\":\"required name=search_term_string\"}],\"inLanguage\":\"fr-FR\"}]}<\/script>\n<!-- \/ Yoast SEO Premium plugin. -->","yoast_head_json":{"title":"JURA Machine \u00e0 caf\u00e9 Z10 Aluminium Dark Inox - Erresse Shop","description":"La r\u00e9volutionnaire Z10 avec P.R.G. pour des sp\u00e9cialit\u00e9s de caf\u00e9 chaudes et Cold BrewLa nouvelle Z10, chef-d'\u0153uvre de l'ing\u00e9nierie suisse, double la","robots":{"index":"index","follow":"follow","max-snippet":"max-snippet:-1","max-image-preview":"max-image-preview:large","max-video-preview":"max-video-preview:-1"},"canonical":"https:\/\/www.erresse-shop.it\/fr\/shop\/petits-electromenagers\/machines-cafe\/automatique\/jura-machine-a-cafe-s8-platine-copia\/","og_locale":"fr_FR","og_type":"article","og_title":"JURA Machine \u00e0 caf\u00e9 Z10 Aluminium Dark Inox","og_description":"La r\u00e9volutionnaire Z10 avec P.R.G. pour des sp\u00e9cialit\u00e9s de caf\u00e9 chaudes et Cold BrewLa nouvelle Z10, chef-d'\u0153uvre de l'ing\u00e9nierie suisse, double la","og_url":"https:\/\/www.erresse-shop.it\/fr\/shop\/petits-electromenagers\/machines-cafe\/automatique\/jura-machine-a-cafe-s8-platine-copia\/","og_site_name":"Erresse Shop","article_modified_time":"2025-03-31T12:12:05+00:00","og_image":[{"width":1200,"height":1200,"url":"https:\/\/www.erresse-shop.it\/wp-content\/uploads\/2025\/03\/JURA-Macchina-Da-Caffe-Z10-Aluminium-Dark-Inox.jpg","type":"image\/jpeg"}],"twitter_card":"summary_large_image","schema":{"@context":"https:\/\/schema.org","@graph":[{"@type":"WebPage","@id":"https:\/\/www.erresse-shop.it\/fr\/shop\/petits-electromenagers\/machines-cafe\/automatique\/jura-machine-a-cafe-s8-platine-copia\/","url":"https:\/\/www.erresse-shop.it\/fr\/shop\/petits-electromenagers\/machines-cafe\/automatique\/jura-machine-a-cafe-s8-platine-copia\/","name":"JURA Machine \u00e0 caf\u00e9 Z10 Aluminium Dark Inox - Erresse Shop","isPartOf":{"@id":"https:\/\/www.erresse-shop.it\/fr\/#website"},"datePublished":"2025-03-31T10:49:28+00:00","dateModified":"2025-03-31T12:12:05+00:00","description":"La r\u00e9volutionnaire Z10 avec P.R.G. pour des sp\u00e9cialit\u00e9s de caf\u00e9 chaudes et Cold BrewLa nouvelle Z10, chef-d'\u0153uvre de l'ing\u00e9nierie suisse, double la","breadcrumb":{"@id":"https:\/\/www.erresse-shop.it\/fr\/shop\/petits-electromenagers\/machines-cafe\/automatique\/jura-machine-a-cafe-s8-platine-copia\/#breadcrumb"},"inLanguage":"fr-FR","potentialAction":[{"@type":"ReadAction","target":["https:\/\/www.erresse-shop.it\/fr\/shop\/petits-electromenagers\/machines-cafe\/automatique\/jura-machine-a-cafe-s8-platine-copia\/"]}]},{"@type":"BreadcrumbList","@id":"https:\/\/www.erresse-shop.it\/fr\/shop\/petits-electromenagers\/machines-cafe\/automatique\/jura-machine-a-cafe-s8-platine-copia\/#breadcrumb","itemListElement":[{"@type":"ListItem","position":1,"name":"Home","item":"https:\/\/www.erresse-shop.it\/fr\/"},{"@type":"ListItem","position":2,"name":"Shop","item":"https:\/\/www.erresse-shop.it\/fr\/shop\/"},{"@type":"ListItem","position":3,"name":"JURA Machine \u00e0 caf\u00e9 Z10 Aluminium Dark Inox"}]},{"@type":"WebSite","@id":"https:\/\/www.erresse-shop.it\/fr\/#website","url":"https:\/\/www.erresse-shop.it\/fr\/","name":"Erresse Shop","description":"Articoli di qualit\u00e0 per la casa","potentialAction":[{"@type":"SearchAction","target":{"@type":"EntryPoint","urlTemplate":"https:\/\/www.erresse-shop.it\/fr\/?s={search_term_string}"},"query-input":"required name=search_term_string"}],"inLanguage":"fr-FR"}]}},"df_price":2609.1,"df_sale_price":2609.1,"df_regular_price":2899,"df_image_link":"https:\/\/www.erresse-shop.it\/wp-content\/uploads\/2025\/03\/JURA-Macchina-Da-Caffe-Z10-Aluminium-Dark-Inox-300x300.jpg","_links":{"self":[{"href":"https:\/\/www.erresse-shop.it\/fr\/wp-json\/wp\/v2\/product\/486284"}],"collection":[{"href":"https:\/\/www.erresse-shop.it\/fr\/wp-json\/wp\/v2\/product"}],"about":[{"href":"https:\/\/www.erresse-shop.it\/fr\/wp-json\/wp\/v2\/types\/product"}],"wp:featuredmedia":[{"embeddable":true,"href":"https:\/\/www.erresse-shop.it\/fr\/wp-json\/wp\/v2\/media\/486313"}],"wp:attachment":[{"href":"https:\/\/www.erresse-shop.it\/fr\/wp-json\/wp\/v2\/media?parent=486284"}],"wp:term":[{"taxonomy":"product_cat","embeddable":true,"href":"https:\/\/www.erresse-shop.it\/fr\/wp-json\/wp\/v2\/product_cat?post=486284"},{"taxonomy":"product_tag","embeddable":true,"href":"https:\/\/www.erresse-shop.it\/fr\/wp-json\/wp\/v2\/product_tag?post=486284"}],"curies":[{"name":"wp","href":"https:\/\/api.w.org\/{rel}","templated":true}]}}