{"id":486160,"date":"2025-03-31T09:54:20","date_gmt":"2025-03-31T09:54:29","guid":{"rendered":"https:\/\/www.erresse-shop.it\/?post_type=product&#038;p=486160"},"modified":"2025-03-31T10:10:06","modified_gmt":"2025-03-31T10:10:06","slug":"jura-machine-a-cafe-j8-piano-black-copia","status":"publish","type":"product","link":"https:\/\/www.erresse-shop.it\/fr\/shop\/petits-electromenagers\/machines-cafe\/automatique\/jura-machine-a-cafe-j8-piano-black-copia\/","title":{"rendered":"JURA Machine \u00e0 caf\u00e9 J8 Twin Diamond Black"},"content":{"rendered":"<div class=\"page-subtitle\">\n<div class=\"page-subtitle\">\n<div class=\"page-subtitle\">\n<div class=\"page-subtitle\">\n<div class=\"page-subtitle\">\n<p class=\"\" data-start=\"3775\" data-end=\"4203\"><strong data-start=\"3775\" data-end=\"3834\">Flexibilit\u00e9 maximale avec deux fois plus de performance<\/strong><br data-start=\"3834\" data-end=\"3837\" \/>Une sp\u00e9cialit\u00e9 de caf\u00e9 avec ou sans caf\u00e9ine ? Un espresso \u00e0 torr\u00e9faction fonc\u00e9e ou un lungo d\u00e9licat ? La J8 twin de JURA est \u00e9quip\u00e9e de deux broyeurs de caf\u00e9 de pr\u00e9cision et r\u00e9unit litt\u00e9ralement deux machines automatiques pour sp\u00e9cialit\u00e9s de caf\u00e9 en un seul appareil. Plut\u00f4t que d&#8217;imposer le choix &#8220;soit ceci, soit cela&#8221;, elle rend possible &#8220;\u00e0 la fois ceci et cela&#8221;.<\/p>\n<p class=\"\" data-start=\"4205\" data-end=\"5078\"><strong data-start=\"4205\" data-end=\"4252\">Deux broyeurs de caf\u00e9 de pr\u00e9cision P.A.G.3+<\/strong><br data-start=\"4252\" data-end=\"4255\" \/>Avec la J8 twin, le plaisir du caf\u00e9 devient encore plus flexible. Gr\u00e2ce \u00e0 la capacit\u00e9 d&#8217;utiliser deux types de caf\u00e9 diff\u00e9rents, la machine automatique offre une plus grande vari\u00e9t\u00e9 d&#8217;options pour satisfaire tous les go\u00fbts. Vous pr\u00e9f\u00e9rez le caf\u00e9 riche en caf\u00e9ine pendant la journ\u00e9e et le d\u00e9caf\u00e9in\u00e9 le soir ? Ou peut-\u00eatre aimez-vous utiliser diff\u00e9rentes torr\u00e9factions pour vos sp\u00e9cialit\u00e9s pr\u00e9f\u00e9r\u00e9es ? La J8 r\u00e9pond \u00e0 tous vos d\u00e9sirs. La conception sophistiqu\u00e9e permet d&#8217;\u00e9quiper la J8 twin de deux broyeurs de caf\u00e9 haute performance P.A.G.3+. Les deux sont dot\u00e9s d&#8217;un contr\u00f4le actif du degr\u00e9 de mouture, appel\u00e9 contr\u00f4le de l&#8217;ar\u00f4me, garantissant une mouture pr\u00e9cise et constante. L&#8217;\u00e9tat de veille entre les pr\u00e9parations pr\u00e9serve les broyeurs, assurant ainsi leur long\u00e9vit\u00e9 et garantissant une saveur de caf\u00e9 toujours excellente.<\/p>\n<p class=\"\" data-start=\"5080\" data-end=\"5797\"><strong data-start=\"5080\" data-end=\"5138\">Des sp\u00e9cialit\u00e9s personnalis\u00e9es comme jamais auparavant<\/strong><br data-start=\"5138\" data-end=\"5141\" \/>La J8 twin pr\u00e9pare \u00e0 la perfection 31 sp\u00e9cialit\u00e9s de caf\u00e9. Les deux broyeurs offrent une flexibilit\u00e9 maximale pour des options de personnalisation infinies, permettant de pr\u00e9parer chaque caf\u00e9 selon vos pr\u00e9f\u00e9rences : fort ou d\u00e9licat, avec ou sans caf\u00e9ine, et avec le m\u00e9lange de votre choix, toujours fra\u00eechement moulu. En r\u00e9sum\u00e9, elle offre les avantages de deux machines automatiques dans un seul appareil compact. Mais ce n&#8217;est pas tout : elle aromatise et adoucit \u00e9galement d\u00e9licatement la mousse de lait, ouvrant ainsi de nouvelles dimensions de go\u00fbt. La gamme de sp\u00e9cialit\u00e9s satisfait tous les souhaits, de l&#8217;espresso classique au Sweet Latte tendance.<\/p>\n<p class=\"\" data-start=\"5799\" data-end=\"6569\"><strong data-start=\"5799\" data-end=\"5853\">Un seul geste pour satisfaire chaque envie de caf\u00e9<\/strong><br data-start=\"5853\" data-end=\"5856\" \/>Le Panorama Coffee Panel permet une utilisation intuitive pour profiter de tous les avantages de la J8 twin. La philosophie d&#8217;utilisation explicite repose sur des crit\u00e8res logiques stricts. Le mode facile offre une flexibilit\u00e9 maximale en permettant d&#8217;ajuster les sp\u00e9cialit\u00e9s \u00e0 vos tasses pr\u00e9f\u00e9r\u00e9es via des curseurs d\u00e9di\u00e9s. L&#8217;utilisation est encore simplifi\u00e9e gr\u00e2ce \u00e0 des syst\u00e8mes d&#8217;assistance. Le contr\u00f4le de l&#8217;ar\u00f4me garantit la finesse id\u00e9ale de la mouture. Le Coffee Eye, un capteur intelligent pour tasses, garantit un positionnement correct des tasses sous le distributeur respectif en fonction de la sp\u00e9cialit\u00e9 s\u00e9lectionn\u00e9e. Bien s\u00fbr, le nettoyage et l&#8217;entretien se font \u00e9galement en appuyant sur un bouton.<\/p>\n<p class=\"\" data-start=\"6571\" data-end=\"7347\"><strong data-start=\"6571\" data-end=\"6653\">Un design excellent et des performances exceptionnelles dans un espace compact<\/strong><br data-start=\"6653\" data-end=\"6656\" \/>Les performances de deux broyeurs dans un format compact s&#8217;expriment dans un design \u00e9l\u00e9gant et harmonieux. Gr\u00e2ce \u00e0 des lignes sobres, des mat\u00e9riaux de haute qualit\u00e9 et un travail exceptionnel, la J8 twin exprime la sup\u00e9riorit\u00e9 et l&#8217;expertise. De la configuration du degr\u00e9 de mouture au distributeur de caf\u00e9 r\u00e9glable en hauteur, en passant par les couvercles des broyeurs : l&#8217;attention aux d\u00e9tails est universellement perceptible. La fonctionnalit\u00e9 et la forme se fondent, cr\u00e9ant une unit\u00e9 symbiotique, avec le Panorama Coffee Panel au centre. Combin\u00e9e \u00e0 des d\u00e9tails subtils sur mesure, la palette de couleurs s&#8217;aligne parfaitement avec l&#8217;\u00e9l\u00e9gance de cette machine automatique exceptionnelle.<\/p>\n<p class=\"\" data-start=\"7349\" data-end=\"7374\"><strong data-start=\"7349\" data-end=\"7374\">Sp\u00e9cialit\u00e9s de caf\u00e9 :<\/strong><\/p>\n<ul data-start=\"7375\" data-end=\"7509\">\n<li class=\"\" data-start=\"7375\" data-end=\"7509\">\n<p class=\"\" data-start=\"7377\" data-end=\"7509\">31 options de caf\u00e9, dont Espresso, Cappuccino, Lungo, Latte Macchiato et diverses options avec des shots suppl\u00e9mentaires ou sucr\u00e9es.<\/p>\n<\/li>\n<\/ul>\n<p class=\"\" data-start=\"7511\" data-end=\"7542\"><strong data-start=\"7511\" data-end=\"7542\">Fonctionnalit\u00e9s sp\u00e9ciales :<\/strong><\/p>\n<ul data-start=\"7543\" data-end=\"7672\">\n<li class=\"\" data-start=\"7543\" data-end=\"7564\">\n<p class=\"\" data-start=\"7545\" data-end=\"7564\">Fonction Sweet Foam<\/p>\n<\/li>\n<li class=\"\" data-start=\"7565\" data-end=\"7595\">\n<p class=\"\" data-start=\"7567\" data-end=\"7595\">Contr\u00f4le actif de la mouture<\/p>\n<\/li>\n<li class=\"\" data-start=\"7596\" data-end=\"7608\">\n<p class=\"\" data-start=\"7598\" data-end=\"7608\">Coffee Eye<\/p>\n<\/li>\n<li class=\"\" data-start=\"7609\" data-end=\"7647\">\n<p class=\"\" data-start=\"7611\" data-end=\"7647\">Connexion Wi-Fi au r\u00e9seau domestique<\/p>\n<\/li>\n<li class=\"\" data-start=\"7648\" data-end=\"7672\">\n<p class=\"\" data-start=\"7650\" data-end=\"7672\">\u00c9metteur Wi-Fi Connect<\/p>\n<\/li>\n<\/ul>\n<p class=\"\" data-start=\"7674\" data-end=\"7705\"><strong data-start=\"7674\" data-end=\"7705\">Sp\u00e9cifications techniques :<\/strong><\/p>\n<ul data-start=\"7706\" data-end=\"7990\">\n<li class=\"\" data-start=\"7706\" data-end=\"7743\">\n<p class=\"\" data-start=\"7708\" data-end=\"7743\">Capacit\u00e9 du r\u00e9servoir d&#8217;eau : 1,9 l<\/p>\n<\/li>\n<li class=\"\" data-start=\"7744\" data-end=\"7786\">\n<p class=\"\" data-start=\"7746\" data-end=\"7786\">Capacit\u00e9 du r\u00e9servoir \u00e0 caf\u00e9 : 2 \u00d7 180 g<\/p>\n<\/li>\n<li class=\"\" data-start=\"7787\" data-end=\"7828\">\n<p class=\"\" data-start=\"7789\" data-end=\"7828\">R\u00e9servoir de marc de caf\u00e9 : 16 portions<\/p>\n<\/li>\n<li class=\"\" data-start=\"7829\" data-end=\"7856\">\n<p class=\"\" data-start=\"7831\" data-end=\"7856\">Longueur du c\u00e2ble : 1,1 m<\/p>\n<\/li>\n<li class=\"\" data-start=\"7857\" data-end=\"7883\">\n<p class=\"\" data-start=\"7859\" data-end=\"7883\">Tension : 230 V \/ 1450 W<\/p>\n<\/li>\n<li class=\"\" data-start=\"7884\" data-end=\"7901\">\n<p class=\"\" data-start=\"7886\" data-end=\"7901\">Poids : 11,5 kg<\/p>\n<\/li>\n<li class=\"\" data-start=\"7902\" data-end=\"7934\">\n<p class=\"\" data-start=\"7904\" data-end=\"7934\">Dimensions : 31 \u00d7 36 \u00d7 44,6 cm<\/p>\n<\/li>\n<li class=\"\" data-start=\"7935\" data-end=\"7965\">\n<p class=\"\" data-start=\"7937\" data-end=\"7965\">Pays de fabrication : Suisse<\/p>\n<\/li>\n<li class=\"\" data-start=\"7966\" data-end=\"7990\">\n<p class=\"\" data-start=\"7968\" data-end=\"7990\">Ann\u00e9e du mod\u00e8le : 2023<\/p>\n<\/li>\n<\/ul>\n<\/div>\n<\/div>\n<\/div>\n<\/div>\n<\/div>\n","protected":false},"excerpt":{"rendered":"<p>Flexibilit\u00e9 maximale avec deux fois plus de performanceUne sp\u00e9cialit\u00e9 de caf\u00e9 avec ou sans caf\u00e9ine ? Un espresso \u00e0 torr\u00e9faction<\/p>\n","protected":false},"featured_media":486189,"template":"","meta":{"_acf_changed":false,"inline_featured_image":false},"product_cat":[25360,12764,12449],"product_tag":[23563,20780,13254,23568],"acf":[],"yoast_head":"<!-- This site is optimized with the Yoast SEO Premium plugin v18.6 (Yoast SEO v19.13) - https:\/\/yoast.com\/wordpress\/plugins\/seo\/ -->\n<title>JURA Machine \u00e0 caf\u00e9 J8 Twin Diamond Black - Erresse Shop<\/title>\n<meta name=\"description\" content=\"Flexibilit\u00e9 maximale avec deux fois plus de performanceUne sp\u00e9cialit\u00e9 de caf\u00e9 avec ou sans caf\u00e9ine ? Un espresso \u00e0 torr\u00e9faction fonc\u00e9e ou un lungo d\u00e9licat\" \/>\n<meta name=\"robots\" content=\"index, follow, max-snippet:-1, max-image-preview:large, max-video-preview:-1\" \/>\n<link rel=\"canonical\" href=\"https:\/\/www.erresse-shop.it\/fr\/shop\/petits-electromenagers\/machines-cafe\/automatique\/jura-machine-a-cafe-j8-piano-black-copia\/\" \/>\n<meta property=\"og:locale\" content=\"fr_FR\" \/>\n<meta property=\"og:type\" content=\"article\" \/>\n<meta property=\"og:title\" content=\"JURA Machine \u00e0 caf\u00e9 J8 Twin Diamond Black\" \/>\n<meta property=\"og:description\" content=\"Flexibilit\u00e9 maximale avec deux fois plus de performanceUne sp\u00e9cialit\u00e9 de caf\u00e9 avec ou sans caf\u00e9ine ? Un espresso \u00e0 torr\u00e9faction fonc\u00e9e ou un lungo d\u00e9licat\" \/>\n<meta property=\"og:url\" content=\"https:\/\/www.erresse-shop.it\/fr\/shop\/petits-electromenagers\/machines-cafe\/automatique\/jura-machine-a-cafe-j8-piano-black-copia\/\" \/>\n<meta property=\"og:site_name\" content=\"Erresse Shop\" \/>\n<meta property=\"article:modified_time\" content=\"2025-03-31T10:10:06+00:00\" \/>\n<meta property=\"og:image\" content=\"https:\/\/www.erresse-shop.it\/wp-content\/uploads\/2025\/03\/JURA-Macchina-Da-Caffe-J8-Twin-Diamond-Black.jpg\" \/>\n\t<meta property=\"og:image:width\" content=\"1200\" \/>\n\t<meta property=\"og:image:height\" content=\"1200\" \/>\n\t<meta property=\"og:image:type\" content=\"image\/jpeg\" \/>\n<meta name=\"twitter:card\" content=\"summary_large_image\" \/>\n<script type=\"application\/ld+json\" class=\"yoast-schema-graph\">{\"@context\":\"https:\/\/schema.org\",\"@graph\":[{\"@type\":\"WebPage\",\"@id\":\"https:\/\/www.erresse-shop.it\/fr\/shop\/petits-electromenagers\/machines-cafe\/automatique\/jura-machine-a-cafe-j8-piano-black-copia\/\",\"url\":\"https:\/\/www.erresse-shop.it\/fr\/shop\/petits-electromenagers\/machines-cafe\/automatique\/jura-machine-a-cafe-j8-piano-black-copia\/\",\"name\":\"JURA Machine \u00e0 caf\u00e9 J8 Twin Diamond Black - Erresse Shop\",\"isPartOf\":{\"@id\":\"https:\/\/www.erresse-shop.it\/fr\/#website\"},\"datePublished\":\"2025-03-31T09:54:29+00:00\",\"dateModified\":\"2025-03-31T10:10:06+00:00\",\"description\":\"Flexibilit\u00e9 maximale avec deux fois plus de performanceUne sp\u00e9cialit\u00e9 de caf\u00e9 avec ou sans caf\u00e9ine ? Un espresso \u00e0 torr\u00e9faction fonc\u00e9e ou un lungo d\u00e9licat\",\"breadcrumb\":{\"@id\":\"https:\/\/www.erresse-shop.it\/fr\/shop\/petits-electromenagers\/machines-cafe\/automatique\/jura-machine-a-cafe-j8-piano-black-copia\/#breadcrumb\"},\"inLanguage\":\"fr-FR\",\"potentialAction\":[{\"@type\":\"ReadAction\",\"target\":[\"https:\/\/www.erresse-shop.it\/fr\/shop\/petits-electromenagers\/machines-cafe\/automatique\/jura-machine-a-cafe-j8-piano-black-copia\/\"]}]},{\"@type\":\"BreadcrumbList\",\"@id\":\"https:\/\/www.erresse-shop.it\/fr\/shop\/petits-electromenagers\/machines-cafe\/automatique\/jura-machine-a-cafe-j8-piano-black-copia\/#breadcrumb\",\"itemListElement\":[{\"@type\":\"ListItem\",\"position\":1,\"name\":\"Home\",\"item\":\"https:\/\/www.erresse-shop.it\/fr\/\"},{\"@type\":\"ListItem\",\"position\":2,\"name\":\"Shop\",\"item\":\"https:\/\/www.erresse-shop.it\/fr\/shop\/\"},{\"@type\":\"ListItem\",\"position\":3,\"name\":\"JURA Machine \u00e0 caf\u00e9 J8 Twin Diamond Black\"}]},{\"@type\":\"WebSite\",\"@id\":\"https:\/\/www.erresse-shop.it\/fr\/#website\",\"url\":\"https:\/\/www.erresse-shop.it\/fr\/\",\"name\":\"Erresse Shop\",\"description\":\"Articoli di qualit\u00e0 per la casa\",\"potentialAction\":[{\"@type\":\"SearchAction\",\"target\":{\"@type\":\"EntryPoint\",\"urlTemplate\":\"https:\/\/www.erresse-shop.it\/fr\/?s={search_term_string}\"},\"query-input\":\"required name=search_term_string\"}],\"inLanguage\":\"fr-FR\"}]}<\/script>\n<!-- \/ Yoast SEO Premium plugin. -->","yoast_head_json":{"title":"JURA Machine \u00e0 caf\u00e9 J8 Twin Diamond Black - Erresse Shop","description":"Flexibilit\u00e9 maximale avec deux fois plus de performanceUne sp\u00e9cialit\u00e9 de caf\u00e9 avec ou sans caf\u00e9ine ? Un espresso \u00e0 torr\u00e9faction fonc\u00e9e ou un lungo d\u00e9licat","robots":{"index":"index","follow":"follow","max-snippet":"max-snippet:-1","max-image-preview":"max-image-preview:large","max-video-preview":"max-video-preview:-1"},"canonical":"https:\/\/www.erresse-shop.it\/fr\/shop\/petits-electromenagers\/machines-cafe\/automatique\/jura-machine-a-cafe-j8-piano-black-copia\/","og_locale":"fr_FR","og_type":"article","og_title":"JURA Machine \u00e0 caf\u00e9 J8 Twin Diamond Black","og_description":"Flexibilit\u00e9 maximale avec deux fois plus de performanceUne sp\u00e9cialit\u00e9 de caf\u00e9 avec ou sans caf\u00e9ine ? Un espresso \u00e0 torr\u00e9faction fonc\u00e9e ou un lungo d\u00e9licat","og_url":"https:\/\/www.erresse-shop.it\/fr\/shop\/petits-electromenagers\/machines-cafe\/automatique\/jura-machine-a-cafe-j8-piano-black-copia\/","og_site_name":"Erresse Shop","article_modified_time":"2025-03-31T10:10:06+00:00","og_image":[{"width":1200,"height":1200,"url":"https:\/\/www.erresse-shop.it\/wp-content\/uploads\/2025\/03\/JURA-Macchina-Da-Caffe-J8-Twin-Diamond-Black.jpg","type":"image\/jpeg"}],"twitter_card":"summary_large_image","schema":{"@context":"https:\/\/schema.org","@graph":[{"@type":"WebPage","@id":"https:\/\/www.erresse-shop.it\/fr\/shop\/petits-electromenagers\/machines-cafe\/automatique\/jura-machine-a-cafe-j8-piano-black-copia\/","url":"https:\/\/www.erresse-shop.it\/fr\/shop\/petits-electromenagers\/machines-cafe\/automatique\/jura-machine-a-cafe-j8-piano-black-copia\/","name":"JURA Machine \u00e0 caf\u00e9 J8 Twin Diamond Black - Erresse Shop","isPartOf":{"@id":"https:\/\/www.erresse-shop.it\/fr\/#website"},"datePublished":"2025-03-31T09:54:29+00:00","dateModified":"2025-03-31T10:10:06+00:00","description":"Flexibilit\u00e9 maximale avec deux fois plus de performanceUne sp\u00e9cialit\u00e9 de caf\u00e9 avec ou sans caf\u00e9ine ? Un espresso \u00e0 torr\u00e9faction fonc\u00e9e ou un lungo d\u00e9licat","breadcrumb":{"@id":"https:\/\/www.erresse-shop.it\/fr\/shop\/petits-electromenagers\/machines-cafe\/automatique\/jura-machine-a-cafe-j8-piano-black-copia\/#breadcrumb"},"inLanguage":"fr-FR","potentialAction":[{"@type":"ReadAction","target":["https:\/\/www.erresse-shop.it\/fr\/shop\/petits-electromenagers\/machines-cafe\/automatique\/jura-machine-a-cafe-j8-piano-black-copia\/"]}]},{"@type":"BreadcrumbList","@id":"https:\/\/www.erresse-shop.it\/fr\/shop\/petits-electromenagers\/machines-cafe\/automatique\/jura-machine-a-cafe-j8-piano-black-copia\/#breadcrumb","itemListElement":[{"@type":"ListItem","position":1,"name":"Home","item":"https:\/\/www.erresse-shop.it\/fr\/"},{"@type":"ListItem","position":2,"name":"Shop","item":"https:\/\/www.erresse-shop.it\/fr\/shop\/"},{"@type":"ListItem","position":3,"name":"JURA Machine \u00e0 caf\u00e9 J8 Twin Diamond Black"}]},{"@type":"WebSite","@id":"https:\/\/www.erresse-shop.it\/fr\/#website","url":"https:\/\/www.erresse-shop.it\/fr\/","name":"Erresse Shop","description":"Articoli di qualit\u00e0 per la casa","potentialAction":[{"@type":"SearchAction","target":{"@type":"EntryPoint","urlTemplate":"https:\/\/www.erresse-shop.it\/fr\/?s={search_term_string}"},"query-input":"required name=search_term_string"}],"inLanguage":"fr-FR"}]}},"df_price":1999.95,"df_sale_price":1999.95,"df_regular_price":2649,"df_image_link":"https:\/\/www.erresse-shop.it\/wp-content\/uploads\/2025\/03\/JURA-Macchina-Da-Caffe-J8-Twin-Diamond-Black-300x300.jpg","_links":{"self":[{"href":"https:\/\/www.erresse-shop.it\/fr\/wp-json\/wp\/v2\/product\/486160"}],"collection":[{"href":"https:\/\/www.erresse-shop.it\/fr\/wp-json\/wp\/v2\/product"}],"about":[{"href":"https:\/\/www.erresse-shop.it\/fr\/wp-json\/wp\/v2\/types\/product"}],"wp:featuredmedia":[{"embeddable":true,"href":"https:\/\/www.erresse-shop.it\/fr\/wp-json\/wp\/v2\/media\/486189"}],"wp:attachment":[{"href":"https:\/\/www.erresse-shop.it\/fr\/wp-json\/wp\/v2\/media?parent=486160"}],"wp:term":[{"taxonomy":"product_cat","embeddable":true,"href":"https:\/\/www.erresse-shop.it\/fr\/wp-json\/wp\/v2\/product_cat?post=486160"},{"taxonomy":"product_tag","embeddable":true,"href":"https:\/\/www.erresse-shop.it\/fr\/wp-json\/wp\/v2\/product_tag?post=486160"}],"curies":[{"name":"wp","href":"https:\/\/api.w.org\/{rel}","templated":true}]}}