{"id":486091,"date":"2025-03-31T09:08:19","date_gmt":"2025-03-31T09:08:21","guid":{"rendered":"https:\/\/www.erresse-shop.it\/?post_type=product&#038;p=486091"},"modified":"2025-03-31T09:25:44","modified_gmt":"2025-03-31T09:25:44","slug":"zwilling-coffret-de-couteaux-gourmet-avec-bloc-marron-copia","status":"publish","type":"product","link":"https:\/\/www.erresse-shop.it\/fr\/shop\/cuisine\/couteaux\/zwilling-coffret-de-couteaux-gourmet-avec-bloc-marron-copia\/","title":{"rendered":"ZWILLING Set de couteaux gourmet avec bloc en bambou 7 pi\u00e8ces"},"content":{"rendered":"<p class=\"\" data-start=\"1687\" data-end=\"2533\">Ce bloc de couteaux de 7 pi\u00e8ces pour usage universel de la ligne ZWILLING Gourmet comprend un couteau \u00e0 garnir et d\u00e9corer (longueur de la lame 10 cm), un couteau multifonction (13 cm), un couteau \u00e0 d\u00e9couper (16 cm), un couteau de chef (20 cm), un aiguiseur et des ciseaux multifonctions. Tous les couteaux du set sont \u00e9quip\u00e9s d&#8217;une lame FRIODUR\u00ae, qui est tremp\u00e9e par glace selon un proc\u00e9d\u00e9 sp\u00e9cial. Cela permet aux lames d\u2019acqu\u00e9rir une grande robustesse et une r\u00e9sistance \u00e0 la corrosion exceptionnelles. La poign\u00e9e noire en plastique, avec son design classique \u00e0 trois rivets, assure une prise en main confortable gr\u00e2ce \u00e0 sa forme ergonomique. Le bloc est fabriqu\u00e9 en pur bois de bambou, id\u00e9al pour ranger en toute s\u00e9curit\u00e9 vos couteaux de cuisine. Avec ce bloc de couteaux ZWILLING Gourmet, pr\u00e9parer de d\u00e9licieux plats deviendra un jeu d\u2019enfant.<\/p>\n<ul data-start=\"2535\" data-end=\"3214\">\n<li class=\"\" data-start=\"2535\" data-end=\"2644\">\n<p class=\"\" data-start=\"2537\" data-end=\"2644\">Lames FRIODUR\u00ae trait\u00e9es cryog\u00e9niquement pour une durabilit\u00e9 exceptionnelle et une r\u00e9sistance \u00e0 la corrosion<\/p>\n<\/li>\n<li class=\"\" data-start=\"2645\" data-end=\"2739\">\n<p class=\"\" data-start=\"2647\" data-end=\"2739\">Facile \u00e0 manipuler gr\u00e2ce \u00e0 son poids r\u00e9duit, son design ergonomique et son \u00e9quilibre optimal<\/p>\n<\/li>\n<li class=\"\" data-start=\"2740\" data-end=\"2912\">\n<p class=\"\" data-start=\"2742\" data-end=\"2912\">Poign\u00e9e ergonomique pour un travail sans effort et en toute s\u00e9curit\u00e9, en mat\u00e9riau synth\u00e9tique avec design \u00e0 3 rivets et logo ZWILLING\u00ae grav\u00e9 au laser sur le rivet central<\/p>\n<\/li>\n<li class=\"\" data-start=\"2913\" data-end=\"2962\">\n<p class=\"\" data-start=\"2915\" data-end=\"2962\">Transition continue entre la poign\u00e9e et la lame<\/p>\n<\/li>\n<li class=\"\" data-start=\"2963\" data-end=\"3021\">\n<p class=\"\" data-start=\"2965\" data-end=\"3021\">Couteaux fabriqu\u00e9s par ZWILLING J.A. Henckels \u00e0 Solingen<\/p>\n<\/li>\n<li class=\"\" data-start=\"3022\" data-end=\"3214\">\n<p class=\"\" data-start=\"3024\" data-end=\"3214\">Comprend 1 couteau \u00e0 garnir (10 cm), 1 couteau multifonction (13 cm), 1 couteau \u00e0 d\u00e9couper (16 cm), 1 couteau de chef (20 cm), 1 paire de ciseaux multifonctions, 1 aiguiseur en acier, 1 bloc<\/p>\n<\/li>\n<\/ul>\n<p class=\"\" data-start=\"3216\" data-end=\"3238\"><strong data-start=\"3216\" data-end=\"3238\">Caract\u00e9ristiques :<\/strong><\/p>\n<ul data-start=\"3240\" data-end=\"3429\">\n<li class=\"\" data-start=\"3240\" data-end=\"3259\">\n<p class=\"\" data-start=\"3242\" data-end=\"3259\">Mat\u00e9riau : Bambou<\/p>\n<\/li>\n<li class=\"\" data-start=\"3260\" data-end=\"3302\">\n<p class=\"\" data-start=\"3262\" data-end=\"3302\">M\u00e9thode de production : D\u00e9coup\u00e9 au laser<\/p>\n<\/li>\n<li class=\"\" data-start=\"3303\" data-end=\"3338\">\n<p class=\"\" data-start=\"3305\" data-end=\"3338\">Nombre de fentes dans le bloc : 6<\/p>\n<\/li>\n<li class=\"\" data-start=\"3339\" data-end=\"3361\">\n<p class=\"\" data-start=\"3341\" data-end=\"3361\">Nombre de pi\u00e8ces : 7<\/p>\n<\/li>\n<li class=\"\" data-start=\"3362\" data-end=\"3392\">\n<p class=\"\" data-start=\"3364\" data-end=\"3392\">Couleur de la poign\u00e9e : Noir<\/p>\n<\/li>\n<li class=\"\" data-start=\"3393\" data-end=\"3429\">\n<p class=\"\" data-start=\"3395\" data-end=\"3429\">Mat\u00e9riau de la poign\u00e9e : Plastique<\/p>\n<\/li>\n<\/ul>\n<p class=\"\" data-start=\"3431\" data-end=\"3447\"><strong data-start=\"3431\" data-end=\"3447\">Dimensions :<\/strong><\/p>\n<ul data-start=\"3449\" data-end=\"3567\">\n<li class=\"\" data-start=\"3449\" data-end=\"3470\">\n<p class=\"\" data-start=\"3451\" data-end=\"3470\">Poids net : 2,61 kg<\/p>\n<\/li>\n<li class=\"\" data-start=\"3471\" data-end=\"3503\">\n<p class=\"\" data-start=\"3473\" data-end=\"3503\">Longueur du produit : 36,00 cm<\/p>\n<\/li>\n<li class=\"\" data-start=\"3504\" data-end=\"3535\">\n<p class=\"\" data-start=\"3506\" data-end=\"3535\">Largeur du produit : 16,00 cm<\/p>\n<\/li>\n<li class=\"\" data-start=\"3536\" data-end=\"3567\">\n<p class=\"\" data-start=\"3538\" data-end=\"3567\">Hauteur du produit : 15,00 cm<\/p>\n<\/li>\n<\/ul>\n","protected":false},"excerpt":{"rendered":"<p>Pionnier dans le domaine de la coutellerie haut de gamme, ZWILLING J.A. Henckels fabrique des couteaux d&#8217;une qualit\u00e9 de fabrication exceptionnelle depuis 1731. Consid\u00e9r\u00e9e comme l&#8217;un des innovateurs de l&#8217;industrie, l&#8217;entreprise reste fid\u00e8le \u00e0 ses racines : un engagement fort pour la qualit\u00e9 et l&#8217;excellence<\/p>\n","protected":false},"featured_media":486109,"template":"","meta":{"_acf_changed":false,"inline_featured_image":false},"product_cat":[12745,12742,12748],"product_tag":[12838,15838,14045,12839,13621,15400,15772,15401],"acf":[],"yoast_head":"<!-- This site is optimized with the Yoast SEO Premium plugin v18.6 (Yoast SEO v19.13) - https:\/\/yoast.com\/wordpress\/plugins\/seo\/ -->\n<title>ZWILLING Set de couteaux gourmet avec bloc en bambou 7 pi\u00e8ces - Erresse Shop<\/title>\n<meta name=\"description\" content=\"Pionnier dans le domaine de la coutellerie haut de gamme, ZWILLING J.A. Henckels fabrique des couteaux d&#039;une qualit\u00e9 de fabrication exceptionnelle depuis 1731. Consid\u00e9r\u00e9e comme l&#039;un des innovateurs de l&#039;industrie, l&#039;entreprise reste fid\u00e8le \u00e0 ses racines : un engagement fort pour la qualit\u00e9 et l&#039;excellence\" \/>\n<meta name=\"robots\" content=\"index, follow, max-snippet:-1, max-image-preview:large, max-video-preview:-1\" \/>\n<link rel=\"canonical\" href=\"https:\/\/www.erresse-shop.it\/fr\/shop\/cuisine\/couteaux\/zwilling-coffret-de-couteaux-gourmet-avec-bloc-marron-copia\/\" \/>\n<meta property=\"og:locale\" content=\"fr_FR\" \/>\n<meta property=\"og:type\" content=\"article\" \/>\n<meta property=\"og:title\" content=\"ZWILLING Set de couteaux gourmet avec bloc en bambou 7 pi\u00e8ces\" \/>\n<meta property=\"og:description\" content=\"Pionnier dans le domaine de la coutellerie haut de gamme, ZWILLING J.A. Henckels fabrique des couteaux d&#039;une qualit\u00e9 de fabrication exceptionnelle depuis 1731. Consid\u00e9r\u00e9e comme l&#039;un des innovateurs de l&#039;industrie, l&#039;entreprise reste fid\u00e8le \u00e0 ses racines : un engagement fort pour la qualit\u00e9 et l&#039;excellence\" \/>\n<meta property=\"og:url\" content=\"https:\/\/www.erresse-shop.it\/fr\/shop\/cuisine\/couteaux\/zwilling-coffret-de-couteaux-gourmet-avec-bloc-marron-copia\/\" \/>\n<meta property=\"og:site_name\" content=\"Erresse Shop\" \/>\n<meta property=\"article:modified_time\" content=\"2025-03-31T09:25:44+00:00\" \/>\n<meta property=\"og:image\" content=\"https:\/\/www.erresse-shop.it\/wp-content\/uploads\/2025\/03\/ZWILLING-Set-Coltelli-Gourmet-con-Ceppo-Bambu-7-Pezzi.jpg\" \/>\n\t<meta property=\"og:image:width\" content=\"1200\" \/>\n\t<meta property=\"og:image:height\" content=\"1200\" \/>\n\t<meta property=\"og:image:type\" content=\"image\/jpeg\" \/>\n<meta name=\"twitter:card\" content=\"summary_large_image\" \/>\n<script type=\"application\/ld+json\" class=\"yoast-schema-graph\">{\"@context\":\"https:\/\/schema.org\",\"@graph\":[{\"@type\":\"WebPage\",\"@id\":\"https:\/\/www.erresse-shop.it\/fr\/shop\/cuisine\/couteaux\/zwilling-coffret-de-couteaux-gourmet-avec-bloc-marron-copia\/\",\"url\":\"https:\/\/www.erresse-shop.it\/fr\/shop\/cuisine\/couteaux\/zwilling-coffret-de-couteaux-gourmet-avec-bloc-marron-copia\/\",\"name\":\"ZWILLING Set de couteaux gourmet avec bloc en bambou 7 pi\u00e8ces - Erresse Shop\",\"isPartOf\":{\"@id\":\"https:\/\/www.erresse-shop.it\/fr\/#website\"},\"datePublished\":\"2025-03-31T09:08:21+00:00\",\"dateModified\":\"2025-03-31T09:25:44+00:00\",\"description\":\"Pionnier dans le domaine de la coutellerie haut de gamme, ZWILLING J.A. Henckels fabrique des couteaux d'une qualit\u00e9 de fabrication exceptionnelle depuis 1731. Consid\u00e9r\u00e9e comme l'un des innovateurs de l'industrie, l'entreprise reste fid\u00e8le \u00e0 ses racines : un engagement fort pour la qualit\u00e9 et l'excellence\",\"breadcrumb\":{\"@id\":\"https:\/\/www.erresse-shop.it\/fr\/shop\/cuisine\/couteaux\/zwilling-coffret-de-couteaux-gourmet-avec-bloc-marron-copia\/#breadcrumb\"},\"inLanguage\":\"fr-FR\",\"potentialAction\":[{\"@type\":\"ReadAction\",\"target\":[\"https:\/\/www.erresse-shop.it\/fr\/shop\/cuisine\/couteaux\/zwilling-coffret-de-couteaux-gourmet-avec-bloc-marron-copia\/\"]}]},{\"@type\":\"BreadcrumbList\",\"@id\":\"https:\/\/www.erresse-shop.it\/fr\/shop\/cuisine\/couteaux\/zwilling-coffret-de-couteaux-gourmet-avec-bloc-marron-copia\/#breadcrumb\",\"itemListElement\":[{\"@type\":\"ListItem\",\"position\":1,\"name\":\"Home\",\"item\":\"https:\/\/www.erresse-shop.it\/fr\/\"},{\"@type\":\"ListItem\",\"position\":2,\"name\":\"Shop\",\"item\":\"https:\/\/www.erresse-shop.it\/fr\/shop\/\"},{\"@type\":\"ListItem\",\"position\":3,\"name\":\"ZWILLING Set de couteaux gourmet avec bloc en bambou 7 pi\u00e8ces\"}]},{\"@type\":\"WebSite\",\"@id\":\"https:\/\/www.erresse-shop.it\/fr\/#website\",\"url\":\"https:\/\/www.erresse-shop.it\/fr\/\",\"name\":\"Erresse Shop\",\"description\":\"Articoli di qualit\u00e0 per la casa\",\"potentialAction\":[{\"@type\":\"SearchAction\",\"target\":{\"@type\":\"EntryPoint\",\"urlTemplate\":\"https:\/\/www.erresse-shop.it\/fr\/?s={search_term_string}\"},\"query-input\":\"required name=search_term_string\"}],\"inLanguage\":\"fr-FR\"}]}<\/script>\n<!-- \/ Yoast SEO Premium plugin. -->","yoast_head_json":{"title":"ZWILLING Set de couteaux gourmet avec bloc en bambou 7 pi\u00e8ces - Erresse Shop","description":"Pionnier dans le domaine de la coutellerie haut de gamme, ZWILLING J.A. Henckels fabrique des couteaux d'une qualit\u00e9 de fabrication exceptionnelle depuis 1731. Consid\u00e9r\u00e9e comme l'un des innovateurs de l'industrie, l'entreprise reste fid\u00e8le \u00e0 ses racines : un engagement fort pour la qualit\u00e9 et l'excellence","robots":{"index":"index","follow":"follow","max-snippet":"max-snippet:-1","max-image-preview":"max-image-preview:large","max-video-preview":"max-video-preview:-1"},"canonical":"https:\/\/www.erresse-shop.it\/fr\/shop\/cuisine\/couteaux\/zwilling-coffret-de-couteaux-gourmet-avec-bloc-marron-copia\/","og_locale":"fr_FR","og_type":"article","og_title":"ZWILLING Set de couteaux gourmet avec bloc en bambou 7 pi\u00e8ces","og_description":"Pionnier dans le domaine de la coutellerie haut de gamme, ZWILLING J.A. Henckels fabrique des couteaux d'une qualit\u00e9 de fabrication exceptionnelle depuis 1731. Consid\u00e9r\u00e9e comme l'un des innovateurs de l'industrie, l'entreprise reste fid\u00e8le \u00e0 ses racines : un engagement fort pour la qualit\u00e9 et l'excellence","og_url":"https:\/\/www.erresse-shop.it\/fr\/shop\/cuisine\/couteaux\/zwilling-coffret-de-couteaux-gourmet-avec-bloc-marron-copia\/","og_site_name":"Erresse Shop","article_modified_time":"2025-03-31T09:25:44+00:00","og_image":[{"width":1200,"height":1200,"url":"https:\/\/www.erresse-shop.it\/wp-content\/uploads\/2025\/03\/ZWILLING-Set-Coltelli-Gourmet-con-Ceppo-Bambu-7-Pezzi.jpg","type":"image\/jpeg"}],"twitter_card":"summary_large_image","schema":{"@context":"https:\/\/schema.org","@graph":[{"@type":"WebPage","@id":"https:\/\/www.erresse-shop.it\/fr\/shop\/cuisine\/couteaux\/zwilling-coffret-de-couteaux-gourmet-avec-bloc-marron-copia\/","url":"https:\/\/www.erresse-shop.it\/fr\/shop\/cuisine\/couteaux\/zwilling-coffret-de-couteaux-gourmet-avec-bloc-marron-copia\/","name":"ZWILLING Set de couteaux gourmet avec bloc en bambou 7 pi\u00e8ces - Erresse Shop","isPartOf":{"@id":"https:\/\/www.erresse-shop.it\/fr\/#website"},"datePublished":"2025-03-31T09:08:21+00:00","dateModified":"2025-03-31T09:25:44+00:00","description":"Pionnier dans le domaine de la coutellerie haut de gamme, ZWILLING J.A. Henckels fabrique des couteaux d'une qualit\u00e9 de fabrication exceptionnelle depuis 1731. Consid\u00e9r\u00e9e comme l'un des innovateurs de l'industrie, l'entreprise reste fid\u00e8le \u00e0 ses racines : un engagement fort pour la qualit\u00e9 et l'excellence","breadcrumb":{"@id":"https:\/\/www.erresse-shop.it\/fr\/shop\/cuisine\/couteaux\/zwilling-coffret-de-couteaux-gourmet-avec-bloc-marron-copia\/#breadcrumb"},"inLanguage":"fr-FR","potentialAction":[{"@type":"ReadAction","target":["https:\/\/www.erresse-shop.it\/fr\/shop\/cuisine\/couteaux\/zwilling-coffret-de-couteaux-gourmet-avec-bloc-marron-copia\/"]}]},{"@type":"BreadcrumbList","@id":"https:\/\/www.erresse-shop.it\/fr\/shop\/cuisine\/couteaux\/zwilling-coffret-de-couteaux-gourmet-avec-bloc-marron-copia\/#breadcrumb","itemListElement":[{"@type":"ListItem","position":1,"name":"Home","item":"https:\/\/www.erresse-shop.it\/fr\/"},{"@type":"ListItem","position":2,"name":"Shop","item":"https:\/\/www.erresse-shop.it\/fr\/shop\/"},{"@type":"ListItem","position":3,"name":"ZWILLING Set de couteaux gourmet avec bloc en bambou 7 pi\u00e8ces"}]},{"@type":"WebSite","@id":"https:\/\/www.erresse-shop.it\/fr\/#website","url":"https:\/\/www.erresse-shop.it\/fr\/","name":"Erresse Shop","description":"Articoli di qualit\u00e0 per la casa","potentialAction":[{"@type":"SearchAction","target":{"@type":"EntryPoint","urlTemplate":"https:\/\/www.erresse-shop.it\/fr\/?s={search_term_string}"},"query-input":"required name=search_term_string"}],"inLanguage":"fr-FR"}]}},"df_price":179.25,"df_sale_price":179.25,"df_regular_price":239,"df_image_link":"https:\/\/www.erresse-shop.it\/wp-content\/uploads\/2025\/03\/ZWILLING-Set-Coltelli-Gourmet-con-Ceppo-Bambu-7-Pezzi-300x300.jpg","_links":{"self":[{"href":"https:\/\/www.erresse-shop.it\/fr\/wp-json\/wp\/v2\/product\/486091"}],"collection":[{"href":"https:\/\/www.erresse-shop.it\/fr\/wp-json\/wp\/v2\/product"}],"about":[{"href":"https:\/\/www.erresse-shop.it\/fr\/wp-json\/wp\/v2\/types\/product"}],"wp:featuredmedia":[{"embeddable":true,"href":"https:\/\/www.erresse-shop.it\/fr\/wp-json\/wp\/v2\/media\/486109"}],"wp:attachment":[{"href":"https:\/\/www.erresse-shop.it\/fr\/wp-json\/wp\/v2\/media?parent=486091"}],"wp:term":[{"taxonomy":"product_cat","embeddable":true,"href":"https:\/\/www.erresse-shop.it\/fr\/wp-json\/wp\/v2\/product_cat?post=486091"},{"taxonomy":"product_tag","embeddable":true,"href":"https:\/\/www.erresse-shop.it\/fr\/wp-json\/wp\/v2\/product_tag?post=486091"}],"curies":[{"name":"wp","href":"https:\/\/api.w.org\/{rel}","templated":true}]}}