{"id":486008,"date":"2025-03-31T08:16:08","date_gmt":"2025-03-31T08:16:12","guid":{"rendered":"https:\/\/www.erresse-shop.it\/?post_type=product&#038;p=486008"},"modified":"2025-03-31T08:32:52","modified_gmt":"2025-03-31T08:32:52","slug":"jura-machine-a-cafe-giga-10-diamond-black-copia","status":"publish","type":"product","link":"https:\/\/www.erresse-shop.it\/fr\/shop\/petits-electromenagers\/machines-cafe\/automatique\/jura-machine-a-cafe-giga-10-diamond-black-copia\/","title":{"rendered":"JURA Machine \u00e0 caf\u00e9 J8 Midnight Silver"},"content":{"rendered":"<div class=\"page-subtitle\">\n<div class=\"page-subtitle\">\n<div class=\"page-subtitle\">\n<div class=\"page-subtitle\">\n<div class=\"page-subtitle\">\n<p class=\"\" data-start=\"3218\" data-end=\"3278\"><strong data-start=\"3218\" data-end=\"3278\">J8 pour Sp\u00e9cialit\u00e9s de Caf\u00e9 \u2013 Avec Mousse de Lait Sucr\u00e9e<\/strong><\/p>\n<p class=\"\" data-start=\"3280\" data-end=\"3540\">La nouvelle g\u00e9n\u00e9ration de la ligne J, appr\u00e9ci\u00e9e dans le monde entier, int\u00e8gre une s\u00e9rie d&#8217;innovations technologiques pour un plaisir du caf\u00e9 encore plus parfait. En plus de toute la gamme de caf\u00e9s classiques, la J8 propose d\u00e9sormais encore plus de sp\u00e9cialit\u00e9s.<\/p>\n<p class=\"\" data-start=\"3542\" data-end=\"3600\"><strong data-start=\"3542\" data-end=\"3600\">Fonction Sweet Foam \u2013 La Nouvelle Fronti\u00e8re du Plaisir<\/strong><\/p>\n<p class=\"\" data-start=\"3602\" data-end=\"4192\">Le secret de la haute cuisine r\u00e9side dans l&#8217;utilisation d&#8217;ingr\u00e9dients frais et de qualit\u00e9, pr\u00e9par\u00e9s avec ma\u00eetrise. Il en va de m\u00eame pour les sp\u00e9cialit\u00e9s de caf\u00e9 exceptionnelles. La nouvelle fonction Sweet Foam aromatise la mousse de lait pendant la pr\u00e9paration gr\u00e2ce \u00e0 un accessoire pour sirop, offrant une dimension de plaisir totalement nouvelle. En s\u00e9lectionnant et dosant le sirop, il est possible d&#8217;ajuster le go\u00fbt et l&#8217;intensit\u00e9 exactement selon les pr\u00e9f\u00e9rences individuelles. La J8 pr\u00e9pare ainsi des sp\u00e9cialit\u00e9s tendance telles que le Sweet Latte d&#8217;une simple pression sur un bouton.<\/p>\n<p class=\"\" data-start=\"4194\" data-end=\"4242\"><strong data-start=\"4194\" data-end=\"4242\">Coffee Eye \u2013 Un Capteur de Tasse Intelligent<\/strong><\/p>\n<p class=\"\" data-start=\"4244\" data-end=\"4681\">Que vous souhaitiez pr\u00e9parer un classique depuis le distributeur central de caf\u00e9 ou une sp\u00e9cialit\u00e9 enrichie de lait et de mousse de lait depuis le distributeur de cappuccino, le Coffee Eye vous simplifie la t\u00e2che. Le capteur intelligent d\u00e9tecte la position de la tasse et ajuste automatiquement la gamme de sp\u00e9cialit\u00e9s disponibles sur l&#8217;\u00e9cran en fonction de la position de la tasse, rendant l&#8217;utilisation encore plus facile et intuitive.<\/p>\n<p class=\"\" data-start=\"4683\" data-end=\"4742\"><strong data-start=\"4683\" data-end=\"4742\">P.A.G.2+ \u2013 Haute Technologie pour un Ar\u00f4me Exceptionnel<\/strong><\/p>\n<p class=\"\" data-start=\"4744\" data-end=\"5387\">Le moulin \u00e0 caf\u00e9 P.A.G.2+ est une classe \u00e0 part. Cela se refl\u00e8te dans son design sonore inspir\u00e9 de la Formule 1. Le contr\u00f4le de l&#8217;ar\u00f4me est un contr\u00f4le actif du degr\u00e9 de mouture, garantissant des r\u00e9sultats toujours excellents. Selon le produit s\u00e9lectionn\u00e9, la machine recommande un r\u00e9glage de mouture &#8220;moyenne&#8221; ou &#8220;intense&#8221;. Cela permet de contr\u00f4ler l&#8217;ar\u00f4me dans la tasse. Les r\u00e9glages de mouture peuvent \u00eatre modifi\u00e9s \u00e0 tout moment, mais avant et apr\u00e8s la pr\u00e9paration, le P.A.G.2+ reste en veille, le pr\u00e9servant pour toute sa dur\u00e9e de vie. Ainsi, la machine automatique pour sp\u00e9cialit\u00e9s de caf\u00e9 garantit un go\u00fbt parfait encore plus longtemps.<\/p>\n<p class=\"\" data-start=\"5389\" data-end=\"5444\"><strong data-start=\"5389\" data-end=\"5444\">Design 360\u00b0 \u2013 L&#8217;Expression d&#8217;une Expertise Maximale<\/strong><\/p>\n<p class=\"\" data-start=\"5446\" data-end=\"5992\">L&#8217;esth\u00e9tique de la J8 se caract\u00e9rise par des lignes nettes et sym\u00e9triques. Les normes de construction les plus \u00e9lev\u00e9es et une pr\u00e9cision dans le travail d&#8217;assemblage expriment la qualit\u00e9 et l&#8217;expertise. La nouvelle interpr\u00e9tation du design 360\u00b0 prim\u00e9 impressionne par son souci du d\u00e9tail. L&#8217;accent mis sur les grains de caf\u00e9 frais, l&#8217;interface utilisateur attrayante et l&#8217;\u00e9clairage subtil de la sp\u00e9cialit\u00e9 aromatique \u2013 tout se fond dans un ensemble harmonieux, donnant expression \u00e0 la sup\u00e9riorit\u00e9 de cette machine \u00e0 caf\u00e9 automatique haut de gamme.<\/p>\n<p class=\"\" data-start=\"5994\" data-end=\"6023\"><strong data-start=\"5994\" data-end=\"6023\">Sp\u00e9cialit\u00e9s Disponibles :<\/strong><\/p>\n<ul>\n<li data-start=\"6025\" data-end=\"6255\">31 options, dont Espresso, Caf\u00e9, Americano, Lungo, Espresso double, Cortado, Cappuccino, Flat White, Latte Macchiato et diverses versions &#8220;Sweet&#8221; pour chaque boisson (par exemple, Sweet Espresso Macchiato, Sweet Cappuccino, etc.).<\/li>\n<li data-start=\"6257\" data-end=\"6323\">Fonction &#8220;Sweet Foam&#8221; pour pr\u00e9parer une mousse de lait sucr\u00e9e.<\/li>\n<\/ul>\n<p class=\"\" data-start=\"6325\" data-end=\"6358\"><strong data-start=\"6325\" data-end=\"6358\">Caract\u00e9ristiques Techniques :<\/strong><\/p>\n<ul data-start=\"6360\" data-end=\"6625\">\n<li class=\"\" data-start=\"6360\" data-end=\"6397\">\n<p class=\"\" data-start=\"6362\" data-end=\"6397\">Capacit\u00e9 du r\u00e9servoir d&#8217;eau : 1.9 l<\/p>\n<\/li>\n<li class=\"\" data-start=\"6398\" data-end=\"6447\">\n<p class=\"\" data-start=\"6400\" data-end=\"6447\">Capacit\u00e9 du contenant de grains de caf\u00e9 : 280 g<\/p>\n<\/li>\n<li class=\"\" data-start=\"6448\" data-end=\"6501\">\n<p class=\"\" data-start=\"6450\" data-end=\"6501\">Capacit\u00e9 du contenant de marc de caf\u00e9 : 16 portions<\/p>\n<\/li>\n<li class=\"\" data-start=\"6502\" data-end=\"6519\">\n<p class=\"\" data-start=\"6504\" data-end=\"6519\">Poids : 10.2 kg<\/p>\n<\/li>\n<li class=\"\" data-start=\"6520\" data-end=\"6556\">\n<p class=\"\" data-start=\"6522\" data-end=\"6556\">Dimensions : 31.8 \u00d7 34.8 \u00d7 44.6 cm<\/p>\n<\/li>\n<li class=\"\" data-start=\"6557\" data-end=\"6577\">\n<p class=\"\" data-start=\"6559\" data-end=\"6577\">Puissance : 1450 W<\/p>\n<\/li>\n<li class=\"\" data-start=\"6578\" data-end=\"6625\">\n<p class=\"\" data-start=\"6580\" data-end=\"6625\">Mode \u00e9conomie d&#8217;\u00e9nergie et Zero-Energy Switch<\/p>\n<\/li>\n<\/ul>\n<p class=\"\" data-start=\"6627\" data-end=\"6656\"><strong data-start=\"6627\" data-end=\"6656\">D\u00e9tails Suppl\u00e9mentaires :<\/strong><\/p>\n<ul data-start=\"6658\" data-end=\"6703\">\n<li class=\"\" data-start=\"6658\" data-end=\"6678\">\n<p class=\"\" data-start=\"6660\" data-end=\"6678\">Fabriqu\u00e9 en Suisse<\/p>\n<\/li>\n<li class=\"\" data-start=\"6679\" data-end=\"6703\">\n<p class=\"\" data-start=\"6681\" data-end=\"6703\">Ann\u00e9e du mod\u00e8le : 2022<\/p>\n<\/li>\n<\/ul>\n<\/div>\n<\/div>\n<\/div>\n<\/div>\n<\/div>\n","protected":false},"excerpt":{"rendered":"<p>J8 pour Sp\u00e9cialit\u00e9s de Caf\u00e9 \u2013 Avec Mousse de Lait Sucr\u00e9e La nouvelle g\u00e9n\u00e9ration de la ligne J, appr\u00e9ci\u00e9e dans<\/p>\n","protected":false},"featured_media":486037,"template":"","meta":{"_acf_changed":false,"inline_featured_image":false},"product_cat":[25360,12764,12449],"product_tag":[23563,20780,13254,23568],"acf":[],"yoast_head":"<!-- This site is optimized with the Yoast SEO Premium plugin v18.6 (Yoast SEO v19.13) - https:\/\/yoast.com\/wordpress\/plugins\/seo\/ -->\n<title>JURA Machine \u00e0 caf\u00e9 J8 Midnight Silver - Erresse Shop<\/title>\n<meta name=\"description\" content=\"J8 pour Sp\u00e9cialit\u00e9s de Caf\u00e9 \u2013 Avec Mousse de Lait Sucr\u00e9e La nouvelle g\u00e9n\u00e9ration de la ligne J, appr\u00e9ci\u00e9e dans le monde entier, int\u00e8gre une s\u00e9rie\" \/>\n<meta name=\"robots\" content=\"index, follow, max-snippet:-1, max-image-preview:large, max-video-preview:-1\" \/>\n<link rel=\"canonical\" href=\"https:\/\/www.erresse-shop.it\/fr\/shop\/petits-electromenagers\/machines-cafe\/automatique\/jura-machine-a-cafe-giga-10-diamond-black-copia\/\" \/>\n<meta property=\"og:locale\" content=\"fr_FR\" \/>\n<meta property=\"og:type\" content=\"article\" \/>\n<meta property=\"og:title\" content=\"JURA Machine \u00e0 caf\u00e9 J8 Midnight Silver\" \/>\n<meta property=\"og:description\" content=\"J8 pour Sp\u00e9cialit\u00e9s de Caf\u00e9 \u2013 Avec Mousse de Lait Sucr\u00e9e La nouvelle g\u00e9n\u00e9ration de la ligne J, appr\u00e9ci\u00e9e dans le monde entier, int\u00e8gre une s\u00e9rie\" \/>\n<meta property=\"og:url\" content=\"https:\/\/www.erresse-shop.it\/fr\/shop\/petits-electromenagers\/machines-cafe\/automatique\/jura-machine-a-cafe-giga-10-diamond-black-copia\/\" \/>\n<meta property=\"og:site_name\" content=\"Erresse Shop\" \/>\n<meta property=\"article:modified_time\" content=\"2025-03-31T08:32:52+00:00\" \/>\n<meta property=\"og:image\" content=\"https:\/\/www.erresse-shop.it\/wp-content\/uploads\/2025\/03\/JURA-Macchina-Da-Caffe-J8-Midnight-Silver.jpg\" \/>\n\t<meta property=\"og:image:width\" content=\"1200\" \/>\n\t<meta property=\"og:image:height\" content=\"1200\" \/>\n\t<meta property=\"og:image:type\" content=\"image\/jpeg\" \/>\n<meta name=\"twitter:card\" content=\"summary_large_image\" \/>\n<script type=\"application\/ld+json\" class=\"yoast-schema-graph\">{\"@context\":\"https:\/\/schema.org\",\"@graph\":[{\"@type\":\"WebPage\",\"@id\":\"https:\/\/www.erresse-shop.it\/fr\/shop\/petits-electromenagers\/machines-cafe\/automatique\/jura-machine-a-cafe-giga-10-diamond-black-copia\/\",\"url\":\"https:\/\/www.erresse-shop.it\/fr\/shop\/petits-electromenagers\/machines-cafe\/automatique\/jura-machine-a-cafe-giga-10-diamond-black-copia\/\",\"name\":\"JURA Machine \u00e0 caf\u00e9 J8 Midnight Silver - Erresse Shop\",\"isPartOf\":{\"@id\":\"https:\/\/www.erresse-shop.it\/fr\/#website\"},\"datePublished\":\"2025-03-31T08:16:12+00:00\",\"dateModified\":\"2025-03-31T08:32:52+00:00\",\"description\":\"J8 pour Sp\u00e9cialit\u00e9s de Caf\u00e9 \u2013 Avec Mousse de Lait Sucr\u00e9e La nouvelle g\u00e9n\u00e9ration de la ligne J, appr\u00e9ci\u00e9e dans le monde entier, int\u00e8gre une s\u00e9rie\",\"breadcrumb\":{\"@id\":\"https:\/\/www.erresse-shop.it\/fr\/shop\/petits-electromenagers\/machines-cafe\/automatique\/jura-machine-a-cafe-giga-10-diamond-black-copia\/#breadcrumb\"},\"inLanguage\":\"fr-FR\",\"potentialAction\":[{\"@type\":\"ReadAction\",\"target\":[\"https:\/\/www.erresse-shop.it\/fr\/shop\/petits-electromenagers\/machines-cafe\/automatique\/jura-machine-a-cafe-giga-10-diamond-black-copia\/\"]}]},{\"@type\":\"BreadcrumbList\",\"@id\":\"https:\/\/www.erresse-shop.it\/fr\/shop\/petits-electromenagers\/machines-cafe\/automatique\/jura-machine-a-cafe-giga-10-diamond-black-copia\/#breadcrumb\",\"itemListElement\":[{\"@type\":\"ListItem\",\"position\":1,\"name\":\"Home\",\"item\":\"https:\/\/www.erresse-shop.it\/fr\/\"},{\"@type\":\"ListItem\",\"position\":2,\"name\":\"Shop\",\"item\":\"https:\/\/www.erresse-shop.it\/fr\/shop\/\"},{\"@type\":\"ListItem\",\"position\":3,\"name\":\"JURA Machine \u00e0 caf\u00e9 J8 Midnight Silver\"}]},{\"@type\":\"WebSite\",\"@id\":\"https:\/\/www.erresse-shop.it\/fr\/#website\",\"url\":\"https:\/\/www.erresse-shop.it\/fr\/\",\"name\":\"Erresse Shop\",\"description\":\"Articoli di qualit\u00e0 per la casa\",\"potentialAction\":[{\"@type\":\"SearchAction\",\"target\":{\"@type\":\"EntryPoint\",\"urlTemplate\":\"https:\/\/www.erresse-shop.it\/fr\/?s={search_term_string}\"},\"query-input\":\"required name=search_term_string\"}],\"inLanguage\":\"fr-FR\"}]}<\/script>\n<!-- \/ Yoast SEO Premium plugin. -->","yoast_head_json":{"title":"JURA Machine \u00e0 caf\u00e9 J8 Midnight Silver - Erresse Shop","description":"J8 pour Sp\u00e9cialit\u00e9s de Caf\u00e9 \u2013 Avec Mousse de Lait Sucr\u00e9e La nouvelle g\u00e9n\u00e9ration de la ligne J, appr\u00e9ci\u00e9e dans le monde entier, int\u00e8gre une s\u00e9rie","robots":{"index":"index","follow":"follow","max-snippet":"max-snippet:-1","max-image-preview":"max-image-preview:large","max-video-preview":"max-video-preview:-1"},"canonical":"https:\/\/www.erresse-shop.it\/fr\/shop\/petits-electromenagers\/machines-cafe\/automatique\/jura-machine-a-cafe-giga-10-diamond-black-copia\/","og_locale":"fr_FR","og_type":"article","og_title":"JURA Machine \u00e0 caf\u00e9 J8 Midnight Silver","og_description":"J8 pour Sp\u00e9cialit\u00e9s de Caf\u00e9 \u2013 Avec Mousse de Lait Sucr\u00e9e La nouvelle g\u00e9n\u00e9ration de la ligne J, appr\u00e9ci\u00e9e dans le monde entier, int\u00e8gre une s\u00e9rie","og_url":"https:\/\/www.erresse-shop.it\/fr\/shop\/petits-electromenagers\/machines-cafe\/automatique\/jura-machine-a-cafe-giga-10-diamond-black-copia\/","og_site_name":"Erresse Shop","article_modified_time":"2025-03-31T08:32:52+00:00","og_image":[{"width":1200,"height":1200,"url":"https:\/\/www.erresse-shop.it\/wp-content\/uploads\/2025\/03\/JURA-Macchina-Da-Caffe-J8-Midnight-Silver.jpg","type":"image\/jpeg"}],"twitter_card":"summary_large_image","schema":{"@context":"https:\/\/schema.org","@graph":[{"@type":"WebPage","@id":"https:\/\/www.erresse-shop.it\/fr\/shop\/petits-electromenagers\/machines-cafe\/automatique\/jura-machine-a-cafe-giga-10-diamond-black-copia\/","url":"https:\/\/www.erresse-shop.it\/fr\/shop\/petits-electromenagers\/machines-cafe\/automatique\/jura-machine-a-cafe-giga-10-diamond-black-copia\/","name":"JURA Machine \u00e0 caf\u00e9 J8 Midnight Silver - Erresse Shop","isPartOf":{"@id":"https:\/\/www.erresse-shop.it\/fr\/#website"},"datePublished":"2025-03-31T08:16:12+00:00","dateModified":"2025-03-31T08:32:52+00:00","description":"J8 pour Sp\u00e9cialit\u00e9s de Caf\u00e9 \u2013 Avec Mousse de Lait Sucr\u00e9e La nouvelle g\u00e9n\u00e9ration de la ligne J, appr\u00e9ci\u00e9e dans le monde entier, int\u00e8gre une s\u00e9rie","breadcrumb":{"@id":"https:\/\/www.erresse-shop.it\/fr\/shop\/petits-electromenagers\/machines-cafe\/automatique\/jura-machine-a-cafe-giga-10-diamond-black-copia\/#breadcrumb"},"inLanguage":"fr-FR","potentialAction":[{"@type":"ReadAction","target":["https:\/\/www.erresse-shop.it\/fr\/shop\/petits-electromenagers\/machines-cafe\/automatique\/jura-machine-a-cafe-giga-10-diamond-black-copia\/"]}]},{"@type":"BreadcrumbList","@id":"https:\/\/www.erresse-shop.it\/fr\/shop\/petits-electromenagers\/machines-cafe\/automatique\/jura-machine-a-cafe-giga-10-diamond-black-copia\/#breadcrumb","itemListElement":[{"@type":"ListItem","position":1,"name":"Home","item":"https:\/\/www.erresse-shop.it\/fr\/"},{"@type":"ListItem","position":2,"name":"Shop","item":"https:\/\/www.erresse-shop.it\/fr\/shop\/"},{"@type":"ListItem","position":3,"name":"JURA Machine \u00e0 caf\u00e9 J8 Midnight Silver"}]},{"@type":"WebSite","@id":"https:\/\/www.erresse-shop.it\/fr\/#website","url":"https:\/\/www.erresse-shop.it\/fr\/","name":"Erresse Shop","description":"Articoli di qualit\u00e0 per la casa","potentialAction":[{"@type":"SearchAction","target":{"@type":"EntryPoint","urlTemplate":"https:\/\/www.erresse-shop.it\/fr\/?s={search_term_string}"},"query-input":"required name=search_term_string"}],"inLanguage":"fr-FR"}]}},"df_price":1934.1000000000001,"df_sale_price":1934.1000000000001,"df_regular_price":2149,"df_image_link":"https:\/\/www.erresse-shop.it\/wp-content\/uploads\/2025\/03\/JURA-Macchina-Da-Caffe-J8-Midnight-Silver-300x300.jpg","_links":{"self":[{"href":"https:\/\/www.erresse-shop.it\/fr\/wp-json\/wp\/v2\/product\/486008"}],"collection":[{"href":"https:\/\/www.erresse-shop.it\/fr\/wp-json\/wp\/v2\/product"}],"about":[{"href":"https:\/\/www.erresse-shop.it\/fr\/wp-json\/wp\/v2\/types\/product"}],"wp:featuredmedia":[{"embeddable":true,"href":"https:\/\/www.erresse-shop.it\/fr\/wp-json\/wp\/v2\/media\/486037"}],"wp:attachment":[{"href":"https:\/\/www.erresse-shop.it\/fr\/wp-json\/wp\/v2\/media?parent=486008"}],"wp:term":[{"taxonomy":"product_cat","embeddable":true,"href":"https:\/\/www.erresse-shop.it\/fr\/wp-json\/wp\/v2\/product_cat?post=486008"},{"taxonomy":"product_tag","embeddable":true,"href":"https:\/\/www.erresse-shop.it\/fr\/wp-json\/wp\/v2\/product_tag?post=486008"}],"curies":[{"name":"wp","href":"https:\/\/api.w.org\/{rel}","templated":true}]}}