{"id":485967,"date":"2025-03-31T07:50:23","date_gmt":"2025-03-31T07:50:26","guid":{"rendered":"https:\/\/www.erresse-shop.it\/?post_type=product&#038;p=485967"},"modified":"2025-03-31T08:13:55","modified_gmt":"2025-03-31T08:13:55","slug":"jura-machine-a-cafe-e8-platine-copia","status":"publish","type":"product","link":"https:\/\/www.erresse-shop.it\/fr\/shop\/petits-electromenagers\/machines-cafe\/automatique\/jura-machine-a-cafe-e8-platine-copia\/","title":{"rendered":"JURA Machine \u00e0 caf\u00e9 GIGA 10 Diamond Black"},"content":{"rendered":"<div class=\"page-subtitle\">\n<div class=\"page-subtitle\">\n<div class=\"page-subtitle\">\n<div class=\"page-subtitle\">\n<div class=\"page-subtitle\">\n<p class=\"\" data-start=\"40\" data-end=\"86\"><strong data-start=\"40\" data-end=\"86\">L&#8217;incarnation d&#8217;un plaisir du caf\u00e9 in\u00e9gal\u00e9<\/strong><\/p>\n<p class=\"\" data-start=\"88\" data-end=\"232\">La GIGA 10, le summum des machines automatiques \u00e0 caf\u00e9, atteint de nouveaux sommets en termes de performances et de plaisir authentique du caf\u00e9.<\/p>\n<p class=\"\" data-start=\"239\" data-end=\"292\"><strong data-start=\"239\" data-end=\"292\">Plus de choix, plus d&#8217;options de personnalisation<\/strong><\/p>\n<p class=\"\" data-start=\"294\" data-end=\"1041\">Avec ses 35 sp\u00e9cialit\u00e9s de caf\u00e9, la GIGA 10 offre la plus large s\u00e9lection parmi toutes les machines automatiques JURA. Mais ce n&#8217;est pas tout : les commandes innovantes de la machine permettent une personnalisation infinie pour adapter la GIGA 10 aux pr\u00e9f\u00e9rences individuelles. Par exemple, savourez un flat white particuli\u00e8rement intense en activant la fonction Extra Shot. Le r\u00e9volutionnaire Cold Extraction Process double la vari\u00e9t\u00e9 des saveurs, permettant de pr\u00e9parer toutes les sp\u00e9cialit\u00e9s de caf\u00e9 avec de l&#8217;eau froide. Gr\u00e2ce au nouveau bypass pour l&#8217;eau froide, il est \u00e9galement possible de pr\u00e9parer des sp\u00e9cialit\u00e9s Barista longues. Profitez ainsi d&#8217;un caf\u00e9 dans la plus pure tradition Barista, transformant votre maison en un caf\u00e9 tendance.<\/p>\n<p class=\"\" data-start=\"1048\" data-end=\"1132\"><strong data-start=\"1048\" data-end=\"1132\">Deux moulins \u00e0 caf\u00e9 avec meules en c\u00e9ramique pour un plaisir encore plus intense<\/strong><\/p>\n<p class=\"\" data-start=\"1134\" data-end=\"1679\">Pour garantir une professionnalit\u00e9 maximale, la GIGA 10 dispose non pas d&#8217;un, mais de deux moulins \u00e0 caf\u00e9 de pr\u00e9cision en c\u00e9ramique de haute qualit\u00e9 et durable. Deux contenants de caf\u00e9 en grains au design \u00e9l\u00e9gant en turbine, chacun reli\u00e9 \u00e0 un moulin, permettent de s\u00e9lectionner le m\u00e9lange de caf\u00e9 id\u00e9al ou le mix pr\u00e9f\u00e9r\u00e9 pour chaque tasse. Par exemple, savourez un espresso aromatique pr\u00e9par\u00e9 avec un torr\u00e9faction plus fonc\u00e9e et plus intense, ou des sp\u00e9cialit\u00e9s de caf\u00e9 longues et d\u00e9licates avec du lait, pr\u00e9par\u00e9es avec une torr\u00e9faction moyenne.<\/p>\n<p class=\"\" data-start=\"1686\" data-end=\"1763\"><strong data-start=\"1686\" data-end=\"1763\">Panorama Coffee Panel pour une exp\u00e9rience utilisateur totalement nouvelle<\/strong><\/p>\n<p class=\"\" data-start=\"1765\" data-end=\"2440\">Pour offrir une vue d&#8217;ensemble compl\u00e8te de toutes les options de r\u00e9glage et garantir une utilisation encore plus intuitive de la GIGA 10, la machine automatique est dot\u00e9e d&#8217;un large Panorama Panel avec technologie tactile. Le nouveau Panorama Panel de la GIGA 10 offre une vue compl\u00e8te et l&#8217;interface intuitive permet de naviguer facilement entre les nombreuses options de r\u00e9glage. Pour pr\u00e9parer votre sp\u00e9cialit\u00e9 pr\u00e9f\u00e9r\u00e9e et l&#8217;adapter enti\u00e8rement \u00e0 vos pr\u00e9f\u00e9rences personnelles, il suffit de toucher ou de glisser votre doigt sur l&#8217;\u00e9cran tactile. R\u00e9glez la taille de la tasse, l&#8217;intensit\u00e9 du caf\u00e9 ou le rapport caf\u00e9-lait et mousse de lait : tout est possible avec la GIGA 10.<\/p>\n<p class=\"\" data-start=\"2447\" data-end=\"2492\"><strong data-start=\"2447\" data-end=\"2492\">Grande performance, design extraordinaire<\/strong><\/p>\n<p class=\"\" data-start=\"2494\" data-end=\"3100\">Les performances impressionnantes et la puissance concentr\u00e9e de la GIGA 10 se refl\u00e8tent dans son design frappant. Le panneau avant en Diamond Black raffin\u00e9 avec des \u00e9l\u00e9ments chrom\u00e9s et le prominent Panorama Coffee Panel d\u00e9gagent une sup\u00e9riorit\u00e9 discr\u00e8te. Les deux contenants de caf\u00e9 en grains au design en turbine rappellent le moteur puissant d&#8217;une voiture de sport, alliant luxe et excellentes performances. Le nouveau repose-tasses compl\u00e8te harmonieusement l&#8217;ensemble. Avec son design spectaculaire et le prestige authentique qu&#8217;elle d\u00e9gage, la GIGA 10 met en sc\u00e8ne avec brio le plaisir parfait du caf\u00e9.<\/p>\n<p class=\"\" data-start=\"3107\" data-end=\"3136\"><strong data-start=\"3107\" data-end=\"3136\">Sp\u00e9cialit\u00e9s disponibles :<\/strong><\/p>\n<p class=\"\" data-start=\"3138\" data-end=\"3744\">35 options : Espresso, Cold Brew Espresso, 2\u00d7 Espresso, Caf\u00e9, Cold Brew Caf\u00e9, 2\u00d7 Caf\u00e9, Americano, Cold Brew Americano, 2\u00d7 Americano, Lungo, Cold Brew Lungo, 2\u00d7 Lungo, Espresso double, Cold Brew Espresso double, Cortado, Cold Brew Cortado, Espresso macchiato, Cold Brew Espresso macchiato, Caffelatte, Cold Brew Caffelatte, Caffelatte Extra Shot, Cappuccino, Cold Brew Cappuccino, Cappuccino Extra Shot, Flat White, Flat White Cold Brew, Flat White Extra Shot, Latte macchiato, Cold Brew Latte macchiato, Latte macchiato Extra Shot, Portion de mousse de lait, Portion de lait, Eau chaude, Eau pour th\u00e9 vert.<\/p>\n<p class=\"\" data-start=\"3751\" data-end=\"3782\"><strong data-start=\"3751\" data-end=\"3782\">Sp\u00e9cifications techniques :<\/strong><\/p>\n<ul data-start=\"3784\" data-end=\"3989\">\n<li class=\"\" data-start=\"3784\" data-end=\"3821\">\n<p class=\"\" data-start=\"3786\" data-end=\"3821\">Capacit\u00e9 du r\u00e9servoir d&#8217;eau : 2,6 l<\/p>\n<\/li>\n<li class=\"\" data-start=\"3822\" data-end=\"3873\">\n<p class=\"\" data-start=\"3824\" data-end=\"3873\">Capacit\u00e9 du contenant de caf\u00e9 en grains : 2\u00d7280 g<\/p>\n<\/li>\n<li class=\"\" data-start=\"3874\" data-end=\"3917\">\n<p class=\"\" data-start=\"3876\" data-end=\"3917\">Contenant des marcs de caf\u00e9 : 20 portions<\/p>\n<\/li>\n<li class=\"\" data-start=\"3918\" data-end=\"3933\">\n<p class=\"\" data-start=\"3920\" data-end=\"3933\">Poids : 18 kg<\/p>\n<\/li>\n<li class=\"\" data-start=\"3934\" data-end=\"3968\">\n<p class=\"\" data-start=\"3936\" data-end=\"3968\">Dimensions : 32 \u00d7 41,5 \u00d7 49,6 cm<\/p>\n<\/li>\n<li class=\"\" data-start=\"3969\" data-end=\"3989\">\n<p class=\"\" data-start=\"3971\" data-end=\"3989\">Puissance : 2300 W<\/p>\n<\/li>\n<\/ul>\n<p class=\"\" data-start=\"3996\" data-end=\"4016\"><strong data-start=\"3996\" data-end=\"4016\">Autres d\u00e9tails :<\/strong><\/p>\n<ul data-start=\"4018\" data-end=\"4073\">\n<li class=\"\" data-start=\"4018\" data-end=\"4048\">\n<p class=\"\" data-start=\"4020\" data-end=\"4048\">Pays de fabrication : Suisse<\/p>\n<\/li>\n<li class=\"\" data-start=\"4049\" data-end=\"4073\">\n<p class=\"\" data-start=\"4051\" data-end=\"4073\">Ann\u00e9e du mod\u00e8le : 2022<\/p>\n<\/li>\n<\/ul>\n<\/div>\n<\/div>\n<\/div>\n<\/div>\n<\/div>\n","protected":false},"excerpt":{"rendered":"<p>L&#8217;incarnation d&#8217;un plaisir du caf\u00e9 in\u00e9gal\u00e9 La GIGA 10, le summum des machines automatiques \u00e0 caf\u00e9, atteint de nouveaux sommets<\/p>\n","protected":false},"featured_media":485996,"template":"","meta":{"_acf_changed":false,"inline_featured_image":false},"product_cat":[25360,12764,12449],"product_tag":[23563,20780,13254,23568],"acf":[],"yoast_head":"<!-- This site is optimized with the Yoast SEO Premium plugin v18.6 (Yoast SEO v19.13) - https:\/\/yoast.com\/wordpress\/plugins\/seo\/ -->\n<title>JURA Machine \u00e0 caf\u00e9 GIGA 10 Diamond Black - Erresse Shop<\/title>\n<meta name=\"description\" content=\"L&#039;incarnation d&#039;un plaisir du caf\u00e9 in\u00e9gal\u00e9 La GIGA 10, le summum des machines automatiques \u00e0 caf\u00e9, atteint de nouveaux sommets en termes de performances\" \/>\n<meta name=\"robots\" content=\"index, follow, max-snippet:-1, max-image-preview:large, max-video-preview:-1\" \/>\n<link rel=\"canonical\" href=\"https:\/\/www.erresse-shop.it\/fr\/shop\/petits-electromenagers\/machines-cafe\/automatique\/jura-machine-a-cafe-e8-platine-copia\/\" \/>\n<meta property=\"og:locale\" content=\"fr_FR\" \/>\n<meta property=\"og:type\" content=\"article\" \/>\n<meta property=\"og:title\" content=\"JURA Machine \u00e0 caf\u00e9 GIGA 10 Diamond Black\" \/>\n<meta property=\"og:description\" content=\"L&#039;incarnation d&#039;un plaisir du caf\u00e9 in\u00e9gal\u00e9 La GIGA 10, le summum des machines automatiques \u00e0 caf\u00e9, atteint de nouveaux sommets en termes de performances\" \/>\n<meta property=\"og:url\" content=\"https:\/\/www.erresse-shop.it\/fr\/shop\/petits-electromenagers\/machines-cafe\/automatique\/jura-machine-a-cafe-e8-platine-copia\/\" \/>\n<meta property=\"og:site_name\" content=\"Erresse Shop\" \/>\n<meta property=\"article:modified_time\" content=\"2025-03-31T08:13:55+00:00\" \/>\n<meta property=\"og:image\" content=\"https:\/\/www.erresse-shop.it\/wp-content\/uploads\/2025\/03\/JURA-Macchina-Da-Caffe-GIGA-10-Diamond-Black.jpg\" \/>\n\t<meta property=\"og:image:width\" content=\"1200\" \/>\n\t<meta property=\"og:image:height\" content=\"1200\" \/>\n\t<meta property=\"og:image:type\" content=\"image\/jpeg\" \/>\n<meta name=\"twitter:card\" content=\"summary_large_image\" \/>\n<script type=\"application\/ld+json\" class=\"yoast-schema-graph\">{\"@context\":\"https:\/\/schema.org\",\"@graph\":[{\"@type\":\"WebPage\",\"@id\":\"https:\/\/www.erresse-shop.it\/fr\/shop\/petits-electromenagers\/machines-cafe\/automatique\/jura-machine-a-cafe-e8-platine-copia\/\",\"url\":\"https:\/\/www.erresse-shop.it\/fr\/shop\/petits-electromenagers\/machines-cafe\/automatique\/jura-machine-a-cafe-e8-platine-copia\/\",\"name\":\"JURA Machine \u00e0 caf\u00e9 GIGA 10 Diamond Black - Erresse Shop\",\"isPartOf\":{\"@id\":\"https:\/\/www.erresse-shop.it\/fr\/#website\"},\"datePublished\":\"2025-03-31T07:50:26+00:00\",\"dateModified\":\"2025-03-31T08:13:55+00:00\",\"description\":\"L'incarnation d'un plaisir du caf\u00e9 in\u00e9gal\u00e9 La GIGA 10, le summum des machines automatiques \u00e0 caf\u00e9, atteint de nouveaux sommets en termes de performances\",\"breadcrumb\":{\"@id\":\"https:\/\/www.erresse-shop.it\/fr\/shop\/petits-electromenagers\/machines-cafe\/automatique\/jura-machine-a-cafe-e8-platine-copia\/#breadcrumb\"},\"inLanguage\":\"fr-FR\",\"potentialAction\":[{\"@type\":\"ReadAction\",\"target\":[\"https:\/\/www.erresse-shop.it\/fr\/shop\/petits-electromenagers\/machines-cafe\/automatique\/jura-machine-a-cafe-e8-platine-copia\/\"]}]},{\"@type\":\"BreadcrumbList\",\"@id\":\"https:\/\/www.erresse-shop.it\/fr\/shop\/petits-electromenagers\/machines-cafe\/automatique\/jura-machine-a-cafe-e8-platine-copia\/#breadcrumb\",\"itemListElement\":[{\"@type\":\"ListItem\",\"position\":1,\"name\":\"Home\",\"item\":\"https:\/\/www.erresse-shop.it\/fr\/\"},{\"@type\":\"ListItem\",\"position\":2,\"name\":\"Shop\",\"item\":\"https:\/\/www.erresse-shop.it\/fr\/shop\/\"},{\"@type\":\"ListItem\",\"position\":3,\"name\":\"JURA Machine \u00e0 caf\u00e9 GIGA 10 Diamond Black\"}]},{\"@type\":\"WebSite\",\"@id\":\"https:\/\/www.erresse-shop.it\/fr\/#website\",\"url\":\"https:\/\/www.erresse-shop.it\/fr\/\",\"name\":\"Erresse Shop\",\"description\":\"Articoli di qualit\u00e0 per la casa\",\"potentialAction\":[{\"@type\":\"SearchAction\",\"target\":{\"@type\":\"EntryPoint\",\"urlTemplate\":\"https:\/\/www.erresse-shop.it\/fr\/?s={search_term_string}\"},\"query-input\":\"required name=search_term_string\"}],\"inLanguage\":\"fr-FR\"}]}<\/script>\n<!-- \/ Yoast SEO Premium plugin. -->","yoast_head_json":{"title":"JURA Machine \u00e0 caf\u00e9 GIGA 10 Diamond Black - Erresse Shop","description":"L'incarnation d'un plaisir du caf\u00e9 in\u00e9gal\u00e9 La GIGA 10, le summum des machines automatiques \u00e0 caf\u00e9, atteint de nouveaux sommets en termes de performances","robots":{"index":"index","follow":"follow","max-snippet":"max-snippet:-1","max-image-preview":"max-image-preview:large","max-video-preview":"max-video-preview:-1"},"canonical":"https:\/\/www.erresse-shop.it\/fr\/shop\/petits-electromenagers\/machines-cafe\/automatique\/jura-machine-a-cafe-e8-platine-copia\/","og_locale":"fr_FR","og_type":"article","og_title":"JURA Machine \u00e0 caf\u00e9 GIGA 10 Diamond Black","og_description":"L'incarnation d'un plaisir du caf\u00e9 in\u00e9gal\u00e9 La GIGA 10, le summum des machines automatiques \u00e0 caf\u00e9, atteint de nouveaux sommets en termes de performances","og_url":"https:\/\/www.erresse-shop.it\/fr\/shop\/petits-electromenagers\/machines-cafe\/automatique\/jura-machine-a-cafe-e8-platine-copia\/","og_site_name":"Erresse Shop","article_modified_time":"2025-03-31T08:13:55+00:00","og_image":[{"width":1200,"height":1200,"url":"https:\/\/www.erresse-shop.it\/wp-content\/uploads\/2025\/03\/JURA-Macchina-Da-Caffe-GIGA-10-Diamond-Black.jpg","type":"image\/jpeg"}],"twitter_card":"summary_large_image","schema":{"@context":"https:\/\/schema.org","@graph":[{"@type":"WebPage","@id":"https:\/\/www.erresse-shop.it\/fr\/shop\/petits-electromenagers\/machines-cafe\/automatique\/jura-machine-a-cafe-e8-platine-copia\/","url":"https:\/\/www.erresse-shop.it\/fr\/shop\/petits-electromenagers\/machines-cafe\/automatique\/jura-machine-a-cafe-e8-platine-copia\/","name":"JURA Machine \u00e0 caf\u00e9 GIGA 10 Diamond Black - Erresse Shop","isPartOf":{"@id":"https:\/\/www.erresse-shop.it\/fr\/#website"},"datePublished":"2025-03-31T07:50:26+00:00","dateModified":"2025-03-31T08:13:55+00:00","description":"L'incarnation d'un plaisir du caf\u00e9 in\u00e9gal\u00e9 La GIGA 10, le summum des machines automatiques \u00e0 caf\u00e9, atteint de nouveaux sommets en termes de performances","breadcrumb":{"@id":"https:\/\/www.erresse-shop.it\/fr\/shop\/petits-electromenagers\/machines-cafe\/automatique\/jura-machine-a-cafe-e8-platine-copia\/#breadcrumb"},"inLanguage":"fr-FR","potentialAction":[{"@type":"ReadAction","target":["https:\/\/www.erresse-shop.it\/fr\/shop\/petits-electromenagers\/machines-cafe\/automatique\/jura-machine-a-cafe-e8-platine-copia\/"]}]},{"@type":"BreadcrumbList","@id":"https:\/\/www.erresse-shop.it\/fr\/shop\/petits-electromenagers\/machines-cafe\/automatique\/jura-machine-a-cafe-e8-platine-copia\/#breadcrumb","itemListElement":[{"@type":"ListItem","position":1,"name":"Home","item":"https:\/\/www.erresse-shop.it\/fr\/"},{"@type":"ListItem","position":2,"name":"Shop","item":"https:\/\/www.erresse-shop.it\/fr\/shop\/"},{"@type":"ListItem","position":3,"name":"JURA Machine \u00e0 caf\u00e9 GIGA 10 Diamond Black"}]},{"@type":"WebSite","@id":"https:\/\/www.erresse-shop.it\/fr\/#website","url":"https:\/\/www.erresse-shop.it\/fr\/","name":"Erresse Shop","description":"Articoli di qualit\u00e0 per la casa","potentialAction":[{"@type":"SearchAction","target":{"@type":"EntryPoint","urlTemplate":"https:\/\/www.erresse-shop.it\/fr\/?s={search_term_string}"},"query-input":"required name=search_term_string"}],"inLanguage":"fr-FR"}]}},"df_price":2849.95,"df_sale_price":2849.95,"df_regular_price":3779,"df_image_link":"https:\/\/www.erresse-shop.it\/wp-content\/uploads\/2025\/03\/JURA-Macchina-Da-Caffe-GIGA-10-Diamond-Black-300x300.jpg","_links":{"self":[{"href":"https:\/\/www.erresse-shop.it\/fr\/wp-json\/wp\/v2\/product\/485967"}],"collection":[{"href":"https:\/\/www.erresse-shop.it\/fr\/wp-json\/wp\/v2\/product"}],"about":[{"href":"https:\/\/www.erresse-shop.it\/fr\/wp-json\/wp\/v2\/types\/product"}],"wp:featuredmedia":[{"embeddable":true,"href":"https:\/\/www.erresse-shop.it\/fr\/wp-json\/wp\/v2\/media\/485996"}],"wp:attachment":[{"href":"https:\/\/www.erresse-shop.it\/fr\/wp-json\/wp\/v2\/media?parent=485967"}],"wp:term":[{"taxonomy":"product_cat","embeddable":true,"href":"https:\/\/www.erresse-shop.it\/fr\/wp-json\/wp\/v2\/product_cat?post=485967"},{"taxonomy":"product_tag","embeddable":true,"href":"https:\/\/www.erresse-shop.it\/fr\/wp-json\/wp\/v2\/product_tag?post=485967"}],"curies":[{"name":"wp","href":"https:\/\/api.w.org\/{rel}","templated":true}]}}