{"id":485863,"date":"2025-03-31T06:59:13","date_gmt":"2025-03-31T06:59:16","guid":{"rendered":"https:\/\/www.erresse-shop.it\/?post_type=product&#038;p=485863"},"modified":"2025-03-31T07:11:36","modified_gmt":"2025-03-31T07:11:36","slug":"jura-machine-a-cafe-e6-piano-black-copia","status":"publish","type":"product","link":"https:\/\/www.erresse-shop.it\/fr\/shop\/petits-electromenagers\/machines-cafe\/automatique\/jura-machine-a-cafe-e6-piano-black-copia\/","title":{"rendered":"JURA Machine \u00e0 caf\u00e9 E6 Platine"},"content":{"rendered":"<div class=\"page-subtitle\">\n<div class=\"page-subtitle\">\n<div class=\"page-subtitle\"><span style=\"font-size: 14pt;\"><strong>Pour un cappuccino parfait sur simple pression d&#8217;un bouton et bien plus encore<\/strong><\/span><\/div>\n<div class=\"page-info\">\n<p>Cappuccino avec une touche magistrale : offrez-vous le plaisir in\u00e9gal\u00e9 du caf\u00e9 chaque jour avec l&#8217;E6. En plus des sp\u00e9cialit\u00e9s classiques de caf\u00e9 noir, il pr\u00e9pare \u00e0 la perfection le favori du public, le cappuccino, gr\u00e2ce \u00e0 la fonction Easy Cappuccino.<\/p>\n<\/div>\n<\/div>\n<\/div>\n<div class=\"page-info\">\n<h3 id=\"pagelayout_0_pagetype_0_pagecontent_0_tabcontent_0_repTabContentBlock_conContentBlock_0_genTitle_0\" class=\"title\"><span style=\"font-size: 14pt;\">Encore plus d&#8217;ar\u00f4me pour encore plus de plaisir<\/span><\/h3>\n<p>Le moulin \u00e0 ar\u00f4mes professionnel garantit un plaisir de caf\u00e9 unique. Gr\u00e2ce \u00e0 sa g\u00e9om\u00e9trie am\u00e9lior\u00e9e, ce moulin \u00e0 caf\u00e9 est capable d&#8217;obtenir une qualit\u00e9 de mouture encore plus uniforme, avec une fiabilit\u00e9 constante tout au long de la dur\u00e9e de vie de la machine. Cela permet une extraction optimis\u00e9e des ar\u00f4mes, augmentant son intensit\u00e9 de 12,2 % par rapport aux moulins \u00e0 caf\u00e9 traditionnels. D\u00e9couvrez toutes les nouvelles nuances de votre sp\u00e9cialit\u00e9 de caf\u00e9 pr\u00e9f\u00e9r\u00e9e.<\/p>\n<h3 id=\"pagelayout_0_pagetype_0_pagecontent_0_tabcontent_0_repTabContentBlock_conContentBlock_1_genTitle_1\" class=\"title\"><span style=\"font-size: 14pt;\">La perfection du cappuccino<\/span><\/h3>\n<p>Gr\u00e2ce \u00e0 la fonction Easy Cappuccino \u00e9prouv\u00e9e, vous pouvez d\u00e9guster un d\u00e9licieux cappuccino en appuyant simplement sur un bouton. Le mousseur \u00e0 lait sp\u00e9cialement con\u00e7u pour le cappuccino cr\u00e9e une mousse de lait incroyablement douce et cr\u00e9meuse, qui compl\u00e8te parfaitement le caf\u00e9 pour un plaisir authentique. Le nec plus ultra pour les amateurs de cappuccino.<\/p>\n<h3 id=\"pagelayout_0_pagetype_0_pagecontent_0_tabcontent_0_repTabContentBlock_conContentBlock_2_genTitle_2\" class=\"title\"><span style=\"font-size: 14pt;\">Un plaisir in\u00e9gal\u00e9 avec une simplicit\u00e9 maximale<\/span><\/h3>\n<p>L&#8217;\u00e9cran couleur clair de 2,8 pouces, les six boutons id\u00e9alement positionn\u00e9s et la philosophie d&#8217;utilisation intuitive permettent une utilisation confortable de l&#8217;E6, que ce soit pour une pr\u00e9paration simple du caf\u00e9, le r\u00e9glage des pr\u00e9f\u00e9rences individuelles ou l&#8217;utilisation des fonctions de nettoyage intuitives. Et bien s\u00fbr, l&#8217;E6 est \u00e9galement compatible avec J.O.E.<sup>\u00ae<\/sup>\u00a0: pr\u00e9parez des sp\u00e9cialit\u00e9s de caf\u00e9 depuis votre smartphone, d\u00e9finissez et enregistrez vos pr\u00e9f\u00e9rences personnelles ou envoyez facilement les diff\u00e9rentes demandes de caf\u00e9 de vos clients directement \u00e0 la machine.<\/p>\n<h3 id=\"pagelayout_0_pagetype_0_pagecontent_0_tabcontent_0_repTabContentBlock_conContentBlock_3_genTitle_3\" class=\"title\"><span style=\"font-size: 14pt;\">Un design qui dure<\/span><\/h3>\n<p>Avec son \u00e9l\u00e9gance discr\u00e8te, le design de l&#8217;E6 refl\u00e8te la technologie unique derri\u00e8re sa fa\u00e7ade intemporelle. La g\u00e9om\u00e9trie lin\u00e9aire, agr\u00e9ment\u00e9e de d\u00e9tails chrom\u00e9s, exprime clairement et sans compromis la pr\u00e9paration d&#8217;un caf\u00e9 de tr\u00e8s haute qualit\u00e9 et s&#8217;int\u00e8gre harmonieusement dans n&#8217;importe quel environnement. Dans la s\u00e9lection des sp\u00e9cialit\u00e9s et dans sa conception, l&#8217;E6 renonce d\u00e9lib\u00e9r\u00e9ment \u00e0 tout exc\u00e8s qui pourrait occulter sa v\u00e9ritable fonctionnalit\u00e9 : pr\u00e9parer la tasse de caf\u00e9 parfaite.<\/p>\n<\/div>\n<p class=\"\" data-start=\"50\" data-end=\"77\"><strong data-start=\"50\" data-end=\"77\">Sp\u00e9cialit\u00e9s disponibles\u00a0:<\/strong><\/p>\n<ul data-start=\"78\" data-end=\"258\">\n<li class=\"\" data-start=\"78\" data-end=\"258\">\n<p class=\"\" data-start=\"80\" data-end=\"258\">11 options\u00a0: Espresso, 2\u00a0Espresso, Caf\u00e9, 2\u00a0Caf\u00e9, Caf\u00e9 Barista, Lungo Barista, Espresso macchiato, Cappuccino, Cappuccino Extra Shot, Portion de mousse de lait, Eau chaude<\/p>\n<\/li>\n<\/ul>\n<p class=\"\" data-start=\"904\" data-end=\"928\"><strong data-start=\"904\" data-end=\"928\">Sp\u00e9cifications techniques\u00a0:<\/strong><\/p>\n<ul data-start=\"929\" data-end=\"1113\">\n<li class=\"\" data-start=\"929\" data-end=\"962\">\n<p class=\"\" data-start=\"931\" data-end=\"962\">Capacit\u00e9 du r\u00e9servoir d&#8217;eau\u00a0: 1,9 l<\/p>\n<\/li>\n<li class=\"\" data-start=\"963\" data-end=\"1007\">\n<p class=\"\" data-start=\"965\" data-end=\"1007\">Capacit\u00e9 du r\u00e9servoir \u00e0 grains de caf\u00e9\u00a0: 280\u00a0g<\/p>\n<\/li>\n<li class=\"\" data-start=\"1008\" data-end=\"1046\">\n<p class=\"\" data-start=\"1010\" data-end=\"1046\">R\u00e9cipient \u00e0 marc de caf\u00e9\u00a0: 16 portions<\/p>\n<\/li>\n<li class=\"\" data-start=\"1047\" data-end=\"1061\">\n<p class=\"\" data-start=\"1049\" data-end=\"1061\">Poids\u00a0: 9,1 kg<\/p>\n<\/li>\n<li class=\"\" data-start=\"1062\" data-end=\"1095\">\n<p class=\"\" data-start=\"1064\" data-end=\"1095\">Dimensions\u00a0: 28 \u00d7 35,1 \u00d7 44,6 cm<\/p>\n<\/li>\n<li class=\"\" data-start=\"1096\" data-end=\"1113\">\n<p class=\"\" data-start=\"1098\" data-end=\"1113\">Puissance\u00a0: 1\u00a0450\u00a0W<\/p>\n<\/li>\n<\/ul>\n<p class=\"\" data-start=\"1115\" data-end=\"1134\"><strong data-start=\"1115\" data-end=\"1134\">Plus de d\u00e9tails\u00a0:<\/strong><\/p>\n<ul data-start=\"1135\" data-end=\"1189\" data-is-last-node=\"\" data-is-only-node=\"\">\n<li class=\"\" data-start=\"1135\" data-end=\"1168\">\n<p class=\"\" data-start=\"1137\" data-end=\"1168\">Pays de production\u00a0: Portugal<\/p>\n<\/li>\n<li class=\"\" data-start=\"1169\" data-end=\"1189\">\n<p class=\"\" data-start=\"1171\" data-end=\"1189\">Ann\u00e9e mod\u00e8le\u00a0: 2022<\/p>\n<\/li>\n<\/ul>\n<p>&nbsp;<\/p>\n","protected":false},"excerpt":{"rendered":"<p>Pour un cappuccino parfait sur simple pression d&#8217;un bouton et bien plus encore Cappuccino avec une touche magistrale : offrez-vous<\/p>\n","protected":false},"featured_media":485886,"template":"","meta":{"_acf_changed":false,"inline_featured_image":false},"product_cat":[25360,12764,12449],"product_tag":[23563,20780,13254,23568],"acf":[],"yoast_head":"<!-- This site is optimized with the Yoast SEO Premium plugin v18.6 (Yoast SEO v19.13) - https:\/\/yoast.com\/wordpress\/plugins\/seo\/ -->\n<title>JURA Machine \u00e0 caf\u00e9 E6 Platine - Erresse Shop<\/title>\n<meta name=\"description\" content=\"Pour un cappuccino parfait sur simple pression d&#039;un bouton et bien plus encore Cappuccino avec une touche magistrale : offrez-vous le plaisir in\u00e9gal\u00e9 du\" \/>\n<meta name=\"robots\" content=\"index, follow, max-snippet:-1, max-image-preview:large, max-video-preview:-1\" \/>\n<link rel=\"canonical\" href=\"https:\/\/www.erresse-shop.it\/fr\/shop\/petits-electromenagers\/machines-cafe\/automatique\/jura-machine-a-cafe-e6-piano-black-copia\/\" \/>\n<meta property=\"og:locale\" content=\"fr_FR\" \/>\n<meta property=\"og:type\" content=\"article\" \/>\n<meta property=\"og:title\" content=\"JURA Machine \u00e0 caf\u00e9 E6 Platine\" \/>\n<meta property=\"og:description\" content=\"Pour un cappuccino parfait sur simple pression d&#039;un bouton et bien plus encore Cappuccino avec une touche magistrale : offrez-vous le plaisir in\u00e9gal\u00e9 du\" \/>\n<meta property=\"og:url\" content=\"https:\/\/www.erresse-shop.it\/fr\/shop\/petits-electromenagers\/machines-cafe\/automatique\/jura-machine-a-cafe-e6-piano-black-copia\/\" \/>\n<meta property=\"og:site_name\" content=\"Erresse Shop\" \/>\n<meta property=\"article:modified_time\" content=\"2025-03-31T07:11:36+00:00\" \/>\n<meta property=\"og:image\" content=\"https:\/\/www.erresse-shop.it\/wp-content\/uploads\/2025\/03\/JURA-Macchina-Da-Caffe-E6-Platino.jpg\" \/>\n\t<meta property=\"og:image:width\" content=\"1200\" \/>\n\t<meta property=\"og:image:height\" content=\"1200\" \/>\n\t<meta property=\"og:image:type\" content=\"image\/jpeg\" \/>\n<meta name=\"twitter:card\" content=\"summary_large_image\" \/>\n<script type=\"application\/ld+json\" class=\"yoast-schema-graph\">{\"@context\":\"https:\/\/schema.org\",\"@graph\":[{\"@type\":\"WebPage\",\"@id\":\"https:\/\/www.erresse-shop.it\/fr\/shop\/petits-electromenagers\/machines-cafe\/automatique\/jura-machine-a-cafe-e6-piano-black-copia\/\",\"url\":\"https:\/\/www.erresse-shop.it\/fr\/shop\/petits-electromenagers\/machines-cafe\/automatique\/jura-machine-a-cafe-e6-piano-black-copia\/\",\"name\":\"JURA Machine \u00e0 caf\u00e9 E6 Platine - Erresse Shop\",\"isPartOf\":{\"@id\":\"https:\/\/www.erresse-shop.it\/fr\/#website\"},\"datePublished\":\"2025-03-31T06:59:16+00:00\",\"dateModified\":\"2025-03-31T07:11:36+00:00\",\"description\":\"Pour un cappuccino parfait sur simple pression d'un bouton et bien plus encore Cappuccino avec une touche magistrale : offrez-vous le plaisir in\u00e9gal\u00e9 du\",\"breadcrumb\":{\"@id\":\"https:\/\/www.erresse-shop.it\/fr\/shop\/petits-electromenagers\/machines-cafe\/automatique\/jura-machine-a-cafe-e6-piano-black-copia\/#breadcrumb\"},\"inLanguage\":\"fr-FR\",\"potentialAction\":[{\"@type\":\"ReadAction\",\"target\":[\"https:\/\/www.erresse-shop.it\/fr\/shop\/petits-electromenagers\/machines-cafe\/automatique\/jura-machine-a-cafe-e6-piano-black-copia\/\"]}]},{\"@type\":\"BreadcrumbList\",\"@id\":\"https:\/\/www.erresse-shop.it\/fr\/shop\/petits-electromenagers\/machines-cafe\/automatique\/jura-machine-a-cafe-e6-piano-black-copia\/#breadcrumb\",\"itemListElement\":[{\"@type\":\"ListItem\",\"position\":1,\"name\":\"Home\",\"item\":\"https:\/\/www.erresse-shop.it\/fr\/\"},{\"@type\":\"ListItem\",\"position\":2,\"name\":\"Shop\",\"item\":\"https:\/\/www.erresse-shop.it\/fr\/shop\/\"},{\"@type\":\"ListItem\",\"position\":3,\"name\":\"JURA Machine \u00e0 caf\u00e9 E6 Platine\"}]},{\"@type\":\"WebSite\",\"@id\":\"https:\/\/www.erresse-shop.it\/fr\/#website\",\"url\":\"https:\/\/www.erresse-shop.it\/fr\/\",\"name\":\"Erresse Shop\",\"description\":\"Articoli di qualit\u00e0 per la casa\",\"potentialAction\":[{\"@type\":\"SearchAction\",\"target\":{\"@type\":\"EntryPoint\",\"urlTemplate\":\"https:\/\/www.erresse-shop.it\/fr\/?s={search_term_string}\"},\"query-input\":\"required name=search_term_string\"}],\"inLanguage\":\"fr-FR\"}]}<\/script>\n<!-- \/ Yoast SEO Premium plugin. -->","yoast_head_json":{"title":"JURA Machine \u00e0 caf\u00e9 E6 Platine - Erresse Shop","description":"Pour un cappuccino parfait sur simple pression d'un bouton et bien plus encore Cappuccino avec une touche magistrale : offrez-vous le plaisir in\u00e9gal\u00e9 du","robots":{"index":"index","follow":"follow","max-snippet":"max-snippet:-1","max-image-preview":"max-image-preview:large","max-video-preview":"max-video-preview:-1"},"canonical":"https:\/\/www.erresse-shop.it\/fr\/shop\/petits-electromenagers\/machines-cafe\/automatique\/jura-machine-a-cafe-e6-piano-black-copia\/","og_locale":"fr_FR","og_type":"article","og_title":"JURA Machine \u00e0 caf\u00e9 E6 Platine","og_description":"Pour un cappuccino parfait sur simple pression d'un bouton et bien plus encore Cappuccino avec une touche magistrale : offrez-vous le plaisir in\u00e9gal\u00e9 du","og_url":"https:\/\/www.erresse-shop.it\/fr\/shop\/petits-electromenagers\/machines-cafe\/automatique\/jura-machine-a-cafe-e6-piano-black-copia\/","og_site_name":"Erresse Shop","article_modified_time":"2025-03-31T07:11:36+00:00","og_image":[{"width":1200,"height":1200,"url":"https:\/\/www.erresse-shop.it\/wp-content\/uploads\/2025\/03\/JURA-Macchina-Da-Caffe-E6-Platino.jpg","type":"image\/jpeg"}],"twitter_card":"summary_large_image","schema":{"@context":"https:\/\/schema.org","@graph":[{"@type":"WebPage","@id":"https:\/\/www.erresse-shop.it\/fr\/shop\/petits-electromenagers\/machines-cafe\/automatique\/jura-machine-a-cafe-e6-piano-black-copia\/","url":"https:\/\/www.erresse-shop.it\/fr\/shop\/petits-electromenagers\/machines-cafe\/automatique\/jura-machine-a-cafe-e6-piano-black-copia\/","name":"JURA Machine \u00e0 caf\u00e9 E6 Platine - Erresse Shop","isPartOf":{"@id":"https:\/\/www.erresse-shop.it\/fr\/#website"},"datePublished":"2025-03-31T06:59:16+00:00","dateModified":"2025-03-31T07:11:36+00:00","description":"Pour un cappuccino parfait sur simple pression d'un bouton et bien plus encore Cappuccino avec une touche magistrale : offrez-vous le plaisir in\u00e9gal\u00e9 du","breadcrumb":{"@id":"https:\/\/www.erresse-shop.it\/fr\/shop\/petits-electromenagers\/machines-cafe\/automatique\/jura-machine-a-cafe-e6-piano-black-copia\/#breadcrumb"},"inLanguage":"fr-FR","potentialAction":[{"@type":"ReadAction","target":["https:\/\/www.erresse-shop.it\/fr\/shop\/petits-electromenagers\/machines-cafe\/automatique\/jura-machine-a-cafe-e6-piano-black-copia\/"]}]},{"@type":"BreadcrumbList","@id":"https:\/\/www.erresse-shop.it\/fr\/shop\/petits-electromenagers\/machines-cafe\/automatique\/jura-machine-a-cafe-e6-piano-black-copia\/#breadcrumb","itemListElement":[{"@type":"ListItem","position":1,"name":"Home","item":"https:\/\/www.erresse-shop.it\/fr\/"},{"@type":"ListItem","position":2,"name":"Shop","item":"https:\/\/www.erresse-shop.it\/fr\/shop\/"},{"@type":"ListItem","position":3,"name":"JURA Machine \u00e0 caf\u00e9 E6 Platine"}]},{"@type":"WebSite","@id":"https:\/\/www.erresse-shop.it\/fr\/#website","url":"https:\/\/www.erresse-shop.it\/fr\/","name":"Erresse Shop","description":"Articoli di qualit\u00e0 per la casa","potentialAction":[{"@type":"SearchAction","target":{"@type":"EntryPoint","urlTemplate":"https:\/\/www.erresse-shop.it\/fr\/?s={search_term_string}"},"query-input":"required name=search_term_string"}],"inLanguage":"fr-FR"}]}},"df_price":989,"df_sale_price":989,"df_regular_price":1199,"df_image_link":"https:\/\/www.erresse-shop.it\/wp-content\/uploads\/2025\/03\/JURA-Macchina-Da-Caffe-E6-Platino-300x300.jpg","_links":{"self":[{"href":"https:\/\/www.erresse-shop.it\/fr\/wp-json\/wp\/v2\/product\/485863"}],"collection":[{"href":"https:\/\/www.erresse-shop.it\/fr\/wp-json\/wp\/v2\/product"}],"about":[{"href":"https:\/\/www.erresse-shop.it\/fr\/wp-json\/wp\/v2\/types\/product"}],"wp:featuredmedia":[{"embeddable":true,"href":"https:\/\/www.erresse-shop.it\/fr\/wp-json\/wp\/v2\/media\/485886"}],"wp:attachment":[{"href":"https:\/\/www.erresse-shop.it\/fr\/wp-json\/wp\/v2\/media?parent=485863"}],"wp:term":[{"taxonomy":"product_cat","embeddable":true,"href":"https:\/\/www.erresse-shop.it\/fr\/wp-json\/wp\/v2\/product_cat?post=485863"},{"taxonomy":"product_tag","embeddable":true,"href":"https:\/\/www.erresse-shop.it\/fr\/wp-json\/wp\/v2\/product_tag?post=485863"}],"curies":[{"name":"wp","href":"https:\/\/api.w.org\/{rel}","templated":true}]}}