{"id":485154,"date":"2025-03-28T07:31:29","date_gmt":"2025-03-28T07:31:31","guid":{"rendered":"https:\/\/www.erresse-shop.it\/?post_type=product&#038;p=485154"},"modified":"2025-03-28T07:34:14","modified_gmt":"2025-03-28T07:34:14","slug":"maison-sucree-korin-nappe-antitache-ocre-155-x-180-cm-copia-2","status":"publish","type":"product","link":"https:\/\/www.erresse-shop.it\/fr\/shop\/ameublement-maison\/textile-fr\/maison-sucree-korin-nappe-antitache-ocre-155-x-180-cm-copia-2\/","title":{"rendered":"MAISON SUCREE Korin Nappe antitache Ocre 155 x 225 cm"},"content":{"rendered":"<div class=\"position-relative product__description\">\n<div class=\"margin-bottom-1\">\n<p>Nappe antitache de couleur unie avec un design simple mais efficace. Le tissu r\u00e9sistant aux taches ressemble \u00e0 un tissu normal, mais a le pouvoir de ne pas retenir les liquides, ce qui rend le produit toujours parfait.<\/p>\n<p>Pour pr\u00e9server les propri\u00e9t\u00e9s antitaches du tissu dans le temps, nous recommandons de laver le produit en machine \u00e0 laver \u00e0 30\u00b0 lorsque n\u00e9cessaire et de le repasser \u00e0 l&#8217;envers \u00e0 basse temp\u00e9rature. <strong>Le repassage<\/strong> du dos \u00e0 basse temp\u00e9rature <strong>r\u00e9active les propri\u00e9t\u00e9s antitaches<\/strong>.<\/p>\n<\/div>\n<\/div>\n<div class=\"position-relative margin-bottom-1 product__description\">\n<p class=\"h6 color-primary margin-bottom-05\"><strong><span style=\"font-size: 14pt;\">Caract\u00e9ristiques du produit\u00a0:<\/span><\/strong><\/p>\n<ul class=\"list--no-bullet margin-0\">\n<li class=\"margin-bottom-05\"><strong>Mati\u00e8re<\/strong>\u00a0: 100\u00a0% polyester antitache<\/li>\n<li class=\"margin-bottom-05\"><strong>Dimensions<\/strong> : 155 x 225 cm<\/li>\n<\/ul>\n<p><strong>Les\u00a0<em>images<\/em>\u00a0ins\u00e9r\u00e9es sont\u00a0<em>\u00e0<\/em>\u00a0des fins d&#8217;illustration uniquement, le produit final peut diff\u00e9rer<\/strong><\/p>\n<\/div>\n","protected":false},"excerpt":{"rendered":"<p>Nappe antitache de couleur unie avec un design simple mais efficace. Le tissu r\u00e9sistant aux taches ressemble \u00e0 un tissu<\/p>\n","protected":false},"featured_media":485132,"template":"","meta":{"_acf_changed":false,"inline_featured_image":false},"product_cat":[12738,26053],"product_tag":[14588,12817],"acf":[],"yoast_head":"<!-- This site is optimized with the Yoast SEO Premium plugin v18.6 (Yoast SEO v19.13) - https:\/\/yoast.com\/wordpress\/plugins\/seo\/ -->\n<title>MAISON SUCREE Korin Nappe antitache Ocre 155 x 225 cm - Erresse Shop<\/title>\n<meta name=\"description\" content=\"Nappe antitache de couleur unie avec un design simple mais efficace. Le tissu r\u00e9sistant aux taches ressemble \u00e0 un tissu normal, mais a le pouvoir de ne\" \/>\n<meta name=\"robots\" content=\"index, follow, max-snippet:-1, max-image-preview:large, max-video-preview:-1\" \/>\n<link rel=\"canonical\" href=\"https:\/\/www.erresse-shop.it\/fr\/shop\/ameublement-maison\/textile-fr\/maison-sucree-korin-nappe-antitache-ocre-155-x-180-cm-copia-2\/\" \/>\n<meta property=\"og:locale\" content=\"fr_FR\" \/>\n<meta property=\"og:type\" content=\"article\" \/>\n<meta property=\"og:title\" content=\"MAISON SUCREE Korin Nappe antitache Ocre 155 x 225 cm\" \/>\n<meta property=\"og:description\" content=\"Nappe antitache de couleur unie avec un design simple mais efficace. Le tissu r\u00e9sistant aux taches ressemble \u00e0 un tissu normal, mais a le pouvoir de ne\" \/>\n<meta property=\"og:url\" content=\"https:\/\/www.erresse-shop.it\/fr\/shop\/ameublement-maison\/textile-fr\/maison-sucree-korin-nappe-antitache-ocre-155-x-180-cm-copia-2\/\" \/>\n<meta property=\"og:site_name\" content=\"Erresse Shop\" \/>\n<meta property=\"article:modified_time\" content=\"2025-03-28T07:34:14+00:00\" \/>\n<meta property=\"og:image\" content=\"https:\/\/www.erresse-shop.it\/wp-content\/uploads\/2025\/03\/MAISON-SUCREE-Korin-Tovaglia-Antimacchia-Ocra.jpg\" \/>\n\t<meta property=\"og:image:width\" content=\"1200\" \/>\n\t<meta property=\"og:image:height\" content=\"1200\" \/>\n\t<meta property=\"og:image:type\" content=\"image\/jpeg\" \/>\n<meta name=\"twitter:card\" content=\"summary_large_image\" \/>\n<script type=\"application\/ld+json\" class=\"yoast-schema-graph\">{\"@context\":\"https:\/\/schema.org\",\"@graph\":[{\"@type\":\"WebPage\",\"@id\":\"https:\/\/www.erresse-shop.it\/fr\/shop\/ameublement-maison\/textile-fr\/maison-sucree-korin-nappe-antitache-ocre-155-x-180-cm-copia-2\/\",\"url\":\"https:\/\/www.erresse-shop.it\/fr\/shop\/ameublement-maison\/textile-fr\/maison-sucree-korin-nappe-antitache-ocre-155-x-180-cm-copia-2\/\",\"name\":\"MAISON SUCREE Korin Nappe antitache Ocre 155 x 225 cm - Erresse Shop\",\"isPartOf\":{\"@id\":\"https:\/\/www.erresse-shop.it\/fr\/#website\"},\"datePublished\":\"2025-03-28T07:31:31+00:00\",\"dateModified\":\"2025-03-28T07:34:14+00:00\",\"description\":\"Nappe antitache de couleur unie avec un design simple mais efficace. Le tissu r\u00e9sistant aux taches ressemble \u00e0 un tissu normal, mais a le pouvoir de ne\",\"breadcrumb\":{\"@id\":\"https:\/\/www.erresse-shop.it\/fr\/shop\/ameublement-maison\/textile-fr\/maison-sucree-korin-nappe-antitache-ocre-155-x-180-cm-copia-2\/#breadcrumb\"},\"inLanguage\":\"fr-FR\",\"potentialAction\":[{\"@type\":\"ReadAction\",\"target\":[\"https:\/\/www.erresse-shop.it\/fr\/shop\/ameublement-maison\/textile-fr\/maison-sucree-korin-nappe-antitache-ocre-155-x-180-cm-copia-2\/\"]}]},{\"@type\":\"BreadcrumbList\",\"@id\":\"https:\/\/www.erresse-shop.it\/fr\/shop\/ameublement-maison\/textile-fr\/maison-sucree-korin-nappe-antitache-ocre-155-x-180-cm-copia-2\/#breadcrumb\",\"itemListElement\":[{\"@type\":\"ListItem\",\"position\":1,\"name\":\"Home\",\"item\":\"https:\/\/www.erresse-shop.it\/fr\/\"},{\"@type\":\"ListItem\",\"position\":2,\"name\":\"Shop\",\"item\":\"https:\/\/www.erresse-shop.it\/fr\/shop\/\"},{\"@type\":\"ListItem\",\"position\":3,\"name\":\"MAISON SUCREE Korin Nappe antitache Ocre 155 x 225 cm\"}]},{\"@type\":\"WebSite\",\"@id\":\"https:\/\/www.erresse-shop.it\/fr\/#website\",\"url\":\"https:\/\/www.erresse-shop.it\/fr\/\",\"name\":\"Erresse Shop\",\"description\":\"Articoli di qualit\u00e0 per la casa\",\"potentialAction\":[{\"@type\":\"SearchAction\",\"target\":{\"@type\":\"EntryPoint\",\"urlTemplate\":\"https:\/\/www.erresse-shop.it\/fr\/?s={search_term_string}\"},\"query-input\":\"required name=search_term_string\"}],\"inLanguage\":\"fr-FR\"}]}<\/script>\n<!-- \/ Yoast SEO Premium plugin. -->","yoast_head_json":{"title":"MAISON SUCREE Korin Nappe antitache Ocre 155 x 225 cm - Erresse Shop","description":"Nappe antitache de couleur unie avec un design simple mais efficace. Le tissu r\u00e9sistant aux taches ressemble \u00e0 un tissu normal, mais a le pouvoir de ne","robots":{"index":"index","follow":"follow","max-snippet":"max-snippet:-1","max-image-preview":"max-image-preview:large","max-video-preview":"max-video-preview:-1"},"canonical":"https:\/\/www.erresse-shop.it\/fr\/shop\/ameublement-maison\/textile-fr\/maison-sucree-korin-nappe-antitache-ocre-155-x-180-cm-copia-2\/","og_locale":"fr_FR","og_type":"article","og_title":"MAISON SUCREE Korin Nappe antitache Ocre 155 x 225 cm","og_description":"Nappe antitache de couleur unie avec un design simple mais efficace. Le tissu r\u00e9sistant aux taches ressemble \u00e0 un tissu normal, mais a le pouvoir de ne","og_url":"https:\/\/www.erresse-shop.it\/fr\/shop\/ameublement-maison\/textile-fr\/maison-sucree-korin-nappe-antitache-ocre-155-x-180-cm-copia-2\/","og_site_name":"Erresse Shop","article_modified_time":"2025-03-28T07:34:14+00:00","og_image":[{"width":1200,"height":1200,"url":"https:\/\/www.erresse-shop.it\/wp-content\/uploads\/2025\/03\/MAISON-SUCREE-Korin-Tovaglia-Antimacchia-Ocra.jpg","type":"image\/jpeg"}],"twitter_card":"summary_large_image","schema":{"@context":"https:\/\/schema.org","@graph":[{"@type":"WebPage","@id":"https:\/\/www.erresse-shop.it\/fr\/shop\/ameublement-maison\/textile-fr\/maison-sucree-korin-nappe-antitache-ocre-155-x-180-cm-copia-2\/","url":"https:\/\/www.erresse-shop.it\/fr\/shop\/ameublement-maison\/textile-fr\/maison-sucree-korin-nappe-antitache-ocre-155-x-180-cm-copia-2\/","name":"MAISON SUCREE Korin Nappe antitache Ocre 155 x 225 cm - Erresse Shop","isPartOf":{"@id":"https:\/\/www.erresse-shop.it\/fr\/#website"},"datePublished":"2025-03-28T07:31:31+00:00","dateModified":"2025-03-28T07:34:14+00:00","description":"Nappe antitache de couleur unie avec un design simple mais efficace. Le tissu r\u00e9sistant aux taches ressemble \u00e0 un tissu normal, mais a le pouvoir de ne","breadcrumb":{"@id":"https:\/\/www.erresse-shop.it\/fr\/shop\/ameublement-maison\/textile-fr\/maison-sucree-korin-nappe-antitache-ocre-155-x-180-cm-copia-2\/#breadcrumb"},"inLanguage":"fr-FR","potentialAction":[{"@type":"ReadAction","target":["https:\/\/www.erresse-shop.it\/fr\/shop\/ameublement-maison\/textile-fr\/maison-sucree-korin-nappe-antitache-ocre-155-x-180-cm-copia-2\/"]}]},{"@type":"BreadcrumbList","@id":"https:\/\/www.erresse-shop.it\/fr\/shop\/ameublement-maison\/textile-fr\/maison-sucree-korin-nappe-antitache-ocre-155-x-180-cm-copia-2\/#breadcrumb","itemListElement":[{"@type":"ListItem","position":1,"name":"Home","item":"https:\/\/www.erresse-shop.it\/fr\/"},{"@type":"ListItem","position":2,"name":"Shop","item":"https:\/\/www.erresse-shop.it\/fr\/shop\/"},{"@type":"ListItem","position":3,"name":"MAISON SUCREE Korin Nappe antitache Ocre 155 x 225 cm"}]},{"@type":"WebSite","@id":"https:\/\/www.erresse-shop.it\/fr\/#website","url":"https:\/\/www.erresse-shop.it\/fr\/","name":"Erresse Shop","description":"Articoli di qualit\u00e0 per la casa","potentialAction":[{"@type":"SearchAction","target":{"@type":"EntryPoint","urlTemplate":"https:\/\/www.erresse-shop.it\/fr\/?s={search_term_string}"},"query-input":"required name=search_term_string"}],"inLanguage":"fr-FR"}]}},"df_price":57.95,"df_sale_price":57.95,"df_regular_price":57.95,"df_image_link":"https:\/\/www.erresse-shop.it\/wp-content\/uploads\/2025\/03\/MAISON-SUCREE-Korin-Tovaglia-Antimacchia-Ocra-300x300.jpg","_links":{"self":[{"href":"https:\/\/www.erresse-shop.it\/fr\/wp-json\/wp\/v2\/product\/485154"}],"collection":[{"href":"https:\/\/www.erresse-shop.it\/fr\/wp-json\/wp\/v2\/product"}],"about":[{"href":"https:\/\/www.erresse-shop.it\/fr\/wp-json\/wp\/v2\/types\/product"}],"wp:featuredmedia":[{"embeddable":true,"href":"https:\/\/www.erresse-shop.it\/fr\/wp-json\/wp\/v2\/media\/485132"}],"wp:attachment":[{"href":"https:\/\/www.erresse-shop.it\/fr\/wp-json\/wp\/v2\/media?parent=485154"}],"wp:term":[{"taxonomy":"product_cat","embeddable":true,"href":"https:\/\/www.erresse-shop.it\/fr\/wp-json\/wp\/v2\/product_cat?post=485154"},{"taxonomy":"product_tag","embeddable":true,"href":"https:\/\/www.erresse-shop.it\/fr\/wp-json\/wp\/v2\/product_tag?post=485154"}],"curies":[{"name":"wp","href":"https:\/\/api.w.org\/{rel}","templated":true}]}}