{"id":484555,"date":"2025-03-27T07:29:39","date_gmt":"2025-03-27T07:29:42","guid":{"rendered":"https:\/\/www.erresse-shop.it\/?post_type=product&#038;p=484555"},"modified":"2026-02-13T11:01:06","modified_gmt":"2026-02-13T11:01:06","slug":"zafferano-teca-terrazzo-set-de-6-verres-assorti","status":"publish","type":"product","link":"https:\/\/www.erresse-shop.it\/fr\/shop\/table-fr-2\/verres\/zafferano-teca-terrazzo-set-de-6-verres-assorti\/","title":{"rendered":"ZAFFERANO Teca Terrazzo Set de 6 verres Assorti"},"content":{"rendered":"<p>Dans la cat\u00e9gorie des produits de table en verre borosilicate avec d\u00e9corations \u00e0 l&#8217;int\u00e9rieur de la tasse, Teca Terrazzo repr\u00e9sente une r\u00e9volution. Dans cette collection de verres et de carafes, l\u2019\u00e9l\u00e9ment d\u00e9coratif est prot\u00e9g\u00e9 \u00e0 l\u2019int\u00e9rieur d\u2019un \u00ab double fond \u00bb (double verre) qui facilite \u00e9galement le nettoyage et l\u2019entretien des pi\u00e8ces. L&#8217;\u00e9l\u00e9ment d\u00e9coratif abstrait fabriqu\u00e9 \u00e0 la main avec de petits fragments de verre color\u00e9 est propos\u00e9 dans six combinaisons de couleurs diff\u00e9rentes. Il est donc possible de mettre de la glace dans le verre ou la carafe, sans craindre de casse accidentelle. Gr\u00e2ce \u00e0 la forme encastr\u00e9e du \u00ab teca \u00bb, les gobelets sont \u00e9galement empilables.<\/p>\n<p><strong>Caract\u00e9ristiques\u00a0:<\/strong><\/p>\n<ul>\n<li class=\"accordion-content add-formatting\" data-variant-sku=\"TE00198\">Diam\u00e8tre\u00a0: 8 cm<\/li>\n<li class=\"accordion-content add-formatting\" data-variant-sku=\"TE00198\">Hauteur totale\u00a0: 10,5\u00a0cm<\/li>\n<li class=\"accordion-content add-formatting\" data-variant-sku=\"TE00198\">Capacit\u00e9\u00a0: 35 cl<\/li>\n<\/ul>\n<p><strong>Les\u00a0<em>images<\/em>\u00a0ins\u00e9r\u00e9es sont\u00a0<em>\u00e0<\/em>\u00a0des fins d&#8217;illustration uniquement, le produit final peut diff\u00e9rer<\/strong><\/p>\n","protected":false},"excerpt":{"rendered":"<p>Dans la cat\u00e9gorie des produits de table en verre borosilicate avec d\u00e9corations \u00e0 l&#8217;int\u00e9rieur de la tasse, Teca Terrazzo repr\u00e9sente<\/p>\n","protected":false},"featured_media":486653,"template":"","meta":{"_acf_changed":false,"inline_featured_image":false},"product_cat":[12782,12784],"product_tag":[25026,25021,12827,24603,12829,21821,12826,14889,12797],"acf":[],"yoast_head":"<!-- This site is optimized with the Yoast SEO Premium plugin v18.6 (Yoast SEO v19.13) - https:\/\/yoast.com\/wordpress\/plugins\/seo\/ -->\n<title>ZAFFERANO Teca Terrazzo Set de 6 verres Assorti - Erresse Shop<\/title>\n<meta name=\"description\" content=\"Dans la cat\u00e9gorie des produits de table en verre borosilicate avec d\u00e9corations \u00e0 l&#039;int\u00e9rieur de la tasse, Teca Terrazzo repr\u00e9sente une r\u00e9volution. Dans\" \/>\n<meta name=\"robots\" content=\"index, follow, max-snippet:-1, max-image-preview:large, max-video-preview:-1\" \/>\n<link rel=\"canonical\" href=\"https:\/\/www.erresse-shop.it\/fr\/shop\/table-fr-2\/verres\/zafferano-teca-terrazzo-set-de-6-verres-assorti\/\" \/>\n<meta property=\"og:locale\" content=\"fr_FR\" \/>\n<meta property=\"og:type\" content=\"article\" \/>\n<meta property=\"og:title\" content=\"ZAFFERANO Teca Terrazzo Set de 6 verres Assorti\" \/>\n<meta property=\"og:description\" content=\"Dans la cat\u00e9gorie des produits de table en verre borosilicate avec d\u00e9corations \u00e0 l&#039;int\u00e9rieur de la tasse, Teca Terrazzo repr\u00e9sente une r\u00e9volution. Dans\" \/>\n<meta property=\"og:url\" content=\"https:\/\/www.erresse-shop.it\/fr\/shop\/table-fr-2\/verres\/zafferano-teca-terrazzo-set-de-6-verres-assorti\/\" \/>\n<meta property=\"og:site_name\" content=\"Erresse Shop\" \/>\n<meta property=\"article:modified_time\" content=\"2026-02-13T11:01:06+00:00\" \/>\n<meta property=\"og:image\" content=\"https:\/\/www.erresse-shop.it\/wp-content\/uploads\/2025\/03\/ZAFFERANO-Teca-Terrazzo-Set-6-Bicchieri-Tumbler-Assortiti-1.jpg\" \/>\n\t<meta property=\"og:image:width\" content=\"1200\" \/>\n\t<meta property=\"og:image:height\" content=\"1200\" \/>\n\t<meta property=\"og:image:type\" content=\"image\/jpeg\" \/>\n<meta name=\"twitter:card\" content=\"summary_large_image\" \/>\n<script type=\"application\/ld+json\" class=\"yoast-schema-graph\">{\"@context\":\"https:\/\/schema.org\",\"@graph\":[{\"@type\":\"WebPage\",\"@id\":\"https:\/\/www.erresse-shop.it\/fr\/shop\/table-fr-2\/verres\/zafferano-teca-terrazzo-set-de-6-verres-assorti\/\",\"url\":\"https:\/\/www.erresse-shop.it\/fr\/shop\/table-fr-2\/verres\/zafferano-teca-terrazzo-set-de-6-verres-assorti\/\",\"name\":\"ZAFFERANO Teca Terrazzo Set de 6 verres Assorti - Erresse Shop\",\"isPartOf\":{\"@id\":\"https:\/\/www.erresse-shop.it\/fr\/#website\"},\"datePublished\":\"2025-03-27T07:29:42+00:00\",\"dateModified\":\"2026-02-13T11:01:06+00:00\",\"description\":\"Dans la cat\u00e9gorie des produits de table en verre borosilicate avec d\u00e9corations \u00e0 l'int\u00e9rieur de la tasse, Teca Terrazzo repr\u00e9sente une r\u00e9volution. Dans\",\"breadcrumb\":{\"@id\":\"https:\/\/www.erresse-shop.it\/fr\/shop\/table-fr-2\/verres\/zafferano-teca-terrazzo-set-de-6-verres-assorti\/#breadcrumb\"},\"inLanguage\":\"fr-FR\",\"potentialAction\":[{\"@type\":\"ReadAction\",\"target\":[\"https:\/\/www.erresse-shop.it\/fr\/shop\/table-fr-2\/verres\/zafferano-teca-terrazzo-set-de-6-verres-assorti\/\"]}]},{\"@type\":\"BreadcrumbList\",\"@id\":\"https:\/\/www.erresse-shop.it\/fr\/shop\/table-fr-2\/verres\/zafferano-teca-terrazzo-set-de-6-verres-assorti\/#breadcrumb\",\"itemListElement\":[{\"@type\":\"ListItem\",\"position\":1,\"name\":\"Home\",\"item\":\"https:\/\/www.erresse-shop.it\/fr\/\"},{\"@type\":\"ListItem\",\"position\":2,\"name\":\"Shop\",\"item\":\"https:\/\/www.erresse-shop.it\/fr\/shop\/\"},{\"@type\":\"ListItem\",\"position\":3,\"name\":\"ZAFFERANO Teca Terrazzo Set de 6 verres Assorti\"}]},{\"@type\":\"WebSite\",\"@id\":\"https:\/\/www.erresse-shop.it\/fr\/#website\",\"url\":\"https:\/\/www.erresse-shop.it\/fr\/\",\"name\":\"Erresse Shop\",\"description\":\"Articoli di qualit\u00e0 per la casa\",\"potentialAction\":[{\"@type\":\"SearchAction\",\"target\":{\"@type\":\"EntryPoint\",\"urlTemplate\":\"https:\/\/www.erresse-shop.it\/fr\/?s={search_term_string}\"},\"query-input\":\"required name=search_term_string\"}],\"inLanguage\":\"fr-FR\"}]}<\/script>\n<!-- \/ Yoast SEO Premium plugin. -->","yoast_head_json":{"title":"ZAFFERANO Teca Terrazzo Set de 6 verres Assorti - Erresse Shop","description":"Dans la cat\u00e9gorie des produits de table en verre borosilicate avec d\u00e9corations \u00e0 l'int\u00e9rieur de la tasse, Teca Terrazzo repr\u00e9sente une r\u00e9volution. Dans","robots":{"index":"index","follow":"follow","max-snippet":"max-snippet:-1","max-image-preview":"max-image-preview:large","max-video-preview":"max-video-preview:-1"},"canonical":"https:\/\/www.erresse-shop.it\/fr\/shop\/table-fr-2\/verres\/zafferano-teca-terrazzo-set-de-6-verres-assorti\/","og_locale":"fr_FR","og_type":"article","og_title":"ZAFFERANO Teca Terrazzo Set de 6 verres Assorti","og_description":"Dans la cat\u00e9gorie des produits de table en verre borosilicate avec d\u00e9corations \u00e0 l'int\u00e9rieur de la tasse, Teca Terrazzo repr\u00e9sente une r\u00e9volution. Dans","og_url":"https:\/\/www.erresse-shop.it\/fr\/shop\/table-fr-2\/verres\/zafferano-teca-terrazzo-set-de-6-verres-assorti\/","og_site_name":"Erresse Shop","article_modified_time":"2026-02-13T11:01:06+00:00","og_image":[{"width":1200,"height":1200,"url":"https:\/\/www.erresse-shop.it\/wp-content\/uploads\/2025\/03\/ZAFFERANO-Teca-Terrazzo-Set-6-Bicchieri-Tumbler-Assortiti-1.jpg","type":"image\/jpeg"}],"twitter_card":"summary_large_image","schema":{"@context":"https:\/\/schema.org","@graph":[{"@type":"WebPage","@id":"https:\/\/www.erresse-shop.it\/fr\/shop\/table-fr-2\/verres\/zafferano-teca-terrazzo-set-de-6-verres-assorti\/","url":"https:\/\/www.erresse-shop.it\/fr\/shop\/table-fr-2\/verres\/zafferano-teca-terrazzo-set-de-6-verres-assorti\/","name":"ZAFFERANO Teca Terrazzo Set de 6 verres Assorti - Erresse Shop","isPartOf":{"@id":"https:\/\/www.erresse-shop.it\/fr\/#website"},"datePublished":"2025-03-27T07:29:42+00:00","dateModified":"2026-02-13T11:01:06+00:00","description":"Dans la cat\u00e9gorie des produits de table en verre borosilicate avec d\u00e9corations \u00e0 l'int\u00e9rieur de la tasse, Teca Terrazzo repr\u00e9sente une r\u00e9volution. Dans","breadcrumb":{"@id":"https:\/\/www.erresse-shop.it\/fr\/shop\/table-fr-2\/verres\/zafferano-teca-terrazzo-set-de-6-verres-assorti\/#breadcrumb"},"inLanguage":"fr-FR","potentialAction":[{"@type":"ReadAction","target":["https:\/\/www.erresse-shop.it\/fr\/shop\/table-fr-2\/verres\/zafferano-teca-terrazzo-set-de-6-verres-assorti\/"]}]},{"@type":"BreadcrumbList","@id":"https:\/\/www.erresse-shop.it\/fr\/shop\/table-fr-2\/verres\/zafferano-teca-terrazzo-set-de-6-verres-assorti\/#breadcrumb","itemListElement":[{"@type":"ListItem","position":1,"name":"Home","item":"https:\/\/www.erresse-shop.it\/fr\/"},{"@type":"ListItem","position":2,"name":"Shop","item":"https:\/\/www.erresse-shop.it\/fr\/shop\/"},{"@type":"ListItem","position":3,"name":"ZAFFERANO Teca Terrazzo Set de 6 verres Assorti"}]},{"@type":"WebSite","@id":"https:\/\/www.erresse-shop.it\/fr\/#website","url":"https:\/\/www.erresse-shop.it\/fr\/","name":"Erresse Shop","description":"Articoli di qualit\u00e0 per la casa","potentialAction":[{"@type":"SearchAction","target":{"@type":"EntryPoint","urlTemplate":"https:\/\/www.erresse-shop.it\/fr\/?s={search_term_string}"},"query-input":"required name=search_term_string"}],"inLanguage":"fr-FR"}]}},"df_price":49.95,"df_sale_price":49.95,"df_regular_price":71.7,"df_image_link":"https:\/\/www.erresse-shop.it\/wp-content\/uploads\/2025\/03\/ZAFFERANO-Teca-Terrazzo-Set-6-Bicchieri-Tumbler-Assortiti-1-300x300.jpg","_links":{"self":[{"href":"https:\/\/www.erresse-shop.it\/fr\/wp-json\/wp\/v2\/product\/484555"}],"collection":[{"href":"https:\/\/www.erresse-shop.it\/fr\/wp-json\/wp\/v2\/product"}],"about":[{"href":"https:\/\/www.erresse-shop.it\/fr\/wp-json\/wp\/v2\/types\/product"}],"wp:featuredmedia":[{"embeddable":true,"href":"https:\/\/www.erresse-shop.it\/fr\/wp-json\/wp\/v2\/media\/486653"}],"wp:attachment":[{"href":"https:\/\/www.erresse-shop.it\/fr\/wp-json\/wp\/v2\/media?parent=484555"}],"wp:term":[{"taxonomy":"product_cat","embeddable":true,"href":"https:\/\/www.erresse-shop.it\/fr\/wp-json\/wp\/v2\/product_cat?post=484555"},{"taxonomy":"product_tag","embeddable":true,"href":"https:\/\/www.erresse-shop.it\/fr\/wp-json\/wp\/v2\/product_tag?post=484555"}],"curies":[{"name":"wp","href":"https:\/\/api.w.org\/{rel}","templated":true}]}}