{"id":484477,"date":"2025-03-26T14:46:23","date_gmt":"2025-03-26T14:46:23","guid":{"rendered":"https:\/\/www.erresse-shop.it\/shop\/senza-categoria\/zafferano-teca-terrazzo-set-de-6-verres-bleu-jaune\/"},"modified":"2026-02-13T11:17:34","modified_gmt":"2026-02-13T11:17:34","slug":"zafferano-teca-terrazzo-set-de-6-verres-bleu-jaune","status":"publish","type":"product","link":"https:\/\/www.erresse-shop.it\/fr\/shop\/table-fr-2\/verres\/zafferano-teca-terrazzo-set-de-6-verres-bleu-jaune\/","title":{"rendered":"ZAFFERANO Teca Terrazzo Set de 6 verres Bleu Jaune"},"content":{"rendered":"<p>Dans la cat\u00e9gorie des articles de table en verre borosilicate avec d\u00e9corations \u00e0 l&#8217;int\u00e9rieur, Teca Terrazzo repr\u00e9sente une r\u00e9volution. Dans cette collection de verres et de carafes, l&#8217;\u00e9l\u00e9ment d\u00e9coratif est prot\u00e9g\u00e9 par un double fond (double verre), ce qui facilite le nettoyage et l&#8217;entretien. Cet \u00e9l\u00e9ment d\u00e9coratif abstrait, r\u00e9alis\u00e9 \u00e0 la main avec de petits fragments de verre color\u00e9, est propos\u00e9 en six combinaisons de couleurs diff\u00e9rentes. Il est ainsi possible d&#8217;y ajouter des gla\u00e7ons sans risque de casse. Gr\u00e2ce \u00e0 la forme en creux du \u00ab\u00a0teca\u00a0\u00bb, les verres sont \u00e9galement empilables.<\/p>\n<p><strong>Caract\u00e9ristiques\u00a0:<\/strong><\/p>\n<ul>\n<li class=\"accordion-content add-formatting\" data-variant-sku=\"TE00198\">Diam\u00e8tre\u00a0: 8\u00a0cm<\/li>\n<li class=\"accordion-content add-formatting\" data-variant-sku=\"TE00198\">Hauteur totale\u00a0: 10,5\u00a0cm<\/li>\n<li class=\"accordion-content add-formatting\" data-variant-sku=\"TE00198\">Contenance\u00a0: 35\u00a0cl<\/li>\n<\/ul>\n<p><strong>Les images ins\u00e9r\u00e9es sont donn\u00e9es \u00e0 titre indicatif uniquement\u00a0; le produit final peut diff\u00e9rer.<\/strong><\/p>\n","protected":false},"excerpt":{"rendered":"<p>Dans la cat\u00e9gorie des articles de table en verre borosilicate avec d\u00e9corations \u00e0 l&#8217;int\u00e9rieur, Teca Terrazzo repr\u00e9sente une r\u00e9volution. Dans<\/p>\n","protected":false},"featured_media":486667,"template":"","meta":{"_acf_changed":false,"inline_featured_image":false},"product_cat":[12782,12784],"product_tag":[25026,25021,12827,24603,12829,21821,12826,14889,12797],"acf":[],"yoast_head":"<!-- This site is optimized with the Yoast SEO Premium plugin v18.6 (Yoast SEO v19.13) - https:\/\/yoast.com\/wordpress\/plugins\/seo\/ -->\n<title>ZAFFERANO Teca Terrazzo Set de 6 verres Bleu Jaune - Erresse Shop<\/title>\n<meta name=\"description\" content=\"Dans la cat\u00e9gorie des articles de table en verre borosilicate avec d\u00e9corations \u00e0 l&#039;int\u00e9rieur, Teca Terrazzo repr\u00e9sente une r\u00e9volution. Dans cette\" \/>\n<meta name=\"robots\" content=\"index, follow, max-snippet:-1, max-image-preview:large, max-video-preview:-1\" \/>\n<link rel=\"canonical\" href=\"https:\/\/www.erresse-shop.it\/fr\/shop\/table-fr-2\/verres\/zafferano-teca-terrazzo-set-de-6-verres-bleu-jaune\/\" \/>\n<meta property=\"og:locale\" content=\"fr_FR\" \/>\n<meta property=\"og:type\" content=\"article\" \/>\n<meta property=\"og:title\" content=\"ZAFFERANO Teca Terrazzo Set de 6 verres Bleu Jaune\" \/>\n<meta property=\"og:description\" content=\"Dans la cat\u00e9gorie des articles de table en verre borosilicate avec d\u00e9corations \u00e0 l&#039;int\u00e9rieur, Teca Terrazzo repr\u00e9sente une r\u00e9volution. Dans cette\" \/>\n<meta property=\"og:url\" content=\"https:\/\/www.erresse-shop.it\/fr\/shop\/table-fr-2\/verres\/zafferano-teca-terrazzo-set-de-6-verres-bleu-jaune\/\" \/>\n<meta property=\"og:site_name\" content=\"Erresse Shop\" \/>\n<meta property=\"article:modified_time\" content=\"2026-02-13T11:17:34+00:00\" \/>\n<meta property=\"og:image\" content=\"https:\/\/www.erresse-shop.it\/wp-content\/uploads\/2025\/03\/ZAFFERANO-Teca-Terrazzo-Set-6-Bicchieri-Tumbler-Blu-Giallo-1.jpg\" \/>\n\t<meta property=\"og:image:width\" content=\"1200\" \/>\n\t<meta property=\"og:image:height\" content=\"1200\" \/>\n\t<meta property=\"og:image:type\" content=\"image\/jpeg\" \/>\n<meta name=\"twitter:card\" content=\"summary_large_image\" \/>\n<script type=\"application\/ld+json\" class=\"yoast-schema-graph\">{\"@context\":\"https:\/\/schema.org\",\"@graph\":[{\"@type\":\"WebPage\",\"@id\":\"https:\/\/www.erresse-shop.it\/fr\/shop\/table-fr-2\/verres\/zafferano-teca-terrazzo-set-de-6-verres-bleu-jaune\/\",\"url\":\"https:\/\/www.erresse-shop.it\/fr\/shop\/table-fr-2\/verres\/zafferano-teca-terrazzo-set-de-6-verres-bleu-jaune\/\",\"name\":\"ZAFFERANO Teca Terrazzo Set de 6 verres Bleu Jaune - Erresse Shop\",\"isPartOf\":{\"@id\":\"https:\/\/www.erresse-shop.it\/fr\/#website\"},\"datePublished\":\"2025-03-26T14:46:23+00:00\",\"dateModified\":\"2026-02-13T11:17:34+00:00\",\"description\":\"Dans la cat\u00e9gorie des articles de table en verre borosilicate avec d\u00e9corations \u00e0 l'int\u00e9rieur, Teca Terrazzo repr\u00e9sente une r\u00e9volution. Dans cette\",\"breadcrumb\":{\"@id\":\"https:\/\/www.erresse-shop.it\/fr\/shop\/table-fr-2\/verres\/zafferano-teca-terrazzo-set-de-6-verres-bleu-jaune\/#breadcrumb\"},\"inLanguage\":\"fr-FR\",\"potentialAction\":[{\"@type\":\"ReadAction\",\"target\":[\"https:\/\/www.erresse-shop.it\/fr\/shop\/table-fr-2\/verres\/zafferano-teca-terrazzo-set-de-6-verres-bleu-jaune\/\"]}]},{\"@type\":\"BreadcrumbList\",\"@id\":\"https:\/\/www.erresse-shop.it\/fr\/shop\/table-fr-2\/verres\/zafferano-teca-terrazzo-set-de-6-verres-bleu-jaune\/#breadcrumb\",\"itemListElement\":[{\"@type\":\"ListItem\",\"position\":1,\"name\":\"Home\",\"item\":\"https:\/\/www.erresse-shop.it\/fr\/\"},{\"@type\":\"ListItem\",\"position\":2,\"name\":\"Shop\",\"item\":\"https:\/\/www.erresse-shop.it\/fr\/shop\/\"},{\"@type\":\"ListItem\",\"position\":3,\"name\":\"ZAFFERANO Teca Terrazzo Set de 6 verres Bleu Jaune\"}]},{\"@type\":\"WebSite\",\"@id\":\"https:\/\/www.erresse-shop.it\/fr\/#website\",\"url\":\"https:\/\/www.erresse-shop.it\/fr\/\",\"name\":\"Erresse Shop\",\"description\":\"Articoli di qualit\u00e0 per la casa\",\"potentialAction\":[{\"@type\":\"SearchAction\",\"target\":{\"@type\":\"EntryPoint\",\"urlTemplate\":\"https:\/\/www.erresse-shop.it\/fr\/?s={search_term_string}\"},\"query-input\":\"required name=search_term_string\"}],\"inLanguage\":\"fr-FR\"}]}<\/script>\n<!-- \/ Yoast SEO Premium plugin. -->","yoast_head_json":{"title":"ZAFFERANO Teca Terrazzo Set de 6 verres Bleu Jaune - Erresse Shop","description":"Dans la cat\u00e9gorie des articles de table en verre borosilicate avec d\u00e9corations \u00e0 l'int\u00e9rieur, Teca Terrazzo repr\u00e9sente une r\u00e9volution. Dans cette","robots":{"index":"index","follow":"follow","max-snippet":"max-snippet:-1","max-image-preview":"max-image-preview:large","max-video-preview":"max-video-preview:-1"},"canonical":"https:\/\/www.erresse-shop.it\/fr\/shop\/table-fr-2\/verres\/zafferano-teca-terrazzo-set-de-6-verres-bleu-jaune\/","og_locale":"fr_FR","og_type":"article","og_title":"ZAFFERANO Teca Terrazzo Set de 6 verres Bleu Jaune","og_description":"Dans la cat\u00e9gorie des articles de table en verre borosilicate avec d\u00e9corations \u00e0 l'int\u00e9rieur, Teca Terrazzo repr\u00e9sente une r\u00e9volution. Dans cette","og_url":"https:\/\/www.erresse-shop.it\/fr\/shop\/table-fr-2\/verres\/zafferano-teca-terrazzo-set-de-6-verres-bleu-jaune\/","og_site_name":"Erresse Shop","article_modified_time":"2026-02-13T11:17:34+00:00","og_image":[{"width":1200,"height":1200,"url":"https:\/\/www.erresse-shop.it\/wp-content\/uploads\/2025\/03\/ZAFFERANO-Teca-Terrazzo-Set-6-Bicchieri-Tumbler-Blu-Giallo-1.jpg","type":"image\/jpeg"}],"twitter_card":"summary_large_image","schema":{"@context":"https:\/\/schema.org","@graph":[{"@type":"WebPage","@id":"https:\/\/www.erresse-shop.it\/fr\/shop\/table-fr-2\/verres\/zafferano-teca-terrazzo-set-de-6-verres-bleu-jaune\/","url":"https:\/\/www.erresse-shop.it\/fr\/shop\/table-fr-2\/verres\/zafferano-teca-terrazzo-set-de-6-verres-bleu-jaune\/","name":"ZAFFERANO Teca Terrazzo Set de 6 verres Bleu Jaune - Erresse Shop","isPartOf":{"@id":"https:\/\/www.erresse-shop.it\/fr\/#website"},"datePublished":"2025-03-26T14:46:23+00:00","dateModified":"2026-02-13T11:17:34+00:00","description":"Dans la cat\u00e9gorie des articles de table en verre borosilicate avec d\u00e9corations \u00e0 l'int\u00e9rieur, Teca Terrazzo repr\u00e9sente une r\u00e9volution. Dans cette","breadcrumb":{"@id":"https:\/\/www.erresse-shop.it\/fr\/shop\/table-fr-2\/verres\/zafferano-teca-terrazzo-set-de-6-verres-bleu-jaune\/#breadcrumb"},"inLanguage":"fr-FR","potentialAction":[{"@type":"ReadAction","target":["https:\/\/www.erresse-shop.it\/fr\/shop\/table-fr-2\/verres\/zafferano-teca-terrazzo-set-de-6-verres-bleu-jaune\/"]}]},{"@type":"BreadcrumbList","@id":"https:\/\/www.erresse-shop.it\/fr\/shop\/table-fr-2\/verres\/zafferano-teca-terrazzo-set-de-6-verres-bleu-jaune\/#breadcrumb","itemListElement":[{"@type":"ListItem","position":1,"name":"Home","item":"https:\/\/www.erresse-shop.it\/fr\/"},{"@type":"ListItem","position":2,"name":"Shop","item":"https:\/\/www.erresse-shop.it\/fr\/shop\/"},{"@type":"ListItem","position":3,"name":"ZAFFERANO Teca Terrazzo Set de 6 verres Bleu Jaune"}]},{"@type":"WebSite","@id":"https:\/\/www.erresse-shop.it\/fr\/#website","url":"https:\/\/www.erresse-shop.it\/fr\/","name":"Erresse Shop","description":"Articoli di qualit\u00e0 per la casa","potentialAction":[{"@type":"SearchAction","target":{"@type":"EntryPoint","urlTemplate":"https:\/\/www.erresse-shop.it\/fr\/?s={search_term_string}"},"query-input":"required name=search_term_string"}],"inLanguage":"fr-FR"}]}},"df_price":49.95,"df_sale_price":49.95,"df_regular_price":71.7,"df_image_link":"https:\/\/www.erresse-shop.it\/wp-content\/uploads\/2025\/03\/ZAFFERANO-Teca-Terrazzo-Set-6-Bicchieri-Tumbler-Blu-Giallo-1-300x300.jpg","_links":{"self":[{"href":"https:\/\/www.erresse-shop.it\/fr\/wp-json\/wp\/v2\/product\/484477"}],"collection":[{"href":"https:\/\/www.erresse-shop.it\/fr\/wp-json\/wp\/v2\/product"}],"about":[{"href":"https:\/\/www.erresse-shop.it\/fr\/wp-json\/wp\/v2\/types\/product"}],"wp:featuredmedia":[{"embeddable":true,"href":"https:\/\/www.erresse-shop.it\/fr\/wp-json\/wp\/v2\/media\/486667"}],"wp:attachment":[{"href":"https:\/\/www.erresse-shop.it\/fr\/wp-json\/wp\/v2\/media?parent=484477"}],"wp:term":[{"taxonomy":"product_cat","embeddable":true,"href":"https:\/\/www.erresse-shop.it\/fr\/wp-json\/wp\/v2\/product_cat?post=484477"},{"taxonomy":"product_tag","embeddable":true,"href":"https:\/\/www.erresse-shop.it\/fr\/wp-json\/wp\/v2\/product_tag?post=484477"}],"curies":[{"name":"wp","href":"https:\/\/api.w.org\/{rel}","templated":true}]}}