{"id":484316,"date":"2025-03-26T11:41:11","date_gmt":"2025-03-26T11:41:24","guid":{"rendered":"https:\/\/www.erresse-shop.it\/?post_type=product&#038;p=484316"},"modified":"2026-02-13T11:51:40","modified_gmt":"2026-02-13T11:51:40","slug":"zafferano-intrecci-carafe-blanc-et-bleu","status":"publish","type":"product","link":"https:\/\/www.erresse-shop.it\/fr\/shop\/table-fr-2\/carafes-bouteilles\/zafferano-intrecci-carafe-blanc-et-bleu\/","title":{"rendered":"ZAFFERANO Intrecci Carafe Blanc et bleu"},"content":{"rendered":"<p>La carafe \u00e0 anse de la collection Intrecci est un v\u00e9ritable atout pour votre table. Fabriqu\u00e9e en verre borosilicate souffl\u00e9 bouche, l\u00e9g\u00e8re et r\u00e9sistante aux chocs thermiques, elle se distingue par son bord orn\u00e9 d&#8217;un \u00e9l\u00e9gant tressage de verre mat. Id\u00e9ale pour servir eau, jus ou vin avec style.<\/p>\n<p>Lave-vaisselle \u00e0 60\u00b0C.<\/p>\n<p><strong>Caract\u00e9ristiques\u00a0:<\/strong><\/p>\n<ul>\n<li class=\"accordion-content add-formatting\" data-variant-sku=\"BAC0104\">Diam\u00e8tre\u00a0: 11\u00a0cm<\/li>\n<li class=\"accordion-content add-formatting\" data-variant-sku=\"BAC0104\">Hauteur totale\u00a0: 17\u00a0cm<\/li>\n<li class=\"accordion-content add-formatting\" data-variant-sku=\"BAC0104\">D\u00e9passement\u00a0: 15,5\u00a0cm<\/li>\n<li class=\"accordion-content add-formatting\" data-variant-sku=\"BAC0104\">Contenance\u00a0: 84\u00a0cl<\/li>\n<\/ul>\n","protected":false},"excerpt":{"rendered":"<p>La carafe \u00e0 anse de la collection Intrecci est un v\u00e9ritable atout pour votre table. Fabriqu\u00e9e en verre borosilicate souffl\u00e9<\/p>\n","protected":false},"featured_media":484363,"template":"","meta":{"_acf_changed":false,"inline_featured_image":false},"product_cat":[12785,12782],"product_tag":[25026,18260,25021,12827,24603,12829,21821,14889],"acf":[],"yoast_head":"<!-- This site is optimized with the Yoast SEO Premium plugin v18.6 (Yoast SEO v19.13) - https:\/\/yoast.com\/wordpress\/plugins\/seo\/ -->\n<title>ZAFFERANO Intrecci Carafe Blanc et bleu - Erresse Shop<\/title>\n<meta name=\"description\" content=\"La carafe \u00e0 anse de la collection Intrecci est un v\u00e9ritable atout pour votre table. Fabriqu\u00e9e en verre borosilicate souffl\u00e9 bouche, l\u00e9g\u00e8re et r\u00e9sistante\" \/>\n<meta name=\"robots\" content=\"index, follow, max-snippet:-1, max-image-preview:large, max-video-preview:-1\" \/>\n<link rel=\"canonical\" href=\"https:\/\/www.erresse-shop.it\/fr\/shop\/table-fr-2\/carafes-bouteilles\/zafferano-intrecci-carafe-blanc-et-bleu\/\" \/>\n<meta property=\"og:locale\" content=\"fr_FR\" \/>\n<meta property=\"og:type\" content=\"article\" \/>\n<meta property=\"og:title\" content=\"ZAFFERANO Intrecci Carafe Blanc et bleu\" \/>\n<meta property=\"og:description\" content=\"La carafe \u00e0 anse de la collection Intrecci est un v\u00e9ritable atout pour votre table. Fabriqu\u00e9e en verre borosilicate souffl\u00e9 bouche, l\u00e9g\u00e8re et r\u00e9sistante\" \/>\n<meta property=\"og:url\" content=\"https:\/\/www.erresse-shop.it\/fr\/shop\/table-fr-2\/carafes-bouteilles\/zafferano-intrecci-carafe-blanc-et-bleu\/\" \/>\n<meta property=\"og:site_name\" content=\"Erresse Shop\" \/>\n<meta property=\"article:modified_time\" content=\"2026-02-13T11:51:40+00:00\" \/>\n<meta property=\"og:image\" content=\"https:\/\/www.erresse-shop.it\/wp-content\/uploads\/2025\/03\/ZAFFERANO-Intrecci-Caraffa-Bianco-e-Blu1.jpg\" \/>\n\t<meta property=\"og:image:width\" content=\"1200\" \/>\n\t<meta property=\"og:image:height\" content=\"1200\" \/>\n\t<meta property=\"og:image:type\" content=\"image\/jpeg\" \/>\n<meta name=\"twitter:card\" content=\"summary_large_image\" \/>\n<script type=\"application\/ld+json\" class=\"yoast-schema-graph\">{\"@context\":\"https:\/\/schema.org\",\"@graph\":[{\"@type\":\"WebPage\",\"@id\":\"https:\/\/www.erresse-shop.it\/fr\/shop\/table-fr-2\/carafes-bouteilles\/zafferano-intrecci-carafe-blanc-et-bleu\/\",\"url\":\"https:\/\/www.erresse-shop.it\/fr\/shop\/table-fr-2\/carafes-bouteilles\/zafferano-intrecci-carafe-blanc-et-bleu\/\",\"name\":\"ZAFFERANO Intrecci Carafe Blanc et bleu - Erresse Shop\",\"isPartOf\":{\"@id\":\"https:\/\/www.erresse-shop.it\/fr\/#website\"},\"datePublished\":\"2025-03-26T11:41:24+00:00\",\"dateModified\":\"2026-02-13T11:51:40+00:00\",\"description\":\"La carafe \u00e0 anse de la collection Intrecci est un v\u00e9ritable atout pour votre table. Fabriqu\u00e9e en verre borosilicate souffl\u00e9 bouche, l\u00e9g\u00e8re et r\u00e9sistante\",\"breadcrumb\":{\"@id\":\"https:\/\/www.erresse-shop.it\/fr\/shop\/table-fr-2\/carafes-bouteilles\/zafferano-intrecci-carafe-blanc-et-bleu\/#breadcrumb\"},\"inLanguage\":\"fr-FR\",\"potentialAction\":[{\"@type\":\"ReadAction\",\"target\":[\"https:\/\/www.erresse-shop.it\/fr\/shop\/table-fr-2\/carafes-bouteilles\/zafferano-intrecci-carafe-blanc-et-bleu\/\"]}]},{\"@type\":\"BreadcrumbList\",\"@id\":\"https:\/\/www.erresse-shop.it\/fr\/shop\/table-fr-2\/carafes-bouteilles\/zafferano-intrecci-carafe-blanc-et-bleu\/#breadcrumb\",\"itemListElement\":[{\"@type\":\"ListItem\",\"position\":1,\"name\":\"Home\",\"item\":\"https:\/\/www.erresse-shop.it\/fr\/\"},{\"@type\":\"ListItem\",\"position\":2,\"name\":\"Shop\",\"item\":\"https:\/\/www.erresse-shop.it\/fr\/shop\/\"},{\"@type\":\"ListItem\",\"position\":3,\"name\":\"ZAFFERANO Intrecci Carafe Blanc et bleu\"}]},{\"@type\":\"WebSite\",\"@id\":\"https:\/\/www.erresse-shop.it\/fr\/#website\",\"url\":\"https:\/\/www.erresse-shop.it\/fr\/\",\"name\":\"Erresse Shop\",\"description\":\"Articoli di qualit\u00e0 per la casa\",\"potentialAction\":[{\"@type\":\"SearchAction\",\"target\":{\"@type\":\"EntryPoint\",\"urlTemplate\":\"https:\/\/www.erresse-shop.it\/fr\/?s={search_term_string}\"},\"query-input\":\"required name=search_term_string\"}],\"inLanguage\":\"fr-FR\"}]}<\/script>\n<!-- \/ Yoast SEO Premium plugin. -->","yoast_head_json":{"title":"ZAFFERANO Intrecci Carafe Blanc et bleu - Erresse Shop","description":"La carafe \u00e0 anse de la collection Intrecci est un v\u00e9ritable atout pour votre table. Fabriqu\u00e9e en verre borosilicate souffl\u00e9 bouche, l\u00e9g\u00e8re et r\u00e9sistante","robots":{"index":"index","follow":"follow","max-snippet":"max-snippet:-1","max-image-preview":"max-image-preview:large","max-video-preview":"max-video-preview:-1"},"canonical":"https:\/\/www.erresse-shop.it\/fr\/shop\/table-fr-2\/carafes-bouteilles\/zafferano-intrecci-carafe-blanc-et-bleu\/","og_locale":"fr_FR","og_type":"article","og_title":"ZAFFERANO Intrecci Carafe Blanc et bleu","og_description":"La carafe \u00e0 anse de la collection Intrecci est un v\u00e9ritable atout pour votre table. Fabriqu\u00e9e en verre borosilicate souffl\u00e9 bouche, l\u00e9g\u00e8re et r\u00e9sistante","og_url":"https:\/\/www.erresse-shop.it\/fr\/shop\/table-fr-2\/carafes-bouteilles\/zafferano-intrecci-carafe-blanc-et-bleu\/","og_site_name":"Erresse Shop","article_modified_time":"2026-02-13T11:51:40+00:00","og_image":[{"width":1200,"height":1200,"url":"https:\/\/www.erresse-shop.it\/wp-content\/uploads\/2025\/03\/ZAFFERANO-Intrecci-Caraffa-Bianco-e-Blu1.jpg","type":"image\/jpeg"}],"twitter_card":"summary_large_image","schema":{"@context":"https:\/\/schema.org","@graph":[{"@type":"WebPage","@id":"https:\/\/www.erresse-shop.it\/fr\/shop\/table-fr-2\/carafes-bouteilles\/zafferano-intrecci-carafe-blanc-et-bleu\/","url":"https:\/\/www.erresse-shop.it\/fr\/shop\/table-fr-2\/carafes-bouteilles\/zafferano-intrecci-carafe-blanc-et-bleu\/","name":"ZAFFERANO Intrecci Carafe Blanc et bleu - Erresse Shop","isPartOf":{"@id":"https:\/\/www.erresse-shop.it\/fr\/#website"},"datePublished":"2025-03-26T11:41:24+00:00","dateModified":"2026-02-13T11:51:40+00:00","description":"La carafe \u00e0 anse de la collection Intrecci est un v\u00e9ritable atout pour votre table. Fabriqu\u00e9e en verre borosilicate souffl\u00e9 bouche, l\u00e9g\u00e8re et r\u00e9sistante","breadcrumb":{"@id":"https:\/\/www.erresse-shop.it\/fr\/shop\/table-fr-2\/carafes-bouteilles\/zafferano-intrecci-carafe-blanc-et-bleu\/#breadcrumb"},"inLanguage":"fr-FR","potentialAction":[{"@type":"ReadAction","target":["https:\/\/www.erresse-shop.it\/fr\/shop\/table-fr-2\/carafes-bouteilles\/zafferano-intrecci-carafe-blanc-et-bleu\/"]}]},{"@type":"BreadcrumbList","@id":"https:\/\/www.erresse-shop.it\/fr\/shop\/table-fr-2\/carafes-bouteilles\/zafferano-intrecci-carafe-blanc-et-bleu\/#breadcrumb","itemListElement":[{"@type":"ListItem","position":1,"name":"Home","item":"https:\/\/www.erresse-shop.it\/fr\/"},{"@type":"ListItem","position":2,"name":"Shop","item":"https:\/\/www.erresse-shop.it\/fr\/shop\/"},{"@type":"ListItem","position":3,"name":"ZAFFERANO Intrecci Carafe Blanc et bleu"}]},{"@type":"WebSite","@id":"https:\/\/www.erresse-shop.it\/fr\/#website","url":"https:\/\/www.erresse-shop.it\/fr\/","name":"Erresse Shop","description":"Articoli di qualit\u00e0 per la casa","potentialAction":[{"@type":"SearchAction","target":{"@type":"EntryPoint","urlTemplate":"https:\/\/www.erresse-shop.it\/fr\/?s={search_term_string}"},"query-input":"required name=search_term_string"}],"inLanguage":"fr-FR"}]}},"df_price":16.95,"df_sale_price":16.95,"df_regular_price":25,"df_image_link":"https:\/\/www.erresse-shop.it\/wp-content\/uploads\/2025\/03\/ZAFFERANO-Intrecci-Caraffa-Bianco-e-Blu1-300x300.jpg","_links":{"self":[{"href":"https:\/\/www.erresse-shop.it\/fr\/wp-json\/wp\/v2\/product\/484316"}],"collection":[{"href":"https:\/\/www.erresse-shop.it\/fr\/wp-json\/wp\/v2\/product"}],"about":[{"href":"https:\/\/www.erresse-shop.it\/fr\/wp-json\/wp\/v2\/types\/product"}],"wp:featuredmedia":[{"embeddable":true,"href":"https:\/\/www.erresse-shop.it\/fr\/wp-json\/wp\/v2\/media\/484363"}],"wp:attachment":[{"href":"https:\/\/www.erresse-shop.it\/fr\/wp-json\/wp\/v2\/media?parent=484316"}],"wp:term":[{"taxonomy":"product_cat","embeddable":true,"href":"https:\/\/www.erresse-shop.it\/fr\/wp-json\/wp\/v2\/product_cat?post=484316"},{"taxonomy":"product_tag","embeddable":true,"href":"https:\/\/www.erresse-shop.it\/fr\/wp-json\/wp\/v2\/product_tag?post=484316"}],"curies":[{"name":"wp","href":"https:\/\/api.w.org\/{rel}","templated":true}]}}