{"id":484296,"date":"2025-03-26T11:28:39","date_gmt":"2025-03-26T11:29:00","guid":{"rendered":"https:\/\/www.erresse-shop.it\/?post_type=product&#038;p=484296"},"modified":"2026-02-13T11:56:34","modified_gmt":"2026-02-13T11:56:34","slug":"zafferano-intrecci-6-verres-blanc-et-bleu","status":"publish","type":"product","link":"https:\/\/www.erresse-shop.it\/fr\/shop\/table-fr-2\/verres\/zafferano-intrecci-6-verres-blanc-et-bleu\/","title":{"rendered":"ZAFFERANO Intrecci 6 Verres Blanc et bleu"},"content":{"rendered":"<p>Les gobelets de la collection Intrecci allient design et fonctionnalit\u00e9 dans un \u00e9quilibre parfait. Fabriqu\u00e9s \u00e0 partir de verre borosilicat\u00e9 souffl\u00e9 \u00e0 la main, l\u00e9ger et r\u00e9sistant aux chocs thermiques, ces verres sont id\u00e9aux pour toutes les boissons, du th\u00e9 glac\u00e9 \u00e0 une boisson en soir\u00e9e\u00a0; mais ils peuvent aussi \u00eatre utilis\u00e9s pour servir une salade de fruits, ou un dessert \u00e0 la cuill\u00e8re. Le tissage en verre opaque qui d\u00e9core le bord ajoute une touche de classe \u00e0 toute occasion.<\/p>\n<p>Passe au lave-vaisselle \u00e0 60\u00b0.<\/p>\n<p><strong>Caract\u00e9ristiques\u00a0:<\/strong><\/p>\n<ul>\n<li class=\"accordion-content add-formatting\" data-variant-sku=\"BAC0104\">Diam\u00e8tre\u00a0: 7,5\u00a0cm<\/li>\n<li class=\"accordion-content add-formatting\" data-variant-sku=\"BAC0104\">Hauteur totale\u00a0: 9 cm<\/li>\n<li class=\"accordion-content add-formatting\" data-variant-sku=\"BAC0104\">Capacit\u00e9\u00a0: 46 cl<\/li>\n<\/ul>\n","protected":false},"excerpt":{"rendered":"<p>Les gobelets de la collection Intrecci allient design et fonctionnalit\u00e9 dans un \u00e9quilibre parfait. Fabriqu\u00e9s \u00e0 partir de verre borosilicat\u00e9<\/p>\n","protected":false},"featured_media":484308,"template":"","meta":{"_acf_changed":false,"inline_featured_image":false},"product_cat":[12782,12784],"product_tag":[25026,15892,25021,12827,24603,12829,21821,12826,14889],"acf":[],"yoast_head":"<!-- This site is optimized with the Yoast SEO Premium plugin v18.6 (Yoast SEO v19.13) - https:\/\/yoast.com\/wordpress\/plugins\/seo\/ -->\n<title>ZAFFERANO Intrecci 6 Verres Blanc et bleu - Erresse Shop<\/title>\n<meta name=\"description\" content=\"Les gobelets de la collection Intrecci allient design et fonctionnalit\u00e9 dans un \u00e9quilibre parfait. Fabriqu\u00e9s \u00e0 partir de verre borosilicat\u00e9 souffl\u00e9 \u00e0 la\" \/>\n<meta name=\"robots\" content=\"index, follow, max-snippet:-1, max-image-preview:large, max-video-preview:-1\" \/>\n<link rel=\"canonical\" href=\"https:\/\/www.erresse-shop.it\/fr\/shop\/table-fr-2\/verres\/zafferano-intrecci-6-verres-blanc-et-bleu\/\" \/>\n<meta property=\"og:locale\" content=\"fr_FR\" \/>\n<meta property=\"og:type\" content=\"article\" \/>\n<meta property=\"og:title\" content=\"ZAFFERANO Intrecci 6 Verres Blanc et bleu\" \/>\n<meta property=\"og:description\" content=\"Les gobelets de la collection Intrecci allient design et fonctionnalit\u00e9 dans un \u00e9quilibre parfait. Fabriqu\u00e9s \u00e0 partir de verre borosilicat\u00e9 souffl\u00e9 \u00e0 la\" \/>\n<meta property=\"og:url\" content=\"https:\/\/www.erresse-shop.it\/fr\/shop\/table-fr-2\/verres\/zafferano-intrecci-6-verres-blanc-et-bleu\/\" \/>\n<meta property=\"og:site_name\" content=\"Erresse Shop\" \/>\n<meta property=\"article:modified_time\" content=\"2026-02-13T11:56:34+00:00\" \/>\n<meta property=\"og:image\" content=\"https:\/\/www.erresse-shop.it\/wp-content\/uploads\/2025\/03\/ZAFFERANO-Intrecci-Set-6-Bicchieri-Tumbler-Bianco-e-Blu.jpg\" \/>\n\t<meta property=\"og:image:width\" content=\"1200\" \/>\n\t<meta property=\"og:image:height\" content=\"1200\" \/>\n\t<meta property=\"og:image:type\" content=\"image\/jpeg\" \/>\n<meta name=\"twitter:card\" content=\"summary_large_image\" \/>\n<script type=\"application\/ld+json\" class=\"yoast-schema-graph\">{\"@context\":\"https:\/\/schema.org\",\"@graph\":[{\"@type\":\"WebPage\",\"@id\":\"https:\/\/www.erresse-shop.it\/fr\/shop\/table-fr-2\/verres\/zafferano-intrecci-6-verres-blanc-et-bleu\/\",\"url\":\"https:\/\/www.erresse-shop.it\/fr\/shop\/table-fr-2\/verres\/zafferano-intrecci-6-verres-blanc-et-bleu\/\",\"name\":\"ZAFFERANO Intrecci 6 Verres Blanc et bleu - Erresse Shop\",\"isPartOf\":{\"@id\":\"https:\/\/www.erresse-shop.it\/fr\/#website\"},\"datePublished\":\"2025-03-26T11:29:00+00:00\",\"dateModified\":\"2026-02-13T11:56:34+00:00\",\"description\":\"Les gobelets de la collection Intrecci allient design et fonctionnalit\u00e9 dans un \u00e9quilibre parfait. Fabriqu\u00e9s \u00e0 partir de verre borosilicat\u00e9 souffl\u00e9 \u00e0 la\",\"breadcrumb\":{\"@id\":\"https:\/\/www.erresse-shop.it\/fr\/shop\/table-fr-2\/verres\/zafferano-intrecci-6-verres-blanc-et-bleu\/#breadcrumb\"},\"inLanguage\":\"fr-FR\",\"potentialAction\":[{\"@type\":\"ReadAction\",\"target\":[\"https:\/\/www.erresse-shop.it\/fr\/shop\/table-fr-2\/verres\/zafferano-intrecci-6-verres-blanc-et-bleu\/\"]}]},{\"@type\":\"BreadcrumbList\",\"@id\":\"https:\/\/www.erresse-shop.it\/fr\/shop\/table-fr-2\/verres\/zafferano-intrecci-6-verres-blanc-et-bleu\/#breadcrumb\",\"itemListElement\":[{\"@type\":\"ListItem\",\"position\":1,\"name\":\"Home\",\"item\":\"https:\/\/www.erresse-shop.it\/fr\/\"},{\"@type\":\"ListItem\",\"position\":2,\"name\":\"Shop\",\"item\":\"https:\/\/www.erresse-shop.it\/fr\/shop\/\"},{\"@type\":\"ListItem\",\"position\":3,\"name\":\"ZAFFERANO Intrecci 6 Verres Blanc et bleu\"}]},{\"@type\":\"WebSite\",\"@id\":\"https:\/\/www.erresse-shop.it\/fr\/#website\",\"url\":\"https:\/\/www.erresse-shop.it\/fr\/\",\"name\":\"Erresse Shop\",\"description\":\"Articoli di qualit\u00e0 per la casa\",\"potentialAction\":[{\"@type\":\"SearchAction\",\"target\":{\"@type\":\"EntryPoint\",\"urlTemplate\":\"https:\/\/www.erresse-shop.it\/fr\/?s={search_term_string}\"},\"query-input\":\"required name=search_term_string\"}],\"inLanguage\":\"fr-FR\"}]}<\/script>\n<!-- \/ Yoast SEO Premium plugin. -->","yoast_head_json":{"title":"ZAFFERANO Intrecci 6 Verres Blanc et bleu - Erresse Shop","description":"Les gobelets de la collection Intrecci allient design et fonctionnalit\u00e9 dans un \u00e9quilibre parfait. Fabriqu\u00e9s \u00e0 partir de verre borosilicat\u00e9 souffl\u00e9 \u00e0 la","robots":{"index":"index","follow":"follow","max-snippet":"max-snippet:-1","max-image-preview":"max-image-preview:large","max-video-preview":"max-video-preview:-1"},"canonical":"https:\/\/www.erresse-shop.it\/fr\/shop\/table-fr-2\/verres\/zafferano-intrecci-6-verres-blanc-et-bleu\/","og_locale":"fr_FR","og_type":"article","og_title":"ZAFFERANO Intrecci 6 Verres Blanc et bleu","og_description":"Les gobelets de la collection Intrecci allient design et fonctionnalit\u00e9 dans un \u00e9quilibre parfait. Fabriqu\u00e9s \u00e0 partir de verre borosilicat\u00e9 souffl\u00e9 \u00e0 la","og_url":"https:\/\/www.erresse-shop.it\/fr\/shop\/table-fr-2\/verres\/zafferano-intrecci-6-verres-blanc-et-bleu\/","og_site_name":"Erresse Shop","article_modified_time":"2026-02-13T11:56:34+00:00","og_image":[{"width":1200,"height":1200,"url":"https:\/\/www.erresse-shop.it\/wp-content\/uploads\/2025\/03\/ZAFFERANO-Intrecci-Set-6-Bicchieri-Tumbler-Bianco-e-Blu.jpg","type":"image\/jpeg"}],"twitter_card":"summary_large_image","schema":{"@context":"https:\/\/schema.org","@graph":[{"@type":"WebPage","@id":"https:\/\/www.erresse-shop.it\/fr\/shop\/table-fr-2\/verres\/zafferano-intrecci-6-verres-blanc-et-bleu\/","url":"https:\/\/www.erresse-shop.it\/fr\/shop\/table-fr-2\/verres\/zafferano-intrecci-6-verres-blanc-et-bleu\/","name":"ZAFFERANO Intrecci 6 Verres Blanc et bleu - Erresse Shop","isPartOf":{"@id":"https:\/\/www.erresse-shop.it\/fr\/#website"},"datePublished":"2025-03-26T11:29:00+00:00","dateModified":"2026-02-13T11:56:34+00:00","description":"Les gobelets de la collection Intrecci allient design et fonctionnalit\u00e9 dans un \u00e9quilibre parfait. Fabriqu\u00e9s \u00e0 partir de verre borosilicat\u00e9 souffl\u00e9 \u00e0 la","breadcrumb":{"@id":"https:\/\/www.erresse-shop.it\/fr\/shop\/table-fr-2\/verres\/zafferano-intrecci-6-verres-blanc-et-bleu\/#breadcrumb"},"inLanguage":"fr-FR","potentialAction":[{"@type":"ReadAction","target":["https:\/\/www.erresse-shop.it\/fr\/shop\/table-fr-2\/verres\/zafferano-intrecci-6-verres-blanc-et-bleu\/"]}]},{"@type":"BreadcrumbList","@id":"https:\/\/www.erresse-shop.it\/fr\/shop\/table-fr-2\/verres\/zafferano-intrecci-6-verres-blanc-et-bleu\/#breadcrumb","itemListElement":[{"@type":"ListItem","position":1,"name":"Home","item":"https:\/\/www.erresse-shop.it\/fr\/"},{"@type":"ListItem","position":2,"name":"Shop","item":"https:\/\/www.erresse-shop.it\/fr\/shop\/"},{"@type":"ListItem","position":3,"name":"ZAFFERANO Intrecci 6 Verres Blanc et bleu"}]},{"@type":"WebSite","@id":"https:\/\/www.erresse-shop.it\/fr\/#website","url":"https:\/\/www.erresse-shop.it\/fr\/","name":"Erresse Shop","description":"Articoli di qualit\u00e0 per la casa","potentialAction":[{"@type":"SearchAction","target":{"@type":"EntryPoint","urlTemplate":"https:\/\/www.erresse-shop.it\/fr\/?s={search_term_string}"},"query-input":"required name=search_term_string"}],"inLanguage":"fr-FR"}]}},"df_price":27.27,"df_sale_price":27.27,"df_regular_price":60.6,"df_image_link":"https:\/\/www.erresse-shop.it\/wp-content\/uploads\/2025\/03\/ZAFFERANO-Intrecci-Set-6-Bicchieri-Tumbler-Bianco-e-Blu-300x300.jpg","_links":{"self":[{"href":"https:\/\/www.erresse-shop.it\/fr\/wp-json\/wp\/v2\/product\/484296"}],"collection":[{"href":"https:\/\/www.erresse-shop.it\/fr\/wp-json\/wp\/v2\/product"}],"about":[{"href":"https:\/\/www.erresse-shop.it\/fr\/wp-json\/wp\/v2\/types\/product"}],"wp:featuredmedia":[{"embeddable":true,"href":"https:\/\/www.erresse-shop.it\/fr\/wp-json\/wp\/v2\/media\/484308"}],"wp:attachment":[{"href":"https:\/\/www.erresse-shop.it\/fr\/wp-json\/wp\/v2\/media?parent=484296"}],"wp:term":[{"taxonomy":"product_cat","embeddable":true,"href":"https:\/\/www.erresse-shop.it\/fr\/wp-json\/wp\/v2\/product_cat?post=484296"},{"taxonomy":"product_tag","embeddable":true,"href":"https:\/\/www.erresse-shop.it\/fr\/wp-json\/wp\/v2\/product_tag?post=484296"}],"curies":[{"name":"wp","href":"https:\/\/api.w.org\/{rel}","templated":true}]}}