{"id":484177,"date":"2025-03-26T10:25:05","date_gmt":"2025-03-26T10:25:13","guid":{"rendered":"https:\/\/www.erresse-shop.it\/?post_type=product&#038;p=484177"},"modified":"2026-02-16T07:55:46","modified_gmt":"2026-02-16T07:55:46","slug":"zafferano-bilia-caleido-4-verres-rose","status":"publish","type":"product","link":"https:\/\/www.erresse-shop.it\/fr\/shop\/table-fr-2\/verres\/zafferano-bilia-caleido-4-verres-rose\/","title":{"rendered":"ZAFFERANO Bilia Caleido 4 Verres Rose"},"content":{"rendered":"<p>\u00ab\u00a0Bilia Caleido\u00a0\u00bb r\u00e9invente le gobelet classique en verre borosilicate souffl\u00e9 et fabriqu\u00e9 \u00e0 la main, avec une touche de magie. Cette version se distingue par sa sph\u00e8re d\u00e9cor\u00e9e d&#8217;un motif \u00e9voquant un ciel \u00e9toil\u00e9, disponible en quatre \u00e9l\u00e9gantes variations de couleurs. La v\u00e9ritable surprise\u00a0? Vue de c\u00f4t\u00e9, la sph\u00e8re para\u00eet transparente, mais vue d&#8217;en haut, son design enchanteur se r\u00e9v\u00e8le. Outre son \u00e9l\u00e9gance sophistiqu\u00e9e, \u00ab\u00a0Bilia Caleido\u00a0\u00bb offre \u00e9galement une fonction pratique\u00a0: chaque convive aura un verre unique, \u00e9vitant ainsi toute confusion et apportant une touche de charme et de fonctionnalit\u00e9 \u00e0 vos moments conviviaux.<\/p>\n<p><strong>Caract\u00e9ristiques\u00a0:<\/strong><\/p>\n<ul>\n<li class=\"accordion-content add-formatting\" data-variant-sku=\"BAC0104\">Diam\u00e8tre\u00a0: 8,8 cm<\/li>\n<li class=\"accordion-content add-formatting\" data-variant-sku=\"BAC0104\">Hauteur totale\u00a0: 9 cm<\/li>\n<li class=\"accordion-content add-formatting\" data-variant-sku=\"BAC0104\">Contenance\u00a0: 44 cl<\/li>\n<\/ul>\n","protected":false},"excerpt":{"rendered":"<p>\u00ab\u00a0Bilia Caleido\u00a0\u00bb r\u00e9invente le gobelet classique en verre borosilicate souffl\u00e9 et fabriqu\u00e9 \u00e0 la main, avec une touche de magie.<\/p>\n","protected":false},"featured_media":484189,"template":"","meta":{"_acf_changed":false,"inline_featured_image":false},"product_cat":[12782,12784],"product_tag":[25026,15892,25021,12827,24603,12829,21821,12826,14889],"acf":[],"yoast_head":"<!-- This site is optimized with the Yoast SEO Premium plugin v18.6 (Yoast SEO v19.13) - https:\/\/yoast.com\/wordpress\/plugins\/seo\/ -->\n<title>ZAFFERANO Bilia Caleido 4 Verres Rose - Erresse Shop<\/title>\n<meta name=\"description\" content=\"\u00ab\u00a0Bilia Caleido\u00a0\u00bb r\u00e9invente le gobelet classique en verre borosilicate souffl\u00e9 et fabriqu\u00e9 \u00e0 la main, avec une touche de magie. Cette version se distingue\" \/>\n<meta name=\"robots\" content=\"index, follow, max-snippet:-1, max-image-preview:large, max-video-preview:-1\" \/>\n<link rel=\"canonical\" href=\"https:\/\/www.erresse-shop.it\/fr\/shop\/table-fr-2\/verres\/zafferano-bilia-caleido-4-verres-rose\/\" \/>\n<meta property=\"og:locale\" content=\"fr_FR\" \/>\n<meta property=\"og:type\" content=\"article\" \/>\n<meta property=\"og:title\" content=\"ZAFFERANO Bilia Caleido 4 Verres Rose\" \/>\n<meta property=\"og:description\" content=\"\u00ab\u00a0Bilia Caleido\u00a0\u00bb r\u00e9invente le gobelet classique en verre borosilicate souffl\u00e9 et fabriqu\u00e9 \u00e0 la main, avec une touche de magie. Cette version se distingue\" \/>\n<meta property=\"og:url\" content=\"https:\/\/www.erresse-shop.it\/fr\/shop\/table-fr-2\/verres\/zafferano-bilia-caleido-4-verres-rose\/\" \/>\n<meta property=\"og:site_name\" content=\"Erresse Shop\" \/>\n<meta property=\"article:modified_time\" content=\"2026-02-16T07:55:46+00:00\" \/>\n<meta property=\"og:image\" content=\"https:\/\/www.erresse-shop.it\/wp-content\/uploads\/2025\/03\/ZAFFERANO-Bilia-Caleido-Set-4-Bicchieri-Tumbler-Rosa.jpg\" \/>\n\t<meta property=\"og:image:width\" content=\"1200\" \/>\n\t<meta property=\"og:image:height\" content=\"1200\" \/>\n\t<meta property=\"og:image:type\" content=\"image\/jpeg\" \/>\n<meta name=\"twitter:card\" content=\"summary_large_image\" \/>\n<script type=\"application\/ld+json\" class=\"yoast-schema-graph\">{\"@context\":\"https:\/\/schema.org\",\"@graph\":[{\"@type\":\"WebPage\",\"@id\":\"https:\/\/www.erresse-shop.it\/fr\/shop\/table-fr-2\/verres\/zafferano-bilia-caleido-4-verres-rose\/\",\"url\":\"https:\/\/www.erresse-shop.it\/fr\/shop\/table-fr-2\/verres\/zafferano-bilia-caleido-4-verres-rose\/\",\"name\":\"ZAFFERANO Bilia Caleido 4 Verres Rose - Erresse Shop\",\"isPartOf\":{\"@id\":\"https:\/\/www.erresse-shop.it\/fr\/#website\"},\"datePublished\":\"2025-03-26T10:25:13+00:00\",\"dateModified\":\"2026-02-16T07:55:46+00:00\",\"description\":\"\u00ab\u00a0Bilia Caleido\u00a0\u00bb r\u00e9invente le gobelet classique en verre borosilicate souffl\u00e9 et fabriqu\u00e9 \u00e0 la main, avec une touche de magie. Cette version se distingue\",\"breadcrumb\":{\"@id\":\"https:\/\/www.erresse-shop.it\/fr\/shop\/table-fr-2\/verres\/zafferano-bilia-caleido-4-verres-rose\/#breadcrumb\"},\"inLanguage\":\"fr-FR\",\"potentialAction\":[{\"@type\":\"ReadAction\",\"target\":[\"https:\/\/www.erresse-shop.it\/fr\/shop\/table-fr-2\/verres\/zafferano-bilia-caleido-4-verres-rose\/\"]}]},{\"@type\":\"BreadcrumbList\",\"@id\":\"https:\/\/www.erresse-shop.it\/fr\/shop\/table-fr-2\/verres\/zafferano-bilia-caleido-4-verres-rose\/#breadcrumb\",\"itemListElement\":[{\"@type\":\"ListItem\",\"position\":1,\"name\":\"Home\",\"item\":\"https:\/\/www.erresse-shop.it\/fr\/\"},{\"@type\":\"ListItem\",\"position\":2,\"name\":\"Shop\",\"item\":\"https:\/\/www.erresse-shop.it\/fr\/shop\/\"},{\"@type\":\"ListItem\",\"position\":3,\"name\":\"ZAFFERANO Bilia Caleido 4 Verres Rose\"}]},{\"@type\":\"WebSite\",\"@id\":\"https:\/\/www.erresse-shop.it\/fr\/#website\",\"url\":\"https:\/\/www.erresse-shop.it\/fr\/\",\"name\":\"Erresse Shop\",\"description\":\"Articoli di qualit\u00e0 per la casa\",\"potentialAction\":[{\"@type\":\"SearchAction\",\"target\":{\"@type\":\"EntryPoint\",\"urlTemplate\":\"https:\/\/www.erresse-shop.it\/fr\/?s={search_term_string}\"},\"query-input\":\"required name=search_term_string\"}],\"inLanguage\":\"fr-FR\"}]}<\/script>\n<!-- \/ Yoast SEO Premium plugin. -->","yoast_head_json":{"title":"ZAFFERANO Bilia Caleido 4 Verres Rose - Erresse Shop","description":"\u00ab\u00a0Bilia Caleido\u00a0\u00bb r\u00e9invente le gobelet classique en verre borosilicate souffl\u00e9 et fabriqu\u00e9 \u00e0 la main, avec une touche de magie. Cette version se distingue","robots":{"index":"index","follow":"follow","max-snippet":"max-snippet:-1","max-image-preview":"max-image-preview:large","max-video-preview":"max-video-preview:-1"},"canonical":"https:\/\/www.erresse-shop.it\/fr\/shop\/table-fr-2\/verres\/zafferano-bilia-caleido-4-verres-rose\/","og_locale":"fr_FR","og_type":"article","og_title":"ZAFFERANO Bilia Caleido 4 Verres Rose","og_description":"\u00ab\u00a0Bilia Caleido\u00a0\u00bb r\u00e9invente le gobelet classique en verre borosilicate souffl\u00e9 et fabriqu\u00e9 \u00e0 la main, avec une touche de magie. Cette version se distingue","og_url":"https:\/\/www.erresse-shop.it\/fr\/shop\/table-fr-2\/verres\/zafferano-bilia-caleido-4-verres-rose\/","og_site_name":"Erresse Shop","article_modified_time":"2026-02-16T07:55:46+00:00","og_image":[{"width":1200,"height":1200,"url":"https:\/\/www.erresse-shop.it\/wp-content\/uploads\/2025\/03\/ZAFFERANO-Bilia-Caleido-Set-4-Bicchieri-Tumbler-Rosa.jpg","type":"image\/jpeg"}],"twitter_card":"summary_large_image","schema":{"@context":"https:\/\/schema.org","@graph":[{"@type":"WebPage","@id":"https:\/\/www.erresse-shop.it\/fr\/shop\/table-fr-2\/verres\/zafferano-bilia-caleido-4-verres-rose\/","url":"https:\/\/www.erresse-shop.it\/fr\/shop\/table-fr-2\/verres\/zafferano-bilia-caleido-4-verres-rose\/","name":"ZAFFERANO Bilia Caleido 4 Verres Rose - Erresse Shop","isPartOf":{"@id":"https:\/\/www.erresse-shop.it\/fr\/#website"},"datePublished":"2025-03-26T10:25:13+00:00","dateModified":"2026-02-16T07:55:46+00:00","description":"\u00ab\u00a0Bilia Caleido\u00a0\u00bb r\u00e9invente le gobelet classique en verre borosilicate souffl\u00e9 et fabriqu\u00e9 \u00e0 la main, avec une touche de magie. Cette version se distingue","breadcrumb":{"@id":"https:\/\/www.erresse-shop.it\/fr\/shop\/table-fr-2\/verres\/zafferano-bilia-caleido-4-verres-rose\/#breadcrumb"},"inLanguage":"fr-FR","potentialAction":[{"@type":"ReadAction","target":["https:\/\/www.erresse-shop.it\/fr\/shop\/table-fr-2\/verres\/zafferano-bilia-caleido-4-verres-rose\/"]}]},{"@type":"BreadcrumbList","@id":"https:\/\/www.erresse-shop.it\/fr\/shop\/table-fr-2\/verres\/zafferano-bilia-caleido-4-verres-rose\/#breadcrumb","itemListElement":[{"@type":"ListItem","position":1,"name":"Home","item":"https:\/\/www.erresse-shop.it\/fr\/"},{"@type":"ListItem","position":2,"name":"Shop","item":"https:\/\/www.erresse-shop.it\/fr\/shop\/"},{"@type":"ListItem","position":3,"name":"ZAFFERANO Bilia Caleido 4 Verres Rose"}]},{"@type":"WebSite","@id":"https:\/\/www.erresse-shop.it\/fr\/#website","url":"https:\/\/www.erresse-shop.it\/fr\/","name":"Erresse Shop","description":"Articoli di qualit\u00e0 per la casa","potentialAction":[{"@type":"SearchAction","target":{"@type":"EntryPoint","urlTemplate":"https:\/\/www.erresse-shop.it\/fr\/?s={search_term_string}"},"query-input":"required name=search_term_string"}],"inLanguage":"fr-FR"}]}},"df_price":29.95,"df_sale_price":29.95,"df_regular_price":46.8,"df_image_link":"https:\/\/www.erresse-shop.it\/wp-content\/uploads\/2025\/03\/ZAFFERANO-Bilia-Caleido-Set-4-Bicchieri-Tumbler-Rosa-300x300.jpg","_links":{"self":[{"href":"https:\/\/www.erresse-shop.it\/fr\/wp-json\/wp\/v2\/product\/484177"}],"collection":[{"href":"https:\/\/www.erresse-shop.it\/fr\/wp-json\/wp\/v2\/product"}],"about":[{"href":"https:\/\/www.erresse-shop.it\/fr\/wp-json\/wp\/v2\/types\/product"}],"wp:featuredmedia":[{"embeddable":true,"href":"https:\/\/www.erresse-shop.it\/fr\/wp-json\/wp\/v2\/media\/484189"}],"wp:attachment":[{"href":"https:\/\/www.erresse-shop.it\/fr\/wp-json\/wp\/v2\/media?parent=484177"}],"wp:term":[{"taxonomy":"product_cat","embeddable":true,"href":"https:\/\/www.erresse-shop.it\/fr\/wp-json\/wp\/v2\/product_cat?post=484177"},{"taxonomy":"product_tag","embeddable":true,"href":"https:\/\/www.erresse-shop.it\/fr\/wp-json\/wp\/v2\/product_tag?post=484177"}],"curies":[{"name":"wp","href":"https:\/\/api.w.org\/{rel}","templated":true}]}}