{"id":484137,"date":"2025-03-26T09:56:16","date_gmt":"2025-03-26T09:56:19","guid":{"rendered":"https:\/\/www.erresse-shop.it\/?post_type=product&#038;p=484137"},"modified":"2026-02-16T08:16:16","modified_gmt":"2026-02-16T08:16:16","slug":"zafferano-teca-mare-set-de-6-verres-a-pied-oursin-bleu","status":"publish","type":"product","link":"https:\/\/www.erresse-shop.it\/fr\/shop\/table-fr-2\/verres\/zafferano-teca-mare-set-de-6-verres-a-pied-oursin-bleu\/","title":{"rendered":"ZAFFERANO Teca Mare Set de 6 verres \u00e0 pied Oursin bleu"},"content":{"rendered":"<p>Apportez une touche marine \u00e0 votre table avec le coffret de six verres de la collection Teca Mare de Zafferano. Enti\u00e8rement fabriqu\u00e9s \u00e0 la main en verre borosilicat\u00e9, chacun d&#8217;eux contient, \u00e0 l&#8217;int\u00e9rieur du double vitrage au fond du verre, l&#8217;un des six d\u00e9licieux d\u00e9cors marins, tels que poisson-globe, sardine, corail, oursin et \u00e9toile de mer. Leur design est innovant\u00a0: l&#8217;\u00e9tui prot\u00e8ge le d\u00e9cor, les verres sont empilables et faciles \u00e0 nettoyer. Id\u00e9als pour ajouter une touche de gaiet\u00e9 et d&#8217;originalit\u00e9 \u00e0 votre quotidien, les verres Teca Mare offrent une solution pratique et r\u00e9sistante pour chaque occasion. Parfaits pour un usage quotidien ou pour surprendre vos invit\u00e9s par leur \u00e9l\u00e9gance et leur fonctionnalit\u00e9.<\/p>\n<p><strong>Caract\u00e9ristiques\u00a0:<\/strong><\/p>\n<ul>\n<li class=\"accordion-content add-formatting\" data-variant-sku=\"TE00198\">Diam\u00e8tre\u00a0: 8 cm<\/li>\n<li class=\"accordion-content add-formatting\" data-variant-sku=\"TE00198\">Hauteur totale\u00a0: 10,5 cm<\/li>\n<li class=\"accordion-content add-formatting\" data-variant-sku=\"TE00198\">Contenance\u00a0: 35 cl<\/li>\n<\/ul>\n","protected":false},"excerpt":{"rendered":"<p>Apportez une touche marine \u00e0 votre table avec le coffret de six verres de la collection Teca Mare de Zafferano.<\/p>\n","protected":false},"featured_media":484149,"template":"","meta":{"_acf_changed":false,"inline_featured_image":false},"product_cat":[12782,12784],"product_tag":[25026,25021,12827,24603,12829,21821,12826,14889,12797],"acf":[],"yoast_head":"<!-- This site is optimized with the Yoast SEO Premium plugin v18.6 (Yoast SEO v19.13) - https:\/\/yoast.com\/wordpress\/plugins\/seo\/ -->\n<title>ZAFFERANO Teca Mare Set de 6 verres \u00e0 pied Oursin bleu - Erresse Shop<\/title>\n<meta name=\"description\" content=\"Apportez une touche marine \u00e0 votre table avec le coffret de six verres de la collection Teca Mare de Zafferano. Enti\u00e8rement fabriqu\u00e9s \u00e0 la main en verre\" \/>\n<meta name=\"robots\" content=\"index, follow, max-snippet:-1, max-image-preview:large, max-video-preview:-1\" \/>\n<link rel=\"canonical\" href=\"https:\/\/www.erresse-shop.it\/fr\/shop\/table-fr-2\/verres\/zafferano-teca-mare-set-de-6-verres-a-pied-oursin-bleu\/\" \/>\n<meta property=\"og:locale\" content=\"fr_FR\" \/>\n<meta property=\"og:type\" content=\"article\" \/>\n<meta property=\"og:title\" content=\"ZAFFERANO Teca Mare Set de 6 verres \u00e0 pied Oursin bleu\" \/>\n<meta property=\"og:description\" content=\"Apportez une touche marine \u00e0 votre table avec le coffret de six verres de la collection Teca Mare de Zafferano. Enti\u00e8rement fabriqu\u00e9s \u00e0 la main en verre\" \/>\n<meta property=\"og:url\" content=\"https:\/\/www.erresse-shop.it\/fr\/shop\/table-fr-2\/verres\/zafferano-teca-mare-set-de-6-verres-a-pied-oursin-bleu\/\" \/>\n<meta property=\"og:site_name\" content=\"Erresse Shop\" \/>\n<meta property=\"article:modified_time\" content=\"2026-02-16T08:16:16+00:00\" \/>\n<meta property=\"og:image\" content=\"https:\/\/www.erresse-shop.it\/wp-content\/uploads\/2025\/03\/ZAFFERANO-Teca-Mare-Set-6-Bicchieri-Tumbler-Riccio-Blu.jpg\" \/>\n\t<meta property=\"og:image:width\" content=\"1200\" \/>\n\t<meta property=\"og:image:height\" content=\"1200\" \/>\n\t<meta property=\"og:image:type\" content=\"image\/jpeg\" \/>\n<meta name=\"twitter:card\" content=\"summary_large_image\" \/>\n<script type=\"application\/ld+json\" class=\"yoast-schema-graph\">{\"@context\":\"https:\/\/schema.org\",\"@graph\":[{\"@type\":\"WebPage\",\"@id\":\"https:\/\/www.erresse-shop.it\/fr\/shop\/table-fr-2\/verres\/zafferano-teca-mare-set-de-6-verres-a-pied-oursin-bleu\/\",\"url\":\"https:\/\/www.erresse-shop.it\/fr\/shop\/table-fr-2\/verres\/zafferano-teca-mare-set-de-6-verres-a-pied-oursin-bleu\/\",\"name\":\"ZAFFERANO Teca Mare Set de 6 verres \u00e0 pied Oursin bleu - Erresse Shop\",\"isPartOf\":{\"@id\":\"https:\/\/www.erresse-shop.it\/fr\/#website\"},\"datePublished\":\"2025-03-26T09:56:19+00:00\",\"dateModified\":\"2026-02-16T08:16:16+00:00\",\"description\":\"Apportez une touche marine \u00e0 votre table avec le coffret de six verres de la collection Teca Mare de Zafferano. Enti\u00e8rement fabriqu\u00e9s \u00e0 la main en verre\",\"breadcrumb\":{\"@id\":\"https:\/\/www.erresse-shop.it\/fr\/shop\/table-fr-2\/verres\/zafferano-teca-mare-set-de-6-verres-a-pied-oursin-bleu\/#breadcrumb\"},\"inLanguage\":\"fr-FR\",\"potentialAction\":[{\"@type\":\"ReadAction\",\"target\":[\"https:\/\/www.erresse-shop.it\/fr\/shop\/table-fr-2\/verres\/zafferano-teca-mare-set-de-6-verres-a-pied-oursin-bleu\/\"]}]},{\"@type\":\"BreadcrumbList\",\"@id\":\"https:\/\/www.erresse-shop.it\/fr\/shop\/table-fr-2\/verres\/zafferano-teca-mare-set-de-6-verres-a-pied-oursin-bleu\/#breadcrumb\",\"itemListElement\":[{\"@type\":\"ListItem\",\"position\":1,\"name\":\"Home\",\"item\":\"https:\/\/www.erresse-shop.it\/fr\/\"},{\"@type\":\"ListItem\",\"position\":2,\"name\":\"Shop\",\"item\":\"https:\/\/www.erresse-shop.it\/fr\/shop\/\"},{\"@type\":\"ListItem\",\"position\":3,\"name\":\"ZAFFERANO Teca Mare Set de 6 verres \u00e0 pied Oursin bleu\"}]},{\"@type\":\"WebSite\",\"@id\":\"https:\/\/www.erresse-shop.it\/fr\/#website\",\"url\":\"https:\/\/www.erresse-shop.it\/fr\/\",\"name\":\"Erresse Shop\",\"description\":\"Articoli di qualit\u00e0 per la casa\",\"potentialAction\":[{\"@type\":\"SearchAction\",\"target\":{\"@type\":\"EntryPoint\",\"urlTemplate\":\"https:\/\/www.erresse-shop.it\/fr\/?s={search_term_string}\"},\"query-input\":\"required name=search_term_string\"}],\"inLanguage\":\"fr-FR\"}]}<\/script>\n<!-- \/ Yoast SEO Premium plugin. -->","yoast_head_json":{"title":"ZAFFERANO Teca Mare Set de 6 verres \u00e0 pied Oursin bleu - Erresse Shop","description":"Apportez une touche marine \u00e0 votre table avec le coffret de six verres de la collection Teca Mare de Zafferano. Enti\u00e8rement fabriqu\u00e9s \u00e0 la main en verre","robots":{"index":"index","follow":"follow","max-snippet":"max-snippet:-1","max-image-preview":"max-image-preview:large","max-video-preview":"max-video-preview:-1"},"canonical":"https:\/\/www.erresse-shop.it\/fr\/shop\/table-fr-2\/verres\/zafferano-teca-mare-set-de-6-verres-a-pied-oursin-bleu\/","og_locale":"fr_FR","og_type":"article","og_title":"ZAFFERANO Teca Mare Set de 6 verres \u00e0 pied Oursin bleu","og_description":"Apportez une touche marine \u00e0 votre table avec le coffret de six verres de la collection Teca Mare de Zafferano. Enti\u00e8rement fabriqu\u00e9s \u00e0 la main en verre","og_url":"https:\/\/www.erresse-shop.it\/fr\/shop\/table-fr-2\/verres\/zafferano-teca-mare-set-de-6-verres-a-pied-oursin-bleu\/","og_site_name":"Erresse Shop","article_modified_time":"2026-02-16T08:16:16+00:00","og_image":[{"width":1200,"height":1200,"url":"https:\/\/www.erresse-shop.it\/wp-content\/uploads\/2025\/03\/ZAFFERANO-Teca-Mare-Set-6-Bicchieri-Tumbler-Riccio-Blu.jpg","type":"image\/jpeg"}],"twitter_card":"summary_large_image","schema":{"@context":"https:\/\/schema.org","@graph":[{"@type":"WebPage","@id":"https:\/\/www.erresse-shop.it\/fr\/shop\/table-fr-2\/verres\/zafferano-teca-mare-set-de-6-verres-a-pied-oursin-bleu\/","url":"https:\/\/www.erresse-shop.it\/fr\/shop\/table-fr-2\/verres\/zafferano-teca-mare-set-de-6-verres-a-pied-oursin-bleu\/","name":"ZAFFERANO Teca Mare Set de 6 verres \u00e0 pied Oursin bleu - Erresse Shop","isPartOf":{"@id":"https:\/\/www.erresse-shop.it\/fr\/#website"},"datePublished":"2025-03-26T09:56:19+00:00","dateModified":"2026-02-16T08:16:16+00:00","description":"Apportez une touche marine \u00e0 votre table avec le coffret de six verres de la collection Teca Mare de Zafferano. Enti\u00e8rement fabriqu\u00e9s \u00e0 la main en verre","breadcrumb":{"@id":"https:\/\/www.erresse-shop.it\/fr\/shop\/table-fr-2\/verres\/zafferano-teca-mare-set-de-6-verres-a-pied-oursin-bleu\/#breadcrumb"},"inLanguage":"fr-FR","potentialAction":[{"@type":"ReadAction","target":["https:\/\/www.erresse-shop.it\/fr\/shop\/table-fr-2\/verres\/zafferano-teca-mare-set-de-6-verres-a-pied-oursin-bleu\/"]}]},{"@type":"BreadcrumbList","@id":"https:\/\/www.erresse-shop.it\/fr\/shop\/table-fr-2\/verres\/zafferano-teca-mare-set-de-6-verres-a-pied-oursin-bleu\/#breadcrumb","itemListElement":[{"@type":"ListItem","position":1,"name":"Home","item":"https:\/\/www.erresse-shop.it\/fr\/"},{"@type":"ListItem","position":2,"name":"Shop","item":"https:\/\/www.erresse-shop.it\/fr\/shop\/"},{"@type":"ListItem","position":3,"name":"ZAFFERANO Teca Mare Set de 6 verres \u00e0 pied Oursin bleu"}]},{"@type":"WebSite","@id":"https:\/\/www.erresse-shop.it\/fr\/#website","url":"https:\/\/www.erresse-shop.it\/fr\/","name":"Erresse Shop","description":"Articoli di qualit\u00e0 per la casa","potentialAction":[{"@type":"SearchAction","target":{"@type":"EntryPoint","urlTemplate":"https:\/\/www.erresse-shop.it\/fr\/?s={search_term_string}"},"query-input":"required name=search_term_string"}],"inLanguage":"fr-FR"}]}},"df_price":32.265,"df_sale_price":32.265,"df_regular_price":71.7,"df_image_link":"https:\/\/www.erresse-shop.it\/wp-content\/uploads\/2025\/03\/ZAFFERANO-Teca-Mare-Set-6-Bicchieri-Tumbler-Riccio-Blu-300x300.jpg","_links":{"self":[{"href":"https:\/\/www.erresse-shop.it\/fr\/wp-json\/wp\/v2\/product\/484137"}],"collection":[{"href":"https:\/\/www.erresse-shop.it\/fr\/wp-json\/wp\/v2\/product"}],"about":[{"href":"https:\/\/www.erresse-shop.it\/fr\/wp-json\/wp\/v2\/types\/product"}],"wp:featuredmedia":[{"embeddable":true,"href":"https:\/\/www.erresse-shop.it\/fr\/wp-json\/wp\/v2\/media\/484149"}],"wp:attachment":[{"href":"https:\/\/www.erresse-shop.it\/fr\/wp-json\/wp\/v2\/media?parent=484137"}],"wp:term":[{"taxonomy":"product_cat","embeddable":true,"href":"https:\/\/www.erresse-shop.it\/fr\/wp-json\/wp\/v2\/product_cat?post=484137"},{"taxonomy":"product_tag","embeddable":true,"href":"https:\/\/www.erresse-shop.it\/fr\/wp-json\/wp\/v2\/product_tag?post=484137"}],"curies":[{"name":"wp","href":"https:\/\/api.w.org\/{rel}","templated":true}]}}