{"id":483790,"date":"2025-03-25T14:11:22","date_gmt":"2025-03-25T14:11:30","guid":{"rendered":"https:\/\/www.erresse-shop.it\/?post_type=product&#038;p=483790"},"modified":"2026-02-16T09:54:33","modified_gmt":"2026-02-16T09:54:33","slug":"zafferano-teca-frutta-set-de-6-verres-a-gobelet-fraise","status":"publish","type":"product","link":"https:\/\/www.erresse-shop.it\/fr\/shop\/table-fr-2\/verres\/zafferano-teca-frutta-set-de-6-verres-a-gobelet-fraise\/","title":{"rendered":"ZAFFERANO Teca Frutta Set de 6 Verres \u00e0 gobelet Fraise"},"content":{"rendered":"<p>Dans la cat\u00e9gorie des articles de table avec d\u00e9corations \u00e0 l&#8217;int\u00e9rieur, Teca Frutta repr\u00e9sente une r\u00e9volution. Ces verres en verre borosilicate sont prot\u00e9g\u00e9s par un double fond (double verre) qui facilite leur nettoyage et leur entretien. Il est ainsi possible d&#8217;y verser des gla\u00e7ons sans risque de casse. De plus, gr\u00e2ce \u00e0 la forme en creux du Teca, les verres sont empilables. Les d\u00e9corations de ce service de six pi\u00e8ces, r\u00e9alis\u00e9 \u00e0 la main, peuvent \u00eatre toutes diff\u00e9rentes ou repr\u00e9senter chacune un fruit de couleur diff\u00e9rente\u00a0: orange, citron, pomme, cerise, poire, fraise\u00a0; ainsi, chaque convive aura son propre verre personnalis\u00e9, \u00e9vitant ainsi toute confusion.<\/p>\n<p><strong>Caract\u00e9ristiques\u00a0:<\/strong><\/p>\n<ul>\n<li class=\"accordion-content add-formatting\" data-variant-sku=\"TE00198\">Diam\u00e8tre\u00a0: 8 cm<\/li>\n<li class=\"accordion-content add-formatting\" data-variant-sku=\"TE00198\">Hauteur totale\u00a0: 10,5 cm<\/li>\n<li class=\"accordion-content add-formatting\" data-variant-sku=\"TE00198\">Contenance\u00a0: 35 cl<\/li>\n<\/ul>\n","protected":false},"excerpt":{"rendered":"<p>Dans la cat\u00e9gorie des articles de table avec d\u00e9corations \u00e0 l&#8217;int\u00e9rieur, Teca Frutta repr\u00e9sente une r\u00e9volution. Ces verres en verre<\/p>\n","protected":false},"featured_media":483809,"template":"","meta":{"_acf_changed":false,"inline_featured_image":false},"product_cat":[12782,12784],"product_tag":[25026,25021,12827,24603,12829,21821,12826,14889,12797],"acf":[],"yoast_head":"<!-- This site is optimized with the Yoast SEO Premium plugin v18.6 (Yoast SEO v19.13) - https:\/\/yoast.com\/wordpress\/plugins\/seo\/ -->\n<title>ZAFFERANO Teca Frutta Set de 6 Verres \u00e0 gobelet Fraise - Erresse Shop<\/title>\n<meta name=\"description\" content=\"Dans la cat\u00e9gorie des articles de table avec d\u00e9corations \u00e0 l&#039;int\u00e9rieur, Teca Frutta repr\u00e9sente une r\u00e9volution. Ces verres en verre borosilicate sont\" \/>\n<meta name=\"robots\" content=\"index, follow, max-snippet:-1, max-image-preview:large, max-video-preview:-1\" \/>\n<link rel=\"canonical\" href=\"https:\/\/www.erresse-shop.it\/fr\/shop\/table-fr-2\/verres\/zafferano-teca-frutta-set-de-6-verres-a-gobelet-fraise\/\" \/>\n<meta property=\"og:locale\" content=\"fr_FR\" \/>\n<meta property=\"og:type\" content=\"article\" \/>\n<meta property=\"og:title\" content=\"ZAFFERANO Teca Frutta Set de 6 Verres \u00e0 gobelet Fraise\" \/>\n<meta property=\"og:description\" content=\"Dans la cat\u00e9gorie des articles de table avec d\u00e9corations \u00e0 l&#039;int\u00e9rieur, Teca Frutta repr\u00e9sente une r\u00e9volution. Ces verres en verre borosilicate sont\" \/>\n<meta property=\"og:url\" content=\"https:\/\/www.erresse-shop.it\/fr\/shop\/table-fr-2\/verres\/zafferano-teca-frutta-set-de-6-verres-a-gobelet-fraise\/\" \/>\n<meta property=\"og:site_name\" content=\"Erresse Shop\" \/>\n<meta property=\"article:modified_time\" content=\"2026-02-16T09:54:33+00:00\" \/>\n<meta property=\"og:image\" content=\"https:\/\/www.erresse-shop.it\/wp-content\/uploads\/2025\/03\/ZAFFERANO-Teca-Frutta-Set-6-Bicchieri-Tumbler-Fragola.jpg\" \/>\n\t<meta property=\"og:image:width\" content=\"1200\" \/>\n\t<meta property=\"og:image:height\" content=\"1200\" \/>\n\t<meta property=\"og:image:type\" content=\"image\/jpeg\" \/>\n<meta name=\"twitter:card\" content=\"summary_large_image\" \/>\n<script type=\"application\/ld+json\" class=\"yoast-schema-graph\">{\"@context\":\"https:\/\/schema.org\",\"@graph\":[{\"@type\":\"WebPage\",\"@id\":\"https:\/\/www.erresse-shop.it\/fr\/shop\/table-fr-2\/verres\/zafferano-teca-frutta-set-de-6-verres-a-gobelet-fraise\/\",\"url\":\"https:\/\/www.erresse-shop.it\/fr\/shop\/table-fr-2\/verres\/zafferano-teca-frutta-set-de-6-verres-a-gobelet-fraise\/\",\"name\":\"ZAFFERANO Teca Frutta Set de 6 Verres \u00e0 gobelet Fraise - Erresse Shop\",\"isPartOf\":{\"@id\":\"https:\/\/www.erresse-shop.it\/fr\/#website\"},\"datePublished\":\"2025-03-25T14:11:30+00:00\",\"dateModified\":\"2026-02-16T09:54:33+00:00\",\"description\":\"Dans la cat\u00e9gorie des articles de table avec d\u00e9corations \u00e0 l'int\u00e9rieur, Teca Frutta repr\u00e9sente une r\u00e9volution. Ces verres en verre borosilicate sont\",\"breadcrumb\":{\"@id\":\"https:\/\/www.erresse-shop.it\/fr\/shop\/table-fr-2\/verres\/zafferano-teca-frutta-set-de-6-verres-a-gobelet-fraise\/#breadcrumb\"},\"inLanguage\":\"fr-FR\",\"potentialAction\":[{\"@type\":\"ReadAction\",\"target\":[\"https:\/\/www.erresse-shop.it\/fr\/shop\/table-fr-2\/verres\/zafferano-teca-frutta-set-de-6-verres-a-gobelet-fraise\/\"]}]},{\"@type\":\"BreadcrumbList\",\"@id\":\"https:\/\/www.erresse-shop.it\/fr\/shop\/table-fr-2\/verres\/zafferano-teca-frutta-set-de-6-verres-a-gobelet-fraise\/#breadcrumb\",\"itemListElement\":[{\"@type\":\"ListItem\",\"position\":1,\"name\":\"Home\",\"item\":\"https:\/\/www.erresse-shop.it\/fr\/\"},{\"@type\":\"ListItem\",\"position\":2,\"name\":\"Shop\",\"item\":\"https:\/\/www.erresse-shop.it\/fr\/shop\/\"},{\"@type\":\"ListItem\",\"position\":3,\"name\":\"ZAFFERANO Teca Frutta Set de 6 Verres \u00e0 gobelet Fraise\"}]},{\"@type\":\"WebSite\",\"@id\":\"https:\/\/www.erresse-shop.it\/fr\/#website\",\"url\":\"https:\/\/www.erresse-shop.it\/fr\/\",\"name\":\"Erresse Shop\",\"description\":\"Articoli di qualit\u00e0 per la casa\",\"potentialAction\":[{\"@type\":\"SearchAction\",\"target\":{\"@type\":\"EntryPoint\",\"urlTemplate\":\"https:\/\/www.erresse-shop.it\/fr\/?s={search_term_string}\"},\"query-input\":\"required name=search_term_string\"}],\"inLanguage\":\"fr-FR\"}]}<\/script>\n<!-- \/ Yoast SEO Premium plugin. -->","yoast_head_json":{"title":"ZAFFERANO Teca Frutta Set de 6 Verres \u00e0 gobelet Fraise - Erresse Shop","description":"Dans la cat\u00e9gorie des articles de table avec d\u00e9corations \u00e0 l'int\u00e9rieur, Teca Frutta repr\u00e9sente une r\u00e9volution. Ces verres en verre borosilicate sont","robots":{"index":"index","follow":"follow","max-snippet":"max-snippet:-1","max-image-preview":"max-image-preview:large","max-video-preview":"max-video-preview:-1"},"canonical":"https:\/\/www.erresse-shop.it\/fr\/shop\/table-fr-2\/verres\/zafferano-teca-frutta-set-de-6-verres-a-gobelet-fraise\/","og_locale":"fr_FR","og_type":"article","og_title":"ZAFFERANO Teca Frutta Set de 6 Verres \u00e0 gobelet Fraise","og_description":"Dans la cat\u00e9gorie des articles de table avec d\u00e9corations \u00e0 l'int\u00e9rieur, Teca Frutta repr\u00e9sente une r\u00e9volution. Ces verres en verre borosilicate sont","og_url":"https:\/\/www.erresse-shop.it\/fr\/shop\/table-fr-2\/verres\/zafferano-teca-frutta-set-de-6-verres-a-gobelet-fraise\/","og_site_name":"Erresse Shop","article_modified_time":"2026-02-16T09:54:33+00:00","og_image":[{"width":1200,"height":1200,"url":"https:\/\/www.erresse-shop.it\/wp-content\/uploads\/2025\/03\/ZAFFERANO-Teca-Frutta-Set-6-Bicchieri-Tumbler-Fragola.jpg","type":"image\/jpeg"}],"twitter_card":"summary_large_image","schema":{"@context":"https:\/\/schema.org","@graph":[{"@type":"WebPage","@id":"https:\/\/www.erresse-shop.it\/fr\/shop\/table-fr-2\/verres\/zafferano-teca-frutta-set-de-6-verres-a-gobelet-fraise\/","url":"https:\/\/www.erresse-shop.it\/fr\/shop\/table-fr-2\/verres\/zafferano-teca-frutta-set-de-6-verres-a-gobelet-fraise\/","name":"ZAFFERANO Teca Frutta Set de 6 Verres \u00e0 gobelet Fraise - Erresse Shop","isPartOf":{"@id":"https:\/\/www.erresse-shop.it\/fr\/#website"},"datePublished":"2025-03-25T14:11:30+00:00","dateModified":"2026-02-16T09:54:33+00:00","description":"Dans la cat\u00e9gorie des articles de table avec d\u00e9corations \u00e0 l'int\u00e9rieur, Teca Frutta repr\u00e9sente une r\u00e9volution. Ces verres en verre borosilicate sont","breadcrumb":{"@id":"https:\/\/www.erresse-shop.it\/fr\/shop\/table-fr-2\/verres\/zafferano-teca-frutta-set-de-6-verres-a-gobelet-fraise\/#breadcrumb"},"inLanguage":"fr-FR","potentialAction":[{"@type":"ReadAction","target":["https:\/\/www.erresse-shop.it\/fr\/shop\/table-fr-2\/verres\/zafferano-teca-frutta-set-de-6-verres-a-gobelet-fraise\/"]}]},{"@type":"BreadcrumbList","@id":"https:\/\/www.erresse-shop.it\/fr\/shop\/table-fr-2\/verres\/zafferano-teca-frutta-set-de-6-verres-a-gobelet-fraise\/#breadcrumb","itemListElement":[{"@type":"ListItem","position":1,"name":"Home","item":"https:\/\/www.erresse-shop.it\/fr\/"},{"@type":"ListItem","position":2,"name":"Shop","item":"https:\/\/www.erresse-shop.it\/fr\/shop\/"},{"@type":"ListItem","position":3,"name":"ZAFFERANO Teca Frutta Set de 6 Verres \u00e0 gobelet Fraise"}]},{"@type":"WebSite","@id":"https:\/\/www.erresse-shop.it\/fr\/#website","url":"https:\/\/www.erresse-shop.it\/fr\/","name":"Erresse Shop","description":"Articoli di qualit\u00e0 per la casa","potentialAction":[{"@type":"SearchAction","target":{"@type":"EntryPoint","urlTemplate":"https:\/\/www.erresse-shop.it\/fr\/?s={search_term_string}"},"query-input":"required name=search_term_string"}],"inLanguage":"fr-FR"}]}},"df_price":57.9,"df_sale_price":57.9,"df_regular_price":71.4,"df_image_link":"https:\/\/www.erresse-shop.it\/wp-content\/uploads\/2025\/03\/ZAFFERANO-Teca-Frutta-Set-6-Bicchieri-Tumbler-Fragola-300x300.jpg","_links":{"self":[{"href":"https:\/\/www.erresse-shop.it\/fr\/wp-json\/wp\/v2\/product\/483790"}],"collection":[{"href":"https:\/\/www.erresse-shop.it\/fr\/wp-json\/wp\/v2\/product"}],"about":[{"href":"https:\/\/www.erresse-shop.it\/fr\/wp-json\/wp\/v2\/types\/product"}],"wp:featuredmedia":[{"embeddable":true,"href":"https:\/\/www.erresse-shop.it\/fr\/wp-json\/wp\/v2\/media\/483809"}],"wp:attachment":[{"href":"https:\/\/www.erresse-shop.it\/fr\/wp-json\/wp\/v2\/media?parent=483790"}],"wp:term":[{"taxonomy":"product_cat","embeddable":true,"href":"https:\/\/www.erresse-shop.it\/fr\/wp-json\/wp\/v2\/product_cat?post=483790"},{"taxonomy":"product_tag","embeddable":true,"href":"https:\/\/www.erresse-shop.it\/fr\/wp-json\/wp\/v2\/product_tag?post=483790"}],"curies":[{"name":"wp","href":"https:\/\/api.w.org\/{rel}","templated":true}]}}