{"id":483413,"date":"2025-03-24T11:26:27","date_gmt":"2025-03-24T11:26:30","guid":{"rendered":"https:\/\/www.erresse-shop.it\/?post_type=product&#038;p=483413"},"modified":"2026-02-16T10:21:39","modified_gmt":"2026-02-16T10:21:39","slug":"lego-room-copenhagen-storage-head-l-happy-boy","status":"publish","type":"product","link":"https:\/\/www.erresse-shop.it\/fr\/shop\/ameublement-maison\/meubles\/lego-room-copenhagen-storage-head-l-happy-boy\/","title":{"rendered":"LEGO &#8211; ROOM COPENHAGEN Storage Head L Happy Boy"},"content":{"rendered":"<div class=\"product__description-formated \">\n<div class=\"metafield-rich_text_field\">\n<p id=\"ucj-12\" class=\"oBOnKe\">Cette grande t\u00eate de rangement LEGO\u00ae jaune vif est le moyen id\u00e9al pour les fans de LEGO de garder leurs briques, leurs fournitures de bureau et autres petits objets organis\u00e9s. Fabriqu\u00e9e en plastique durable, cette version \u00e0 l&#8217;\u00e9chelle d&#8217;une t\u00eate de figurine de gar\u00e7on LEGO est \u00e9galement empilable, vous pouvez donc cr\u00e9er un affichage amusant pour tous vos amis !<\/p>\n<p class=\"oBOnKe\">Ajoutez une touche d&#8217;audace \u00e0 la d\u00e9coration de n&#8217;importe quelle pi\u00e8ce avec ce r\u00e9cipient amusant et color\u00e9 qui s&#8217;harmonise facilement avec d&#8217;autres meubles LEGO.<\/p>\n<\/div>\n<p>Sp\u00e9cifications du produit\u00a0:<\/p>\n<ul class=\"product__spec-list\">\n<li class=\"product__tag\">Mat\u00e9riau : polypropyl\u00e8ne (pp)<\/li>\n<li class=\"product__tag\">Garantie\u00a0: 2 ans<\/li>\n<li class=\"product__tag\">Dimensions : 24 x 24 x 27 cm<\/li>\n<li class=\"product__tag\">Poids\u00a0: 221 g<\/li>\n<\/ul>\n<\/div>\n<div class=\"pin-spacer\">\n<div class=\"product__floating\">\n<div class=\"product__floating-product\"><\/div>\n<\/div>\n<\/div>\n","protected":false},"excerpt":{"rendered":"<p>Cette grande t\u00eate de rangement LEGO\u00ae jaune vif est le moyen id\u00e9al pour les fans de LEGO de garder leurs<\/p>\n","protected":false},"featured_media":483424,"template":"","meta":{"_acf_changed":false,"inline_featured_image":false},"product_cat":[12738,17094],"product_tag":[17133,17131],"acf":[],"yoast_head":"<!-- This site is optimized with the Yoast SEO Premium plugin v18.6 (Yoast SEO v19.13) - https:\/\/yoast.com\/wordpress\/plugins\/seo\/ -->\n<title>LEGO - ROOM COPENHAGEN Storage Head L Happy Boy - Erresse Shop<\/title>\n<meta name=\"description\" content=\"Cette grande t\u00eate de rangement LEGO\u00ae jaune vif est le moyen id\u00e9al pour les fans de LEGO de garder leurs briques, leurs fournitures de bureau et autres\" \/>\n<meta name=\"robots\" content=\"index, follow, max-snippet:-1, max-image-preview:large, max-video-preview:-1\" \/>\n<link rel=\"canonical\" href=\"https:\/\/www.erresse-shop.it\/fr\/shop\/ameublement-maison\/meubles\/lego-room-copenhagen-storage-head-l-happy-boy\/\" \/>\n<meta property=\"og:locale\" content=\"fr_FR\" \/>\n<meta property=\"og:type\" content=\"article\" \/>\n<meta property=\"og:title\" content=\"LEGO - ROOM COPENHAGEN Storage Head L Happy Boy\" \/>\n<meta property=\"og:description\" content=\"Cette grande t\u00eate de rangement LEGO\u00ae jaune vif est le moyen id\u00e9al pour les fans de LEGO de garder leurs briques, leurs fournitures de bureau et autres\" \/>\n<meta property=\"og:url\" content=\"https:\/\/www.erresse-shop.it\/fr\/shop\/ameublement-maison\/meubles\/lego-room-copenhagen-storage-head-l-happy-boy\/\" \/>\n<meta property=\"og:site_name\" content=\"Erresse Shop\" \/>\n<meta property=\"article:modified_time\" content=\"2026-02-16T10:21:39+00:00\" \/>\n<meta property=\"og:image\" content=\"https:\/\/www.erresse-shop.it\/wp-content\/uploads\/2025\/03\/LEGO-ROOM-COPENHAGEN-Storage-Head-L-Happy-Boy.jpg\" \/>\n\t<meta property=\"og:image:width\" content=\"1200\" \/>\n\t<meta property=\"og:image:height\" content=\"1200\" \/>\n\t<meta property=\"og:image:type\" content=\"image\/jpeg\" \/>\n<meta name=\"twitter:card\" content=\"summary_large_image\" \/>\n<script type=\"application\/ld+json\" class=\"yoast-schema-graph\">{\"@context\":\"https:\/\/schema.org\",\"@graph\":[{\"@type\":\"WebPage\",\"@id\":\"https:\/\/www.erresse-shop.it\/fr\/shop\/ameublement-maison\/meubles\/lego-room-copenhagen-storage-head-l-happy-boy\/\",\"url\":\"https:\/\/www.erresse-shop.it\/fr\/shop\/ameublement-maison\/meubles\/lego-room-copenhagen-storage-head-l-happy-boy\/\",\"name\":\"LEGO - ROOM COPENHAGEN Storage Head L Happy Boy - Erresse Shop\",\"isPartOf\":{\"@id\":\"https:\/\/www.erresse-shop.it\/fr\/#website\"},\"datePublished\":\"2025-03-24T11:26:30+00:00\",\"dateModified\":\"2026-02-16T10:21:39+00:00\",\"description\":\"Cette grande t\u00eate de rangement LEGO\u00ae jaune vif est le moyen id\u00e9al pour les fans de LEGO de garder leurs briques, leurs fournitures de bureau et autres\",\"breadcrumb\":{\"@id\":\"https:\/\/www.erresse-shop.it\/fr\/shop\/ameublement-maison\/meubles\/lego-room-copenhagen-storage-head-l-happy-boy\/#breadcrumb\"},\"inLanguage\":\"fr-FR\",\"potentialAction\":[{\"@type\":\"ReadAction\",\"target\":[\"https:\/\/www.erresse-shop.it\/fr\/shop\/ameublement-maison\/meubles\/lego-room-copenhagen-storage-head-l-happy-boy\/\"]}]},{\"@type\":\"BreadcrumbList\",\"@id\":\"https:\/\/www.erresse-shop.it\/fr\/shop\/ameublement-maison\/meubles\/lego-room-copenhagen-storage-head-l-happy-boy\/#breadcrumb\",\"itemListElement\":[{\"@type\":\"ListItem\",\"position\":1,\"name\":\"Home\",\"item\":\"https:\/\/www.erresse-shop.it\/fr\/\"},{\"@type\":\"ListItem\",\"position\":2,\"name\":\"Shop\",\"item\":\"https:\/\/www.erresse-shop.it\/fr\/shop\/\"},{\"@type\":\"ListItem\",\"position\":3,\"name\":\"LEGO &#8211; ROOM COPENHAGEN Storage Head L Happy Boy\"}]},{\"@type\":\"WebSite\",\"@id\":\"https:\/\/www.erresse-shop.it\/fr\/#website\",\"url\":\"https:\/\/www.erresse-shop.it\/fr\/\",\"name\":\"Erresse Shop\",\"description\":\"Articoli di qualit\u00e0 per la casa\",\"potentialAction\":[{\"@type\":\"SearchAction\",\"target\":{\"@type\":\"EntryPoint\",\"urlTemplate\":\"https:\/\/www.erresse-shop.it\/fr\/?s={search_term_string}\"},\"query-input\":\"required name=search_term_string\"}],\"inLanguage\":\"fr-FR\"}]}<\/script>\n<!-- \/ Yoast SEO Premium plugin. -->","yoast_head_json":{"title":"LEGO - ROOM COPENHAGEN Storage Head L Happy Boy - Erresse Shop","description":"Cette grande t\u00eate de rangement LEGO\u00ae jaune vif est le moyen id\u00e9al pour les fans de LEGO de garder leurs briques, leurs fournitures de bureau et autres","robots":{"index":"index","follow":"follow","max-snippet":"max-snippet:-1","max-image-preview":"max-image-preview:large","max-video-preview":"max-video-preview:-1"},"canonical":"https:\/\/www.erresse-shop.it\/fr\/shop\/ameublement-maison\/meubles\/lego-room-copenhagen-storage-head-l-happy-boy\/","og_locale":"fr_FR","og_type":"article","og_title":"LEGO - ROOM COPENHAGEN Storage Head L Happy Boy","og_description":"Cette grande t\u00eate de rangement LEGO\u00ae jaune vif est le moyen id\u00e9al pour les fans de LEGO de garder leurs briques, leurs fournitures de bureau et autres","og_url":"https:\/\/www.erresse-shop.it\/fr\/shop\/ameublement-maison\/meubles\/lego-room-copenhagen-storage-head-l-happy-boy\/","og_site_name":"Erresse Shop","article_modified_time":"2026-02-16T10:21:39+00:00","og_image":[{"width":1200,"height":1200,"url":"https:\/\/www.erresse-shop.it\/wp-content\/uploads\/2025\/03\/LEGO-ROOM-COPENHAGEN-Storage-Head-L-Happy-Boy.jpg","type":"image\/jpeg"}],"twitter_card":"summary_large_image","schema":{"@context":"https:\/\/schema.org","@graph":[{"@type":"WebPage","@id":"https:\/\/www.erresse-shop.it\/fr\/shop\/ameublement-maison\/meubles\/lego-room-copenhagen-storage-head-l-happy-boy\/","url":"https:\/\/www.erresse-shop.it\/fr\/shop\/ameublement-maison\/meubles\/lego-room-copenhagen-storage-head-l-happy-boy\/","name":"LEGO - ROOM COPENHAGEN Storage Head L Happy Boy - Erresse Shop","isPartOf":{"@id":"https:\/\/www.erresse-shop.it\/fr\/#website"},"datePublished":"2025-03-24T11:26:30+00:00","dateModified":"2026-02-16T10:21:39+00:00","description":"Cette grande t\u00eate de rangement LEGO\u00ae jaune vif est le moyen id\u00e9al pour les fans de LEGO de garder leurs briques, leurs fournitures de bureau et autres","breadcrumb":{"@id":"https:\/\/www.erresse-shop.it\/fr\/shop\/ameublement-maison\/meubles\/lego-room-copenhagen-storage-head-l-happy-boy\/#breadcrumb"},"inLanguage":"fr-FR","potentialAction":[{"@type":"ReadAction","target":["https:\/\/www.erresse-shop.it\/fr\/shop\/ameublement-maison\/meubles\/lego-room-copenhagen-storage-head-l-happy-boy\/"]}]},{"@type":"BreadcrumbList","@id":"https:\/\/www.erresse-shop.it\/fr\/shop\/ameublement-maison\/meubles\/lego-room-copenhagen-storage-head-l-happy-boy\/#breadcrumb","itemListElement":[{"@type":"ListItem","position":1,"name":"Home","item":"https:\/\/www.erresse-shop.it\/fr\/"},{"@type":"ListItem","position":2,"name":"Shop","item":"https:\/\/www.erresse-shop.it\/fr\/shop\/"},{"@type":"ListItem","position":3,"name":"LEGO &#8211; ROOM COPENHAGEN Storage Head L Happy Boy"}]},{"@type":"WebSite","@id":"https:\/\/www.erresse-shop.it\/fr\/#website","url":"https:\/\/www.erresse-shop.it\/fr\/","name":"Erresse Shop","description":"Articoli di qualit\u00e0 per la casa","potentialAction":[{"@type":"SearchAction","target":{"@type":"EntryPoint","urlTemplate":"https:\/\/www.erresse-shop.it\/fr\/?s={search_term_string}"},"query-input":"required name=search_term_string"}],"inLanguage":"fr-FR"}]}},"df_price":19.95,"df_sale_price":19.95,"df_regular_price":26.99,"df_image_link":"https:\/\/www.erresse-shop.it\/wp-content\/uploads\/2025\/03\/LEGO-ROOM-COPENHAGEN-Storage-Head-L-Happy-Boy-300x300.jpg","_links":{"self":[{"href":"https:\/\/www.erresse-shop.it\/fr\/wp-json\/wp\/v2\/product\/483413"}],"collection":[{"href":"https:\/\/www.erresse-shop.it\/fr\/wp-json\/wp\/v2\/product"}],"about":[{"href":"https:\/\/www.erresse-shop.it\/fr\/wp-json\/wp\/v2\/types\/product"}],"wp:featuredmedia":[{"embeddable":true,"href":"https:\/\/www.erresse-shop.it\/fr\/wp-json\/wp\/v2\/media\/483424"}],"wp:attachment":[{"href":"https:\/\/www.erresse-shop.it\/fr\/wp-json\/wp\/v2\/media?parent=483413"}],"wp:term":[{"taxonomy":"product_cat","embeddable":true,"href":"https:\/\/www.erresse-shop.it\/fr\/wp-json\/wp\/v2\/product_cat?post=483413"},{"taxonomy":"product_tag","embeddable":true,"href":"https:\/\/www.erresse-shop.it\/fr\/wp-json\/wp\/v2\/product_tag?post=483413"}],"curies":[{"name":"wp","href":"https:\/\/api.w.org\/{rel}","templated":true}]}}