{"id":483380,"date":"2025-03-24T11:05:22","date_gmt":"2025-03-24T11:05:26","guid":{"rendered":"https:\/\/www.erresse-shop.it\/?post_type=product&#038;p=483380"},"modified":"2026-02-16T10:40:29","modified_gmt":"2026-02-16T10:40:29","slug":"lego-room-copenhagen-storage-brick-multi-pack-3-pieces-2","status":"publish","type":"product","link":"https:\/\/www.erresse-shop.it\/fr\/shop\/ameublement-maison\/meubles\/lego-room-copenhagen-storage-brick-multi-pack-3-pieces-2\/","title":{"rendered":"LEGO &#8211; ROOM COPENHAGEN Storage Brick Multi-Pack 3 pi\u00e8ces 2"},"content":{"rendered":"<p>Ranger n&#8217;a jamais \u00e9t\u00e9 aussi simple et amusant avec ce multipack de grandes briques LEGO\u00ae avec couvercles amovibles. L&#8217;ensemble comprend une brique conteneur rouge \u00e0 2 tenons, une brique conteneur jaune \u00e0 1 tenon et une brique conteneur ronde bleue \u00e0 1 tenon.<\/p>\n<ul>\n<li>Un m\u00e9lange de m\u00e9ga briques : ce multipack de 3 pi\u00e8ces de grandes briques LEGO\u00ae avec couvercles amovibles est id\u00e9al pour ranger des jouets, des briques LEGO, des bibelots et bien plus encore.<\/li>\n<li>Conteneur s\u00fbr et empilable \u2013 Fabriqu\u00e9 en plastique polypropyl\u00e8ne (PP) durable et facile \u00e0 nettoyer dans les couleurs LEGO\u00ae classiques.<\/li>\n<li>Les conteneurs se connectent et s&#8217;empilent, tout comme de vraies briques LEGO<\/li>\n<\/ul>\n<p>Les fans de LEGO\u00ae adoreront ces briques g\u00e9antes, m\u00eame lorsqu&#8217;il sera temps de faire le m\u00e9nage. La grande brique \u00e0 2 montants mesure plus de 18 cm de haut, 25 cm de large et 12 cm de profondeur.<\/p>\n<p>&nbsp;<\/p>\n","protected":false},"excerpt":{"rendered":"<p>Ranger n&#8217;a jamais \u00e9t\u00e9 aussi simple et amusant avec ce multipack de grandes briques LEGO\u00ae avec couvercles amovibles. L&#8217;ensemble comprend<\/p>\n","protected":false},"featured_media":483385,"template":"","meta":{"_acf_changed":false,"inline_featured_image":false},"product_cat":[12738,17094],"product_tag":[17133,17131],"acf":[],"yoast_head":"<!-- This site is optimized with the Yoast SEO Premium plugin v18.6 (Yoast SEO v19.13) - https:\/\/yoast.com\/wordpress\/plugins\/seo\/ -->\n<title>LEGO - ROOM COPENHAGEN Storage Brick Multi-Pack 3 pi\u00e8ces 2 - Erresse Shop<\/title>\n<meta name=\"description\" content=\"Ranger n&#039;a jamais \u00e9t\u00e9 aussi simple et amusant avec ce multipack de grandes briques LEGO\u00ae avec couvercles amovibles. L&#039;ensemble comprend une brique\" \/>\n<meta name=\"robots\" content=\"index, follow, max-snippet:-1, max-image-preview:large, max-video-preview:-1\" \/>\n<link rel=\"canonical\" href=\"https:\/\/www.erresse-shop.it\/fr\/shop\/ameublement-maison\/meubles\/lego-room-copenhagen-storage-brick-multi-pack-3-pieces-2\/\" \/>\n<meta property=\"og:locale\" content=\"fr_FR\" \/>\n<meta property=\"og:type\" content=\"article\" \/>\n<meta property=\"og:title\" content=\"LEGO - ROOM COPENHAGEN Storage Brick Multi-Pack 3 pi\u00e8ces 2\" \/>\n<meta property=\"og:description\" content=\"Ranger n&#039;a jamais \u00e9t\u00e9 aussi simple et amusant avec ce multipack de grandes briques LEGO\u00ae avec couvercles amovibles. L&#039;ensemble comprend une brique\" \/>\n<meta property=\"og:url\" content=\"https:\/\/www.erresse-shop.it\/fr\/shop\/ameublement-maison\/meubles\/lego-room-copenhagen-storage-brick-multi-pack-3-pieces-2\/\" \/>\n<meta property=\"og:site_name\" content=\"Erresse Shop\" \/>\n<meta property=\"article:modified_time\" content=\"2026-02-16T10:40:29+00:00\" \/>\n<meta property=\"og:image\" content=\"https:\/\/www.erresse-shop.it\/wp-content\/uploads\/2025\/03\/LEGO-ROOM-COPENHAGEN-Storage-Brick-Multi-Pack-3-Pezzi-2.jpg\" \/>\n\t<meta property=\"og:image:width\" content=\"1200\" \/>\n\t<meta property=\"og:image:height\" content=\"1200\" \/>\n\t<meta property=\"og:image:type\" content=\"image\/jpeg\" \/>\n<meta name=\"twitter:card\" content=\"summary_large_image\" \/>\n<script type=\"application\/ld+json\" class=\"yoast-schema-graph\">{\"@context\":\"https:\/\/schema.org\",\"@graph\":[{\"@type\":\"WebPage\",\"@id\":\"https:\/\/www.erresse-shop.it\/fr\/shop\/ameublement-maison\/meubles\/lego-room-copenhagen-storage-brick-multi-pack-3-pieces-2\/\",\"url\":\"https:\/\/www.erresse-shop.it\/fr\/shop\/ameublement-maison\/meubles\/lego-room-copenhagen-storage-brick-multi-pack-3-pieces-2\/\",\"name\":\"LEGO - ROOM COPENHAGEN Storage Brick Multi-Pack 3 pi\u00e8ces 2 - Erresse Shop\",\"isPartOf\":{\"@id\":\"https:\/\/www.erresse-shop.it\/fr\/#website\"},\"datePublished\":\"2025-03-24T11:05:26+00:00\",\"dateModified\":\"2026-02-16T10:40:29+00:00\",\"description\":\"Ranger n'a jamais \u00e9t\u00e9 aussi simple et amusant avec ce multipack de grandes briques LEGO\u00ae avec couvercles amovibles. L'ensemble comprend une brique\",\"breadcrumb\":{\"@id\":\"https:\/\/www.erresse-shop.it\/fr\/shop\/ameublement-maison\/meubles\/lego-room-copenhagen-storage-brick-multi-pack-3-pieces-2\/#breadcrumb\"},\"inLanguage\":\"fr-FR\",\"potentialAction\":[{\"@type\":\"ReadAction\",\"target\":[\"https:\/\/www.erresse-shop.it\/fr\/shop\/ameublement-maison\/meubles\/lego-room-copenhagen-storage-brick-multi-pack-3-pieces-2\/\"]}]},{\"@type\":\"BreadcrumbList\",\"@id\":\"https:\/\/www.erresse-shop.it\/fr\/shop\/ameublement-maison\/meubles\/lego-room-copenhagen-storage-brick-multi-pack-3-pieces-2\/#breadcrumb\",\"itemListElement\":[{\"@type\":\"ListItem\",\"position\":1,\"name\":\"Home\",\"item\":\"https:\/\/www.erresse-shop.it\/fr\/\"},{\"@type\":\"ListItem\",\"position\":2,\"name\":\"Shop\",\"item\":\"https:\/\/www.erresse-shop.it\/fr\/shop\/\"},{\"@type\":\"ListItem\",\"position\":3,\"name\":\"LEGO &#8211; ROOM COPENHAGEN Storage Brick Multi-Pack 3 pi\u00e8ces 2\"}]},{\"@type\":\"WebSite\",\"@id\":\"https:\/\/www.erresse-shop.it\/fr\/#website\",\"url\":\"https:\/\/www.erresse-shop.it\/fr\/\",\"name\":\"Erresse Shop\",\"description\":\"Articoli di qualit\u00e0 per la casa\",\"potentialAction\":[{\"@type\":\"SearchAction\",\"target\":{\"@type\":\"EntryPoint\",\"urlTemplate\":\"https:\/\/www.erresse-shop.it\/fr\/?s={search_term_string}\"},\"query-input\":\"required name=search_term_string\"}],\"inLanguage\":\"fr-FR\"}]}<\/script>\n<!-- \/ Yoast SEO Premium plugin. -->","yoast_head_json":{"title":"LEGO - ROOM COPENHAGEN Storage Brick Multi-Pack 3 pi\u00e8ces 2 - Erresse Shop","description":"Ranger n'a jamais \u00e9t\u00e9 aussi simple et amusant avec ce multipack de grandes briques LEGO\u00ae avec couvercles amovibles. L'ensemble comprend une brique","robots":{"index":"index","follow":"follow","max-snippet":"max-snippet:-1","max-image-preview":"max-image-preview:large","max-video-preview":"max-video-preview:-1"},"canonical":"https:\/\/www.erresse-shop.it\/fr\/shop\/ameublement-maison\/meubles\/lego-room-copenhagen-storage-brick-multi-pack-3-pieces-2\/","og_locale":"fr_FR","og_type":"article","og_title":"LEGO - ROOM COPENHAGEN Storage Brick Multi-Pack 3 pi\u00e8ces 2","og_description":"Ranger n'a jamais \u00e9t\u00e9 aussi simple et amusant avec ce multipack de grandes briques LEGO\u00ae avec couvercles amovibles. L'ensemble comprend une brique","og_url":"https:\/\/www.erresse-shop.it\/fr\/shop\/ameublement-maison\/meubles\/lego-room-copenhagen-storage-brick-multi-pack-3-pieces-2\/","og_site_name":"Erresse Shop","article_modified_time":"2026-02-16T10:40:29+00:00","og_image":[{"width":1200,"height":1200,"url":"https:\/\/www.erresse-shop.it\/wp-content\/uploads\/2025\/03\/LEGO-ROOM-COPENHAGEN-Storage-Brick-Multi-Pack-3-Pezzi-2.jpg","type":"image\/jpeg"}],"twitter_card":"summary_large_image","schema":{"@context":"https:\/\/schema.org","@graph":[{"@type":"WebPage","@id":"https:\/\/www.erresse-shop.it\/fr\/shop\/ameublement-maison\/meubles\/lego-room-copenhagen-storage-brick-multi-pack-3-pieces-2\/","url":"https:\/\/www.erresse-shop.it\/fr\/shop\/ameublement-maison\/meubles\/lego-room-copenhagen-storage-brick-multi-pack-3-pieces-2\/","name":"LEGO - ROOM COPENHAGEN Storage Brick Multi-Pack 3 pi\u00e8ces 2 - Erresse Shop","isPartOf":{"@id":"https:\/\/www.erresse-shop.it\/fr\/#website"},"datePublished":"2025-03-24T11:05:26+00:00","dateModified":"2026-02-16T10:40:29+00:00","description":"Ranger n'a jamais \u00e9t\u00e9 aussi simple et amusant avec ce multipack de grandes briques LEGO\u00ae avec couvercles amovibles. L'ensemble comprend une brique","breadcrumb":{"@id":"https:\/\/www.erresse-shop.it\/fr\/shop\/ameublement-maison\/meubles\/lego-room-copenhagen-storage-brick-multi-pack-3-pieces-2\/#breadcrumb"},"inLanguage":"fr-FR","potentialAction":[{"@type":"ReadAction","target":["https:\/\/www.erresse-shop.it\/fr\/shop\/ameublement-maison\/meubles\/lego-room-copenhagen-storage-brick-multi-pack-3-pieces-2\/"]}]},{"@type":"BreadcrumbList","@id":"https:\/\/www.erresse-shop.it\/fr\/shop\/ameublement-maison\/meubles\/lego-room-copenhagen-storage-brick-multi-pack-3-pieces-2\/#breadcrumb","itemListElement":[{"@type":"ListItem","position":1,"name":"Home","item":"https:\/\/www.erresse-shop.it\/fr\/"},{"@type":"ListItem","position":2,"name":"Shop","item":"https:\/\/www.erresse-shop.it\/fr\/shop\/"},{"@type":"ListItem","position":3,"name":"LEGO &#8211; ROOM COPENHAGEN Storage Brick Multi-Pack 3 pi\u00e8ces 2"}]},{"@type":"WebSite","@id":"https:\/\/www.erresse-shop.it\/fr\/#website","url":"https:\/\/www.erresse-shop.it\/fr\/","name":"Erresse Shop","description":"Articoli di qualit\u00e0 per la casa","potentialAction":[{"@type":"SearchAction","target":{"@type":"EntryPoint","urlTemplate":"https:\/\/www.erresse-shop.it\/fr\/?s={search_term_string}"},"query-input":"required name=search_term_string"}],"inLanguage":"fr-FR"}]}},"df_price":39,"df_sale_price":39,"df_regular_price":54.99,"df_image_link":"https:\/\/www.erresse-shop.it\/wp-content\/uploads\/2025\/03\/LEGO-ROOM-COPENHAGEN-Storage-Brick-Multi-Pack-3-Pezzi-2-300x300.jpg","_links":{"self":[{"href":"https:\/\/www.erresse-shop.it\/fr\/wp-json\/wp\/v2\/product\/483380"}],"collection":[{"href":"https:\/\/www.erresse-shop.it\/fr\/wp-json\/wp\/v2\/product"}],"about":[{"href":"https:\/\/www.erresse-shop.it\/fr\/wp-json\/wp\/v2\/types\/product"}],"wp:featuredmedia":[{"embeddable":true,"href":"https:\/\/www.erresse-shop.it\/fr\/wp-json\/wp\/v2\/media\/483385"}],"wp:attachment":[{"href":"https:\/\/www.erresse-shop.it\/fr\/wp-json\/wp\/v2\/media?parent=483380"}],"wp:term":[{"taxonomy":"product_cat","embeddable":true,"href":"https:\/\/www.erresse-shop.it\/fr\/wp-json\/wp\/v2\/product_cat?post=483380"},{"taxonomy":"product_tag","embeddable":true,"href":"https:\/\/www.erresse-shop.it\/fr\/wp-json\/wp\/v2\/product_tag?post=483380"}],"curies":[{"name":"wp","href":"https:\/\/api.w.org\/{rel}","templated":true}]}}