{"id":483270,"date":"2025-03-24T09:47:21","date_gmt":"2025-03-24T09:47:24","guid":{"rendered":"https:\/\/www.erresse-shop.it\/?post_type=product&#038;p=483270"},"modified":"2026-02-16T11:09:39","modified_gmt":"2026-02-16T11:09:39","slug":"lego-room-copenhagen-storage-head-mini-set-de-4-pieces","status":"publish","type":"product","link":"https:\/\/www.erresse-shop.it\/fr\/shop\/ameublement-maison\/meubles\/lego-room-copenhagen-storage-head-mini-set-de-4-pieces\/","title":{"rendered":"LEGO &#8211; ROOM COPENHAGEN Storage Head Mini set de 4 pi\u00e8ces"},"content":{"rendered":"<div class=\"product__description-formated \">\n<div class=\"metafield-rich_text_field\">\n<div class=\"product__description-formated \">\n<div class=\"metafield-rich_text_field\">\n<div class=\"product__description-formated \">\n<div class=\"metafield-rich_text_field\">\n<p>Cet ensemble comprend quatre bo\u00eetes, chacune en forme de t\u00eate, avec des visages souriants de gar\u00e7on et de fille. Parfaites pour ranger vos petits objets de mani\u00e8re originale et color\u00e9e, ces bo\u00eetes sont id\u00e9ales pour la maison, le bureau ou comme cadeau cr\u00e9atif.<\/p>\n<p><strong>Mat\u00e9riau s\u00fbr et durable<\/strong><\/p>\n<p>Chaque bo\u00eete est fabriqu\u00e9e en polypropyl\u00e8ne de haute qualit\u00e9, enti\u00e8rement sans BPA, pour une s\u00e9curit\u00e9 et une durabilit\u00e9 optimales. Vous pouvez les utiliser en toute tranquillit\u00e9, sachant qu&#8217;elles sont conformes aux normes de s\u00e9curit\u00e9 les plus strictes.<\/p>\n<p><strong>Design ludique et pratique<\/strong><\/p>\n<p>Le format compact de chaque bo\u00eete (10,2 x 10,2 x 11,5 cm) les rend id\u00e9ales pour ranger de petits objets comme des bonbons, des jeux ou des fournitures de bureau, tout en conservant un style ludique et original. La forme de la t\u00eate ajoute une touche de gaiet\u00e9, id\u00e9ale m\u00eame pour les plus petits.<\/p>\n<p><strong>Polyvalence et facilit\u00e9 d&#8217;utilisation<\/strong><\/p>\n<p>Faciles \u00e0 empiler, ces bo\u00eetes vous permettent de gagner de la place et de tout ranger. Parfaites pour tout avoir \u00e0 port\u00e9e de main sans sacrifier le sourire, elles sont id\u00e9ales pour la maison ou le bureau.<\/p>\n<\/div>\n<div class=\"metafield-rich_text_field\">\n<p><strong>Un cadeau original et pratique<\/strong><\/p>\n<p>Avec leur design unique, les mini bo\u00eetes Lego sont \u00e9galement une excellente id\u00e9e cadeau pour les fans de la marque ou pour les amateurs d&#8217;objets ludiques et pratiques. Ajoutez une touche de gaiet\u00e9 \u00e0 votre organisation quotidienne\u00a0!<\/p>\n<\/div>\n<\/div>\n<div class=\"pin-spacer\">\n<div class=\"product__floating\">\n<div class=\"product__floating-product\"><\/div>\n<\/div>\n<\/div>\n<\/div>\n<\/div>\n<div class=\"pin-spacer\">\n<div class=\"product__floating\">\n<div class=\"product__floating-product\"><\/div>\n<\/div>\n<\/div>\n<\/div>\n<\/div>\n","protected":false},"excerpt":{"rendered":"<p>Cet ensemble comprend quatre bo\u00eetes, chacune en forme de t\u00eate, avec des visages souriants de gar\u00e7on et de fille. Parfaites<\/p>\n","protected":false},"featured_media":483275,"template":"","meta":{"_acf_changed":false,"inline_featured_image":false},"product_cat":[12738,17094],"product_tag":[17133,17131],"acf":[],"yoast_head":"<!-- This site is optimized with the Yoast SEO Premium plugin v18.6 (Yoast SEO v19.13) - https:\/\/yoast.com\/wordpress\/plugins\/seo\/ -->\n<title>LEGO - ROOM COPENHAGEN Storage Head Mini set de 4 pi\u00e8ces - Erresse Shop<\/title>\n<meta name=\"description\" content=\"Cet ensemble comprend quatre bo\u00eetes, chacune en forme de t\u00eate, avec des visages souriants de gar\u00e7on et de fille. Parfaites pour ranger vos petits objets\" \/>\n<meta name=\"robots\" content=\"index, follow, max-snippet:-1, max-image-preview:large, max-video-preview:-1\" \/>\n<link rel=\"canonical\" href=\"https:\/\/www.erresse-shop.it\/fr\/shop\/ameublement-maison\/meubles\/lego-room-copenhagen-storage-head-mini-set-de-4-pieces\/\" \/>\n<meta property=\"og:locale\" content=\"fr_FR\" \/>\n<meta property=\"og:type\" content=\"article\" \/>\n<meta property=\"og:title\" content=\"LEGO - ROOM COPENHAGEN Storage Head Mini set de 4 pi\u00e8ces\" \/>\n<meta property=\"og:description\" content=\"Cet ensemble comprend quatre bo\u00eetes, chacune en forme de t\u00eate, avec des visages souriants de gar\u00e7on et de fille. Parfaites pour ranger vos petits objets\" \/>\n<meta property=\"og:url\" content=\"https:\/\/www.erresse-shop.it\/fr\/shop\/ameublement-maison\/meubles\/lego-room-copenhagen-storage-head-mini-set-de-4-pieces\/\" \/>\n<meta property=\"og:site_name\" content=\"Erresse Shop\" \/>\n<meta property=\"article:modified_time\" content=\"2026-02-16T11:09:39+00:00\" \/>\n<meta property=\"og:image\" content=\"https:\/\/www.erresse-shop.it\/wp-content\/uploads\/2025\/03\/LEGO-ROOM-COPENHAGEN-Storage-Head-Mini-Set-4-Pezzi.jpg\" \/>\n\t<meta property=\"og:image:width\" content=\"1200\" \/>\n\t<meta property=\"og:image:height\" content=\"1200\" \/>\n\t<meta property=\"og:image:type\" content=\"image\/jpeg\" \/>\n<meta name=\"twitter:card\" content=\"summary_large_image\" \/>\n<script type=\"application\/ld+json\" class=\"yoast-schema-graph\">{\"@context\":\"https:\/\/schema.org\",\"@graph\":[{\"@type\":\"WebPage\",\"@id\":\"https:\/\/www.erresse-shop.it\/fr\/shop\/ameublement-maison\/meubles\/lego-room-copenhagen-storage-head-mini-set-de-4-pieces\/\",\"url\":\"https:\/\/www.erresse-shop.it\/fr\/shop\/ameublement-maison\/meubles\/lego-room-copenhagen-storage-head-mini-set-de-4-pieces\/\",\"name\":\"LEGO - ROOM COPENHAGEN Storage Head Mini set de 4 pi\u00e8ces - Erresse Shop\",\"isPartOf\":{\"@id\":\"https:\/\/www.erresse-shop.it\/fr\/#website\"},\"datePublished\":\"2025-03-24T09:47:24+00:00\",\"dateModified\":\"2026-02-16T11:09:39+00:00\",\"description\":\"Cet ensemble comprend quatre bo\u00eetes, chacune en forme de t\u00eate, avec des visages souriants de gar\u00e7on et de fille. Parfaites pour ranger vos petits objets\",\"breadcrumb\":{\"@id\":\"https:\/\/www.erresse-shop.it\/fr\/shop\/ameublement-maison\/meubles\/lego-room-copenhagen-storage-head-mini-set-de-4-pieces\/#breadcrumb\"},\"inLanguage\":\"fr-FR\",\"potentialAction\":[{\"@type\":\"ReadAction\",\"target\":[\"https:\/\/www.erresse-shop.it\/fr\/shop\/ameublement-maison\/meubles\/lego-room-copenhagen-storage-head-mini-set-de-4-pieces\/\"]}]},{\"@type\":\"BreadcrumbList\",\"@id\":\"https:\/\/www.erresse-shop.it\/fr\/shop\/ameublement-maison\/meubles\/lego-room-copenhagen-storage-head-mini-set-de-4-pieces\/#breadcrumb\",\"itemListElement\":[{\"@type\":\"ListItem\",\"position\":1,\"name\":\"Home\",\"item\":\"https:\/\/www.erresse-shop.it\/fr\/\"},{\"@type\":\"ListItem\",\"position\":2,\"name\":\"Shop\",\"item\":\"https:\/\/www.erresse-shop.it\/fr\/shop\/\"},{\"@type\":\"ListItem\",\"position\":3,\"name\":\"LEGO &#8211; ROOM COPENHAGEN Storage Head Mini set de 4 pi\u00e8ces\"}]},{\"@type\":\"WebSite\",\"@id\":\"https:\/\/www.erresse-shop.it\/fr\/#website\",\"url\":\"https:\/\/www.erresse-shop.it\/fr\/\",\"name\":\"Erresse Shop\",\"description\":\"Articoli di qualit\u00e0 per la casa\",\"potentialAction\":[{\"@type\":\"SearchAction\",\"target\":{\"@type\":\"EntryPoint\",\"urlTemplate\":\"https:\/\/www.erresse-shop.it\/fr\/?s={search_term_string}\"},\"query-input\":\"required name=search_term_string\"}],\"inLanguage\":\"fr-FR\"}]}<\/script>\n<!-- \/ Yoast SEO Premium plugin. -->","yoast_head_json":{"title":"LEGO - ROOM COPENHAGEN Storage Head Mini set de 4 pi\u00e8ces - Erresse Shop","description":"Cet ensemble comprend quatre bo\u00eetes, chacune en forme de t\u00eate, avec des visages souriants de gar\u00e7on et de fille. Parfaites pour ranger vos petits objets","robots":{"index":"index","follow":"follow","max-snippet":"max-snippet:-1","max-image-preview":"max-image-preview:large","max-video-preview":"max-video-preview:-1"},"canonical":"https:\/\/www.erresse-shop.it\/fr\/shop\/ameublement-maison\/meubles\/lego-room-copenhagen-storage-head-mini-set-de-4-pieces\/","og_locale":"fr_FR","og_type":"article","og_title":"LEGO - ROOM COPENHAGEN Storage Head Mini set de 4 pi\u00e8ces","og_description":"Cet ensemble comprend quatre bo\u00eetes, chacune en forme de t\u00eate, avec des visages souriants de gar\u00e7on et de fille. Parfaites pour ranger vos petits objets","og_url":"https:\/\/www.erresse-shop.it\/fr\/shop\/ameublement-maison\/meubles\/lego-room-copenhagen-storage-head-mini-set-de-4-pieces\/","og_site_name":"Erresse Shop","article_modified_time":"2026-02-16T11:09:39+00:00","og_image":[{"width":1200,"height":1200,"url":"https:\/\/www.erresse-shop.it\/wp-content\/uploads\/2025\/03\/LEGO-ROOM-COPENHAGEN-Storage-Head-Mini-Set-4-Pezzi.jpg","type":"image\/jpeg"}],"twitter_card":"summary_large_image","schema":{"@context":"https:\/\/schema.org","@graph":[{"@type":"WebPage","@id":"https:\/\/www.erresse-shop.it\/fr\/shop\/ameublement-maison\/meubles\/lego-room-copenhagen-storage-head-mini-set-de-4-pieces\/","url":"https:\/\/www.erresse-shop.it\/fr\/shop\/ameublement-maison\/meubles\/lego-room-copenhagen-storage-head-mini-set-de-4-pieces\/","name":"LEGO - ROOM COPENHAGEN Storage Head Mini set de 4 pi\u00e8ces - Erresse Shop","isPartOf":{"@id":"https:\/\/www.erresse-shop.it\/fr\/#website"},"datePublished":"2025-03-24T09:47:24+00:00","dateModified":"2026-02-16T11:09:39+00:00","description":"Cet ensemble comprend quatre bo\u00eetes, chacune en forme de t\u00eate, avec des visages souriants de gar\u00e7on et de fille. Parfaites pour ranger vos petits objets","breadcrumb":{"@id":"https:\/\/www.erresse-shop.it\/fr\/shop\/ameublement-maison\/meubles\/lego-room-copenhagen-storage-head-mini-set-de-4-pieces\/#breadcrumb"},"inLanguage":"fr-FR","potentialAction":[{"@type":"ReadAction","target":["https:\/\/www.erresse-shop.it\/fr\/shop\/ameublement-maison\/meubles\/lego-room-copenhagen-storage-head-mini-set-de-4-pieces\/"]}]},{"@type":"BreadcrumbList","@id":"https:\/\/www.erresse-shop.it\/fr\/shop\/ameublement-maison\/meubles\/lego-room-copenhagen-storage-head-mini-set-de-4-pieces\/#breadcrumb","itemListElement":[{"@type":"ListItem","position":1,"name":"Home","item":"https:\/\/www.erresse-shop.it\/fr\/"},{"@type":"ListItem","position":2,"name":"Shop","item":"https:\/\/www.erresse-shop.it\/fr\/shop\/"},{"@type":"ListItem","position":3,"name":"LEGO &#8211; ROOM COPENHAGEN Storage Head Mini set de 4 pi\u00e8ces"}]},{"@type":"WebSite","@id":"https:\/\/www.erresse-shop.it\/fr\/#website","url":"https:\/\/www.erresse-shop.it\/fr\/","name":"Erresse Shop","description":"Articoli di qualit\u00e0 per la casa","potentialAction":[{"@type":"SearchAction","target":{"@type":"EntryPoint","urlTemplate":"https:\/\/www.erresse-shop.it\/fr\/?s={search_term_string}"},"query-input":"required name=search_term_string"}],"inLanguage":"fr-FR"}]}},"df_price":37,"df_sale_price":37,"df_regular_price":49.99,"df_image_link":"https:\/\/www.erresse-shop.it\/wp-content\/uploads\/2025\/03\/LEGO-ROOM-COPENHAGEN-Storage-Head-Mini-Set-4-Pezzi-300x300.jpg","_links":{"self":[{"href":"https:\/\/www.erresse-shop.it\/fr\/wp-json\/wp\/v2\/product\/483270"}],"collection":[{"href":"https:\/\/www.erresse-shop.it\/fr\/wp-json\/wp\/v2\/product"}],"about":[{"href":"https:\/\/www.erresse-shop.it\/fr\/wp-json\/wp\/v2\/types\/product"}],"wp:featuredmedia":[{"embeddable":true,"href":"https:\/\/www.erresse-shop.it\/fr\/wp-json\/wp\/v2\/media\/483275"}],"wp:attachment":[{"href":"https:\/\/www.erresse-shop.it\/fr\/wp-json\/wp\/v2\/media?parent=483270"}],"wp:term":[{"taxonomy":"product_cat","embeddable":true,"href":"https:\/\/www.erresse-shop.it\/fr\/wp-json\/wp\/v2\/product_cat?post=483270"},{"taxonomy":"product_tag","embeddable":true,"href":"https:\/\/www.erresse-shop.it\/fr\/wp-json\/wp\/v2\/product_tag?post=483270"}],"curies":[{"name":"wp","href":"https:\/\/api.w.org\/{rel}","templated":true}]}}