{"id":483074,"date":"2025-03-24T07:41:02","date_gmt":"2025-03-24T07:41:05","guid":{"rendered":"https:\/\/www.erresse-shop.it\/?post_type=product&#038;p=483074"},"modified":"2026-02-16T11:35:09","modified_gmt":"2026-02-16T11:35:09","slug":"lego-room-copenhagen-storage-brick-4-bleu-clair","status":"publish","type":"product","link":"https:\/\/www.erresse-shop.it\/fr\/shop\/ameublement-maison\/meubles\/lego-room-copenhagen-storage-brick-4-bleu-clair\/","title":{"rendered":"LEGO &#8211; ROOM COPENHAGEN Storage Brick 4 Bleu clair"},"content":{"rendered":"<p>Les fans de LEGO\u00ae peuvent ranger leurs objets avec style gr\u00e2ce \u00e0 cette brique de rangement LEGO empilable 4. Un couvercle amovible qui permet un acc\u00e8s rapide et facile \u00e0 ce qu&#8217;il y a \u00e0 l&#8217;int\u00e9rieur : jouets, briques LEGO, fournitures de bureau ou articles m\u00e9nagers, par exemple.<\/p>\n<p>Les briques de rangement embl\u00e9matiques sont disponibles dans une vari\u00e9t\u00e9 de couleurs, elles peuvent donc \u00eatre m\u00e9lang\u00e9es et empil\u00e9es pour \u00e9gayer n&#8217;importe quelle pi\u00e8ce ou bureau.<\/p>\n<ul>\n<li>Pratique et durable : ce r\u00e9cipient en plastique durable, empilable et facile \u00e0 nettoyer avec couvercle relevable peut \u00eatre utilis\u00e9 pour stocker une grande vari\u00e9t\u00e9 d&#8217;articles.<\/li>\n<li>Tout comme LEGO\u00ae \u2013 Avec 4 grandes chevilles LEGO sur le dessus, chaque brique de rangement peut \u00eatre facilement connect\u00e9e aux autres pour cr\u00e9er un syst\u00e8me de rangement empil\u00e9<\/li>\n<\/ul>\n<p>Sp\u00e9cifications du produit\u00a0:<\/p>\n<ul class=\"product__spec-list\">\n<li class=\"product__tag\">Mat\u00e9riau : polypropyl\u00e8ne (pp)<\/li>\n<li class=\"product__tag\">Garantie\u00a0: 2 ans<\/li>\n<li class=\"product__tag\">Dimensions : 24 x 24 x 18<\/li>\n<li class=\"product__tag\">Poids\u00a0: 1 kg<\/li>\n<\/ul>\n","protected":false},"excerpt":{"rendered":"<p>Les fans de LEGO\u00ae peuvent ranger leurs objets avec style gr\u00e2ce \u00e0 cette brique de rangement LEGO empilable 4. Un<\/p>\n","protected":false},"featured_media":483092,"template":"","meta":{"_acf_changed":false,"inline_featured_image":false},"product_cat":[12738,17094],"product_tag":[17133,17131],"acf":[],"yoast_head":"<!-- This site is optimized with the Yoast SEO Premium plugin v18.6 (Yoast SEO v19.13) - https:\/\/yoast.com\/wordpress\/plugins\/seo\/ -->\n<title>LEGO - ROOM COPENHAGEN Storage Brick 4 Bleu clair - Erresse Shop<\/title>\n<meta name=\"description\" content=\"Les fans de LEGO\u00ae peuvent ranger leurs objets avec style gr\u00e2ce \u00e0 cette brique de rangement LEGO empilable 4. Un couvercle amovible qui permet un acc\u00e8s\" \/>\n<meta name=\"robots\" content=\"index, follow, max-snippet:-1, max-image-preview:large, max-video-preview:-1\" \/>\n<link rel=\"canonical\" href=\"https:\/\/www.erresse-shop.it\/fr\/shop\/ameublement-maison\/meubles\/lego-room-copenhagen-storage-brick-4-bleu-clair\/\" \/>\n<meta property=\"og:locale\" content=\"fr_FR\" \/>\n<meta property=\"og:type\" content=\"article\" \/>\n<meta property=\"og:title\" content=\"LEGO - ROOM COPENHAGEN Storage Brick 4 Bleu clair\" \/>\n<meta property=\"og:description\" content=\"Les fans de LEGO\u00ae peuvent ranger leurs objets avec style gr\u00e2ce \u00e0 cette brique de rangement LEGO empilable 4. Un couvercle amovible qui permet un acc\u00e8s\" \/>\n<meta property=\"og:url\" content=\"https:\/\/www.erresse-shop.it\/fr\/shop\/ameublement-maison\/meubles\/lego-room-copenhagen-storage-brick-4-bleu-clair\/\" \/>\n<meta property=\"og:site_name\" content=\"Erresse Shop\" \/>\n<meta property=\"article:modified_time\" content=\"2026-02-16T11:35:09+00:00\" \/>\n<meta property=\"og:image\" content=\"https:\/\/www.erresse-shop.it\/wp-content\/uploads\/2025\/03\/LEGO-ROOM-COPENHAGEN-Storage-Brick-4-Azzurro.jpg\" \/>\n\t<meta property=\"og:image:width\" content=\"1200\" \/>\n\t<meta property=\"og:image:height\" content=\"1200\" \/>\n\t<meta property=\"og:image:type\" content=\"image\/jpeg\" \/>\n<meta name=\"twitter:card\" content=\"summary_large_image\" \/>\n<script type=\"application\/ld+json\" class=\"yoast-schema-graph\">{\"@context\":\"https:\/\/schema.org\",\"@graph\":[{\"@type\":\"WebPage\",\"@id\":\"https:\/\/www.erresse-shop.it\/fr\/shop\/ameublement-maison\/meubles\/lego-room-copenhagen-storage-brick-4-bleu-clair\/\",\"url\":\"https:\/\/www.erresse-shop.it\/fr\/shop\/ameublement-maison\/meubles\/lego-room-copenhagen-storage-brick-4-bleu-clair\/\",\"name\":\"LEGO - ROOM COPENHAGEN Storage Brick 4 Bleu clair - Erresse Shop\",\"isPartOf\":{\"@id\":\"https:\/\/www.erresse-shop.it\/fr\/#website\"},\"datePublished\":\"2025-03-24T07:41:05+00:00\",\"dateModified\":\"2026-02-16T11:35:09+00:00\",\"description\":\"Les fans de LEGO\u00ae peuvent ranger leurs objets avec style gr\u00e2ce \u00e0 cette brique de rangement LEGO empilable 4. Un couvercle amovible qui permet un acc\u00e8s\",\"breadcrumb\":{\"@id\":\"https:\/\/www.erresse-shop.it\/fr\/shop\/ameublement-maison\/meubles\/lego-room-copenhagen-storage-brick-4-bleu-clair\/#breadcrumb\"},\"inLanguage\":\"fr-FR\",\"potentialAction\":[{\"@type\":\"ReadAction\",\"target\":[\"https:\/\/www.erresse-shop.it\/fr\/shop\/ameublement-maison\/meubles\/lego-room-copenhagen-storage-brick-4-bleu-clair\/\"]}]},{\"@type\":\"BreadcrumbList\",\"@id\":\"https:\/\/www.erresse-shop.it\/fr\/shop\/ameublement-maison\/meubles\/lego-room-copenhagen-storage-brick-4-bleu-clair\/#breadcrumb\",\"itemListElement\":[{\"@type\":\"ListItem\",\"position\":1,\"name\":\"Home\",\"item\":\"https:\/\/www.erresse-shop.it\/fr\/\"},{\"@type\":\"ListItem\",\"position\":2,\"name\":\"Shop\",\"item\":\"https:\/\/www.erresse-shop.it\/fr\/shop\/\"},{\"@type\":\"ListItem\",\"position\":3,\"name\":\"LEGO &#8211; ROOM COPENHAGEN Storage Brick 4 Bleu clair\"}]},{\"@type\":\"WebSite\",\"@id\":\"https:\/\/www.erresse-shop.it\/fr\/#website\",\"url\":\"https:\/\/www.erresse-shop.it\/fr\/\",\"name\":\"Erresse Shop\",\"description\":\"Articoli di qualit\u00e0 per la casa\",\"potentialAction\":[{\"@type\":\"SearchAction\",\"target\":{\"@type\":\"EntryPoint\",\"urlTemplate\":\"https:\/\/www.erresse-shop.it\/fr\/?s={search_term_string}\"},\"query-input\":\"required name=search_term_string\"}],\"inLanguage\":\"fr-FR\"}]}<\/script>\n<!-- \/ Yoast SEO Premium plugin. -->","yoast_head_json":{"title":"LEGO - ROOM COPENHAGEN Storage Brick 4 Bleu clair - Erresse Shop","description":"Les fans de LEGO\u00ae peuvent ranger leurs objets avec style gr\u00e2ce \u00e0 cette brique de rangement LEGO empilable 4. Un couvercle amovible qui permet un acc\u00e8s","robots":{"index":"index","follow":"follow","max-snippet":"max-snippet:-1","max-image-preview":"max-image-preview:large","max-video-preview":"max-video-preview:-1"},"canonical":"https:\/\/www.erresse-shop.it\/fr\/shop\/ameublement-maison\/meubles\/lego-room-copenhagen-storage-brick-4-bleu-clair\/","og_locale":"fr_FR","og_type":"article","og_title":"LEGO - ROOM COPENHAGEN Storage Brick 4 Bleu clair","og_description":"Les fans de LEGO\u00ae peuvent ranger leurs objets avec style gr\u00e2ce \u00e0 cette brique de rangement LEGO empilable 4. Un couvercle amovible qui permet un acc\u00e8s","og_url":"https:\/\/www.erresse-shop.it\/fr\/shop\/ameublement-maison\/meubles\/lego-room-copenhagen-storage-brick-4-bleu-clair\/","og_site_name":"Erresse Shop","article_modified_time":"2026-02-16T11:35:09+00:00","og_image":[{"width":1200,"height":1200,"url":"https:\/\/www.erresse-shop.it\/wp-content\/uploads\/2025\/03\/LEGO-ROOM-COPENHAGEN-Storage-Brick-4-Azzurro.jpg","type":"image\/jpeg"}],"twitter_card":"summary_large_image","schema":{"@context":"https:\/\/schema.org","@graph":[{"@type":"WebPage","@id":"https:\/\/www.erresse-shop.it\/fr\/shop\/ameublement-maison\/meubles\/lego-room-copenhagen-storage-brick-4-bleu-clair\/","url":"https:\/\/www.erresse-shop.it\/fr\/shop\/ameublement-maison\/meubles\/lego-room-copenhagen-storage-brick-4-bleu-clair\/","name":"LEGO - ROOM COPENHAGEN Storage Brick 4 Bleu clair - Erresse Shop","isPartOf":{"@id":"https:\/\/www.erresse-shop.it\/fr\/#website"},"datePublished":"2025-03-24T07:41:05+00:00","dateModified":"2026-02-16T11:35:09+00:00","description":"Les fans de LEGO\u00ae peuvent ranger leurs objets avec style gr\u00e2ce \u00e0 cette brique de rangement LEGO empilable 4. Un couvercle amovible qui permet un acc\u00e8s","breadcrumb":{"@id":"https:\/\/www.erresse-shop.it\/fr\/shop\/ameublement-maison\/meubles\/lego-room-copenhagen-storage-brick-4-bleu-clair\/#breadcrumb"},"inLanguage":"fr-FR","potentialAction":[{"@type":"ReadAction","target":["https:\/\/www.erresse-shop.it\/fr\/shop\/ameublement-maison\/meubles\/lego-room-copenhagen-storage-brick-4-bleu-clair\/"]}]},{"@type":"BreadcrumbList","@id":"https:\/\/www.erresse-shop.it\/fr\/shop\/ameublement-maison\/meubles\/lego-room-copenhagen-storage-brick-4-bleu-clair\/#breadcrumb","itemListElement":[{"@type":"ListItem","position":1,"name":"Home","item":"https:\/\/www.erresse-shop.it\/fr\/"},{"@type":"ListItem","position":2,"name":"Shop","item":"https:\/\/www.erresse-shop.it\/fr\/shop\/"},{"@type":"ListItem","position":3,"name":"LEGO &#8211; ROOM COPENHAGEN Storage Brick 4 Bleu clair"}]},{"@type":"WebSite","@id":"https:\/\/www.erresse-shop.it\/fr\/#website","url":"https:\/\/www.erresse-shop.it\/fr\/","name":"Erresse Shop","description":"Articoli di qualit\u00e0 per la casa","potentialAction":[{"@type":"SearchAction","target":{"@type":"EntryPoint","urlTemplate":"https:\/\/www.erresse-shop.it\/fr\/?s={search_term_string}"},"query-input":"required name=search_term_string"}],"inLanguage":"fr-FR"}]}},"df_price":19.95,"df_sale_price":19.95,"df_regular_price":27.99,"df_image_link":"https:\/\/www.erresse-shop.it\/wp-content\/uploads\/2025\/03\/LEGO-ROOM-COPENHAGEN-Storage-Brick-4-Azzurro-300x300.jpg","_links":{"self":[{"href":"https:\/\/www.erresse-shop.it\/fr\/wp-json\/wp\/v2\/product\/483074"}],"collection":[{"href":"https:\/\/www.erresse-shop.it\/fr\/wp-json\/wp\/v2\/product"}],"about":[{"href":"https:\/\/www.erresse-shop.it\/fr\/wp-json\/wp\/v2\/types\/product"}],"wp:featuredmedia":[{"embeddable":true,"href":"https:\/\/www.erresse-shop.it\/fr\/wp-json\/wp\/v2\/media\/483092"}],"wp:attachment":[{"href":"https:\/\/www.erresse-shop.it\/fr\/wp-json\/wp\/v2\/media?parent=483074"}],"wp:term":[{"taxonomy":"product_cat","embeddable":true,"href":"https:\/\/www.erresse-shop.it\/fr\/wp-json\/wp\/v2\/product_cat?post=483074"},{"taxonomy":"product_tag","embeddable":true,"href":"https:\/\/www.erresse-shop.it\/fr\/wp-json\/wp\/v2\/product_tag?post=483074"}],"curies":[{"name":"wp","href":"https:\/\/api.w.org\/{rel}","templated":true}]}}