{"id":482895,"date":"2025-03-21T14:32:12","date_gmt":"2025-03-21T14:32:16","guid":{"rendered":"https:\/\/www.erresse-shop.it\/?post_type=product&#038;p=482895"},"modified":"2026-02-16T11:45:36","modified_gmt":"2026-02-16T11:45:36","slug":"lego-room-copenhagen-brick-drawer-4-noir","status":"publish","type":"product","link":"https:\/\/www.erresse-shop.it\/fr\/shop\/ameublement-maison\/meubles\/lego-room-copenhagen-brick-drawer-4-noir\/","title":{"rendered":"LEGO &#8211; ROOM COPENHAGEN Brick Drawer 4 Noir"},"content":{"rendered":"<p>Conteneur carr\u00e9 avec un tiroir<\/p>\n<p>Brick Drawer LEGO\u00ae est une gamme de briques color\u00e9es surdimensionn\u00e9es avec un ou plusieurs tiroirs et un design empilable.<br \/>\nParfait pour le stockage et pour gagner de l&#8217;espace dans les pi\u00e8ces. Convient \u00e0 tout type de d\u00e9coration int\u00e9rieure.<br \/>\nUn cadeau amusant pour tous les fans de LEGO.<\/p>\n<p><strong>Sp\u00e9cifications du produit :<\/strong><\/p>\n<ul class=\"product__spec-list\">\n<li class=\"product__tag\">Mat\u00e9riau : Acrylonitrile Butadi\u00e8ne Styr\u00e8ne (ABS)<\/li>\n<li class=\"product__tag\">Garantie : 2 ans<\/li>\n<li class=\"product__tag\">Dimensions : 24 x 24 x 18 cm<\/li>\n<li class=\"product__tag\">Poids : 1 kg<\/li>\n<\/ul>\n","protected":false},"excerpt":{"rendered":"<p>Conteneur carr\u00e9 avec un tiroir Brick Drawer LEGO\u00ae est une gamme de briques color\u00e9es surdimensionn\u00e9es avec un ou plusieurs tiroirs<\/p>\n","protected":false},"featured_media":482912,"template":"","meta":{"_acf_changed":false,"inline_featured_image":false},"product_cat":[12738,17094],"product_tag":[17133,17131],"acf":[],"yoast_head":"<!-- This site is optimized with the Yoast SEO Premium plugin v18.6 (Yoast SEO v19.13) - https:\/\/yoast.com\/wordpress\/plugins\/seo\/ -->\n<title>LEGO - ROOM COPENHAGEN Brick Drawer 4 Noir - Erresse Shop<\/title>\n<meta name=\"description\" content=\"Conteneur carr\u00e9 avec un tiroir Brick Drawer LEGO\u00ae est une gamme de briques color\u00e9es surdimensionn\u00e9es avec un ou plusieurs tiroirs et un design empilable.\" \/>\n<meta name=\"robots\" content=\"index, follow, max-snippet:-1, max-image-preview:large, max-video-preview:-1\" \/>\n<link rel=\"canonical\" href=\"https:\/\/www.erresse-shop.it\/fr\/shop\/ameublement-maison\/meubles\/lego-room-copenhagen-brick-drawer-4-noir\/\" \/>\n<meta property=\"og:locale\" content=\"fr_FR\" \/>\n<meta property=\"og:type\" content=\"article\" \/>\n<meta property=\"og:title\" content=\"LEGO - ROOM COPENHAGEN Brick Drawer 4 Noir\" \/>\n<meta property=\"og:description\" content=\"Conteneur carr\u00e9 avec un tiroir Brick Drawer LEGO\u00ae est une gamme de briques color\u00e9es surdimensionn\u00e9es avec un ou plusieurs tiroirs et un design empilable.\" \/>\n<meta property=\"og:url\" content=\"https:\/\/www.erresse-shop.it\/fr\/shop\/ameublement-maison\/meubles\/lego-room-copenhagen-brick-drawer-4-noir\/\" \/>\n<meta property=\"og:site_name\" content=\"Erresse Shop\" \/>\n<meta property=\"article:modified_time\" content=\"2026-02-16T11:45:36+00:00\" \/>\n<meta property=\"og:image\" content=\"https:\/\/www.erresse-shop.it\/wp-content\/uploads\/2025\/03\/LEGO-ROOM-COPENHAGEN-Brick-Drawer-4-Nero.jpg\" \/>\n\t<meta property=\"og:image:width\" content=\"1200\" \/>\n\t<meta property=\"og:image:height\" content=\"1200\" \/>\n\t<meta property=\"og:image:type\" content=\"image\/jpeg\" \/>\n<meta name=\"twitter:card\" content=\"summary_large_image\" \/>\n<script type=\"application\/ld+json\" class=\"yoast-schema-graph\">{\"@context\":\"https:\/\/schema.org\",\"@graph\":[{\"@type\":\"WebPage\",\"@id\":\"https:\/\/www.erresse-shop.it\/fr\/shop\/ameublement-maison\/meubles\/lego-room-copenhagen-brick-drawer-4-noir\/\",\"url\":\"https:\/\/www.erresse-shop.it\/fr\/shop\/ameublement-maison\/meubles\/lego-room-copenhagen-brick-drawer-4-noir\/\",\"name\":\"LEGO - ROOM COPENHAGEN Brick Drawer 4 Noir - Erresse Shop\",\"isPartOf\":{\"@id\":\"https:\/\/www.erresse-shop.it\/fr\/#website\"},\"datePublished\":\"2025-03-21T14:32:16+00:00\",\"dateModified\":\"2026-02-16T11:45:36+00:00\",\"description\":\"Conteneur carr\u00e9 avec un tiroir Brick Drawer LEGO\u00ae est une gamme de briques color\u00e9es surdimensionn\u00e9es avec un ou plusieurs tiroirs et un design empilable.\",\"breadcrumb\":{\"@id\":\"https:\/\/www.erresse-shop.it\/fr\/shop\/ameublement-maison\/meubles\/lego-room-copenhagen-brick-drawer-4-noir\/#breadcrumb\"},\"inLanguage\":\"fr-FR\",\"potentialAction\":[{\"@type\":\"ReadAction\",\"target\":[\"https:\/\/www.erresse-shop.it\/fr\/shop\/ameublement-maison\/meubles\/lego-room-copenhagen-brick-drawer-4-noir\/\"]}]},{\"@type\":\"BreadcrumbList\",\"@id\":\"https:\/\/www.erresse-shop.it\/fr\/shop\/ameublement-maison\/meubles\/lego-room-copenhagen-brick-drawer-4-noir\/#breadcrumb\",\"itemListElement\":[{\"@type\":\"ListItem\",\"position\":1,\"name\":\"Home\",\"item\":\"https:\/\/www.erresse-shop.it\/fr\/\"},{\"@type\":\"ListItem\",\"position\":2,\"name\":\"Shop\",\"item\":\"https:\/\/www.erresse-shop.it\/fr\/shop\/\"},{\"@type\":\"ListItem\",\"position\":3,\"name\":\"LEGO &#8211; ROOM COPENHAGEN Brick Drawer 4 Noir\"}]},{\"@type\":\"WebSite\",\"@id\":\"https:\/\/www.erresse-shop.it\/fr\/#website\",\"url\":\"https:\/\/www.erresse-shop.it\/fr\/\",\"name\":\"Erresse Shop\",\"description\":\"Articoli di qualit\u00e0 per la casa\",\"potentialAction\":[{\"@type\":\"SearchAction\",\"target\":{\"@type\":\"EntryPoint\",\"urlTemplate\":\"https:\/\/www.erresse-shop.it\/fr\/?s={search_term_string}\"},\"query-input\":\"required name=search_term_string\"}],\"inLanguage\":\"fr-FR\"}]}<\/script>\n<!-- \/ Yoast SEO Premium plugin. -->","yoast_head_json":{"title":"LEGO - ROOM COPENHAGEN Brick Drawer 4 Noir - Erresse Shop","description":"Conteneur carr\u00e9 avec un tiroir Brick Drawer LEGO\u00ae est une gamme de briques color\u00e9es surdimensionn\u00e9es avec un ou plusieurs tiroirs et un design empilable.","robots":{"index":"index","follow":"follow","max-snippet":"max-snippet:-1","max-image-preview":"max-image-preview:large","max-video-preview":"max-video-preview:-1"},"canonical":"https:\/\/www.erresse-shop.it\/fr\/shop\/ameublement-maison\/meubles\/lego-room-copenhagen-brick-drawer-4-noir\/","og_locale":"fr_FR","og_type":"article","og_title":"LEGO - ROOM COPENHAGEN Brick Drawer 4 Noir","og_description":"Conteneur carr\u00e9 avec un tiroir Brick Drawer LEGO\u00ae est une gamme de briques color\u00e9es surdimensionn\u00e9es avec un ou plusieurs tiroirs et un design empilable.","og_url":"https:\/\/www.erresse-shop.it\/fr\/shop\/ameublement-maison\/meubles\/lego-room-copenhagen-brick-drawer-4-noir\/","og_site_name":"Erresse Shop","article_modified_time":"2026-02-16T11:45:36+00:00","og_image":[{"width":1200,"height":1200,"url":"https:\/\/www.erresse-shop.it\/wp-content\/uploads\/2025\/03\/LEGO-ROOM-COPENHAGEN-Brick-Drawer-4-Nero.jpg","type":"image\/jpeg"}],"twitter_card":"summary_large_image","schema":{"@context":"https:\/\/schema.org","@graph":[{"@type":"WebPage","@id":"https:\/\/www.erresse-shop.it\/fr\/shop\/ameublement-maison\/meubles\/lego-room-copenhagen-brick-drawer-4-noir\/","url":"https:\/\/www.erresse-shop.it\/fr\/shop\/ameublement-maison\/meubles\/lego-room-copenhagen-brick-drawer-4-noir\/","name":"LEGO - ROOM COPENHAGEN Brick Drawer 4 Noir - Erresse Shop","isPartOf":{"@id":"https:\/\/www.erresse-shop.it\/fr\/#website"},"datePublished":"2025-03-21T14:32:16+00:00","dateModified":"2026-02-16T11:45:36+00:00","description":"Conteneur carr\u00e9 avec un tiroir Brick Drawer LEGO\u00ae est une gamme de briques color\u00e9es surdimensionn\u00e9es avec un ou plusieurs tiroirs et un design empilable.","breadcrumb":{"@id":"https:\/\/www.erresse-shop.it\/fr\/shop\/ameublement-maison\/meubles\/lego-room-copenhagen-brick-drawer-4-noir\/#breadcrumb"},"inLanguage":"fr-FR","potentialAction":[{"@type":"ReadAction","target":["https:\/\/www.erresse-shop.it\/fr\/shop\/ameublement-maison\/meubles\/lego-room-copenhagen-brick-drawer-4-noir\/"]}]},{"@type":"BreadcrumbList","@id":"https:\/\/www.erresse-shop.it\/fr\/shop\/ameublement-maison\/meubles\/lego-room-copenhagen-brick-drawer-4-noir\/#breadcrumb","itemListElement":[{"@type":"ListItem","position":1,"name":"Home","item":"https:\/\/www.erresse-shop.it\/fr\/"},{"@type":"ListItem","position":2,"name":"Shop","item":"https:\/\/www.erresse-shop.it\/fr\/shop\/"},{"@type":"ListItem","position":3,"name":"LEGO &#8211; ROOM COPENHAGEN Brick Drawer 4 Noir"}]},{"@type":"WebSite","@id":"https:\/\/www.erresse-shop.it\/fr\/#website","url":"https:\/\/www.erresse-shop.it\/fr\/","name":"Erresse Shop","description":"Articoli di qualit\u00e0 per la casa","potentialAction":[{"@type":"SearchAction","target":{"@type":"EntryPoint","urlTemplate":"https:\/\/www.erresse-shop.it\/fr\/?s={search_term_string}"},"query-input":"required name=search_term_string"}],"inLanguage":"fr-FR"}]}},"df_price":26.95,"df_sale_price":26.95,"df_regular_price":37.99,"df_image_link":"https:\/\/www.erresse-shop.it\/wp-content\/uploads\/2025\/03\/LEGO-ROOM-COPENHAGEN-Brick-Drawer-4-Nero-300x300.jpg","_links":{"self":[{"href":"https:\/\/www.erresse-shop.it\/fr\/wp-json\/wp\/v2\/product\/482895"}],"collection":[{"href":"https:\/\/www.erresse-shop.it\/fr\/wp-json\/wp\/v2\/product"}],"about":[{"href":"https:\/\/www.erresse-shop.it\/fr\/wp-json\/wp\/v2\/types\/product"}],"wp:featuredmedia":[{"embeddable":true,"href":"https:\/\/www.erresse-shop.it\/fr\/wp-json\/wp\/v2\/media\/482912"}],"wp:attachment":[{"href":"https:\/\/www.erresse-shop.it\/fr\/wp-json\/wp\/v2\/media?parent=482895"}],"wp:term":[{"taxonomy":"product_cat","embeddable":true,"href":"https:\/\/www.erresse-shop.it\/fr\/wp-json\/wp\/v2\/product_cat?post=482895"},{"taxonomy":"product_tag","embeddable":true,"href":"https:\/\/www.erresse-shop.it\/fr\/wp-json\/wp\/v2\/product_tag?post=482895"}],"curies":[{"name":"wp","href":"https:\/\/api.w.org\/{rel}","templated":true}]}}