{"id":482875,"date":"2025-03-21T14:22:38","date_gmt":"2025-03-21T14:22:52","guid":{"rendered":"https:\/\/www.erresse-shop.it\/?post_type=product&#038;p=482875"},"modified":"2026-02-16T11:48:56","modified_gmt":"2026-02-16T11:48:56","slug":"lego-room-copenhagen-desk-drawer-8-blanc","status":"publish","type":"product","link":"https:\/\/www.erresse-shop.it\/fr\/shop\/ameublement-maison\/meubles\/lego-room-copenhagen-desk-drawer-8-blanc\/","title":{"rendered":"LEGO &#8211; ROOM COPENHAGEN Desk Drawer 8 Blanc"},"content":{"rendered":"<div class=\"metafield-rich_text_field\"><\/div>\n<div class=\"product__description-formated \">\n<div class=\"metafield-rich_text_field\">\n<div class=\"product__description-text\">Organisateur de bureau rectangulaire en forme de brique LEGO, id\u00e9al pour organiser le bureau ou pour ranger les chambres des enfants.<\/div>\n<p>Tous les fans de LEGO\u00ae adoreront ce tiroir de bureau LEGO Iconic 8-Stud. La grande brique de style LEGO est une d\u00e9coration color\u00e9e pour la chambre et offre un espace de rangement portable. Et si un seul tiroir ne suffit pas, il suffit d&#8217;en ajouter d&#8217;autres similaires en utilisant les grandes briques LEGO. Parfait pour ranger des fournitures de bureau, des petits jouets et, bien s\u00fbr, des briques LEGO !<\/p>\n<p>Tiroir individuel \u00e0 acc\u00e8s facile contenu dans une bo\u00eete en plastique r\u00e9sistante en forme de brique LEGO\u00ae rouge 2&#215;4.<br \/>\nD&#8217;autres tiroirs de bureau LEGO\u00ae sont disponibles dans diff\u00e9rentes tailles et couleurs. Reliez-les ensemble en utilisant les 8 grandes briques LEGO sur la surface sup\u00e9rieure.<\/p>\n<\/div>\n<\/div>\n<p><strong>Sp\u00e9cifications du produit :<\/strong><\/p>\n<ul class=\"product__spec-list\">\n<li class=\"product__tag\">Mat\u00e9riau : Polypropyl\u00e8ne (PP)<\/li>\n<li class=\"product__tag\">Dimensions : 11 x 31 x 15 cm<\/li>\n<li>Poids : 2 kg<\/li>\n<\/ul>\n","protected":false},"excerpt":{"rendered":"<p>Organisateur de bureau rectangulaire en forme de brique LEGO, id\u00e9al pour organiser le bureau ou pour ranger les chambres des<\/p>\n","protected":false},"featured_media":482886,"template":"","meta":{"_acf_changed":false,"inline_featured_image":false},"product_cat":[12738,17094],"product_tag":[17133,17131],"acf":[],"yoast_head":"<!-- This site is optimized with the Yoast SEO Premium plugin v18.6 (Yoast SEO v19.13) - https:\/\/yoast.com\/wordpress\/plugins\/seo\/ -->\n<title>LEGO - ROOM COPENHAGEN Desk Drawer 8 Blanc - Erresse Shop<\/title>\n<meta name=\"description\" content=\"Organisateur de bureau rectangulaire en forme de brique LEGO, id\u00e9al pour organiser le bureau ou pour ranger les chambres des enfants. Tous les fans de\" \/>\n<meta name=\"robots\" content=\"index, follow, max-snippet:-1, max-image-preview:large, max-video-preview:-1\" \/>\n<link rel=\"canonical\" href=\"https:\/\/www.erresse-shop.it\/fr\/shop\/ameublement-maison\/meubles\/lego-room-copenhagen-desk-drawer-8-blanc\/\" \/>\n<meta property=\"og:locale\" content=\"fr_FR\" \/>\n<meta property=\"og:type\" content=\"article\" \/>\n<meta property=\"og:title\" content=\"LEGO - ROOM COPENHAGEN Desk Drawer 8 Blanc\" \/>\n<meta property=\"og:description\" content=\"Organisateur de bureau rectangulaire en forme de brique LEGO, id\u00e9al pour organiser le bureau ou pour ranger les chambres des enfants. Tous les fans de\" \/>\n<meta property=\"og:url\" content=\"https:\/\/www.erresse-shop.it\/fr\/shop\/ameublement-maison\/meubles\/lego-room-copenhagen-desk-drawer-8-blanc\/\" \/>\n<meta property=\"og:site_name\" content=\"Erresse Shop\" \/>\n<meta property=\"article:modified_time\" content=\"2026-02-16T11:48:56+00:00\" \/>\n<meta property=\"og:image\" content=\"https:\/\/www.erresse-shop.it\/wp-content\/uploads\/2025\/03\/LEGO-ROOM-COPENHAGEN-Desk-Drawer-8-Bianco.jpg\" \/>\n\t<meta property=\"og:image:width\" content=\"1200\" \/>\n\t<meta property=\"og:image:height\" content=\"1200\" \/>\n\t<meta property=\"og:image:type\" content=\"image\/jpeg\" \/>\n<meta name=\"twitter:card\" content=\"summary_large_image\" \/>\n<script type=\"application\/ld+json\" class=\"yoast-schema-graph\">{\"@context\":\"https:\/\/schema.org\",\"@graph\":[{\"@type\":\"WebPage\",\"@id\":\"https:\/\/www.erresse-shop.it\/fr\/shop\/ameublement-maison\/meubles\/lego-room-copenhagen-desk-drawer-8-blanc\/\",\"url\":\"https:\/\/www.erresse-shop.it\/fr\/shop\/ameublement-maison\/meubles\/lego-room-copenhagen-desk-drawer-8-blanc\/\",\"name\":\"LEGO - ROOM COPENHAGEN Desk Drawer 8 Blanc - Erresse Shop\",\"isPartOf\":{\"@id\":\"https:\/\/www.erresse-shop.it\/fr\/#website\"},\"datePublished\":\"2025-03-21T14:22:52+00:00\",\"dateModified\":\"2026-02-16T11:48:56+00:00\",\"description\":\"Organisateur de bureau rectangulaire en forme de brique LEGO, id\u00e9al pour organiser le bureau ou pour ranger les chambres des enfants. Tous les fans de\",\"breadcrumb\":{\"@id\":\"https:\/\/www.erresse-shop.it\/fr\/shop\/ameublement-maison\/meubles\/lego-room-copenhagen-desk-drawer-8-blanc\/#breadcrumb\"},\"inLanguage\":\"fr-FR\",\"potentialAction\":[{\"@type\":\"ReadAction\",\"target\":[\"https:\/\/www.erresse-shop.it\/fr\/shop\/ameublement-maison\/meubles\/lego-room-copenhagen-desk-drawer-8-blanc\/\"]}]},{\"@type\":\"BreadcrumbList\",\"@id\":\"https:\/\/www.erresse-shop.it\/fr\/shop\/ameublement-maison\/meubles\/lego-room-copenhagen-desk-drawer-8-blanc\/#breadcrumb\",\"itemListElement\":[{\"@type\":\"ListItem\",\"position\":1,\"name\":\"Home\",\"item\":\"https:\/\/www.erresse-shop.it\/fr\/\"},{\"@type\":\"ListItem\",\"position\":2,\"name\":\"Shop\",\"item\":\"https:\/\/www.erresse-shop.it\/fr\/shop\/\"},{\"@type\":\"ListItem\",\"position\":3,\"name\":\"LEGO &#8211; ROOM COPENHAGEN Desk Drawer 8 Blanc\"}]},{\"@type\":\"WebSite\",\"@id\":\"https:\/\/www.erresse-shop.it\/fr\/#website\",\"url\":\"https:\/\/www.erresse-shop.it\/fr\/\",\"name\":\"Erresse Shop\",\"description\":\"Articoli di qualit\u00e0 per la casa\",\"potentialAction\":[{\"@type\":\"SearchAction\",\"target\":{\"@type\":\"EntryPoint\",\"urlTemplate\":\"https:\/\/www.erresse-shop.it\/fr\/?s={search_term_string}\"},\"query-input\":\"required name=search_term_string\"}],\"inLanguage\":\"fr-FR\"}]}<\/script>\n<!-- \/ Yoast SEO Premium plugin. -->","yoast_head_json":{"title":"LEGO - ROOM COPENHAGEN Desk Drawer 8 Blanc - Erresse Shop","description":"Organisateur de bureau rectangulaire en forme de brique LEGO, id\u00e9al pour organiser le bureau ou pour ranger les chambres des enfants. Tous les fans de","robots":{"index":"index","follow":"follow","max-snippet":"max-snippet:-1","max-image-preview":"max-image-preview:large","max-video-preview":"max-video-preview:-1"},"canonical":"https:\/\/www.erresse-shop.it\/fr\/shop\/ameublement-maison\/meubles\/lego-room-copenhagen-desk-drawer-8-blanc\/","og_locale":"fr_FR","og_type":"article","og_title":"LEGO - ROOM COPENHAGEN Desk Drawer 8 Blanc","og_description":"Organisateur de bureau rectangulaire en forme de brique LEGO, id\u00e9al pour organiser le bureau ou pour ranger les chambres des enfants. Tous les fans de","og_url":"https:\/\/www.erresse-shop.it\/fr\/shop\/ameublement-maison\/meubles\/lego-room-copenhagen-desk-drawer-8-blanc\/","og_site_name":"Erresse Shop","article_modified_time":"2026-02-16T11:48:56+00:00","og_image":[{"width":1200,"height":1200,"url":"https:\/\/www.erresse-shop.it\/wp-content\/uploads\/2025\/03\/LEGO-ROOM-COPENHAGEN-Desk-Drawer-8-Bianco.jpg","type":"image\/jpeg"}],"twitter_card":"summary_large_image","schema":{"@context":"https:\/\/schema.org","@graph":[{"@type":"WebPage","@id":"https:\/\/www.erresse-shop.it\/fr\/shop\/ameublement-maison\/meubles\/lego-room-copenhagen-desk-drawer-8-blanc\/","url":"https:\/\/www.erresse-shop.it\/fr\/shop\/ameublement-maison\/meubles\/lego-room-copenhagen-desk-drawer-8-blanc\/","name":"LEGO - ROOM COPENHAGEN Desk Drawer 8 Blanc - Erresse Shop","isPartOf":{"@id":"https:\/\/www.erresse-shop.it\/fr\/#website"},"datePublished":"2025-03-21T14:22:52+00:00","dateModified":"2026-02-16T11:48:56+00:00","description":"Organisateur de bureau rectangulaire en forme de brique LEGO, id\u00e9al pour organiser le bureau ou pour ranger les chambres des enfants. Tous les fans de","breadcrumb":{"@id":"https:\/\/www.erresse-shop.it\/fr\/shop\/ameublement-maison\/meubles\/lego-room-copenhagen-desk-drawer-8-blanc\/#breadcrumb"},"inLanguage":"fr-FR","potentialAction":[{"@type":"ReadAction","target":["https:\/\/www.erresse-shop.it\/fr\/shop\/ameublement-maison\/meubles\/lego-room-copenhagen-desk-drawer-8-blanc\/"]}]},{"@type":"BreadcrumbList","@id":"https:\/\/www.erresse-shop.it\/fr\/shop\/ameublement-maison\/meubles\/lego-room-copenhagen-desk-drawer-8-blanc\/#breadcrumb","itemListElement":[{"@type":"ListItem","position":1,"name":"Home","item":"https:\/\/www.erresse-shop.it\/fr\/"},{"@type":"ListItem","position":2,"name":"Shop","item":"https:\/\/www.erresse-shop.it\/fr\/shop\/"},{"@type":"ListItem","position":3,"name":"LEGO &#8211; ROOM COPENHAGEN Desk Drawer 8 Blanc"}]},{"@type":"WebSite","@id":"https:\/\/www.erresse-shop.it\/fr\/#website","url":"https:\/\/www.erresse-shop.it\/fr\/","name":"Erresse Shop","description":"Articoli di qualit\u00e0 per la casa","potentialAction":[{"@type":"SearchAction","target":{"@type":"EntryPoint","urlTemplate":"https:\/\/www.erresse-shop.it\/fr\/?s={search_term_string}"},"query-input":"required name=search_term_string"}],"inLanguage":"fr-FR"}]}},"df_price":13.495,"df_sale_price":13.495,"df_regular_price":26.99,"df_image_link":"https:\/\/www.erresse-shop.it\/wp-content\/uploads\/2025\/03\/LEGO-ROOM-COPENHAGEN-Desk-Drawer-8-Bianco-300x300.jpg","_links":{"self":[{"href":"https:\/\/www.erresse-shop.it\/fr\/wp-json\/wp\/v2\/product\/482875"}],"collection":[{"href":"https:\/\/www.erresse-shop.it\/fr\/wp-json\/wp\/v2\/product"}],"about":[{"href":"https:\/\/www.erresse-shop.it\/fr\/wp-json\/wp\/v2\/types\/product"}],"wp:featuredmedia":[{"embeddable":true,"href":"https:\/\/www.erresse-shop.it\/fr\/wp-json\/wp\/v2\/media\/482886"}],"wp:attachment":[{"href":"https:\/\/www.erresse-shop.it\/fr\/wp-json\/wp\/v2\/media?parent=482875"}],"wp:term":[{"taxonomy":"product_cat","embeddable":true,"href":"https:\/\/www.erresse-shop.it\/fr\/wp-json\/wp\/v2\/product_cat?post=482875"},{"taxonomy":"product_tag","embeddable":true,"href":"https:\/\/www.erresse-shop.it\/fr\/wp-json\/wp\/v2\/product_tag?post=482875"}],"curies":[{"name":"wp","href":"https:\/\/api.w.org\/{rel}","templated":true}]}}