{"id":482793,"date":"2025-03-21T13:30:57","date_gmt":"2025-03-21T13:31:19","guid":{"rendered":"https:\/\/www.erresse-shop.it\/?post_type=product&#038;p=482793"},"modified":"2026-02-16T11:56:41","modified_gmt":"2026-02-16T11:56:41","slug":"lego-room-copenhagen-brick-drawer-8-jaune","status":"publish","type":"product","link":"https:\/\/www.erresse-shop.it\/fr\/shop\/ameublement-maison\/meubles\/lego-room-copenhagen-brick-drawer-8-jaune\/","title":{"rendered":"LEGO &#8211; ROOM COPENHAGEN Brick Drawer 8 Jaune"},"content":{"rendered":"<div class=\"metafield-rich_text_field\">\n<p>Conteneur rectangulaire avec deux tiroirs<\/p>\n<p><span style=\"font-size: 14pt;\"><strong>Le cadeau parfait pour tous les passionn\u00e9s de LEGO<\/strong><\/span><\/p>\n<\/div>\n<div class=\"product__description-formated \">\n<div class=\"metafield-rich_text_field\">\n<p>La gamme Brick Drawer LEGO est con\u00e7ue pour transformer l&#8217;organisation quotidienne en une exp\u00e9rience unique et ludique. Ces briques color\u00e9es, surdimensionn\u00e9es et empilables, sont dot\u00e9es de tiroirs pratiques qui facilitent encore plus le rangement d&#8217;objets de mani\u00e8re ordonn\u00e9e et cr\u00e9ative.<\/p>\n<p><strong>Tiroirs fonctionnels et design intelligent<\/strong><\/p>\n<p>Chaque Brick Drawer LEGO est con\u00e7u avec un ou plusieurs tiroirs pour offrir une praticit\u00e9 maximale. Id\u00e9als pour ranger de petits objets, des accessoires ou du mat\u00e9riel cr\u00e9atif, ces contenants s&#8217;adaptent parfaitement aux chambres d&#8217;enfants ainsi qu&#8217;aux espaces de travail pour adultes.<\/p>\n<p><strong>Meubles polyvalents pour tous les environnements<\/strong><\/p>\n<p>Gr\u00e2ce \u00e0 leur design iconique et \u00e0 la vari\u00e9t\u00e9 de couleurs disponibles, les Brick Drawers LEGO s&#8217;int\u00e8grent harmonieusement dans n&#8217;importe quel environnement. De la chambre d&#8217;enfants au bureau, ils apportent une touche de dynamisme et de personnalit\u00e9, rendant chaque espace plus accueillant et organis\u00e9.<\/p>\n<p><strong>Organisez vos espaces avec le style color\u00e9 et amusant de LEGO<\/strong><\/p>\n<p>Si vous cherchez une id\u00e9e de cadeau originale, les Brick Drawers LEGO sont le choix id\u00e9al. Pratiques, ludiques et inspir\u00e9s du style classique de LEGO, ils s\u00e9duisent aussi bien les enfants que les adultes passionn\u00e9s de constructions.<\/p>\n<\/div>\n<div class=\"metafield-rich_text_field\">\n<p><strong>Ordre et cr\u00e9ativit\u00e9 dans un seul conteneur<\/strong><\/p>\n<p>Avec les Brick Drawers LEGO, l&#8217;organisation n&#8217;a jamais \u00e9t\u00e9 aussi simple et originale. D\u00e9couvrez comment ces briques pratiques peuvent vous aider \u00e0 garder tout en ordre tout en ajoutant une touche de couleur et de cr\u00e9ativit\u00e9 \u00e0 votre maison ou votre bureau.<\/p>\n<\/div>\n<\/div>\n<p><strong>Sp\u00e9cifications du produit :<\/strong><\/p>\n<ul class=\"product__spec-list\">\n<li class=\"product__tag\">Capacit\u00e9 : 9,4 l<\/li>\n<li class=\"product__tag\">Mat\u00e9riau : Acrylonitrile Butadi\u00e8ne Styr\u00e8ne (ABS)<\/li>\n<li class=\"product__tag\">Garantie : 2 ans<\/li>\n<li class=\"product__tag\">Dimensions : 50 x 25 x 18 cm<\/li>\n<li class=\"product__tag\">Poids : 2 kg<\/li>\n<\/ul>\n","protected":false},"excerpt":{"rendered":"<p>Conteneur rectangulaire avec deux tiroirs Le cadeau parfait pour tous les passionn\u00e9s de LEGO La gamme Brick Drawer LEGO est<\/p>\n","protected":false},"featured_media":482810,"template":"","meta":{"_acf_changed":false,"inline_featured_image":false},"product_cat":[12738,17094],"product_tag":[17133,17131],"acf":[],"yoast_head":"<!-- This site is optimized with the Yoast SEO Premium plugin v18.6 (Yoast SEO v19.13) - https:\/\/yoast.com\/wordpress\/plugins\/seo\/ -->\n<title>LEGO - ROOM COPENHAGEN Brick Drawer 8 Jaune - Erresse Shop<\/title>\n<meta name=\"description\" content=\"Conteneur rectangulaire avec deux tiroirs Le cadeau parfait pour tous les passionn\u00e9s de LEGO La gamme Brick Drawer LEGO est con\u00e7ue pour transformer\" \/>\n<meta name=\"robots\" content=\"index, follow, max-snippet:-1, max-image-preview:large, max-video-preview:-1\" \/>\n<link rel=\"canonical\" href=\"https:\/\/www.erresse-shop.it\/fr\/shop\/ameublement-maison\/meubles\/lego-room-copenhagen-brick-drawer-8-jaune\/\" \/>\n<meta property=\"og:locale\" content=\"fr_FR\" \/>\n<meta property=\"og:type\" content=\"article\" \/>\n<meta property=\"og:title\" content=\"LEGO - ROOM COPENHAGEN Brick Drawer 8 Jaune\" \/>\n<meta property=\"og:description\" content=\"Conteneur rectangulaire avec deux tiroirs Le cadeau parfait pour tous les passionn\u00e9s de LEGO La gamme Brick Drawer LEGO est con\u00e7ue pour transformer\" \/>\n<meta property=\"og:url\" content=\"https:\/\/www.erresse-shop.it\/fr\/shop\/ameublement-maison\/meubles\/lego-room-copenhagen-brick-drawer-8-jaune\/\" \/>\n<meta property=\"og:site_name\" content=\"Erresse Shop\" \/>\n<meta property=\"article:modified_time\" content=\"2026-02-16T11:56:41+00:00\" \/>\n<meta property=\"og:image\" content=\"https:\/\/www.erresse-shop.it\/wp-content\/uploads\/2025\/03\/LEGO-ROOM-COPENHAGEN-Brick-Drawer-8-Yellow.jpg\" \/>\n\t<meta property=\"og:image:width\" content=\"1200\" \/>\n\t<meta property=\"og:image:height\" content=\"1200\" \/>\n\t<meta property=\"og:image:type\" content=\"image\/jpeg\" \/>\n<meta name=\"twitter:card\" content=\"summary_large_image\" \/>\n<script type=\"application\/ld+json\" class=\"yoast-schema-graph\">{\"@context\":\"https:\/\/schema.org\",\"@graph\":[{\"@type\":\"WebPage\",\"@id\":\"https:\/\/www.erresse-shop.it\/fr\/shop\/ameublement-maison\/meubles\/lego-room-copenhagen-brick-drawer-8-jaune\/\",\"url\":\"https:\/\/www.erresse-shop.it\/fr\/shop\/ameublement-maison\/meubles\/lego-room-copenhagen-brick-drawer-8-jaune\/\",\"name\":\"LEGO - ROOM COPENHAGEN Brick Drawer 8 Jaune - Erresse Shop\",\"isPartOf\":{\"@id\":\"https:\/\/www.erresse-shop.it\/fr\/#website\"},\"datePublished\":\"2025-03-21T13:31:19+00:00\",\"dateModified\":\"2026-02-16T11:56:41+00:00\",\"description\":\"Conteneur rectangulaire avec deux tiroirs Le cadeau parfait pour tous les passionn\u00e9s de LEGO La gamme Brick Drawer LEGO est con\u00e7ue pour transformer\",\"breadcrumb\":{\"@id\":\"https:\/\/www.erresse-shop.it\/fr\/shop\/ameublement-maison\/meubles\/lego-room-copenhagen-brick-drawer-8-jaune\/#breadcrumb\"},\"inLanguage\":\"fr-FR\",\"potentialAction\":[{\"@type\":\"ReadAction\",\"target\":[\"https:\/\/www.erresse-shop.it\/fr\/shop\/ameublement-maison\/meubles\/lego-room-copenhagen-brick-drawer-8-jaune\/\"]}]},{\"@type\":\"BreadcrumbList\",\"@id\":\"https:\/\/www.erresse-shop.it\/fr\/shop\/ameublement-maison\/meubles\/lego-room-copenhagen-brick-drawer-8-jaune\/#breadcrumb\",\"itemListElement\":[{\"@type\":\"ListItem\",\"position\":1,\"name\":\"Home\",\"item\":\"https:\/\/www.erresse-shop.it\/fr\/\"},{\"@type\":\"ListItem\",\"position\":2,\"name\":\"Shop\",\"item\":\"https:\/\/www.erresse-shop.it\/fr\/shop\/\"},{\"@type\":\"ListItem\",\"position\":3,\"name\":\"LEGO &#8211; ROOM COPENHAGEN Brick Drawer 8 Jaune\"}]},{\"@type\":\"WebSite\",\"@id\":\"https:\/\/www.erresse-shop.it\/fr\/#website\",\"url\":\"https:\/\/www.erresse-shop.it\/fr\/\",\"name\":\"Erresse Shop\",\"description\":\"Articoli di qualit\u00e0 per la casa\",\"potentialAction\":[{\"@type\":\"SearchAction\",\"target\":{\"@type\":\"EntryPoint\",\"urlTemplate\":\"https:\/\/www.erresse-shop.it\/fr\/?s={search_term_string}\"},\"query-input\":\"required name=search_term_string\"}],\"inLanguage\":\"fr-FR\"}]}<\/script>\n<!-- \/ Yoast SEO Premium plugin. -->","yoast_head_json":{"title":"LEGO - ROOM COPENHAGEN Brick Drawer 8 Jaune - Erresse Shop","description":"Conteneur rectangulaire avec deux tiroirs Le cadeau parfait pour tous les passionn\u00e9s de LEGO La gamme Brick Drawer LEGO est con\u00e7ue pour transformer","robots":{"index":"index","follow":"follow","max-snippet":"max-snippet:-1","max-image-preview":"max-image-preview:large","max-video-preview":"max-video-preview:-1"},"canonical":"https:\/\/www.erresse-shop.it\/fr\/shop\/ameublement-maison\/meubles\/lego-room-copenhagen-brick-drawer-8-jaune\/","og_locale":"fr_FR","og_type":"article","og_title":"LEGO - ROOM COPENHAGEN Brick Drawer 8 Jaune","og_description":"Conteneur rectangulaire avec deux tiroirs Le cadeau parfait pour tous les passionn\u00e9s de LEGO La gamme Brick Drawer LEGO est con\u00e7ue pour transformer","og_url":"https:\/\/www.erresse-shop.it\/fr\/shop\/ameublement-maison\/meubles\/lego-room-copenhagen-brick-drawer-8-jaune\/","og_site_name":"Erresse Shop","article_modified_time":"2026-02-16T11:56:41+00:00","og_image":[{"width":1200,"height":1200,"url":"https:\/\/www.erresse-shop.it\/wp-content\/uploads\/2025\/03\/LEGO-ROOM-COPENHAGEN-Brick-Drawer-8-Yellow.jpg","type":"image\/jpeg"}],"twitter_card":"summary_large_image","schema":{"@context":"https:\/\/schema.org","@graph":[{"@type":"WebPage","@id":"https:\/\/www.erresse-shop.it\/fr\/shop\/ameublement-maison\/meubles\/lego-room-copenhagen-brick-drawer-8-jaune\/","url":"https:\/\/www.erresse-shop.it\/fr\/shop\/ameublement-maison\/meubles\/lego-room-copenhagen-brick-drawer-8-jaune\/","name":"LEGO - ROOM COPENHAGEN Brick Drawer 8 Jaune - Erresse Shop","isPartOf":{"@id":"https:\/\/www.erresse-shop.it\/fr\/#website"},"datePublished":"2025-03-21T13:31:19+00:00","dateModified":"2026-02-16T11:56:41+00:00","description":"Conteneur rectangulaire avec deux tiroirs Le cadeau parfait pour tous les passionn\u00e9s de LEGO La gamme Brick Drawer LEGO est con\u00e7ue pour transformer","breadcrumb":{"@id":"https:\/\/www.erresse-shop.it\/fr\/shop\/ameublement-maison\/meubles\/lego-room-copenhagen-brick-drawer-8-jaune\/#breadcrumb"},"inLanguage":"fr-FR","potentialAction":[{"@type":"ReadAction","target":["https:\/\/www.erresse-shop.it\/fr\/shop\/ameublement-maison\/meubles\/lego-room-copenhagen-brick-drawer-8-jaune\/"]}]},{"@type":"BreadcrumbList","@id":"https:\/\/www.erresse-shop.it\/fr\/shop\/ameublement-maison\/meubles\/lego-room-copenhagen-brick-drawer-8-jaune\/#breadcrumb","itemListElement":[{"@type":"ListItem","position":1,"name":"Home","item":"https:\/\/www.erresse-shop.it\/fr\/"},{"@type":"ListItem","position":2,"name":"Shop","item":"https:\/\/www.erresse-shop.it\/fr\/shop\/"},{"@type":"ListItem","position":3,"name":"LEGO &#8211; ROOM COPENHAGEN Brick Drawer 8 Jaune"}]},{"@type":"WebSite","@id":"https:\/\/www.erresse-shop.it\/fr\/#website","url":"https:\/\/www.erresse-shop.it\/fr\/","name":"Erresse Shop","description":"Articoli di qualit\u00e0 per la casa","potentialAction":[{"@type":"SearchAction","target":{"@type":"EntryPoint","urlTemplate":"https:\/\/www.erresse-shop.it\/fr\/?s={search_term_string}"},"query-input":"required name=search_term_string"}],"inLanguage":"fr-FR"}]}},"df_price":29.995,"df_sale_price":29.995,"df_regular_price":59.99,"df_image_link":"https:\/\/www.erresse-shop.it\/wp-content\/uploads\/2025\/03\/LEGO-ROOM-COPENHAGEN-Brick-Drawer-8-Yellow-300x300.jpg","_links":{"self":[{"href":"https:\/\/www.erresse-shop.it\/fr\/wp-json\/wp\/v2\/product\/482793"}],"collection":[{"href":"https:\/\/www.erresse-shop.it\/fr\/wp-json\/wp\/v2\/product"}],"about":[{"href":"https:\/\/www.erresse-shop.it\/fr\/wp-json\/wp\/v2\/types\/product"}],"wp:featuredmedia":[{"embeddable":true,"href":"https:\/\/www.erresse-shop.it\/fr\/wp-json\/wp\/v2\/media\/482810"}],"wp:attachment":[{"href":"https:\/\/www.erresse-shop.it\/fr\/wp-json\/wp\/v2\/media?parent=482793"}],"wp:term":[{"taxonomy":"product_cat","embeddable":true,"href":"https:\/\/www.erresse-shop.it\/fr\/wp-json\/wp\/v2\/product_cat?post=482793"},{"taxonomy":"product_tag","embeddable":true,"href":"https:\/\/www.erresse-shop.it\/fr\/wp-json\/wp\/v2\/product_tag?post=482793"}],"curies":[{"name":"wp","href":"https:\/\/api.w.org\/{rel}","templated":true}]}}