{"id":482490,"date":"2025-03-21T09:03:33","date_gmt":"2025-03-21T09:03:36","guid":{"rendered":"https:\/\/www.erresse-shop.it\/?post_type=product&#038;p=482490"},"modified":"2026-02-17T09:37:37","modified_gmt":"2026-02-17T09:37:37","slug":"outdoorchef-minichef-barbecue-a-gaz-420-g","status":"publish","type":"product","link":"https:\/\/www.erresse-shop.it\/fr\/shop\/petits-electromenagers\/grilles-et-barbecues\/outdoorchef-minichef-barbecue-a-gaz-420-g\/","title":{"rendered":"Outdoorchef Minichef Barbecue \u00e0 gaz 420 G"},"content":{"rendered":"<div class=\"product__description-formated product__description-formated--multiuso\">\n<div class=\"metafield-rich_text_field\">\n<div class=\"product__description-formated product__description-formated--multiuso\">\n<div class=\"metafield-rich_text_field\">\n<div class=\"metafield-rich_text_field\">\n<div class=\"metafield-rich_text_field\">\n<p><strong>Le barbecue compact parfait pour toutes les occasions<\/strong><br \/>\nLe barbecue \u00e0 gaz Outdoorchef Minichef 420 est la solution id\u00e9ale pour ceux qui recherchent un appareil compact sans compromettre la qualit\u00e9 de la cuisson. Gr\u00e2ce \u00e0 son design sph\u00e9rique et \u00e0 sa temp\u00e9rature r\u00e9glable entre 180\u00b0C et 340\u00b0C, il permet de pr\u00e9parer des steaks tendres, des hamburgers juteux, du poisson raffin\u00e9 et des l\u00e9gumes savoureux, ainsi que des desserts, du pain et de la pizza.<\/p>\n<p><strong>Extensible pour une polyvalence sans limites<\/strong><br \/>\nBien que de taille r\u00e9duite, ce barbecue peut \u00eatre \u00e9largi avec la Minichef Station, une base stable qui le rend encore plus pratique et adapt\u00e9 \u00e0 tous les besoins culinaires. Parfait pour ceux qui veulent une solution flexible, il est l&#8217;alli\u00e9 id\u00e9al pour les balcons, terrasses et petits espaces ext\u00e9rieurs.<\/p>\n<p><strong>Mat\u00e9riaux de qualit\u00e9 pour une longue durabilit\u00e9<\/strong><br \/>\nFabriqu\u00e9 en porcelaine r\u00e9sistante, le Minichef 420 est con\u00e7u pour garantir une longue dur\u00e9e de vie et des performances excellentes. La puissance de la sph\u00e8re du br\u00fbleur, de 4,3 kW, assure une cuisson uniforme et optimale pour tous les plats.<\/p>\n<p><strong>Facilit\u00e9 de nettoyage et d&#8217;entretien<\/strong><br \/>\nL&#8217;un des points forts de ce barbecue est son syst\u00e8me de tr\u00e9mie pratique, qui simplifie le nettoyage en \u00e9vitant l&#8217;accumulation de graisse et de r\u00e9sidus alimentaires. Gr\u00e2ce \u00e0 cette technologie, l&#8217;entretien est rapide et efficace, vous permettant de consacrer plus de temps au plaisir du barbecue.<\/p>\n<p><strong>Taille compacte et praticit\u00e9 maximale<\/strong><br \/>\nAvec un diam\u00e8tre de grille de 39,5 cm et un poids de seulement 13,8 kg, le Minichef 420 est facile \u00e0 transporter et \u00e0 positionner. Sa taille compacte le rend parfait pour ceux qui recherchent un barbecue de qualit\u00e9 sans occuper trop d&#8217;espace, tout en offrant des performances \u00e9lev\u00e9es \u00e0 chaque occasion.<\/p>\n<\/div>\n<div class=\"metafield-rich_text_field\">\n<p><strong>Caract\u00e9ristiques techniques<\/strong><\/p>\n<ul>\n<li>180-340 \u00b0C pour des steaks tendres, des hamburgers juteux, du poisson raffin\u00e9, des l\u00e9gumes d\u00e9licieux, ainsi que des desserts, du pain et de la pizza<\/li>\n<li>Extensible \u00e0 volont\u00e9 avec la Minichef Station (base stable)<\/li>\n<li>Nettoyage facile et rapide gr\u00e2ce au syst\u00e8me de tr\u00e9mie pratique<\/li>\n<li>Mat\u00e9riaux de haute qualit\u00e9 et construction robuste<\/li>\n<\/ul>\n<\/div>\n<\/div>\n<\/div>\n<\/div>\n<\/div>\n<div class=\"metafield-rich_text_field\">\n<p data-start=\"654\" data-end=\"689\"><span style=\"font-size: 14pt;\"><strong data-start=\"654\" data-end=\"689\">Dimensions :<\/strong><\/span><\/p>\n<ul data-start=\"692\" data-end=\"871\">\n<li data-start=\"578\" data-end=\"596\">Largeur : 43 cm<\/li>\n<li data-start=\"597\" data-end=\"613\">Hauteur : 78 cm<\/li>\n<li data-start=\"614\" data-end=\"633\">Profondeur : 53 cm<\/li>\n<\/ul>\n<\/div>\n<\/div>\n","protected":false},"excerpt":{"rendered":"<p>Le barbecue compact parfait pour toutes les occasions Le barbecue \u00e0 gaz Outdoorchef Minichef 420 est la solution id\u00e9ale pour<\/p>\n","protected":false},"featured_media":482507,"template":"","meta":{"_acf_changed":false,"inline_featured_image":false},"product_cat":[13383,12449],"product_tag":[25181,13384,25021,23631,12858,13269,24603,22514],"acf":[],"yoast_head":"<!-- This site is optimized with the Yoast SEO Premium plugin v18.6 (Yoast SEO v19.13) - https:\/\/yoast.com\/wordpress\/plugins\/seo\/ -->\n<title>Outdoorchef Minichef Barbecue \u00e0 gaz 420 G - Erresse Shop<\/title>\n<meta name=\"description\" content=\"Le barbecue compact parfait pour toutes les occasions Le barbecue \u00e0 gaz Outdoorchef Minichef 420 est la solution id\u00e9ale pour ceux qui recherchent un\" \/>\n<meta name=\"robots\" content=\"index, follow, max-snippet:-1, max-image-preview:large, max-video-preview:-1\" \/>\n<link rel=\"canonical\" href=\"https:\/\/www.erresse-shop.it\/fr\/shop\/petits-electromenagers\/grilles-et-barbecues\/outdoorchef-minichef-barbecue-a-gaz-420-g\/\" \/>\n<meta property=\"og:locale\" content=\"fr_FR\" \/>\n<meta property=\"og:type\" content=\"article\" \/>\n<meta property=\"og:title\" content=\"Outdoorchef Minichef Barbecue \u00e0 gaz 420 G\" \/>\n<meta property=\"og:description\" content=\"Le barbecue compact parfait pour toutes les occasions Le barbecue \u00e0 gaz Outdoorchef Minichef 420 est la solution id\u00e9ale pour ceux qui recherchent un\" \/>\n<meta property=\"og:url\" content=\"https:\/\/www.erresse-shop.it\/fr\/shop\/petits-electromenagers\/grilles-et-barbecues\/outdoorchef-minichef-barbecue-a-gaz-420-g\/\" \/>\n<meta property=\"og:site_name\" content=\"Erresse Shop\" \/>\n<meta property=\"article:modified_time\" content=\"2026-02-17T09:37:37+00:00\" \/>\n<meta property=\"og:image\" content=\"https:\/\/www.erresse-shop.it\/wp-content\/uploads\/2025\/03\/Outdoorchef-Minichef-Barbecue-a-Gas-420-G.jpg\" \/>\n\t<meta property=\"og:image:width\" content=\"1200\" \/>\n\t<meta property=\"og:image:height\" content=\"1200\" \/>\n\t<meta property=\"og:image:type\" content=\"image\/jpeg\" \/>\n<meta name=\"twitter:card\" content=\"summary_large_image\" \/>\n<script type=\"application\/ld+json\" class=\"yoast-schema-graph\">{\"@context\":\"https:\/\/schema.org\",\"@graph\":[{\"@type\":\"WebPage\",\"@id\":\"https:\/\/www.erresse-shop.it\/fr\/shop\/petits-electromenagers\/grilles-et-barbecues\/outdoorchef-minichef-barbecue-a-gaz-420-g\/\",\"url\":\"https:\/\/www.erresse-shop.it\/fr\/shop\/petits-electromenagers\/grilles-et-barbecues\/outdoorchef-minichef-barbecue-a-gaz-420-g\/\",\"name\":\"Outdoorchef Minichef Barbecue \u00e0 gaz 420 G - Erresse Shop\",\"isPartOf\":{\"@id\":\"https:\/\/www.erresse-shop.it\/fr\/#website\"},\"datePublished\":\"2025-03-21T09:03:36+00:00\",\"dateModified\":\"2026-02-17T09:37:37+00:00\",\"description\":\"Le barbecue compact parfait pour toutes les occasions Le barbecue \u00e0 gaz Outdoorchef Minichef 420 est la solution id\u00e9ale pour ceux qui recherchent un\",\"breadcrumb\":{\"@id\":\"https:\/\/www.erresse-shop.it\/fr\/shop\/petits-electromenagers\/grilles-et-barbecues\/outdoorchef-minichef-barbecue-a-gaz-420-g\/#breadcrumb\"},\"inLanguage\":\"fr-FR\",\"potentialAction\":[{\"@type\":\"ReadAction\",\"target\":[\"https:\/\/www.erresse-shop.it\/fr\/shop\/petits-electromenagers\/grilles-et-barbecues\/outdoorchef-minichef-barbecue-a-gaz-420-g\/\"]}]},{\"@type\":\"BreadcrumbList\",\"@id\":\"https:\/\/www.erresse-shop.it\/fr\/shop\/petits-electromenagers\/grilles-et-barbecues\/outdoorchef-minichef-barbecue-a-gaz-420-g\/#breadcrumb\",\"itemListElement\":[{\"@type\":\"ListItem\",\"position\":1,\"name\":\"Home\",\"item\":\"https:\/\/www.erresse-shop.it\/fr\/\"},{\"@type\":\"ListItem\",\"position\":2,\"name\":\"Shop\",\"item\":\"https:\/\/www.erresse-shop.it\/fr\/shop\/\"},{\"@type\":\"ListItem\",\"position\":3,\"name\":\"Outdoorchef Minichef Barbecue \u00e0 gaz 420 G\"}]},{\"@type\":\"WebSite\",\"@id\":\"https:\/\/www.erresse-shop.it\/fr\/#website\",\"url\":\"https:\/\/www.erresse-shop.it\/fr\/\",\"name\":\"Erresse Shop\",\"description\":\"Articoli di qualit\u00e0 per la casa\",\"potentialAction\":[{\"@type\":\"SearchAction\",\"target\":{\"@type\":\"EntryPoint\",\"urlTemplate\":\"https:\/\/www.erresse-shop.it\/fr\/?s={search_term_string}\"},\"query-input\":\"required name=search_term_string\"}],\"inLanguage\":\"fr-FR\"}]}<\/script>\n<!-- \/ Yoast SEO Premium plugin. -->","yoast_head_json":{"title":"Outdoorchef Minichef Barbecue \u00e0 gaz 420 G - Erresse Shop","description":"Le barbecue compact parfait pour toutes les occasions Le barbecue \u00e0 gaz Outdoorchef Minichef 420 est la solution id\u00e9ale pour ceux qui recherchent un","robots":{"index":"index","follow":"follow","max-snippet":"max-snippet:-1","max-image-preview":"max-image-preview:large","max-video-preview":"max-video-preview:-1"},"canonical":"https:\/\/www.erresse-shop.it\/fr\/shop\/petits-electromenagers\/grilles-et-barbecues\/outdoorchef-minichef-barbecue-a-gaz-420-g\/","og_locale":"fr_FR","og_type":"article","og_title":"Outdoorchef Minichef Barbecue \u00e0 gaz 420 G","og_description":"Le barbecue compact parfait pour toutes les occasions Le barbecue \u00e0 gaz Outdoorchef Minichef 420 est la solution id\u00e9ale pour ceux qui recherchent un","og_url":"https:\/\/www.erresse-shop.it\/fr\/shop\/petits-electromenagers\/grilles-et-barbecues\/outdoorchef-minichef-barbecue-a-gaz-420-g\/","og_site_name":"Erresse Shop","article_modified_time":"2026-02-17T09:37:37+00:00","og_image":[{"width":1200,"height":1200,"url":"https:\/\/www.erresse-shop.it\/wp-content\/uploads\/2025\/03\/Outdoorchef-Minichef-Barbecue-a-Gas-420-G.jpg","type":"image\/jpeg"}],"twitter_card":"summary_large_image","schema":{"@context":"https:\/\/schema.org","@graph":[{"@type":"WebPage","@id":"https:\/\/www.erresse-shop.it\/fr\/shop\/petits-electromenagers\/grilles-et-barbecues\/outdoorchef-minichef-barbecue-a-gaz-420-g\/","url":"https:\/\/www.erresse-shop.it\/fr\/shop\/petits-electromenagers\/grilles-et-barbecues\/outdoorchef-minichef-barbecue-a-gaz-420-g\/","name":"Outdoorchef Minichef Barbecue \u00e0 gaz 420 G - Erresse Shop","isPartOf":{"@id":"https:\/\/www.erresse-shop.it\/fr\/#website"},"datePublished":"2025-03-21T09:03:36+00:00","dateModified":"2026-02-17T09:37:37+00:00","description":"Le barbecue compact parfait pour toutes les occasions Le barbecue \u00e0 gaz Outdoorchef Minichef 420 est la solution id\u00e9ale pour ceux qui recherchent un","breadcrumb":{"@id":"https:\/\/www.erresse-shop.it\/fr\/shop\/petits-electromenagers\/grilles-et-barbecues\/outdoorchef-minichef-barbecue-a-gaz-420-g\/#breadcrumb"},"inLanguage":"fr-FR","potentialAction":[{"@type":"ReadAction","target":["https:\/\/www.erresse-shop.it\/fr\/shop\/petits-electromenagers\/grilles-et-barbecues\/outdoorchef-minichef-barbecue-a-gaz-420-g\/"]}]},{"@type":"BreadcrumbList","@id":"https:\/\/www.erresse-shop.it\/fr\/shop\/petits-electromenagers\/grilles-et-barbecues\/outdoorchef-minichef-barbecue-a-gaz-420-g\/#breadcrumb","itemListElement":[{"@type":"ListItem","position":1,"name":"Home","item":"https:\/\/www.erresse-shop.it\/fr\/"},{"@type":"ListItem","position":2,"name":"Shop","item":"https:\/\/www.erresse-shop.it\/fr\/shop\/"},{"@type":"ListItem","position":3,"name":"Outdoorchef Minichef Barbecue \u00e0 gaz 420 G"}]},{"@type":"WebSite","@id":"https:\/\/www.erresse-shop.it\/fr\/#website","url":"https:\/\/www.erresse-shop.it\/fr\/","name":"Erresse Shop","description":"Articoli di qualit\u00e0 per la casa","potentialAction":[{"@type":"SearchAction","target":{"@type":"EntryPoint","urlTemplate":"https:\/\/www.erresse-shop.it\/fr\/?s={search_term_string}"},"query-input":"required name=search_term_string"}],"inLanguage":"fr-FR"}]}},"df_price":229,"df_sale_price":229,"df_regular_price":399,"df_image_link":"https:\/\/www.erresse-shop.it\/wp-content\/uploads\/2025\/03\/Outdoorchef-Minichef-Barbecue-a-Gas-420-G-300x300.jpg","_links":{"self":[{"href":"https:\/\/www.erresse-shop.it\/fr\/wp-json\/wp\/v2\/product\/482490"}],"collection":[{"href":"https:\/\/www.erresse-shop.it\/fr\/wp-json\/wp\/v2\/product"}],"about":[{"href":"https:\/\/www.erresse-shop.it\/fr\/wp-json\/wp\/v2\/types\/product"}],"wp:featuredmedia":[{"embeddable":true,"href":"https:\/\/www.erresse-shop.it\/fr\/wp-json\/wp\/v2\/media\/482507"}],"wp:attachment":[{"href":"https:\/\/www.erresse-shop.it\/fr\/wp-json\/wp\/v2\/media?parent=482490"}],"wp:term":[{"taxonomy":"product_cat","embeddable":true,"href":"https:\/\/www.erresse-shop.it\/fr\/wp-json\/wp\/v2\/product_cat?post=482490"},{"taxonomy":"product_tag","embeddable":true,"href":"https:\/\/www.erresse-shop.it\/fr\/wp-json\/wp\/v2\/product_tag?post=482490"}],"curies":[{"name":"wp","href":"https:\/\/api.w.org\/{rel}","templated":true}]}}