{"id":482463,"date":"2025-03-21T08:49:13","date_gmt":"2025-03-21T08:49:17","guid":{"rendered":"https:\/\/www.erresse-shop.it\/?post_type=product&#038;p=482463"},"modified":"2026-02-17T09:40:34","modified_gmt":"2026-02-17T09:40:34","slug":"outdoorchef-chelsea-barbecue-a-gaz-420-g-black","status":"publish","type":"product","link":"https:\/\/www.erresse-shop.it\/fr\/shop\/petits-electromenagers\/grilles-et-barbecues\/outdoorchef-chelsea-barbecue-a-gaz-420-g-black\/","title":{"rendered":"Outdoorchef Chelsea Barbecue \u00e0 gaz 420 G Black"},"content":{"rendered":"<div class=\"product__description-formated product__description-formated--multiuso\">\n<div class=\"metafield-rich_text_field\">\n<div class=\"product__description-formated product__description-formated--multiuso\">\n<div class=\"metafield-rich_text_field\">\n<div class=\"metafield-rich_text_field\">\n<p><strong>Compact, puissant, portable<\/strong><br \/>\nLe barbecue \u00e0 gaz Outdoorchef Chelsea 420G Black est le choix parfait pour ceux qui recherchent un appareil compact sans compromettre la qualit\u00e9 de la cuisson. Gr\u00e2ce \u00e0 son design sph\u00e9rique et \u00e0 sa temp\u00e9rature r\u00e9glable entre 180\u00b0C et 340\u00b0C, il permet de cuire parfaitement des steaks, des hamburgers, du poisson, des l\u00e9gumes et m\u00eame des desserts, du pain et des pizzas.<\/p>\n<p><strong>Montage et d\u00e9montage simples et intuitifs<\/strong><br \/>\nCe mod\u00e8le est \u00e9quip\u00e9 d\u2019un syst\u00e8me de montage pratique pour le tr\u00e9pied, permettant un montage et un d\u00e9montage rapides et sans tracas. Parfait pour ceux qui aiment la praticit\u00e9, il peut \u00eatre facilement transport\u00e9 et rang\u00e9, ce qui le rend id\u00e9al pour les balcons, terrasses et petits jardins.<\/p>\n<p><strong>Mat\u00e9riaux de haute qualit\u00e9 pour une longue dur\u00e9e de vie<\/strong><br \/>\nFabriqu\u00e9 en porcelaine r\u00e9sistante, le Chelsea 420G Black est con\u00e7u pour durer dans le temps. La qualit\u00e9 des mat\u00e9riaux et la robustesse de la fabrication garantissent une exp\u00e9rience de cuisson toujours excellente, avec un br\u00fbleur de 4,3 kW assurant une r\u00e9partition uniforme de la chaleur.<\/p>\n<p><strong>Nettoyage facile avec le syst\u00e8me \u00e0 entonnoir<\/strong><br \/>\nGr\u00e2ce au syst\u00e8me pratique \u00e0 entonnoir, le nettoyage devient une op\u00e9ration simple et rapide. Ce syst\u00e8me innovant \u00e9vite l&#8217;accumulation de graisse et facilite l&#8217;entretien, vous permettant de vous concentrer uniquement sur le plaisir de la cuisson.<\/p>\n<p><strong>Design compact et fonctionnel<\/strong><br \/>\nAvec un diam\u00e8tre de grille de 39,5 cm et un poids de seulement 9,5 kg, le Chelsea 420G Black est facile \u00e0 transporter et parfait pour ceux qui recherchent un barbecue pratique et performant. Ses dimensions compactes le rendent id\u00e9al pour ceux qui souhaitent une exp\u00e9rience de cuisson professionnelle, m\u00eame dans des espaces r\u00e9duits.<\/p>\n<\/div>\n<div class=\"metafield-rich_text_field\">\n<p><strong>Caract\u00e9ristiques techniques<\/strong><\/p>\n<ul>\n<li>180-340 \u00b0C pour des steaks tendres, des hamburgers juteux, du poisson d\u00e9licat, des l\u00e9gumes savoureux et m\u00eame des desserts, du pain et des pizzas<\/li>\n<li>Montage et d\u00e9montage rapides gr\u00e2ce au syst\u00e8me pratique de montage du tr\u00e9pied<\/li>\n<li>Nettoyage facile et rapide gr\u00e2ce au syst\u00e8me pratique \u00e0 entonnoir<\/li>\n<li>Mat\u00e9riaux de haute qualit\u00e9, fabrication robuste<\/li>\n<\/ul>\n<\/div>\n<\/div>\n<\/div>\n<\/div>\n<div class=\"metafield-rich_text_field\">\n<p data-start=\"654\" data-end=\"689\"><span style=\"font-size: 14pt;\"><strong data-start=\"654\" data-end=\"689\">Dimensions :<\/strong><\/span><\/p>\n<ul data-start=\"692\" data-end=\"871\">\n<li data-start=\"578\" data-end=\"596\">Largeur : 63 cm<\/li>\n<li data-start=\"597\" data-end=\"613\">Hauteur : 94 cm<\/li>\n<li data-start=\"614\" data-end=\"633\">Profondeur : 67 cm<\/li>\n<\/ul>\n<\/div>\n<\/div>\n","protected":false},"excerpt":{"rendered":"<p>Compact, puissant, portable Le barbecue \u00e0 gaz Outdoorchef Chelsea 420G Black est le choix parfait pour ceux qui recherchent un<\/p>\n","protected":false},"featured_media":482480,"template":"","meta":{"_acf_changed":false,"inline_featured_image":false},"product_cat":[13383,12449],"product_tag":[25181,13384,25021,23631,12858,13269,24603,22514],"acf":[],"yoast_head":"<!-- This site is optimized with the Yoast SEO Premium plugin v18.6 (Yoast SEO v19.13) - https:\/\/yoast.com\/wordpress\/plugins\/seo\/ -->\n<title>Outdoorchef Chelsea Barbecue \u00e0 gaz 420 G Black - Erresse Shop<\/title>\n<meta name=\"description\" content=\"Compact, puissant, portable Le barbecue \u00e0 gaz Outdoorchef Chelsea 420G Black est le choix parfait pour ceux qui recherchent un appareil compact sans\" \/>\n<meta name=\"robots\" content=\"index, follow, max-snippet:-1, max-image-preview:large, max-video-preview:-1\" \/>\n<link rel=\"canonical\" href=\"https:\/\/www.erresse-shop.it\/fr\/shop\/petits-electromenagers\/grilles-et-barbecues\/outdoorchef-chelsea-barbecue-a-gaz-420-g-black\/\" \/>\n<meta property=\"og:locale\" content=\"fr_FR\" \/>\n<meta property=\"og:type\" content=\"article\" \/>\n<meta property=\"og:title\" content=\"Outdoorchef Chelsea Barbecue \u00e0 gaz 420 G Black\" \/>\n<meta property=\"og:description\" content=\"Compact, puissant, portable Le barbecue \u00e0 gaz Outdoorchef Chelsea 420G Black est le choix parfait pour ceux qui recherchent un appareil compact sans\" \/>\n<meta property=\"og:url\" content=\"https:\/\/www.erresse-shop.it\/fr\/shop\/petits-electromenagers\/grilles-et-barbecues\/outdoorchef-chelsea-barbecue-a-gaz-420-g-black\/\" \/>\n<meta property=\"og:site_name\" content=\"Erresse Shop\" \/>\n<meta property=\"article:modified_time\" content=\"2026-02-17T09:40:34+00:00\" \/>\n<meta property=\"og:image\" content=\"https:\/\/www.erresse-shop.it\/wp-content\/uploads\/2025\/03\/Outdoorchef-Chelsea-Barbecue-a-Gas-420-G-Black.jpg\" \/>\n\t<meta property=\"og:image:width\" content=\"1200\" \/>\n\t<meta property=\"og:image:height\" content=\"1200\" \/>\n\t<meta property=\"og:image:type\" content=\"image\/jpeg\" \/>\n<meta name=\"twitter:card\" content=\"summary_large_image\" \/>\n<script type=\"application\/ld+json\" class=\"yoast-schema-graph\">{\"@context\":\"https:\/\/schema.org\",\"@graph\":[{\"@type\":\"WebPage\",\"@id\":\"https:\/\/www.erresse-shop.it\/fr\/shop\/petits-electromenagers\/grilles-et-barbecues\/outdoorchef-chelsea-barbecue-a-gaz-420-g-black\/\",\"url\":\"https:\/\/www.erresse-shop.it\/fr\/shop\/petits-electromenagers\/grilles-et-barbecues\/outdoorchef-chelsea-barbecue-a-gaz-420-g-black\/\",\"name\":\"Outdoorchef Chelsea Barbecue \u00e0 gaz 420 G Black - Erresse Shop\",\"isPartOf\":{\"@id\":\"https:\/\/www.erresse-shop.it\/fr\/#website\"},\"datePublished\":\"2025-03-21T08:49:17+00:00\",\"dateModified\":\"2026-02-17T09:40:34+00:00\",\"description\":\"Compact, puissant, portable Le barbecue \u00e0 gaz Outdoorchef Chelsea 420G Black est le choix parfait pour ceux qui recherchent un appareil compact sans\",\"breadcrumb\":{\"@id\":\"https:\/\/www.erresse-shop.it\/fr\/shop\/petits-electromenagers\/grilles-et-barbecues\/outdoorchef-chelsea-barbecue-a-gaz-420-g-black\/#breadcrumb\"},\"inLanguage\":\"fr-FR\",\"potentialAction\":[{\"@type\":\"ReadAction\",\"target\":[\"https:\/\/www.erresse-shop.it\/fr\/shop\/petits-electromenagers\/grilles-et-barbecues\/outdoorchef-chelsea-barbecue-a-gaz-420-g-black\/\"]}]},{\"@type\":\"BreadcrumbList\",\"@id\":\"https:\/\/www.erresse-shop.it\/fr\/shop\/petits-electromenagers\/grilles-et-barbecues\/outdoorchef-chelsea-barbecue-a-gaz-420-g-black\/#breadcrumb\",\"itemListElement\":[{\"@type\":\"ListItem\",\"position\":1,\"name\":\"Home\",\"item\":\"https:\/\/www.erresse-shop.it\/fr\/\"},{\"@type\":\"ListItem\",\"position\":2,\"name\":\"Shop\",\"item\":\"https:\/\/www.erresse-shop.it\/fr\/shop\/\"},{\"@type\":\"ListItem\",\"position\":3,\"name\":\"Outdoorchef Chelsea Barbecue \u00e0 gaz 420 G Black\"}]},{\"@type\":\"WebSite\",\"@id\":\"https:\/\/www.erresse-shop.it\/fr\/#website\",\"url\":\"https:\/\/www.erresse-shop.it\/fr\/\",\"name\":\"Erresse Shop\",\"description\":\"Articoli di qualit\u00e0 per la casa\",\"potentialAction\":[{\"@type\":\"SearchAction\",\"target\":{\"@type\":\"EntryPoint\",\"urlTemplate\":\"https:\/\/www.erresse-shop.it\/fr\/?s={search_term_string}\"},\"query-input\":\"required name=search_term_string\"}],\"inLanguage\":\"fr-FR\"}]}<\/script>\n<!-- \/ Yoast SEO Premium plugin. -->","yoast_head_json":{"title":"Outdoorchef Chelsea Barbecue \u00e0 gaz 420 G Black - Erresse Shop","description":"Compact, puissant, portable Le barbecue \u00e0 gaz Outdoorchef Chelsea 420G Black est le choix parfait pour ceux qui recherchent un appareil compact sans","robots":{"index":"index","follow":"follow","max-snippet":"max-snippet:-1","max-image-preview":"max-image-preview:large","max-video-preview":"max-video-preview:-1"},"canonical":"https:\/\/www.erresse-shop.it\/fr\/shop\/petits-electromenagers\/grilles-et-barbecues\/outdoorchef-chelsea-barbecue-a-gaz-420-g-black\/","og_locale":"fr_FR","og_type":"article","og_title":"Outdoorchef Chelsea Barbecue \u00e0 gaz 420 G Black","og_description":"Compact, puissant, portable Le barbecue \u00e0 gaz Outdoorchef Chelsea 420G Black est le choix parfait pour ceux qui recherchent un appareil compact sans","og_url":"https:\/\/www.erresse-shop.it\/fr\/shop\/petits-electromenagers\/grilles-et-barbecues\/outdoorchef-chelsea-barbecue-a-gaz-420-g-black\/","og_site_name":"Erresse Shop","article_modified_time":"2026-02-17T09:40:34+00:00","og_image":[{"width":1200,"height":1200,"url":"https:\/\/www.erresse-shop.it\/wp-content\/uploads\/2025\/03\/Outdoorchef-Chelsea-Barbecue-a-Gas-420-G-Black.jpg","type":"image\/jpeg"}],"twitter_card":"summary_large_image","schema":{"@context":"https:\/\/schema.org","@graph":[{"@type":"WebPage","@id":"https:\/\/www.erresse-shop.it\/fr\/shop\/petits-electromenagers\/grilles-et-barbecues\/outdoorchef-chelsea-barbecue-a-gaz-420-g-black\/","url":"https:\/\/www.erresse-shop.it\/fr\/shop\/petits-electromenagers\/grilles-et-barbecues\/outdoorchef-chelsea-barbecue-a-gaz-420-g-black\/","name":"Outdoorchef Chelsea Barbecue \u00e0 gaz 420 G Black - Erresse Shop","isPartOf":{"@id":"https:\/\/www.erresse-shop.it\/fr\/#website"},"datePublished":"2025-03-21T08:49:17+00:00","dateModified":"2026-02-17T09:40:34+00:00","description":"Compact, puissant, portable Le barbecue \u00e0 gaz Outdoorchef Chelsea 420G Black est le choix parfait pour ceux qui recherchent un appareil compact sans","breadcrumb":{"@id":"https:\/\/www.erresse-shop.it\/fr\/shop\/petits-electromenagers\/grilles-et-barbecues\/outdoorchef-chelsea-barbecue-a-gaz-420-g-black\/#breadcrumb"},"inLanguage":"fr-FR","potentialAction":[{"@type":"ReadAction","target":["https:\/\/www.erresse-shop.it\/fr\/shop\/petits-electromenagers\/grilles-et-barbecues\/outdoorchef-chelsea-barbecue-a-gaz-420-g-black\/"]}]},{"@type":"BreadcrumbList","@id":"https:\/\/www.erresse-shop.it\/fr\/shop\/petits-electromenagers\/grilles-et-barbecues\/outdoorchef-chelsea-barbecue-a-gaz-420-g-black\/#breadcrumb","itemListElement":[{"@type":"ListItem","position":1,"name":"Home","item":"https:\/\/www.erresse-shop.it\/fr\/"},{"@type":"ListItem","position":2,"name":"Shop","item":"https:\/\/www.erresse-shop.it\/fr\/shop\/"},{"@type":"ListItem","position":3,"name":"Outdoorchef Chelsea Barbecue \u00e0 gaz 420 G Black"}]},{"@type":"WebSite","@id":"https:\/\/www.erresse-shop.it\/fr\/#website","url":"https:\/\/www.erresse-shop.it\/fr\/","name":"Erresse Shop","description":"Articoli di qualit\u00e0 per la casa","potentialAction":[{"@type":"SearchAction","target":{"@type":"EntryPoint","urlTemplate":"https:\/\/www.erresse-shop.it\/fr\/?s={search_term_string}"},"query-input":"required name=search_term_string"}],"inLanguage":"fr-FR"}]}},"df_price":226.85,"df_sale_price":226.85,"df_regular_price":349,"df_image_link":"https:\/\/www.erresse-shop.it\/wp-content\/uploads\/2025\/03\/Outdoorchef-Chelsea-Barbecue-a-Gas-420-G-Black-300x300.jpg","_links":{"self":[{"href":"https:\/\/www.erresse-shop.it\/fr\/wp-json\/wp\/v2\/product\/482463"}],"collection":[{"href":"https:\/\/www.erresse-shop.it\/fr\/wp-json\/wp\/v2\/product"}],"about":[{"href":"https:\/\/www.erresse-shop.it\/fr\/wp-json\/wp\/v2\/types\/product"}],"wp:featuredmedia":[{"embeddable":true,"href":"https:\/\/www.erresse-shop.it\/fr\/wp-json\/wp\/v2\/media\/482480"}],"wp:attachment":[{"href":"https:\/\/www.erresse-shop.it\/fr\/wp-json\/wp\/v2\/media?parent=482463"}],"wp:term":[{"taxonomy":"product_cat","embeddable":true,"href":"https:\/\/www.erresse-shop.it\/fr\/wp-json\/wp\/v2\/product_cat?post=482463"},{"taxonomy":"product_tag","embeddable":true,"href":"https:\/\/www.erresse-shop.it\/fr\/wp-json\/wp\/v2\/product_tag?post=482463"}],"curies":[{"name":"wp","href":"https:\/\/api.w.org\/{rel}","templated":true}]}}