{"id":482427,"date":"2025-03-21T08:17:18","date_gmt":"2025-03-21T08:17:22","guid":{"rendered":"https:\/\/www.erresse-shop.it\/?post_type=product&#038;p=482427"},"modified":"2025-03-21T08:39:56","modified_gmt":"2025-03-21T08:39:56","slug":"outdoorchef-minichef-barbecue-electrique-420-e-copia","status":"publish","type":"product","link":"https:\/\/www.erresse-shop.it\/fr\/shop\/petits-electromenagers\/grilles-et-barbecues\/outdoorchef-minichef-barbecue-electrique-420-e-copia\/","title":{"rendered":"Outdoorchef Ambri Barbecue \u00e0 gaz 480 G Evo"},"content":{"rendered":"<div class=\"product__description-formated product__description-formated--multiuso\">\n<div class=\"metafield-rich_text_field\">\n<div class=\"product__description-formated product__description-formated--multiuso\">\n<div class=\"metafield-rich_text_field\">\n<p><strong>Le design iconique et r\u00e9volutionnaire sph\u00e9rique revisit\u00e9<\/strong><\/p>\n<p>Le barbecue \u00e0 gaz Outdoorchef Ambri 480 G Evo est la solution parfaite pour ceux qui recherchent un appareil puissant et pratique. Avec une temp\u00e9rature r\u00e9glable entre 180\u00b0C et 340\u00b0C, il permet de cuire facilement des steaks juteux, des hamburgers, du poisson, des l\u00e9gumes et m\u00eame des desserts, du pain et des pizzas.<\/p>\n<p><strong>Design intelligent avec espace suppl\u00e9mentaire<\/strong><\/p>\n<p>Gr\u00e2ce \u00e0 sa grande surface de travail, l&#8217;Ambri 480 G Evo offre suffisamment d&#8217;espace pour deux plats, rendant la pr\u00e9paration des aliments plus pratique. De plus, il peut \u00eatre \u00e9tendu avec un kit de support pratique pour ranger la pierre \u00e0 pizza, la grille et la bouteille de gaz, gardant tout en ordre.<\/p>\n<p><strong>Mat\u00e9riaux de haute qualit\u00e9 pour une longue dur\u00e9e de vie<\/strong><\/p>\n<p>Fabriqu\u00e9 avec une combinaison d&#8217;acier inoxydable et de porcelaine, ce barbecue garantit r\u00e9sistance et durabilit\u00e9 au fil du temps. Sa fabrication robuste assure une excellente stabilit\u00e9 et une r\u00e9partition uniforme de la chaleur gr\u00e2ce \u00e0 son puissant br\u00fbleur de 5,8 kW.<\/p>\n<p><strong>Syst\u00e8me \u00e0 entonnoir pour un nettoyage sans tracas<\/strong><\/p>\n<p>Le syst\u00e8me \u00e0 entonnoir pratique facilite le nettoyage et pr\u00e9vient la formation de graisses, \u00e9vitant ainsi la fum\u00e9e et les flammes ind\u00e9sirables. Ce m\u00e9canisme innovant garantit un entretien facile et une cuisson toujours optimale.<\/p>\n<p><strong>Compact mais spacieux<\/strong><\/p>\n<p>Avec une grille de 54 cm de diam\u00e8tre et un poids de seulement 19,2 kg, l&#8217;Ambri 480 G Evo est facile \u00e0 positionner et \u00e0 d\u00e9placer. Parfait pour les jardins, les terrasses et les balcons, il offre tout le n\u00e9cessaire pour un barbecue parfait avec une grande praticit\u00e9.<\/p>\n<\/div>\n<div class=\"metafield-rich_text_field\">\n<p><strong>Caract\u00e9ristiques techniques<\/strong><\/p>\n<ul>\n<li>180-340 \u00b0C pour des steaks tendres, des hamburgers juteux, du poisson d\u00e9licat, des l\u00e9gumes savoureux et m\u00eame des desserts, du pain et des pizzas<\/li>\n<li>Extensible au choix avec un kit de support pour ranger facilement la pierre \u00e0 pizza, la grille et la bouteille de gaz<\/li>\n<li>Nettoyage facile et rapide gr\u00e2ce au syst\u00e8me \u00e0 entonnoir pratique<\/li>\n<li>Haute qualit\u00e9 des mat\u00e9riaux, fabrication robuste<\/li>\n<li>Grande surface de travail avec espace pour deux plats<\/li>\n<\/ul>\n<\/div>\n<\/div>\n<\/div>\n<div class=\"metafield-rich_text_field\">\n<p data-start=\"654\" data-end=\"689\"><span style=\"font-size: 14pt;\"><strong data-start=\"654\" data-end=\"689\">Dimensions :<\/strong><\/span><\/p>\n<ul data-start=\"692\" data-end=\"871\">\n<li data-start=\"578\" data-end=\"596\">Largeur : 57 cm<\/li>\n<li data-start=\"597\" data-end=\"613\">Hauteur : 100 cm<\/li>\n<li data-start=\"614\" data-end=\"633\">Profondeur : 83 cm<\/li>\n<\/ul>\n<\/div>\n<\/div>\n","protected":false},"excerpt":{"rendered":"<p>Le design iconique et r\u00e9volutionnaire sph\u00e9rique revisit\u00e9 Le barbecue \u00e0 gaz Outdoorchef Ambri 480 G Evo est la solution parfaite<\/p>\n","protected":false},"featured_media":482451,"template":"","meta":{"_acf_changed":false,"inline_featured_image":false},"product_cat":[13383,12449],"product_tag":[25181,13384,25021,23631,12858,13269,24603,22514],"acf":[],"yoast_head":"<!-- This site is optimized with the Yoast SEO Premium plugin v18.6 (Yoast SEO v19.13) - https:\/\/yoast.com\/wordpress\/plugins\/seo\/ -->\n<title>Outdoorchef Ambri Barbecue \u00e0 gaz 480 G Evo - Erresse Shop<\/title>\n<meta name=\"description\" content=\"Le design iconique et r\u00e9volutionnaire sph\u00e9rique revisit\u00e9 Le barbecue \u00e0 gaz Outdoorchef Ambri 480 G Evo est la solution parfaite pour ceux qui recherchent\" \/>\n<meta name=\"robots\" content=\"index, follow, max-snippet:-1, max-image-preview:large, max-video-preview:-1\" \/>\n<link rel=\"canonical\" href=\"https:\/\/www.erresse-shop.it\/fr\/shop\/petits-electromenagers\/grilles-et-barbecues\/outdoorchef-minichef-barbecue-electrique-420-e-copia\/\" \/>\n<meta property=\"og:locale\" content=\"fr_FR\" \/>\n<meta property=\"og:type\" content=\"article\" \/>\n<meta property=\"og:title\" content=\"Outdoorchef Ambri Barbecue \u00e0 gaz 480 G Evo\" \/>\n<meta property=\"og:description\" content=\"Le design iconique et r\u00e9volutionnaire sph\u00e9rique revisit\u00e9 Le barbecue \u00e0 gaz Outdoorchef Ambri 480 G Evo est la solution parfaite pour ceux qui recherchent\" \/>\n<meta property=\"og:url\" content=\"https:\/\/www.erresse-shop.it\/fr\/shop\/petits-electromenagers\/grilles-et-barbecues\/outdoorchef-minichef-barbecue-electrique-420-e-copia\/\" \/>\n<meta property=\"og:site_name\" content=\"Erresse Shop\" \/>\n<meta property=\"article:modified_time\" content=\"2025-03-21T08:39:56+00:00\" \/>\n<meta property=\"og:image\" content=\"https:\/\/www.erresse-shop.it\/wp-content\/uploads\/2025\/03\/Outdoorchef-Ambri-Barbecue-a-Gas-480-G-Evo.jpg\" \/>\n\t<meta property=\"og:image:width\" content=\"1200\" \/>\n\t<meta property=\"og:image:height\" content=\"1200\" \/>\n\t<meta property=\"og:image:type\" content=\"image\/jpeg\" \/>\n<meta name=\"twitter:card\" content=\"summary_large_image\" \/>\n<script type=\"application\/ld+json\" class=\"yoast-schema-graph\">{\"@context\":\"https:\/\/schema.org\",\"@graph\":[{\"@type\":\"WebPage\",\"@id\":\"https:\/\/www.erresse-shop.it\/fr\/shop\/petits-electromenagers\/grilles-et-barbecues\/outdoorchef-minichef-barbecue-electrique-420-e-copia\/\",\"url\":\"https:\/\/www.erresse-shop.it\/fr\/shop\/petits-electromenagers\/grilles-et-barbecues\/outdoorchef-minichef-barbecue-electrique-420-e-copia\/\",\"name\":\"Outdoorchef Ambri Barbecue \u00e0 gaz 480 G Evo - Erresse Shop\",\"isPartOf\":{\"@id\":\"https:\/\/www.erresse-shop.it\/fr\/#website\"},\"datePublished\":\"2025-03-21T08:17:22+00:00\",\"dateModified\":\"2025-03-21T08:39:56+00:00\",\"description\":\"Le design iconique et r\u00e9volutionnaire sph\u00e9rique revisit\u00e9 Le barbecue \u00e0 gaz Outdoorchef Ambri 480 G Evo est la solution parfaite pour ceux qui recherchent\",\"breadcrumb\":{\"@id\":\"https:\/\/www.erresse-shop.it\/fr\/shop\/petits-electromenagers\/grilles-et-barbecues\/outdoorchef-minichef-barbecue-electrique-420-e-copia\/#breadcrumb\"},\"inLanguage\":\"fr-FR\",\"potentialAction\":[{\"@type\":\"ReadAction\",\"target\":[\"https:\/\/www.erresse-shop.it\/fr\/shop\/petits-electromenagers\/grilles-et-barbecues\/outdoorchef-minichef-barbecue-electrique-420-e-copia\/\"]}]},{\"@type\":\"BreadcrumbList\",\"@id\":\"https:\/\/www.erresse-shop.it\/fr\/shop\/petits-electromenagers\/grilles-et-barbecues\/outdoorchef-minichef-barbecue-electrique-420-e-copia\/#breadcrumb\",\"itemListElement\":[{\"@type\":\"ListItem\",\"position\":1,\"name\":\"Home\",\"item\":\"https:\/\/www.erresse-shop.it\/fr\/\"},{\"@type\":\"ListItem\",\"position\":2,\"name\":\"Shop\",\"item\":\"https:\/\/www.erresse-shop.it\/fr\/shop\/\"},{\"@type\":\"ListItem\",\"position\":3,\"name\":\"Outdoorchef Ambri Barbecue \u00e0 gaz 480 G Evo\"}]},{\"@type\":\"WebSite\",\"@id\":\"https:\/\/www.erresse-shop.it\/fr\/#website\",\"url\":\"https:\/\/www.erresse-shop.it\/fr\/\",\"name\":\"Erresse Shop\",\"description\":\"Articoli di qualit\u00e0 per la casa\",\"potentialAction\":[{\"@type\":\"SearchAction\",\"target\":{\"@type\":\"EntryPoint\",\"urlTemplate\":\"https:\/\/www.erresse-shop.it\/fr\/?s={search_term_string}\"},\"query-input\":\"required name=search_term_string\"}],\"inLanguage\":\"fr-FR\"}]}<\/script>\n<!-- \/ Yoast SEO Premium plugin. -->","yoast_head_json":{"title":"Outdoorchef Ambri Barbecue \u00e0 gaz 480 G Evo - Erresse Shop","description":"Le design iconique et r\u00e9volutionnaire sph\u00e9rique revisit\u00e9 Le barbecue \u00e0 gaz Outdoorchef Ambri 480 G Evo est la solution parfaite pour ceux qui recherchent","robots":{"index":"index","follow":"follow","max-snippet":"max-snippet:-1","max-image-preview":"max-image-preview:large","max-video-preview":"max-video-preview:-1"},"canonical":"https:\/\/www.erresse-shop.it\/fr\/shop\/petits-electromenagers\/grilles-et-barbecues\/outdoorchef-minichef-barbecue-electrique-420-e-copia\/","og_locale":"fr_FR","og_type":"article","og_title":"Outdoorchef Ambri Barbecue \u00e0 gaz 480 G Evo","og_description":"Le design iconique et r\u00e9volutionnaire sph\u00e9rique revisit\u00e9 Le barbecue \u00e0 gaz Outdoorchef Ambri 480 G Evo est la solution parfaite pour ceux qui recherchent","og_url":"https:\/\/www.erresse-shop.it\/fr\/shop\/petits-electromenagers\/grilles-et-barbecues\/outdoorchef-minichef-barbecue-electrique-420-e-copia\/","og_site_name":"Erresse Shop","article_modified_time":"2025-03-21T08:39:56+00:00","og_image":[{"width":1200,"height":1200,"url":"https:\/\/www.erresse-shop.it\/wp-content\/uploads\/2025\/03\/Outdoorchef-Ambri-Barbecue-a-Gas-480-G-Evo.jpg","type":"image\/jpeg"}],"twitter_card":"summary_large_image","schema":{"@context":"https:\/\/schema.org","@graph":[{"@type":"WebPage","@id":"https:\/\/www.erresse-shop.it\/fr\/shop\/petits-electromenagers\/grilles-et-barbecues\/outdoorchef-minichef-barbecue-electrique-420-e-copia\/","url":"https:\/\/www.erresse-shop.it\/fr\/shop\/petits-electromenagers\/grilles-et-barbecues\/outdoorchef-minichef-barbecue-electrique-420-e-copia\/","name":"Outdoorchef Ambri Barbecue \u00e0 gaz 480 G Evo - Erresse Shop","isPartOf":{"@id":"https:\/\/www.erresse-shop.it\/fr\/#website"},"datePublished":"2025-03-21T08:17:22+00:00","dateModified":"2025-03-21T08:39:56+00:00","description":"Le design iconique et r\u00e9volutionnaire sph\u00e9rique revisit\u00e9 Le barbecue \u00e0 gaz Outdoorchef Ambri 480 G Evo est la solution parfaite pour ceux qui recherchent","breadcrumb":{"@id":"https:\/\/www.erresse-shop.it\/fr\/shop\/petits-electromenagers\/grilles-et-barbecues\/outdoorchef-minichef-barbecue-electrique-420-e-copia\/#breadcrumb"},"inLanguage":"fr-FR","potentialAction":[{"@type":"ReadAction","target":["https:\/\/www.erresse-shop.it\/fr\/shop\/petits-electromenagers\/grilles-et-barbecues\/outdoorchef-minichef-barbecue-electrique-420-e-copia\/"]}]},{"@type":"BreadcrumbList","@id":"https:\/\/www.erresse-shop.it\/fr\/shop\/petits-electromenagers\/grilles-et-barbecues\/outdoorchef-minichef-barbecue-electrique-420-e-copia\/#breadcrumb","itemListElement":[{"@type":"ListItem","position":1,"name":"Home","item":"https:\/\/www.erresse-shop.it\/fr\/"},{"@type":"ListItem","position":2,"name":"Shop","item":"https:\/\/www.erresse-shop.it\/fr\/shop\/"},{"@type":"ListItem","position":3,"name":"Outdoorchef Ambri Barbecue \u00e0 gaz 480 G Evo"}]},{"@type":"WebSite","@id":"https:\/\/www.erresse-shop.it\/fr\/#website","url":"https:\/\/www.erresse-shop.it\/fr\/","name":"Erresse Shop","description":"Articoli di qualit\u00e0 per la casa","potentialAction":[{"@type":"SearchAction","target":{"@type":"EntryPoint","urlTemplate":"https:\/\/www.erresse-shop.it\/fr\/?s={search_term_string}"},"query-input":"required name=search_term_string"}],"inLanguage":"fr-FR"}]}},"df_price":459.5,"df_sale_price":459.5,"df_regular_price":549,"df_image_link":"https:\/\/www.erresse-shop.it\/wp-content\/uploads\/2025\/03\/Outdoorchef-Ambri-Barbecue-a-Gas-480-G-Evo-300x300.jpg","_links":{"self":[{"href":"https:\/\/www.erresse-shop.it\/fr\/wp-json\/wp\/v2\/product\/482427"}],"collection":[{"href":"https:\/\/www.erresse-shop.it\/fr\/wp-json\/wp\/v2\/product"}],"about":[{"href":"https:\/\/www.erresse-shop.it\/fr\/wp-json\/wp\/v2\/types\/product"}],"wp:featuredmedia":[{"embeddable":true,"href":"https:\/\/www.erresse-shop.it\/fr\/wp-json\/wp\/v2\/media\/482451"}],"wp:attachment":[{"href":"https:\/\/www.erresse-shop.it\/fr\/wp-json\/wp\/v2\/media?parent=482427"}],"wp:term":[{"taxonomy":"product_cat","embeddable":true,"href":"https:\/\/www.erresse-shop.it\/fr\/wp-json\/wp\/v2\/product_cat?post=482427"},{"taxonomy":"product_tag","embeddable":true,"href":"https:\/\/www.erresse-shop.it\/fr\/wp-json\/wp\/v2\/product_tag?post=482427"}],"curies":[{"name":"wp","href":"https:\/\/api.w.org\/{rel}","templated":true}]}}