{"id":482209,"date":"2025-03-20T14:32:51","date_gmt":"2025-03-20T14:32:54","guid":{"rendered":"https:\/\/www.erresse-shop.it\/?post_type=product&#038;p=482209"},"modified":"2026-02-17T10:09:57","modified_gmt":"2026-02-17T10:09:57","slug":"zwilling-ensemble-daccessoires-en-plastique-fresh-save-5-pieces-grises","status":"publish","type":"product","link":"https:\/\/www.erresse-shop.it\/fr\/shop\/cuisine\/sous-vide\/zwilling-ensemble-daccessoires-en-plastique-fresh-save-5-pieces-grises\/","title":{"rendered":"ZWILLING Ensemble d&#8217;accessoires en plastique Fresh &#038; Save 5 pi\u00e8ces grises"},"content":{"rendered":"<p>ZWILLING FRAIS &amp; SAUVEZ LES BOLS : Le syst\u00e8me de mise sous vide r\u00e9volutionnaire ne vous offre pas seulement plus de fra\u00eecheur. Il simplifie \u00e9galement votre quotidien en cuisine, gr\u00e2ce aux nombreuses solutions qui \u00e9vitent l&#8217;encombrement lors de la pr\u00e9paration des repas.<\/p>\n<p>Notre ensemble d&#8217;accessoires pratiques contient : Un pare-\u00e9claboussures adaptatif, adapt\u00e9 aux bols BOWLS de 18 et 24 cm et aux bols STAUB CERAMIQUE (sans poign\u00e9es). Cet accessoire permet de m\u00e9langer et de mixer les ingr\u00e9dients sans faire de d\u00e9g\u00e2ts et sert en m\u00eame temps de support pour l&#8217;utilisation d&#8217;accessoires avec de grands bols.<\/p>\n<p>Trois accessoires interchangeables : parfaits pour r\u00e2per, trancher, zester, \u00e9plucher et hacher, ils s&#8217;adaptent \u00e0 tous les bols de 12 cm et peuvent \u00eatre ins\u00e9r\u00e9s dans le pare-\u00e9claboussures pour une utilisation avec des bols plus grands. De cette fa\u00e7on, vous pouvez r\u00e2per directement dans les bols.<\/p>\n<p>Un tapis de cuisson en silicone antid\u00e9rapant pour une prise stable lors du m\u00e9lange et du r\u00e2page, comme substitut durable au papier sulfuris\u00e9 et comme aide pratique au p\u00e9trissage. Facile \u00e0 laver au lave-vaisselle.<\/p>\n<ul>\n<li>Ensemble d&#8217;accessoires pour ZWILLING FRESH &amp; BOLS SAVE avec protection anti-\u00e9claboussures, 3 accessoires de r\u00e2page et tapis en silicone antid\u00e9rapant, allant au four<\/li>\n<li>Protection anti-\u00e9claboussures adapt\u00e9e aux bols BOWLS et STAUB CERAMIQUE (sans anses) 18 et 24 cm<\/li>\n<li>3 accessoires pour r\u00e2per grossi\u00e8rement, finement et en tranches<\/li>\n<li>R\u00e2pe avec design ZWILLING Z-Cut et technologie de coupe bidirectionnelle<\/li>\n<li>Les r\u00e2pes peuvent \u00eatre ins\u00e9r\u00e9es dans le pare-\u00e9claboussures et peuvent \u00e9galement \u00eatre utilis\u00e9es sur des bols de 18 et 24 cm<\/li>\n<li>Tapis en silicone antid\u00e9rapant pour une prise stable lors du m\u00e9lange et du r\u00e2page<\/li>\n<li>Tapis en silicone polyvalent : permet d&#8217;\u00e9taler et de d\u00e9couper et remplace le papier sulfuris\u00e9 (compatible four jusqu&#8217;\u00e0 240\u00b0C)<\/li>\n<\/ul>\n<p><strong>D\u00e9tails du produit\u00a0:<\/strong><\/p>\n<ul>\n<li class=\"attribute\"><span class=\"label\">R\u00e9sistance \u00e0 la chaleur\u00a0:<\/span><span class=\"value\">240\u00a0\u00baC<\/span><\/li>\n<li class=\"attribute\"><span class=\"label\">R\u00e9sistance au froid\u00a0:<\/span><span class=\"value\">0 \u00baC<\/span><\/li>\n<li class=\"attribute\"><span class=\"label\">Mat\u00e9riau\u00a0:<\/span><span class=\"value\">plastique<\/span><\/li>\n<li class=\"attribute\"><span class=\"label\">Couverture existante\u00a0:<\/span><span class=\"value\">non<\/span><\/li>\n<li class=\"attribute\"><span class=\"label\">Lave-vaisselle\u00a0:<\/span><span class=\"value\">Oui<\/span><\/li>\n<li class=\"attribute\"><span class=\"label\">Nombre de pi\u00e8ces\u00a0:<\/span><span class=\"value\">5<\/span><\/li>\n<\/ul>\n<p>&nbsp;<\/p>\n","protected":false},"excerpt":{"rendered":"<p>ZWILLING FRAIS &amp; SAUVEZ LES BOLS : Le syst\u00e8me de mise sous vide r\u00e9volutionnaire ne vous offre pas seulement plus<\/p>\n","protected":false},"featured_media":482244,"template":"","meta":{"_acf_changed":false,"inline_featured_image":false},"product_cat":[12748,26042],"product_tag":[],"acf":[],"yoast_head":"<!-- This site is optimized with the Yoast SEO Premium plugin v18.6 (Yoast SEO v19.13) - https:\/\/yoast.com\/wordpress\/plugins\/seo\/ -->\n<title>ZWILLING Ensemble d&#039;accessoires en plastique Fresh &amp; Save 5 pi\u00e8ces grises - Erresse Shop<\/title>\n<meta name=\"description\" content=\"ZWILLING FRAIS &amp; SAUVEZ LES BOLS : Le syst\u00e8me de mise sous vide r\u00e9volutionnaire ne vous offre pas seulement plus de fra\u00eecheur. Il simplifie \u00e9galement\" \/>\n<meta name=\"robots\" content=\"index, follow, max-snippet:-1, max-image-preview:large, max-video-preview:-1\" \/>\n<link rel=\"canonical\" href=\"https:\/\/www.erresse-shop.it\/fr\/shop\/cuisine\/sous-vide\/zwilling-ensemble-daccessoires-en-plastique-fresh-save-5-pieces-grises\/\" \/>\n<meta property=\"og:locale\" content=\"fr_FR\" \/>\n<meta property=\"og:type\" content=\"article\" \/>\n<meta property=\"og:title\" content=\"ZWILLING Ensemble d&#039;accessoires en plastique Fresh &amp; Save 5 pi\u00e8ces grises\" \/>\n<meta property=\"og:description\" content=\"ZWILLING FRAIS &amp; SAUVEZ LES BOLS : Le syst\u00e8me de mise sous vide r\u00e9volutionnaire ne vous offre pas seulement plus de fra\u00eecheur. Il simplifie \u00e9galement\" \/>\n<meta property=\"og:url\" content=\"https:\/\/www.erresse-shop.it\/fr\/shop\/cuisine\/sous-vide\/zwilling-ensemble-daccessoires-en-plastique-fresh-save-5-pieces-grises\/\" \/>\n<meta property=\"og:site_name\" content=\"Erresse Shop\" \/>\n<meta property=\"article:modified_time\" content=\"2026-02-17T10:09:57+00:00\" \/>\n<meta property=\"og:image\" content=\"https:\/\/www.erresse-shop.it\/wp-content\/uploads\/2025\/03\/ZWILLING-Set-Accessori-Fresh-Save-in-Plastica-5-Pezzi-Grigio.jpg\" \/>\n\t<meta property=\"og:image:width\" content=\"1200\" \/>\n\t<meta property=\"og:image:height\" content=\"1200\" \/>\n\t<meta property=\"og:image:type\" content=\"image\/jpeg\" \/>\n<meta name=\"twitter:card\" content=\"summary_large_image\" \/>\n<script type=\"application\/ld+json\" class=\"yoast-schema-graph\">{\"@context\":\"https:\/\/schema.org\",\"@graph\":[{\"@type\":\"WebPage\",\"@id\":\"https:\/\/www.erresse-shop.it\/fr\/shop\/cuisine\/sous-vide\/zwilling-ensemble-daccessoires-en-plastique-fresh-save-5-pieces-grises\/\",\"url\":\"https:\/\/www.erresse-shop.it\/fr\/shop\/cuisine\/sous-vide\/zwilling-ensemble-daccessoires-en-plastique-fresh-save-5-pieces-grises\/\",\"name\":\"ZWILLING Ensemble d'accessoires en plastique Fresh & Save 5 pi\u00e8ces grises - Erresse Shop\",\"isPartOf\":{\"@id\":\"https:\/\/www.erresse-shop.it\/fr\/#website\"},\"datePublished\":\"2025-03-20T14:32:54+00:00\",\"dateModified\":\"2026-02-17T10:09:57+00:00\",\"description\":\"ZWILLING FRAIS &amp; SAUVEZ LES BOLS : Le syst\u00e8me de mise sous vide r\u00e9volutionnaire ne vous offre pas seulement plus de fra\u00eecheur. Il simplifie \u00e9galement\",\"breadcrumb\":{\"@id\":\"https:\/\/www.erresse-shop.it\/fr\/shop\/cuisine\/sous-vide\/zwilling-ensemble-daccessoires-en-plastique-fresh-save-5-pieces-grises\/#breadcrumb\"},\"inLanguage\":\"fr-FR\",\"potentialAction\":[{\"@type\":\"ReadAction\",\"target\":[\"https:\/\/www.erresse-shop.it\/fr\/shop\/cuisine\/sous-vide\/zwilling-ensemble-daccessoires-en-plastique-fresh-save-5-pieces-grises\/\"]}]},{\"@type\":\"BreadcrumbList\",\"@id\":\"https:\/\/www.erresse-shop.it\/fr\/shop\/cuisine\/sous-vide\/zwilling-ensemble-daccessoires-en-plastique-fresh-save-5-pieces-grises\/#breadcrumb\",\"itemListElement\":[{\"@type\":\"ListItem\",\"position\":1,\"name\":\"Home\",\"item\":\"https:\/\/www.erresse-shop.it\/fr\/\"},{\"@type\":\"ListItem\",\"position\":2,\"name\":\"Shop\",\"item\":\"https:\/\/www.erresse-shop.it\/fr\/shop\/\"},{\"@type\":\"ListItem\",\"position\":3,\"name\":\"ZWILLING Ensemble d&#8217;accessoires en plastique Fresh &#038; Save 5 pi\u00e8ces grises\"}]},{\"@type\":\"WebSite\",\"@id\":\"https:\/\/www.erresse-shop.it\/fr\/#website\",\"url\":\"https:\/\/www.erresse-shop.it\/fr\/\",\"name\":\"Erresse Shop\",\"description\":\"Articoli di qualit\u00e0 per la casa\",\"potentialAction\":[{\"@type\":\"SearchAction\",\"target\":{\"@type\":\"EntryPoint\",\"urlTemplate\":\"https:\/\/www.erresse-shop.it\/fr\/?s={search_term_string}\"},\"query-input\":\"required name=search_term_string\"}],\"inLanguage\":\"fr-FR\"}]}<\/script>\n<!-- \/ Yoast SEO Premium plugin. -->","yoast_head_json":{"title":"ZWILLING Ensemble d'accessoires en plastique Fresh & Save 5 pi\u00e8ces grises - Erresse Shop","description":"ZWILLING FRAIS &amp; SAUVEZ LES BOLS : Le syst\u00e8me de mise sous vide r\u00e9volutionnaire ne vous offre pas seulement plus de fra\u00eecheur. Il simplifie \u00e9galement","robots":{"index":"index","follow":"follow","max-snippet":"max-snippet:-1","max-image-preview":"max-image-preview:large","max-video-preview":"max-video-preview:-1"},"canonical":"https:\/\/www.erresse-shop.it\/fr\/shop\/cuisine\/sous-vide\/zwilling-ensemble-daccessoires-en-plastique-fresh-save-5-pieces-grises\/","og_locale":"fr_FR","og_type":"article","og_title":"ZWILLING Ensemble d'accessoires en plastique Fresh & Save 5 pi\u00e8ces grises","og_description":"ZWILLING FRAIS &amp; SAUVEZ LES BOLS : Le syst\u00e8me de mise sous vide r\u00e9volutionnaire ne vous offre pas seulement plus de fra\u00eecheur. Il simplifie \u00e9galement","og_url":"https:\/\/www.erresse-shop.it\/fr\/shop\/cuisine\/sous-vide\/zwilling-ensemble-daccessoires-en-plastique-fresh-save-5-pieces-grises\/","og_site_name":"Erresse Shop","article_modified_time":"2026-02-17T10:09:57+00:00","og_image":[{"width":1200,"height":1200,"url":"https:\/\/www.erresse-shop.it\/wp-content\/uploads\/2025\/03\/ZWILLING-Set-Accessori-Fresh-Save-in-Plastica-5-Pezzi-Grigio.jpg","type":"image\/jpeg"}],"twitter_card":"summary_large_image","schema":{"@context":"https:\/\/schema.org","@graph":[{"@type":"WebPage","@id":"https:\/\/www.erresse-shop.it\/fr\/shop\/cuisine\/sous-vide\/zwilling-ensemble-daccessoires-en-plastique-fresh-save-5-pieces-grises\/","url":"https:\/\/www.erresse-shop.it\/fr\/shop\/cuisine\/sous-vide\/zwilling-ensemble-daccessoires-en-plastique-fresh-save-5-pieces-grises\/","name":"ZWILLING Ensemble d'accessoires en plastique Fresh & Save 5 pi\u00e8ces grises - Erresse Shop","isPartOf":{"@id":"https:\/\/www.erresse-shop.it\/fr\/#website"},"datePublished":"2025-03-20T14:32:54+00:00","dateModified":"2026-02-17T10:09:57+00:00","description":"ZWILLING FRAIS &amp; SAUVEZ LES BOLS : Le syst\u00e8me de mise sous vide r\u00e9volutionnaire ne vous offre pas seulement plus de fra\u00eecheur. Il simplifie \u00e9galement","breadcrumb":{"@id":"https:\/\/www.erresse-shop.it\/fr\/shop\/cuisine\/sous-vide\/zwilling-ensemble-daccessoires-en-plastique-fresh-save-5-pieces-grises\/#breadcrumb"},"inLanguage":"fr-FR","potentialAction":[{"@type":"ReadAction","target":["https:\/\/www.erresse-shop.it\/fr\/shop\/cuisine\/sous-vide\/zwilling-ensemble-daccessoires-en-plastique-fresh-save-5-pieces-grises\/"]}]},{"@type":"BreadcrumbList","@id":"https:\/\/www.erresse-shop.it\/fr\/shop\/cuisine\/sous-vide\/zwilling-ensemble-daccessoires-en-plastique-fresh-save-5-pieces-grises\/#breadcrumb","itemListElement":[{"@type":"ListItem","position":1,"name":"Home","item":"https:\/\/www.erresse-shop.it\/fr\/"},{"@type":"ListItem","position":2,"name":"Shop","item":"https:\/\/www.erresse-shop.it\/fr\/shop\/"},{"@type":"ListItem","position":3,"name":"ZWILLING Ensemble d&#8217;accessoires en plastique Fresh &#038; Save 5 pi\u00e8ces grises"}]},{"@type":"WebSite","@id":"https:\/\/www.erresse-shop.it\/fr\/#website","url":"https:\/\/www.erresse-shop.it\/fr\/","name":"Erresse Shop","description":"Articoli di qualit\u00e0 per la casa","potentialAction":[{"@type":"SearchAction","target":{"@type":"EntryPoint","urlTemplate":"https:\/\/www.erresse-shop.it\/fr\/?s={search_term_string}"},"query-input":"required name=search_term_string"}],"inLanguage":"fr-FR"}]}},"df_price":28.95,"df_sale_price":28.95,"df_regular_price":39.95,"df_image_link":"https:\/\/www.erresse-shop.it\/wp-content\/uploads\/2025\/03\/ZWILLING-Set-Accessori-Fresh-Save-in-Plastica-5-Pezzi-Grigio-300x300.jpg","_links":{"self":[{"href":"https:\/\/www.erresse-shop.it\/fr\/wp-json\/wp\/v2\/product\/482209"}],"collection":[{"href":"https:\/\/www.erresse-shop.it\/fr\/wp-json\/wp\/v2\/product"}],"about":[{"href":"https:\/\/www.erresse-shop.it\/fr\/wp-json\/wp\/v2\/types\/product"}],"wp:featuredmedia":[{"embeddable":true,"href":"https:\/\/www.erresse-shop.it\/fr\/wp-json\/wp\/v2\/media\/482244"}],"wp:attachment":[{"href":"https:\/\/www.erresse-shop.it\/fr\/wp-json\/wp\/v2\/media?parent=482209"}],"wp:term":[{"taxonomy":"product_cat","embeddable":true,"href":"https:\/\/www.erresse-shop.it\/fr\/wp-json\/wp\/v2\/product_cat?post=482209"},{"taxonomy":"product_tag","embeddable":true,"href":"https:\/\/www.erresse-shop.it\/fr\/wp-json\/wp\/v2\/product_tag?post=482209"}],"curies":[{"name":"wp","href":"https:\/\/api.w.org\/{rel}","templated":true}]}}