{"id":482175,"date":"2025-03-20T14:20:06","date_gmt":"2025-03-20T14:20:18","guid":{"rendered":"https:\/\/www.erresse-shop.it\/?post_type=product&#038;p=482175"},"modified":"2026-02-17T10:12:52","modified_gmt":"2026-02-17T10:12:52","slug":"zwilling-kit-de-demarrage-sous-vide-fresh-save-en-acier-9-pieces","status":"publish","type":"product","link":"https:\/\/www.erresse-shop.it\/fr\/shop\/cuisine\/sous-vide\/zwilling-kit-de-demarrage-sous-vide-fresh-save-en-acier-9-pieces\/","title":{"rendered":"ZWILLING Kit de d\u00e9marrage sous vide Fresh &#038; Save en acier 9 pi\u00e8ces"},"content":{"rendered":"<p>L&#8217;avenir de la fra\u00eecheur commence avec ZWILLING FRESH &amp; SAVE BOWLS, le syst\u00e8me sous vide qui offre une polyvalence maximale. Avec deux bols en acier inoxydable de haute qualit\u00e9, incassables, hygi\u00e9niques et lavables au lave-vaisselle, vous pouvez pr\u00e9parer, servir et conserver vos plats pr\u00e9f\u00e9r\u00e9s sans avoir \u00e0 les transf\u00e9rer dans un autre r\u00e9cipient. Disponibles en deux tailles, les bols sont parfaits pour tout, des types de salades aux accompagnements et au granola. Et s&#8217;il y a des restes ? Pas de probl\u00e8me, mettez le couvercle ! Fermez les bols en acier inoxydable avec les couvercles sous vide et extrayez l&#8217;air avec la pompe fournie. En quelques secondes seulement, les aliments sont mis sous vide et restent frais jusqu&#8217;\u00e0 cinq fois plus longtemps*. Pour encore plus de fra\u00eecheur, vous pouvez d\u00e9sormais \u00e9galement mettre sous vide les bols STAUB : les couvercles sont compatibles avec tous les bols STAUB CERAMIQUE (sans anses) en 18 et 24 cm.<\/p>\n<p>*Par rapport aux m\u00e9thodes conventionnelles de conservation sans vide<\/p>\n<ul>\n<li>Polyvalent, pour pr\u00e9parer, servir et conserver vos plats<\/li>\n<li>Les aliments emball\u00e9s sous vide restent frais jusqu&#8217;\u00e0 5 fois plus longtemps*<\/li>\n<li>Couvercles sous vide avec technologie innovante \u00e0 double joint<\/li>\n<li>Tous les bols sont incassables, passent au lave-vaisselle et au cong\u00e9lateur<\/li>\n<li>Couvercles compatibles avec tous les bols ZWILLING FRESH &amp; BOLS SAVE et STAUB CERAMIQUE (sans anses) des tailles correspondantes<\/li>\n<li>L&#8217;ensemble contient : 2 bols FRESH et en acier inoxydable BOLS DE CONSERVATION incl. couvercles sous vide (M\/L), 2 sacs sous vide de chaque taille S+M (avec curseur de fermeture et barri\u00e8re liquide) et une pompe \u00e0 vide<\/li>\n<li>Tout FRESH &amp; pompes et couvercles SAVE sont compatibles<\/li>\n<\/ul>\n<p><b>Caract\u00e9ristiques\u00a0:<\/b><\/p>\n<ul>\n<li class=\"attribute\"><span class=\"label\">R\u00e9sistance \u00e0 la chaleur\u00a0:<\/span><span class=\"value\">90\u00a0\u00baC<\/span><\/li>\n<li class=\"attribute\"><span class=\"label\">R\u00e9sistance au froid\u00a0:<\/span><span class=\"value\">-10\u00a0\u00baC<\/span><\/li>\n<li class=\"attribute\"><span class=\"label\">Mat\u00e9riau\u00a0:<\/span><span class=\"value\">acier inoxydable<\/span><\/li>\n<li class=\"attribute\"><span class=\"label\">Couvercle existant\u00a0:<\/span><span class=\"value\">oui<\/span><\/li>\n<li class=\"attribute\"><span class=\"label\">Cong\u00e9lateur\u00a0:<\/span><span class=\"value\">Oui<\/span><\/li>\n<li class=\"attribute\"><span class=\"label\">Nombre de pi\u00e8ces\u00a0:<\/span><span class=\"value\">9<\/span><\/li>\n<li class=\"attribute\"><span class=\"label\">Tension\u00a0:<\/span><span class=\"value\">110-240\u00a0V<\/span><\/li>\n<li class=\"attribute\"><span class=\"label\">(Accessoires) fournis avec l&#8217;appareil\u00a0:<\/span><span class=\"value\">Adaptateur, c\u00e2ble de chargement USB<\/span><\/li>\n<\/ul>\n<p>&nbsp;<\/p>\n","protected":false},"excerpt":{"rendered":"<p>L&#8217;avenir de la fra\u00eecheur commence avec ZWILLING FRESH &amp; SAVE BOWLS, le syst\u00e8me sous vide qui offre une polyvalence maximale.<\/p>\n","protected":false},"featured_media":482198,"template":"","meta":{"_acf_changed":false,"inline_featured_image":false},"product_cat":[12748,26042],"product_tag":[],"acf":[],"yoast_head":"<!-- This site is optimized with the Yoast SEO Premium plugin v18.6 (Yoast SEO v19.13) - https:\/\/yoast.com\/wordpress\/plugins\/seo\/ -->\n<title>ZWILLING Kit de d\u00e9marrage sous vide Fresh &amp; Save en acier 9 pi\u00e8ces - Erresse Shop<\/title>\n<meta name=\"description\" content=\"L&#039;avenir de la fra\u00eecheur commence avec ZWILLING FRESH &amp; SAVE BOWLS, le syst\u00e8me sous vide qui offre une polyvalence maximale. Avec deux bols en acier\" \/>\n<meta name=\"robots\" content=\"index, follow, max-snippet:-1, max-image-preview:large, max-video-preview:-1\" \/>\n<link rel=\"canonical\" href=\"https:\/\/www.erresse-shop.it\/fr\/shop\/cuisine\/sous-vide\/zwilling-kit-de-demarrage-sous-vide-fresh-save-en-acier-9-pieces\/\" \/>\n<meta property=\"og:locale\" content=\"fr_FR\" \/>\n<meta property=\"og:type\" content=\"article\" \/>\n<meta property=\"og:title\" content=\"ZWILLING Kit de d\u00e9marrage sous vide Fresh &amp; Save en acier 9 pi\u00e8ces\" \/>\n<meta property=\"og:description\" content=\"L&#039;avenir de la fra\u00eecheur commence avec ZWILLING FRESH &amp; SAVE BOWLS, le syst\u00e8me sous vide qui offre une polyvalence maximale. Avec deux bols en acier\" \/>\n<meta property=\"og:url\" content=\"https:\/\/www.erresse-shop.it\/fr\/shop\/cuisine\/sous-vide\/zwilling-kit-de-demarrage-sous-vide-fresh-save-en-acier-9-pieces\/\" \/>\n<meta property=\"og:site_name\" content=\"Erresse Shop\" \/>\n<meta property=\"article:modified_time\" content=\"2026-02-17T10:12:52+00:00\" \/>\n<meta property=\"og:image\" content=\"https:\/\/www.erresse-shop.it\/wp-content\/uploads\/2025\/03\/ZWILLING-Set-Starter-Sottovuoto-Fresh-Save-in-Acciaio-9-Pezzi.jpg\" \/>\n\t<meta property=\"og:image:width\" content=\"1200\" \/>\n\t<meta property=\"og:image:height\" content=\"1200\" \/>\n\t<meta property=\"og:image:type\" content=\"image\/jpeg\" \/>\n<meta name=\"twitter:card\" content=\"summary_large_image\" \/>\n<script type=\"application\/ld+json\" class=\"yoast-schema-graph\">{\"@context\":\"https:\/\/schema.org\",\"@graph\":[{\"@type\":\"WebPage\",\"@id\":\"https:\/\/www.erresse-shop.it\/fr\/shop\/cuisine\/sous-vide\/zwilling-kit-de-demarrage-sous-vide-fresh-save-en-acier-9-pieces\/\",\"url\":\"https:\/\/www.erresse-shop.it\/fr\/shop\/cuisine\/sous-vide\/zwilling-kit-de-demarrage-sous-vide-fresh-save-en-acier-9-pieces\/\",\"name\":\"ZWILLING Kit de d\u00e9marrage sous vide Fresh & Save en acier 9 pi\u00e8ces - Erresse Shop\",\"isPartOf\":{\"@id\":\"https:\/\/www.erresse-shop.it\/fr\/#website\"},\"datePublished\":\"2025-03-20T14:20:18+00:00\",\"dateModified\":\"2026-02-17T10:12:52+00:00\",\"description\":\"L'avenir de la fra\u00eecheur commence avec ZWILLING FRESH &amp; SAVE BOWLS, le syst\u00e8me sous vide qui offre une polyvalence maximale. Avec deux bols en acier\",\"breadcrumb\":{\"@id\":\"https:\/\/www.erresse-shop.it\/fr\/shop\/cuisine\/sous-vide\/zwilling-kit-de-demarrage-sous-vide-fresh-save-en-acier-9-pieces\/#breadcrumb\"},\"inLanguage\":\"fr-FR\",\"potentialAction\":[{\"@type\":\"ReadAction\",\"target\":[\"https:\/\/www.erresse-shop.it\/fr\/shop\/cuisine\/sous-vide\/zwilling-kit-de-demarrage-sous-vide-fresh-save-en-acier-9-pieces\/\"]}]},{\"@type\":\"BreadcrumbList\",\"@id\":\"https:\/\/www.erresse-shop.it\/fr\/shop\/cuisine\/sous-vide\/zwilling-kit-de-demarrage-sous-vide-fresh-save-en-acier-9-pieces\/#breadcrumb\",\"itemListElement\":[{\"@type\":\"ListItem\",\"position\":1,\"name\":\"Home\",\"item\":\"https:\/\/www.erresse-shop.it\/fr\/\"},{\"@type\":\"ListItem\",\"position\":2,\"name\":\"Shop\",\"item\":\"https:\/\/www.erresse-shop.it\/fr\/shop\/\"},{\"@type\":\"ListItem\",\"position\":3,\"name\":\"ZWILLING Kit de d\u00e9marrage sous vide Fresh &#038; Save en acier 9 pi\u00e8ces\"}]},{\"@type\":\"WebSite\",\"@id\":\"https:\/\/www.erresse-shop.it\/fr\/#website\",\"url\":\"https:\/\/www.erresse-shop.it\/fr\/\",\"name\":\"Erresse Shop\",\"description\":\"Articoli di qualit\u00e0 per la casa\",\"potentialAction\":[{\"@type\":\"SearchAction\",\"target\":{\"@type\":\"EntryPoint\",\"urlTemplate\":\"https:\/\/www.erresse-shop.it\/fr\/?s={search_term_string}\"},\"query-input\":\"required name=search_term_string\"}],\"inLanguage\":\"fr-FR\"}]}<\/script>\n<!-- \/ Yoast SEO Premium plugin. -->","yoast_head_json":{"title":"ZWILLING Kit de d\u00e9marrage sous vide Fresh & Save en acier 9 pi\u00e8ces - Erresse Shop","description":"L'avenir de la fra\u00eecheur commence avec ZWILLING FRESH &amp; SAVE BOWLS, le syst\u00e8me sous vide qui offre une polyvalence maximale. Avec deux bols en acier","robots":{"index":"index","follow":"follow","max-snippet":"max-snippet:-1","max-image-preview":"max-image-preview:large","max-video-preview":"max-video-preview:-1"},"canonical":"https:\/\/www.erresse-shop.it\/fr\/shop\/cuisine\/sous-vide\/zwilling-kit-de-demarrage-sous-vide-fresh-save-en-acier-9-pieces\/","og_locale":"fr_FR","og_type":"article","og_title":"ZWILLING Kit de d\u00e9marrage sous vide Fresh & Save en acier 9 pi\u00e8ces","og_description":"L'avenir de la fra\u00eecheur commence avec ZWILLING FRESH &amp; SAVE BOWLS, le syst\u00e8me sous vide qui offre une polyvalence maximale. Avec deux bols en acier","og_url":"https:\/\/www.erresse-shop.it\/fr\/shop\/cuisine\/sous-vide\/zwilling-kit-de-demarrage-sous-vide-fresh-save-en-acier-9-pieces\/","og_site_name":"Erresse Shop","article_modified_time":"2026-02-17T10:12:52+00:00","og_image":[{"width":1200,"height":1200,"url":"https:\/\/www.erresse-shop.it\/wp-content\/uploads\/2025\/03\/ZWILLING-Set-Starter-Sottovuoto-Fresh-Save-in-Acciaio-9-Pezzi.jpg","type":"image\/jpeg"}],"twitter_card":"summary_large_image","schema":{"@context":"https:\/\/schema.org","@graph":[{"@type":"WebPage","@id":"https:\/\/www.erresse-shop.it\/fr\/shop\/cuisine\/sous-vide\/zwilling-kit-de-demarrage-sous-vide-fresh-save-en-acier-9-pieces\/","url":"https:\/\/www.erresse-shop.it\/fr\/shop\/cuisine\/sous-vide\/zwilling-kit-de-demarrage-sous-vide-fresh-save-en-acier-9-pieces\/","name":"ZWILLING Kit de d\u00e9marrage sous vide Fresh & Save en acier 9 pi\u00e8ces - Erresse Shop","isPartOf":{"@id":"https:\/\/www.erresse-shop.it\/fr\/#website"},"datePublished":"2025-03-20T14:20:18+00:00","dateModified":"2026-02-17T10:12:52+00:00","description":"L'avenir de la fra\u00eecheur commence avec ZWILLING FRESH &amp; SAVE BOWLS, le syst\u00e8me sous vide qui offre une polyvalence maximale. Avec deux bols en acier","breadcrumb":{"@id":"https:\/\/www.erresse-shop.it\/fr\/shop\/cuisine\/sous-vide\/zwilling-kit-de-demarrage-sous-vide-fresh-save-en-acier-9-pieces\/#breadcrumb"},"inLanguage":"fr-FR","potentialAction":[{"@type":"ReadAction","target":["https:\/\/www.erresse-shop.it\/fr\/shop\/cuisine\/sous-vide\/zwilling-kit-de-demarrage-sous-vide-fresh-save-en-acier-9-pieces\/"]}]},{"@type":"BreadcrumbList","@id":"https:\/\/www.erresse-shop.it\/fr\/shop\/cuisine\/sous-vide\/zwilling-kit-de-demarrage-sous-vide-fresh-save-en-acier-9-pieces\/#breadcrumb","itemListElement":[{"@type":"ListItem","position":1,"name":"Home","item":"https:\/\/www.erresse-shop.it\/fr\/"},{"@type":"ListItem","position":2,"name":"Shop","item":"https:\/\/www.erresse-shop.it\/fr\/shop\/"},{"@type":"ListItem","position":3,"name":"ZWILLING Kit de d\u00e9marrage sous vide Fresh &#038; Save en acier 9 pi\u00e8ces"}]},{"@type":"WebSite","@id":"https:\/\/www.erresse-shop.it\/fr\/#website","url":"https:\/\/www.erresse-shop.it\/fr\/","name":"Erresse Shop","description":"Articoli di qualit\u00e0 per la casa","potentialAction":[{"@type":"SearchAction","target":{"@type":"EntryPoint","urlTemplate":"https:\/\/www.erresse-shop.it\/fr\/?s={search_term_string}"},"query-input":"required name=search_term_string"}],"inLanguage":"fr-FR"}]}},"df_price":55,"df_sale_price":55,"df_regular_price":99.95,"df_image_link":"https:\/\/www.erresse-shop.it\/wp-content\/uploads\/2025\/03\/ZWILLING-Set-Starter-Sottovuoto-Fresh-Save-in-Acciaio-9-Pezzi-300x300.jpg","_links":{"self":[{"href":"https:\/\/www.erresse-shop.it\/fr\/wp-json\/wp\/v2\/product\/482175"}],"collection":[{"href":"https:\/\/www.erresse-shop.it\/fr\/wp-json\/wp\/v2\/product"}],"about":[{"href":"https:\/\/www.erresse-shop.it\/fr\/wp-json\/wp\/v2\/types\/product"}],"wp:featuredmedia":[{"embeddable":true,"href":"https:\/\/www.erresse-shop.it\/fr\/wp-json\/wp\/v2\/media\/482198"}],"wp:attachment":[{"href":"https:\/\/www.erresse-shop.it\/fr\/wp-json\/wp\/v2\/media?parent=482175"}],"wp:term":[{"taxonomy":"product_cat","embeddable":true,"href":"https:\/\/www.erresse-shop.it\/fr\/wp-json\/wp\/v2\/product_cat?post=482175"},{"taxonomy":"product_tag","embeddable":true,"href":"https:\/\/www.erresse-shop.it\/fr\/wp-json\/wp\/v2\/product_tag?post=482175"}],"curies":[{"name":"wp","href":"https:\/\/api.w.org\/{rel}","templated":true}]}}