{"id":482134,"date":"2025-03-20T13:51:34","date_gmt":"2025-03-20T13:52:15","guid":{"rendered":"https:\/\/www.erresse-shop.it\/?post_type=product&#038;p=482134"},"modified":"2026-02-17T10:15:22","modified_gmt":"2026-02-17T10:15:22","slug":"zwilling-kit-de-demarrage-sous-vide-fresh-save-en-verre-9-pieces","status":"publish","type":"product","link":"https:\/\/www.erresse-shop.it\/fr\/shop\/cuisine\/sous-vide\/zwilling-kit-de-demarrage-sous-vide-fresh-save-en-verre-9-pieces\/","title":{"rendered":"ZWILLING Kit de d\u00e9marrage sous vide Fresh &#038; Save en verre 9 pi\u00e8ces"},"content":{"rendered":"<p>Innovation pour plus de fra\u00eecheur\u00a0: les bols ZWILLING FRESH &amp; SAVE. Les deux bols du syst\u00e8me sous vide unique sont parfaits pour pr\u00e9parer, servir et conserver une grande vari\u00e9t\u00e9 d&#8217;aliments. Ils sont \u00e9galement parfaits pour la pr\u00e9paration des repas\u00a0: les couvercles sous vide permettent de mettre sous vide rapidement les aliments pour les conserver au r\u00e9frig\u00e9rateur ou au cong\u00e9lateur, les gardant frais jusqu&#8217;\u00e0 cinq fois plus longtemps*. C&#8217;est simple\u00a0: placez la pompe \u00e0 vide sur la valve, appuyez sur le bouton et c&#8217;est parti. Les couvercles offrent une flexibilit\u00e9 suppl\u00e9mentaire\u00a0: ils s&#8217;adaptent \u00e9galement aux bols STAUB CERAMIQUE (sans poign\u00e9es). Pour une fra\u00eecheur optimale, des sacs sous vide sont \u00e9galement disponibles, parfaits pour la cong\u00e9lation, la cuisson sous vide ou les marinades. *Par rapport aux syst\u00e8mes de conservation traditionnels sans vide.<\/p>\n<ul>\n<li>Polyvalent pour pr\u00e9parer, cuire, servir et conserver<\/li>\n<li>Les aliments sous vide restent frais jusqu&#8217;\u00e0 5 fois plus longtemps*<\/li>\n<li>Couvercles sous vide avec technologie innovante \u00e0 double joint<\/li>\n<li>Tous les bols passent au lave-vaisselle, au micro-ondes, au cong\u00e9lateur et au four (sans couvercle jusqu&#8217;\u00e0 180 \u00b0C)<\/li>\n<li>Couvercles compatibles avec tous les bols ZWILLING FRESH &amp; SAVE BOWLS et STAUB CERAMIQUE (sans poign\u00e9es) des tailles correspondantes<\/li>\n<li>Le set contient\u00a0: 2 bols en verre FRESH &amp; SAVE BOWLS avec couvercles sous vide (M\/L), 2 sacs sous vide de chaque taille S+M (avec curseur de fermeture et barri\u00e8re anti-liquide) et une pompe \u00e0 vide<\/li>\n<li>Tous les bols FRESH &amp; SAVE BOWLS SAVE sont compatibles.<\/li>\n<\/ul>\n<p><b>Caract\u00e9ristiques\u00a0:<\/b><\/p>\n<ul>\n<li class=\"attribute\"><span class=\"label\">R\u00e9sistance \u00e0 la chaleur\u00a0:<\/span><span class=\"value\">180\u00a0\u00b0C<\/span><\/li>\n<li class=\"attribute\"><span class=\"label\">R\u00e9sistance au froid\u00a0:<\/span><span class=\"value\">-10\u00a0\u00b0C<\/span><\/li>\n<li class=\"attribute\"><span class=\"label\">Mat\u00e9riau\u00a0:<\/span><span class=\"value\">verre<\/span><\/li>\n<li class=\"attribute\"><span class=\"label\">Couvercle existant\u00a0:<\/span><span class=\"value\">oui<\/span><\/li>\n<li class=\"attribute\"><span class=\"label\">Cong\u00e9lateur\u00a0:<\/span><span class=\"value\">Oui<\/span><\/li>\n<li class=\"attribute\"><span class=\"label\">Nombre de pi\u00e8ces\u00a0:<\/span><span class=\"value\">9<\/span><\/li>\n<li class=\"attribute\"><span class=\"label\">Tension\u00a0:<\/span><span class=\"value\">110-240 V<\/span><\/li>\n<li class=\"attribute\"><span class=\"label\">Accessoires fournis avec l&#8217;appareil\u00a0:<\/span><span class=\"value\">Adaptateur, c\u00e2ble de charge USB<\/span><\/li>\n<\/ul>\n<p>&nbsp;<\/p>\n","protected":false},"excerpt":{"rendered":"<p>Innovation pour plus de fra\u00eecheur\u00a0: les bols ZWILLING FRESH &amp; SAVE. Les deux bols du syst\u00e8me sous vide unique sont<\/p>\n","protected":false},"featured_media":482163,"template":"","meta":{"_acf_changed":false,"inline_featured_image":false},"product_cat":[12748,26042],"product_tag":[],"acf":[],"yoast_head":"<!-- This site is optimized with the Yoast SEO Premium plugin v18.6 (Yoast SEO v19.13) - https:\/\/yoast.com\/wordpress\/plugins\/seo\/ -->\n<title>ZWILLING Kit de d\u00e9marrage sous vide Fresh &amp; Save en verre 9 pi\u00e8ces - Erresse Shop<\/title>\n<meta name=\"description\" content=\"Innovation pour plus de fra\u00eecheur\u00a0: les bols ZWILLING FRESH &amp; SAVE. Les deux bols du syst\u00e8me sous vide unique sont parfaits pour pr\u00e9parer, servir et\" \/>\n<meta name=\"robots\" content=\"index, follow, max-snippet:-1, max-image-preview:large, max-video-preview:-1\" \/>\n<link rel=\"canonical\" href=\"https:\/\/www.erresse-shop.it\/fr\/shop\/cuisine\/sous-vide\/zwilling-kit-de-demarrage-sous-vide-fresh-save-en-verre-9-pieces\/\" \/>\n<meta property=\"og:locale\" content=\"fr_FR\" \/>\n<meta property=\"og:type\" content=\"article\" \/>\n<meta property=\"og:title\" content=\"ZWILLING Kit de d\u00e9marrage sous vide Fresh &amp; Save en verre 9 pi\u00e8ces\" \/>\n<meta property=\"og:description\" content=\"Innovation pour plus de fra\u00eecheur\u00a0: les bols ZWILLING FRESH &amp; SAVE. Les deux bols du syst\u00e8me sous vide unique sont parfaits pour pr\u00e9parer, servir et\" \/>\n<meta property=\"og:url\" content=\"https:\/\/www.erresse-shop.it\/fr\/shop\/cuisine\/sous-vide\/zwilling-kit-de-demarrage-sous-vide-fresh-save-en-verre-9-pieces\/\" \/>\n<meta property=\"og:site_name\" content=\"Erresse Shop\" \/>\n<meta property=\"article:modified_time\" content=\"2026-02-17T10:15:22+00:00\" \/>\n<meta property=\"og:image\" content=\"https:\/\/www.erresse-shop.it\/wp-content\/uploads\/2025\/03\/ZWILLING-Set-Starter-Sottovuoto-Fresh-Save-in-Vetro-9-Pezzi.jpg\" \/>\n\t<meta property=\"og:image:width\" content=\"1200\" \/>\n\t<meta property=\"og:image:height\" content=\"1200\" \/>\n\t<meta property=\"og:image:type\" content=\"image\/jpeg\" \/>\n<meta name=\"twitter:card\" content=\"summary_large_image\" \/>\n<script type=\"application\/ld+json\" class=\"yoast-schema-graph\">{\"@context\":\"https:\/\/schema.org\",\"@graph\":[{\"@type\":\"WebPage\",\"@id\":\"https:\/\/www.erresse-shop.it\/fr\/shop\/cuisine\/sous-vide\/zwilling-kit-de-demarrage-sous-vide-fresh-save-en-verre-9-pieces\/\",\"url\":\"https:\/\/www.erresse-shop.it\/fr\/shop\/cuisine\/sous-vide\/zwilling-kit-de-demarrage-sous-vide-fresh-save-en-verre-9-pieces\/\",\"name\":\"ZWILLING Kit de d\u00e9marrage sous vide Fresh & Save en verre 9 pi\u00e8ces - Erresse Shop\",\"isPartOf\":{\"@id\":\"https:\/\/www.erresse-shop.it\/fr\/#website\"},\"datePublished\":\"2025-03-20T13:52:15+00:00\",\"dateModified\":\"2026-02-17T10:15:22+00:00\",\"description\":\"Innovation pour plus de fra\u00eecheur\u00a0: les bols ZWILLING FRESH &amp; SAVE. Les deux bols du syst\u00e8me sous vide unique sont parfaits pour pr\u00e9parer, servir et\",\"breadcrumb\":{\"@id\":\"https:\/\/www.erresse-shop.it\/fr\/shop\/cuisine\/sous-vide\/zwilling-kit-de-demarrage-sous-vide-fresh-save-en-verre-9-pieces\/#breadcrumb\"},\"inLanguage\":\"fr-FR\",\"potentialAction\":[{\"@type\":\"ReadAction\",\"target\":[\"https:\/\/www.erresse-shop.it\/fr\/shop\/cuisine\/sous-vide\/zwilling-kit-de-demarrage-sous-vide-fresh-save-en-verre-9-pieces\/\"]}]},{\"@type\":\"BreadcrumbList\",\"@id\":\"https:\/\/www.erresse-shop.it\/fr\/shop\/cuisine\/sous-vide\/zwilling-kit-de-demarrage-sous-vide-fresh-save-en-verre-9-pieces\/#breadcrumb\",\"itemListElement\":[{\"@type\":\"ListItem\",\"position\":1,\"name\":\"Home\",\"item\":\"https:\/\/www.erresse-shop.it\/fr\/\"},{\"@type\":\"ListItem\",\"position\":2,\"name\":\"Shop\",\"item\":\"https:\/\/www.erresse-shop.it\/fr\/shop\/\"},{\"@type\":\"ListItem\",\"position\":3,\"name\":\"ZWILLING Kit de d\u00e9marrage sous vide Fresh &#038; Save en verre 9 pi\u00e8ces\"}]},{\"@type\":\"WebSite\",\"@id\":\"https:\/\/www.erresse-shop.it\/fr\/#website\",\"url\":\"https:\/\/www.erresse-shop.it\/fr\/\",\"name\":\"Erresse Shop\",\"description\":\"Articoli di qualit\u00e0 per la casa\",\"potentialAction\":[{\"@type\":\"SearchAction\",\"target\":{\"@type\":\"EntryPoint\",\"urlTemplate\":\"https:\/\/www.erresse-shop.it\/fr\/?s={search_term_string}\"},\"query-input\":\"required name=search_term_string\"}],\"inLanguage\":\"fr-FR\"}]}<\/script>\n<!-- \/ Yoast SEO Premium plugin. -->","yoast_head_json":{"title":"ZWILLING Kit de d\u00e9marrage sous vide Fresh & Save en verre 9 pi\u00e8ces - Erresse Shop","description":"Innovation pour plus de fra\u00eecheur\u00a0: les bols ZWILLING FRESH &amp; SAVE. Les deux bols du syst\u00e8me sous vide unique sont parfaits pour pr\u00e9parer, servir et","robots":{"index":"index","follow":"follow","max-snippet":"max-snippet:-1","max-image-preview":"max-image-preview:large","max-video-preview":"max-video-preview:-1"},"canonical":"https:\/\/www.erresse-shop.it\/fr\/shop\/cuisine\/sous-vide\/zwilling-kit-de-demarrage-sous-vide-fresh-save-en-verre-9-pieces\/","og_locale":"fr_FR","og_type":"article","og_title":"ZWILLING Kit de d\u00e9marrage sous vide Fresh & Save en verre 9 pi\u00e8ces","og_description":"Innovation pour plus de fra\u00eecheur\u00a0: les bols ZWILLING FRESH &amp; SAVE. Les deux bols du syst\u00e8me sous vide unique sont parfaits pour pr\u00e9parer, servir et","og_url":"https:\/\/www.erresse-shop.it\/fr\/shop\/cuisine\/sous-vide\/zwilling-kit-de-demarrage-sous-vide-fresh-save-en-verre-9-pieces\/","og_site_name":"Erresse Shop","article_modified_time":"2026-02-17T10:15:22+00:00","og_image":[{"width":1200,"height":1200,"url":"https:\/\/www.erresse-shop.it\/wp-content\/uploads\/2025\/03\/ZWILLING-Set-Starter-Sottovuoto-Fresh-Save-in-Vetro-9-Pezzi.jpg","type":"image\/jpeg"}],"twitter_card":"summary_large_image","schema":{"@context":"https:\/\/schema.org","@graph":[{"@type":"WebPage","@id":"https:\/\/www.erresse-shop.it\/fr\/shop\/cuisine\/sous-vide\/zwilling-kit-de-demarrage-sous-vide-fresh-save-en-verre-9-pieces\/","url":"https:\/\/www.erresse-shop.it\/fr\/shop\/cuisine\/sous-vide\/zwilling-kit-de-demarrage-sous-vide-fresh-save-en-verre-9-pieces\/","name":"ZWILLING Kit de d\u00e9marrage sous vide Fresh & Save en verre 9 pi\u00e8ces - Erresse Shop","isPartOf":{"@id":"https:\/\/www.erresse-shop.it\/fr\/#website"},"datePublished":"2025-03-20T13:52:15+00:00","dateModified":"2026-02-17T10:15:22+00:00","description":"Innovation pour plus de fra\u00eecheur\u00a0: les bols ZWILLING FRESH &amp; SAVE. Les deux bols du syst\u00e8me sous vide unique sont parfaits pour pr\u00e9parer, servir et","breadcrumb":{"@id":"https:\/\/www.erresse-shop.it\/fr\/shop\/cuisine\/sous-vide\/zwilling-kit-de-demarrage-sous-vide-fresh-save-en-verre-9-pieces\/#breadcrumb"},"inLanguage":"fr-FR","potentialAction":[{"@type":"ReadAction","target":["https:\/\/www.erresse-shop.it\/fr\/shop\/cuisine\/sous-vide\/zwilling-kit-de-demarrage-sous-vide-fresh-save-en-verre-9-pieces\/"]}]},{"@type":"BreadcrumbList","@id":"https:\/\/www.erresse-shop.it\/fr\/shop\/cuisine\/sous-vide\/zwilling-kit-de-demarrage-sous-vide-fresh-save-en-verre-9-pieces\/#breadcrumb","itemListElement":[{"@type":"ListItem","position":1,"name":"Home","item":"https:\/\/www.erresse-shop.it\/fr\/"},{"@type":"ListItem","position":2,"name":"Shop","item":"https:\/\/www.erresse-shop.it\/fr\/shop\/"},{"@type":"ListItem","position":3,"name":"ZWILLING Kit de d\u00e9marrage sous vide Fresh &#038; Save en verre 9 pi\u00e8ces"}]},{"@type":"WebSite","@id":"https:\/\/www.erresse-shop.it\/fr\/#website","url":"https:\/\/www.erresse-shop.it\/fr\/","name":"Erresse Shop","description":"Articoli di qualit\u00e0 per la casa","potentialAction":[{"@type":"SearchAction","target":{"@type":"EntryPoint","urlTemplate":"https:\/\/www.erresse-shop.it\/fr\/?s={search_term_string}"},"query-input":"required name=search_term_string"}],"inLanguage":"fr-FR"}]}},"df_price":66.95,"df_sale_price":66.95,"df_regular_price":99.95,"df_image_link":"https:\/\/www.erresse-shop.it\/wp-content\/uploads\/2025\/03\/ZWILLING-Set-Starter-Sottovuoto-Fresh-Save-in-Vetro-9-Pezzi-300x300.jpg","_links":{"self":[{"href":"https:\/\/www.erresse-shop.it\/fr\/wp-json\/wp\/v2\/product\/482134"}],"collection":[{"href":"https:\/\/www.erresse-shop.it\/fr\/wp-json\/wp\/v2\/product"}],"about":[{"href":"https:\/\/www.erresse-shop.it\/fr\/wp-json\/wp\/v2\/types\/product"}],"wp:featuredmedia":[{"embeddable":true,"href":"https:\/\/www.erresse-shop.it\/fr\/wp-json\/wp\/v2\/media\/482163"}],"wp:attachment":[{"href":"https:\/\/www.erresse-shop.it\/fr\/wp-json\/wp\/v2\/media?parent=482134"}],"wp:term":[{"taxonomy":"product_cat","embeddable":true,"href":"https:\/\/www.erresse-shop.it\/fr\/wp-json\/wp\/v2\/product_cat?post=482134"},{"taxonomy":"product_tag","embeddable":true,"href":"https:\/\/www.erresse-shop.it\/fr\/wp-json\/wp\/v2\/product_tag?post=482134"}],"curies":[{"name":"wp","href":"https:\/\/api.w.org\/{rel}","templated":true}]}}