{"id":481939,"date":"2025-03-20T11:35:28","date_gmt":"2025-03-20T11:35:58","guid":{"rendered":"https:\/\/www.erresse-shop.it\/?post_type=product&#038;p=481939"},"modified":"2025-03-25T09:03:40","modified_gmt":"2025-03-25T09:03:40","slug":"zwilling-madura-plus-poele-antiadhesive-20-cm-aluminium-copia","status":"publish","type":"product","link":"https:\/\/www.erresse-shop.it\/fr\/shop\/poeles-pots\/poeles\/zwilling-madura-plus-poele-antiadhesive-20-cm-aluminium-copia\/","title":{"rendered":"ZWILLING Madura Plus Po\u00eale \u00e0 frire avec rev\u00eatement en c\u00e9ramique antiadh\u00e9sif 24 cm Aluminium"},"content":{"rendered":"<p>D\u00e9couvrez une nouvelle fa\u00e7on de cuisiner avec la po\u00eale ZWILLING Madura Plus 24 cm. Le nouveau rev\u00eatement antiadh\u00e9sif nouvelle g\u00e9n\u00e9ration <strong>CERAFORCE TITANIUM<\/strong>, fabriqu\u00e9 sans PFAS et b\u00e9n\u00e9ficiant d&#8217;un traitement de durcissement au titane extr\u00eamement robuste, offre des performances optimales. De plus, le fond en aluminium massif assure une diffusion rapide de la chaleur, garantissant une cuisson uniforme des aliments dans toute la po\u00eale. La poign\u00e9e en acier inoxydable avec technologie Stay Cool est con\u00e7ue pour retarder la surchauffe et vous offrir une prise en main s\u00fbre. Tout cela fait de la po\u00eale ZWILLING Madura Plus un compagnon pr\u00e9cieux pour vos aventures culinaires.<\/p>\n<p>*jusqu&#8217;\u00e0 5 fois plus r\u00e9sistant que nos pr\u00e9c\u00e9dents rev\u00eatements c\u00e9ramiques (selon le protocole de test antiadh\u00e9sif interne n\u00b0 11\/2023 BALLARINI). <\/p>\n<ul>\n<li>Rev\u00eatement antiadh\u00e9sif de derni\u00e8re g\u00e9n\u00e9ration <strong>CERAFORCE TITANIUM<\/strong> de haute qualit\u00e9<\/li>\n<li>Rev\u00eatement fabriqu\u00e9 sans PFAS<\/li>\n<li>R\u00e9partition rapide et uniforme de la chaleur<\/li>\n<li>La poign\u00e9e ergonomique Stay-Cool est con\u00e7ue pour une chauffe diff\u00e9r\u00e9e, \u00e9vitant ainsi l&#8217;utilisation de maniques et de manchons et garantissant une prise en main optimale.<\/li>\n<li>Particuli\u00e8rement adapt\u00e9 \u00e0 la cuisson douce du poisson, des l\u00e9gumes et des \u0153ufs avec peu de mati\u00e8res grasses.<\/li>\n<li>Avec bord anti-goutte.<\/li>\n<li>Compatible avec tous les feux, y compris l&#8217;induction et compatible avec le four jusqu&#8217;\u00e0 150 \u00b0C.<\/li>\n<li>Fabriqu\u00e9 en Italie<\/li>\n<\/ul>\n<p><strong>Dimensions\u00a0:<\/strong><\/p>\n<ul>\n<li class=\"attribute\"><span class=\"label\">Longueur\u00a0: <\/span><span class=\"value\">45,40 cm<\/span><\/li>\n<li class=\"attribute\"><span class=\"label\">Largeur\u00a0: <\/span><span class=\"value\">25,40 cm<\/span><\/li>\n<li class=\"attribute\"><span class=\"label\">Hauteur\u00a0: <\/span><span class=\"value\">7,70 cm<\/span><\/li>\n<li class=\"attribute\"><span class=\"label\">Diam\u00e8tre sup\u00e9rieur\u00a0:<\/span><span class=\"value\">24,00 cm<\/span><\/li>\n<li class=\"attribute\"><span class=\"label\">Diam\u00e8tre inf\u00e9rieur\u00a0:<\/span><span class=\"value\">16,80 cm<\/span><\/li>\n<\/ul>\n<p><span class=\"label\">Poids net\u00a0: 1<\/span><span class=\"value\">\u00a0kg<\/span><\/p>\n","protected":false},"excerpt":{"rendered":"<p>D\u00e9couvrez une nouvelle fa\u00e7on de cuisiner avec la po\u00eale ZWILLING Madura Plus 24 cm. Le nouveau rev\u00eatement antiadh\u00e9sif nouvelle g\u00e9n\u00e9ration<\/p>\n","protected":false},"featured_media":481962,"template":"","meta":{"_acf_changed":false,"inline_featured_image":false},"product_cat":[12458,14802],"product_tag":[13052,15302,21529,13178],"acf":[],"yoast_head":"<!-- This site is optimized with the Yoast SEO Premium plugin v18.6 (Yoast SEO v19.13) - https:\/\/yoast.com\/wordpress\/plugins\/seo\/ -->\n<title>ZWILLING Madura Plus Po\u00eale \u00e0 frire avec rev\u00eatement en c\u00e9ramique antiadh\u00e9sif 24 cm Aluminium - Erresse Shop<\/title>\n<meta name=\"description\" content=\"D\u00e9couvrez une nouvelle fa\u00e7on de cuisiner avec la po\u00eale ZWILLING Madura Plus 24 cm. Le nouveau rev\u00eatement antiadh\u00e9sif nouvelle g\u00e9n\u00e9ration CERAFORCE\" \/>\n<meta name=\"robots\" content=\"index, follow, max-snippet:-1, max-image-preview:large, max-video-preview:-1\" \/>\n<link rel=\"canonical\" href=\"https:\/\/www.erresse-shop.it\/fr\/shop\/poeles-pots\/poeles\/zwilling-madura-plus-poele-antiadhesive-20-cm-aluminium-copia\/\" \/>\n<meta property=\"og:locale\" content=\"fr_FR\" \/>\n<meta property=\"og:type\" content=\"article\" \/>\n<meta property=\"og:title\" content=\"ZWILLING Madura Plus Po\u00eale \u00e0 frire avec rev\u00eatement en c\u00e9ramique antiadh\u00e9sif 24 cm Aluminium\" \/>\n<meta property=\"og:description\" content=\"D\u00e9couvrez une nouvelle fa\u00e7on de cuisiner avec la po\u00eale ZWILLING Madura Plus 24 cm. Le nouveau rev\u00eatement antiadh\u00e9sif nouvelle g\u00e9n\u00e9ration CERAFORCE\" \/>\n<meta property=\"og:url\" content=\"https:\/\/www.erresse-shop.it\/fr\/shop\/poeles-pots\/poeles\/zwilling-madura-plus-poele-antiadhesive-20-cm-aluminium-copia\/\" \/>\n<meta property=\"og:site_name\" content=\"Erresse Shop\" \/>\n<meta property=\"article:modified_time\" content=\"2025-03-25T09:03:40+00:00\" \/>\n<meta property=\"og:image\" content=\"https:\/\/www.erresse-shop.it\/wp-content\/uploads\/2025\/03\/ZWILLING-Madura-Plus-Padella-Antiaderente-24-cm-Alluminio.jpg\" \/>\n\t<meta property=\"og:image:width\" content=\"1200\" \/>\n\t<meta property=\"og:image:height\" content=\"1200\" \/>\n\t<meta property=\"og:image:type\" content=\"image\/jpeg\" \/>\n<meta name=\"twitter:card\" content=\"summary_large_image\" \/>\n<script type=\"application\/ld+json\" class=\"yoast-schema-graph\">{\"@context\":\"https:\/\/schema.org\",\"@graph\":[{\"@type\":\"WebPage\",\"@id\":\"https:\/\/www.erresse-shop.it\/fr\/shop\/poeles-pots\/poeles\/zwilling-madura-plus-poele-antiadhesive-20-cm-aluminium-copia\/\",\"url\":\"https:\/\/www.erresse-shop.it\/fr\/shop\/poeles-pots\/poeles\/zwilling-madura-plus-poele-antiadhesive-20-cm-aluminium-copia\/\",\"name\":\"ZWILLING Madura Plus Po\u00eale \u00e0 frire avec rev\u00eatement en c\u00e9ramique antiadh\u00e9sif 24 cm Aluminium - Erresse Shop\",\"isPartOf\":{\"@id\":\"https:\/\/www.erresse-shop.it\/fr\/#website\"},\"datePublished\":\"2025-03-20T11:35:58+00:00\",\"dateModified\":\"2025-03-25T09:03:40+00:00\",\"description\":\"D\u00e9couvrez une nouvelle fa\u00e7on de cuisiner avec la po\u00eale ZWILLING Madura Plus 24 cm. Le nouveau rev\u00eatement antiadh\u00e9sif nouvelle g\u00e9n\u00e9ration CERAFORCE\",\"breadcrumb\":{\"@id\":\"https:\/\/www.erresse-shop.it\/fr\/shop\/poeles-pots\/poeles\/zwilling-madura-plus-poele-antiadhesive-20-cm-aluminium-copia\/#breadcrumb\"},\"inLanguage\":\"fr-FR\",\"potentialAction\":[{\"@type\":\"ReadAction\",\"target\":[\"https:\/\/www.erresse-shop.it\/fr\/shop\/poeles-pots\/poeles\/zwilling-madura-plus-poele-antiadhesive-20-cm-aluminium-copia\/\"]}]},{\"@type\":\"BreadcrumbList\",\"@id\":\"https:\/\/www.erresse-shop.it\/fr\/shop\/poeles-pots\/poeles\/zwilling-madura-plus-poele-antiadhesive-20-cm-aluminium-copia\/#breadcrumb\",\"itemListElement\":[{\"@type\":\"ListItem\",\"position\":1,\"name\":\"Home\",\"item\":\"https:\/\/www.erresse-shop.it\/fr\/\"},{\"@type\":\"ListItem\",\"position\":2,\"name\":\"Shop\",\"item\":\"https:\/\/www.erresse-shop.it\/fr\/shop\/\"},{\"@type\":\"ListItem\",\"position\":3,\"name\":\"ZWILLING Madura Plus Po\u00eale \u00e0 frire avec rev\u00eatement en c\u00e9ramique antiadh\u00e9sif 24 cm Aluminium\"}]},{\"@type\":\"WebSite\",\"@id\":\"https:\/\/www.erresse-shop.it\/fr\/#website\",\"url\":\"https:\/\/www.erresse-shop.it\/fr\/\",\"name\":\"Erresse Shop\",\"description\":\"Articoli di qualit\u00e0 per la casa\",\"potentialAction\":[{\"@type\":\"SearchAction\",\"target\":{\"@type\":\"EntryPoint\",\"urlTemplate\":\"https:\/\/www.erresse-shop.it\/fr\/?s={search_term_string}\"},\"query-input\":\"required name=search_term_string\"}],\"inLanguage\":\"fr-FR\"}]}<\/script>\n<!-- \/ Yoast SEO Premium plugin. -->","yoast_head_json":{"title":"ZWILLING Madura Plus Po\u00eale \u00e0 frire avec rev\u00eatement en c\u00e9ramique antiadh\u00e9sif 24 cm Aluminium - Erresse Shop","description":"D\u00e9couvrez une nouvelle fa\u00e7on de cuisiner avec la po\u00eale ZWILLING Madura Plus 24 cm. Le nouveau rev\u00eatement antiadh\u00e9sif nouvelle g\u00e9n\u00e9ration CERAFORCE","robots":{"index":"index","follow":"follow","max-snippet":"max-snippet:-1","max-image-preview":"max-image-preview:large","max-video-preview":"max-video-preview:-1"},"canonical":"https:\/\/www.erresse-shop.it\/fr\/shop\/poeles-pots\/poeles\/zwilling-madura-plus-poele-antiadhesive-20-cm-aluminium-copia\/","og_locale":"fr_FR","og_type":"article","og_title":"ZWILLING Madura Plus Po\u00eale \u00e0 frire avec rev\u00eatement en c\u00e9ramique antiadh\u00e9sif 24 cm Aluminium","og_description":"D\u00e9couvrez une nouvelle fa\u00e7on de cuisiner avec la po\u00eale ZWILLING Madura Plus 24 cm. Le nouveau rev\u00eatement antiadh\u00e9sif nouvelle g\u00e9n\u00e9ration CERAFORCE","og_url":"https:\/\/www.erresse-shop.it\/fr\/shop\/poeles-pots\/poeles\/zwilling-madura-plus-poele-antiadhesive-20-cm-aluminium-copia\/","og_site_name":"Erresse Shop","article_modified_time":"2025-03-25T09:03:40+00:00","og_image":[{"width":1200,"height":1200,"url":"https:\/\/www.erresse-shop.it\/wp-content\/uploads\/2025\/03\/ZWILLING-Madura-Plus-Padella-Antiaderente-24-cm-Alluminio.jpg","type":"image\/jpeg"}],"twitter_card":"summary_large_image","schema":{"@context":"https:\/\/schema.org","@graph":[{"@type":"WebPage","@id":"https:\/\/www.erresse-shop.it\/fr\/shop\/poeles-pots\/poeles\/zwilling-madura-plus-poele-antiadhesive-20-cm-aluminium-copia\/","url":"https:\/\/www.erresse-shop.it\/fr\/shop\/poeles-pots\/poeles\/zwilling-madura-plus-poele-antiadhesive-20-cm-aluminium-copia\/","name":"ZWILLING Madura Plus Po\u00eale \u00e0 frire avec rev\u00eatement en c\u00e9ramique antiadh\u00e9sif 24 cm Aluminium - Erresse Shop","isPartOf":{"@id":"https:\/\/www.erresse-shop.it\/fr\/#website"},"datePublished":"2025-03-20T11:35:58+00:00","dateModified":"2025-03-25T09:03:40+00:00","description":"D\u00e9couvrez une nouvelle fa\u00e7on de cuisiner avec la po\u00eale ZWILLING Madura Plus 24 cm. Le nouveau rev\u00eatement antiadh\u00e9sif nouvelle g\u00e9n\u00e9ration CERAFORCE","breadcrumb":{"@id":"https:\/\/www.erresse-shop.it\/fr\/shop\/poeles-pots\/poeles\/zwilling-madura-plus-poele-antiadhesive-20-cm-aluminium-copia\/#breadcrumb"},"inLanguage":"fr-FR","potentialAction":[{"@type":"ReadAction","target":["https:\/\/www.erresse-shop.it\/fr\/shop\/poeles-pots\/poeles\/zwilling-madura-plus-poele-antiadhesive-20-cm-aluminium-copia\/"]}]},{"@type":"BreadcrumbList","@id":"https:\/\/www.erresse-shop.it\/fr\/shop\/poeles-pots\/poeles\/zwilling-madura-plus-poele-antiadhesive-20-cm-aluminium-copia\/#breadcrumb","itemListElement":[{"@type":"ListItem","position":1,"name":"Home","item":"https:\/\/www.erresse-shop.it\/fr\/"},{"@type":"ListItem","position":2,"name":"Shop","item":"https:\/\/www.erresse-shop.it\/fr\/shop\/"},{"@type":"ListItem","position":3,"name":"ZWILLING Madura Plus Po\u00eale \u00e0 frire avec rev\u00eatement en c\u00e9ramique antiadh\u00e9sif 24 cm Aluminium"}]},{"@type":"WebSite","@id":"https:\/\/www.erresse-shop.it\/fr\/#website","url":"https:\/\/www.erresse-shop.it\/fr\/","name":"Erresse Shop","description":"Articoli di qualit\u00e0 per la casa","potentialAction":[{"@type":"SearchAction","target":{"@type":"EntryPoint","urlTemplate":"https:\/\/www.erresse-shop.it\/fr\/?s={search_term_string}"},"query-input":"required name=search_term_string"}],"inLanguage":"fr-FR"}]}},"df_price":34.975,"df_sale_price":34.975,"df_regular_price":69.95,"df_image_link":"https:\/\/www.erresse-shop.it\/wp-content\/uploads\/2025\/03\/ZWILLING-Madura-Plus-Padella-Antiaderente-24-cm-Alluminio-300x300.jpg","_links":{"self":[{"href":"https:\/\/www.erresse-shop.it\/fr\/wp-json\/wp\/v2\/product\/481939"}],"collection":[{"href":"https:\/\/www.erresse-shop.it\/fr\/wp-json\/wp\/v2\/product"}],"about":[{"href":"https:\/\/www.erresse-shop.it\/fr\/wp-json\/wp\/v2\/types\/product"}],"wp:featuredmedia":[{"embeddable":true,"href":"https:\/\/www.erresse-shop.it\/fr\/wp-json\/wp\/v2\/media\/481962"}],"wp:attachment":[{"href":"https:\/\/www.erresse-shop.it\/fr\/wp-json\/wp\/v2\/media?parent=481939"}],"wp:term":[{"taxonomy":"product_cat","embeddable":true,"href":"https:\/\/www.erresse-shop.it\/fr\/wp-json\/wp\/v2\/product_cat?post=481939"},{"taxonomy":"product_tag","embeddable":true,"href":"https:\/\/www.erresse-shop.it\/fr\/wp-json\/wp\/v2\/product_tag?post=481939"}],"curies":[{"name":"wp","href":"https:\/\/api.w.org\/{rel}","templated":true}]}}